{"id":18939,"date":"2025-09-29T14:18:14","date_gmt":"2025-09-29T12:18:14","guid":{"rendered":"https:\/\/colligatum.com\/?post_type=product&#038;p=18939"},"modified":"2025-09-29T14:18:15","modified_gmt":"2025-09-29T12:18:15","slug":"surya-goong-21","status":"publish","type":"product","link":"https:\/\/colligatum.com\/en\/product\/surya-goong-21\/","title":{"rendered":"Surya Goong 21"},"content":{"rendered":"<p data-start=\"209\" data-end=\"625\">Description:<br data-start=\"219\" data-end=\"222\" \/>Tamsiai rudo fono pakelis su aukso spalvos r\u0117meliu ir minimalistiniu dizainu. Centre i\u0161ry\u0161kintas pavadinimas \u201eGoong 21\u201c, vir\u0161uje \u2013 \u201eSurya\u201c. Apa\u010dioje pa\u017eym\u0117ta \u201eFilter Kretek Cigarettes \u2013 Made in Indonesia\u201c. Ant \u0161onin\u0117s ir galin\u0117s pus\u0117s yra sveikatos \u012fsp\u0117jimai indonezie\u010di\u0173 kalba, vir\u0161uje matomas vietinis akcizo \u017eenklas. Dizainas perteikia klasikin\u012f, solid\u0173 \u012fvaizd\u012f, skirt\u0105 vietinei Indonezijos rinkai.<\/p>\n<p data-start=\"627\" data-end=\"1116\">Value assessment:<br data-start=\"646\" data-end=\"649\" \/>Kolekcin\u0117 vert\u0117: Vidutin\u0117 \u2013 nors tai ni\u0161inis Indonezijos prek\u0117s \u017eenklas, dizaino paprastumas ir ribota tarptautin\u0117 sklaida suteikia jam kolekcin\u0117s vert\u0117s.<br data-start=\"803\" data-end=\"806\" \/>B\u016bkl\u0117s vertinimas: Labai gera \u2013 pakelis u\u017eklijuotas celofanu, nei\u0161pakuotas.<br data-start=\"881\" data-end=\"884\" \/>Istoriniai duomenys ir populiarumas: \u201eSurya Goong 21\u201c yra vietinis indonezieti\u0161kas prek\u0117s \u017eenklas, skirtas vidaus vartojimui. U\u017esienio kolekcijose jis sutinkamas retai, ta\u010diau Indonezijoje buvo prieinamas platesniam r\u016bkori\u0173 ratui.<\/p>","protected":false},"excerpt":{"rendered":"<p data-start=\"0\" data-end=\"62\">Prek\u0117s \u017eenklas ir pavadinimas: Surya Goong 21 (16 cigare\u010di\u0173)<\/p>\n<p data-start=\"64\" data-end=\"91\">Country of manufacture: Indonesia<\/p>\n<p data-start=\"93\" data-end=\"153\">Gamybos laikotarpis: XXI a. pr. (apytiksliai 2000\u20132010 m.)<\/p>\n<p data-start=\"155\" data-end=\"207\">Package type: Hard, plastic-coated package<\/p>","protected":false},"featured_media":18886,"template":"","meta":{"_surecart_dashboard_logo_width":"180px","_surecart_dashboard_show_logo":true,"_surecart_dashboard_navigation_orders":true,"_surecart_dashboard_navigation_invoices":true,"_surecart_dashboard_navigation_subscriptions":true,"_surecart_dashboard_navigation_downloads":true,"_surecart_dashboard_navigation_billing":true,"_surecart_dashboard_navigation_account":true,"site-sidebar-layout":"default","site-content-layout":"","ast-site-content-layout":"default","site-content-style":"default","site-sidebar-style":"default","ast-global-header-display":"","ast-banner-title-visibility":"","ast-main-header-display":"","ast-hfb-above-header-display":"","ast-hfb-below-header-display":"","ast-hfb-mobile-header-display":"","site-post-title":"","ast-breadcrumbs-content":"","ast-featured-img":"","footer-sml-layout":"","ast-disable-related-posts":"","theme-transparent-header-meta":"default","adv-header-id-meta":"","stick-header-meta":"","header-above-stick-meta":"","header-main-stick-meta":"","header-below-stick-meta":"","astra-migrate-meta-layouts":"set","ast-page-background-enabled":"default","ast-page-background-meta":{"desktop":{"background-color":"","background-image":"","background-repeat":"repeat","background-position":"center center","background-size":"auto","background-attachment":"scroll","background-type":"","background-media":"","overlay-type":"","overlay-color":"","overlay-opacity":"","overlay-gradient":""},"tablet":{"background-color":"","background-image":"","background-repeat":"repeat","background-position":"center center","background-size":"auto","background-attachment":"scroll","background-type":"","background-media":"","overlay-type":"","overlay-color":"","overlay-opacity":"","overlay-gradient":""},"mobile":{"background-color":"","background-image":"","background-repeat":"repeat","background-position":"center center","background-size":"auto","background-attachment":"scroll","background-type":"","background-media":"","overlay-type":"","overlay-color":"","overlay-opacity":"","overlay-gradient":""}},"ast-content-background-meta":{"desktop":{"background-color":"var(--ast-global-color-5)","background-image":"","background-repeat":"repeat","background-position":"center center","background-size":"auto","background-attachment":"scroll","background-type":"","background-media":"","overlay-type":"","overlay-color":"","overlay-opacity":"","overlay-gradient":""},"tablet":{"background-color":"var(--ast-global-color-5)","background-image":"","background-repeat":"repeat","background-position":"center center","background-size":"auto","background-attachment":"scroll","background-type":"","background-media":"","overlay-type":"","overlay-color":"","overlay-opacity":"","overlay-gradient":""},"mobile":{"background-color":"var(--ast-global-color-5)","background-image":"","background-repeat":"repeat","background-position":"center center","background-size":"auto","background-attachment":"scroll","background-type":"","background-media":"","overlay-type":"","overlay-color":"","overlay-opacity":"","overlay-gradient":""}}},"product_brand":[],"product_cat":[207],"product_tag":[],"class_list":{"0":"post-18939","1":"product","2":"type-product","3":"status-publish","4":"has-post-thumbnail","6":"product_cat-indonesia","7":"desktop-align-left","8":"tablet-align-left","9":"mobile-align-left","11":"first","12":"instock","13":"sale","14":"shipping-taxable","15":"purchasable","16":"product-type-simple","17":"add-to-wishlist-before_image"},"_links":{"self":[{"href":"https:\/\/colligatum.com\/en\/wp-json\/wp\/v2\/product\/18939","targetHints":{"allow":["GET"]}}],"collection":[{"href":"https:\/\/colligatum.com\/en\/wp-json\/wp\/v2\/product"}],"about":[{"href":"https:\/\/colligatum.com\/en\/wp-json\/wp\/v2\/types\/product"}],"version-history":[{"count":1,"href":"https:\/\/colligatum.com\/en\/wp-json\/wp\/v2\/product\/18939\/revisions"}],"predecessor-version":[{"id":18940,"href":"https:\/\/colligatum.com\/en\/wp-json\/wp\/v2\/product\/18939\/revisions\/18940"}],"wp:featuredmedia":[{"embeddable":true,"href":"https:\/\/colligatum.com\/en\/wp-json\/wp\/v2\/media\/18886"}],"wp:attachment":[{"href":"https:\/\/colligatum.com\/en\/wp-json\/wp\/v2\/media?parent=18939"}],"wp:term":[{"taxonomy":"product_brand","embeddable":true,"href":"https:\/\/colligatum.com\/en\/wp-json\/wp\/v2\/product_brand?post=18939"},{"taxonomy":"product_cat","embeddable":true,"href":"https:\/\/colligatum.com\/en\/wp-json\/wp\/v2\/product_cat?post=18939"},{"taxonomy":"product_tag","embeddable":true,"href":"https:\/\/colligatum.com\/en\/wp-json\/wp\/v2\/product_tag?post=18939"}],"curies":[{"name":"wp","href":"https:\/\/api.w.org\/{rel}","templated":true}]}}