{"id":18941,"date":"2025-09-29T14:20:41","date_gmt":"2025-09-29T12:20:41","guid":{"rendered":"https:\/\/colligatum.com\/?post_type=product&#038;p=18941"},"modified":"2025-09-29T14:20:41","modified_gmt":"2025-09-29T12:20:41","slug":"l-s-mild-flavoured","status":"publish","type":"product","link":"https:\/\/colligatum.com\/en\/product\/l-s-mild-flavoured\/","title":{"rendered":"LS Mild Flavored"},"content":{"rendered":"<p data-start=\"214\" data-end=\"751\">Description:<br data-start=\"224\" data-end=\"227\" \/>\u0160viesaus fono pakelis su horizontaliomis pilkomis linijomis. Priekyje i\u0161ry\u0161kintas prek\u0117s \u017eenklas \u201eL.S.\u201c raudonais inicialais ir didelis \u017eodis \u201eMild\u201c. Vir\u0161uje pa\u017eym\u0117ta \u201eFlavoured\u201c. Ant galin\u0117s pus\u0117s pateiktas apra\u0161ymas angl\u0173 kalba, pabr\u0117\u017eiantis pasitenkinim\u0105 ir \u0161velnum\u0105, kur\u012f suteikia \u0161ios cigaret\u0117s, sukurtos naudojant pa\u017eangias tabako perdirbimo technologijas. \u0160one nurodyta \u201e16 Filter Cigarettes\u201c bei sveikatos \u012fsp\u0117jimai indonezie\u010di\u0173 kalba. Dizainas yra paprastas, bet modernus, orientuotas \u012f \u201eMild\u201c segmento r\u016bkytojus.<\/p>\n<p data-start=\"753\" data-end=\"1279\">Value assessment:<br data-start=\"772\" data-end=\"775\" \/>Kolekcin\u0117 vert\u0117: Vidutin\u0117 \u2013 \u201eL.S. Mild\u201c yra Indonezijos rinkoje \u017einomas, bet ne tarptautiniu mastu pla\u010diai paplit\u0119s prek\u0117s \u017eenklas. Kolekcin\u0117 vert\u0117 kyla i\u0161 riboto prieinamumo u\u017e Indonezijos rib\u0173.<br data-start=\"970\" data-end=\"973\" \/>B\u016bkl\u0117s vertinimas: Labai gera \u2013 pakelis visi\u0161kai u\u017eklijuotas celofanu, nei\u0161pakuotas.<br data-start=\"1057\" data-end=\"1060\" \/>Istoriniai duomenys ir populiarumas: \u0160is prek\u0117s \u017eenklas buvo labiau orientuotas \u012f jaunim\u0105 bei lengvesnes cigaretes m\u0117gstan\u010dius vartotojus. U\u017esienyje retai sutinkamas, tod\u0117l kolekcionieriams tampa \u012fdomus egzempliorius.<\/p>","protected":false},"excerpt":{"rendered":"<p data-start=\"0\" data-end=\"67\">Prek\u0117s \u017eenklas ir pavadinimas: L.S. Mild Flavoured (16 cigare\u010di\u0173)<\/p>\n<p data-start=\"69\" data-end=\"96\">Country of manufacture: Indonesia<\/p>\n<p data-start=\"98\" data-end=\"158\">Gamybos laikotarpis: XXI a. pr. (apytiksliai 2000\u20132010 m.)<\/p>\n<p data-start=\"160\" data-end=\"212\">Package type: Hard, plastic-coated package<\/p>","protected":false},"featured_media":18888,"template":"","meta":{"_surecart_dashboard_logo_width":"180px","_surecart_dashboard_show_logo":true,"_surecart_dashboard_navigation_orders":true,"_surecart_dashboard_navigation_invoices":true,"_surecart_dashboard_navigation_subscriptions":true,"_surecart_dashboard_navigation_downloads":true,"_surecart_dashboard_navigation_billing":true,"_surecart_dashboard_navigation_account":true,"site-sidebar-layout":"default","site-content-layout":"","ast-site-content-layout":"default","site-content-style":"default","site-sidebar-style":"default","ast-global-header-display":"","ast-banner-title-visibility":"","ast-main-header-display":"","ast-hfb-above-header-display":"","ast-hfb-below-header-display":"","ast-hfb-mobile-header-display":"","site-post-title":"","ast-breadcrumbs-content":"","ast-featured-img":"","footer-sml-layout":"","theme-transparent-header-meta":"default","adv-header-id-meta":"","stick-header-meta":"","header-above-stick-meta":"","header-main-stick-meta":"","header-below-stick-meta":"","astra-migrate-meta-layouts":"set","ast-page-background-enabled":"default","ast-page-background-meta":{"desktop":{"background-color":"","background-image":"","background-repeat":"repeat","background-position":"center center","background-size":"auto","background-attachment":"scroll","background-type":"","background-media":"","overlay-type":"","overlay-color":"","overlay-opacity":"","overlay-gradient":""},"tablet":{"background-color":"","background-image":"","background-repeat":"repeat","background-position":"center center","background-size":"auto","background-attachment":"scroll","background-type":"","background-media":"","overlay-type":"","overlay-color":"","overlay-opacity":"","overlay-gradient":""},"mobile":{"background-color":"","background-image":"","background-repeat":"repeat","background-position":"center center","background-size":"auto","background-attachment":"scroll","background-type":"","background-media":"","overlay-type":"","overlay-color":"","overlay-opacity":"","overlay-gradient":""}},"ast-content-background-meta":{"desktop":{"background-color":"var(--ast-global-color-5)","background-image":"","background-repeat":"repeat","background-position":"center center","background-size":"auto","background-attachment":"scroll","background-type":"","background-media":"","overlay-type":"","overlay-color":"","overlay-opacity":"","overlay-gradient":""},"tablet":{"background-color":"var(--ast-global-color-5)","background-image":"","background-repeat":"repeat","background-position":"center center","background-size":"auto","background-attachment":"scroll","background-type":"","background-media":"","overlay-type":"","overlay-color":"","overlay-opacity":"","overlay-gradient":""},"mobile":{"background-color":"var(--ast-global-color-5)","background-image":"","background-repeat":"repeat","background-position":"center center","background-size":"auto","background-attachment":"scroll","background-type":"","background-media":"","overlay-type":"","overlay-color":"","overlay-opacity":"","overlay-gradient":""}}},"product_brand":[],"product_cat":[207],"product_tag":[],"class_list":{"0":"post-18941","1":"product","2":"type-product","3":"status-publish","4":"has-post-thumbnail","6":"product_cat-indonesia","7":"desktop-align-left","8":"tablet-align-left","9":"mobile-align-left","11":"first","12":"instock","13":"sale","14":"shipping-taxable","15":"purchasable","16":"product-type-simple","17":"add-to-wishlist-before_image"},"_links":{"self":[{"href":"https:\/\/colligatum.com\/en\/wp-json\/wp\/v2\/product\/18941","targetHints":{"allow":["GET"]}}],"collection":[{"href":"https:\/\/colligatum.com\/en\/wp-json\/wp\/v2\/product"}],"about":[{"href":"https:\/\/colligatum.com\/en\/wp-json\/wp\/v2\/types\/product"}],"version-history":[{"count":1,"href":"https:\/\/colligatum.com\/en\/wp-json\/wp\/v2\/product\/18941\/revisions"}],"predecessor-version":[{"id":18942,"href":"https:\/\/colligatum.com\/en\/wp-json\/wp\/v2\/product\/18941\/revisions\/18942"}],"wp:featuredmedia":[{"embeddable":true,"href":"https:\/\/colligatum.com\/en\/wp-json\/wp\/v2\/media\/18888"}],"wp:attachment":[{"href":"https:\/\/colligatum.com\/en\/wp-json\/wp\/v2\/media?parent=18941"}],"wp:term":[{"taxonomy":"product_brand","embeddable":true,"href":"https:\/\/colligatum.com\/en\/wp-json\/wp\/v2\/product_brand?post=18941"},{"taxonomy":"product_cat","embeddable":true,"href":"https:\/\/colligatum.com\/en\/wp-json\/wp\/v2\/product_cat?post=18941"},{"taxonomy":"product_tag","embeddable":true,"href":"https:\/\/colligatum.com\/en\/wp-json\/wp\/v2\/product_tag?post=18941"}],"curies":[{"name":"wp","href":"https:\/\/api.w.org\/{rel}","templated":true}]}}