{"id":18959,"date":"2025-10-01T15:54:48","date_gmt":"2025-10-01T13:54:48","guid":{"rendered":"https:\/\/colligatum.com\/?post_type=product&#038;p=18959"},"modified":"2025-10-01T15:54:48","modified_gmt":"2025-10-01T13:54:48","slug":"lampion-2","status":"publish","type":"product","link":"https:\/\/colligatum.com\/en\/product\/lampion-2\/","title":{"rendered":"Lantern"},"content":{"rendered":"<p data-start=\"271\" data-end=\"840\"><strong data-start=\"271\" data-end=\"285\">Description:<\/strong><br data-start=\"285\" data-end=\"288\" \/>Baltos spalvos pakelis su horizontaliomis pilkomis linijomis, raudonu akcentu centre ir kini\u0161ku \u017eibintu vir\u0161 pavadinimo. U\u017era\u0161as \u201eLampion\u201c pateiktas auksin\u0117mis raid\u0117mis, \u0161alia japon\u0173 ra\u0161menys, pabr\u0117\u017eiantys Azijos kult\u016bros tematik\u0105. Pakelio priekyje pa\u017eym\u0117ta \u201eKretek Filter\u201c. \u0160one \u2013 gamintojo \u201ePR. Sinar Lampion Kudus \u2013 Indonesia\u201c informacija bei br\u016bk\u0161ninis kodas. Ant vir\u0161utin\u0117s dalies matomas mokes\u010di\u0173 lipdukas su raudonais u\u017era\u0161ais. Apa\u010dioje \u2013 standartinis sveikatos \u012fsp\u0117jimas indonez\u0173 kalba. Pakelis neatidarytas, originalus, u\u017eklijuotas celofanu.<\/p>\n<hr data-start=\"842\" data-end=\"845\" \/>\n<h2 data-start=\"847\" data-end=\"870\">Value assessment<\/h2>\n<p data-start=\"872\" data-end=\"1156\"><strong data-start=\"872\" data-end=\"892\">Collectible value:<\/strong><br data-start=\"892\" data-end=\"895\" \/>\u0160is \u201eLampion\u201c variantas su minimalistiniu baltu fonu ir raudonu \u017eibintu yra dar retesnis nei ankstesn\u0117 versija su iliustracija. Kolekcionieri\u0173 akyse tokie pakeliai vertinami kaip ma\u017eos apyvartos, ni\u0161iniai egzemplioriai, kurie suteikia kolekcijai i\u0161skirtinumo.<\/p>\n<p data-start=\"1158\" data-end=\"1257\"><strong data-start=\"1158\" data-end=\"1180\">Condition assessment:<\/strong><br data-start=\"1180\" data-end=\"1183\" \/>Labai gera (neatidarytas, celofanuotas, su originaliu mokes\u010di\u0173 lipduku).<\/p>\n<p data-start=\"1259\" data-end=\"1548\"><strong data-start=\"1259\" data-end=\"1299\">Historical data and popularity:<\/strong><br data-start=\"1299\" data-end=\"1302\" \/>\u0160io tipo pakeliai buvo gaminami ribotai, daugiausia Indonezijos rinkai. D\u0117l kult\u016brini\u0173 motyv\u0173 (\u017eibintas, japon\u0173 ra\u0161menys) pakelis buvo orientuotas \u012f i\u0161skirtin\u012f dizain\u0105 ir rinkodaros krypt\u012f, tad u\u017esienio kolekcionieriams jis yra itin patrauklus.<\/p>","protected":false},"excerpt":{"rendered":"<p><strong data-start=\"33\" data-end=\"67\">Brand and name:<\/strong> Lampion Kretek Filter<br data-start=\"89\" data-end=\"92\" \/><strong data-start=\"92\" data-end=\"102\">Size:<\/strong> 20 cigarettes<br data-start=\"115\" data-end=\"118\" \/><strong data-start=\"118\" data-end=\"136\">Country of manufacture:<\/strong> Indonesia<br data-start=\"147\" data-end=\"150\" \/><strong data-start=\"150\" data-end=\"174\">Production period:<\/strong> Early 21st century (around 2000\u20132010)<br data-start=\"209\" data-end=\"212\" \/><strong data-start=\"212\" data-end=\"230\">Package type:<\/strong> A hard package sealed with cellophane<\/p>","protected":false},"featured_media":18904,"template":"","meta":{"_surecart_dashboard_logo_width":"180px","_surecart_dashboard_show_logo":true,"_surecart_dashboard_navigation_orders":true,"_surecart_dashboard_navigation_invoices":true,"_surecart_dashboard_navigation_subscriptions":true,"_surecart_dashboard_navigation_downloads":true,"_surecart_dashboard_navigation_billing":true,"_surecart_dashboard_navigation_account":true,"site-sidebar-layout":"default","site-content-layout":"","ast-site-content-layout":"default","site-content-style":"default","site-sidebar-style":"default","ast-global-header-display":"","ast-banner-title-visibility":"","ast-main-header-display":"","ast-hfb-above-header-display":"","ast-hfb-below-header-display":"","ast-hfb-mobile-header-display":"","site-post-title":"","ast-breadcrumbs-content":"","ast-featured-img":"","footer-sml-layout":"","theme-transparent-header-meta":"default","adv-header-id-meta":"","stick-header-meta":"","header-above-stick-meta":"","header-main-stick-meta":"","header-below-stick-meta":"","astra-migrate-meta-layouts":"set","ast-page-background-enabled":"default","ast-page-background-meta":{"desktop":{"background-color":"","background-image":"","background-repeat":"repeat","background-position":"center center","background-size":"auto","background-attachment":"scroll","background-type":"","background-media":"","overlay-type":"","overlay-color":"","overlay-opacity":"","overlay-gradient":""},"tablet":{"background-color":"","background-image":"","background-repeat":"repeat","background-position":"center center","background-size":"auto","background-attachment":"scroll","background-type":"","background-media":"","overlay-type":"","overlay-color":"","overlay-opacity":"","overlay-gradient":""},"mobile":{"background-color":"","background-image":"","background-repeat":"repeat","background-position":"center center","background-size":"auto","background-attachment":"scroll","background-type":"","background-media":"","overlay-type":"","overlay-color":"","overlay-opacity":"","overlay-gradient":""}},"ast-content-background-meta":{"desktop":{"background-color":"var(--ast-global-color-5)","background-image":"","background-repeat":"repeat","background-position":"center center","background-size":"auto","background-attachment":"scroll","background-type":"","background-media":"","overlay-type":"","overlay-color":"","overlay-opacity":"","overlay-gradient":""},"tablet":{"background-color":"var(--ast-global-color-5)","background-image":"","background-repeat":"repeat","background-position":"center center","background-size":"auto","background-attachment":"scroll","background-type":"","background-media":"","overlay-type":"","overlay-color":"","overlay-opacity":"","overlay-gradient":""},"mobile":{"background-color":"var(--ast-global-color-5)","background-image":"","background-repeat":"repeat","background-position":"center center","background-size":"auto","background-attachment":"scroll","background-type":"","background-media":"","overlay-type":"","overlay-color":"","overlay-opacity":"","overlay-gradient":""}}},"product_brand":[],"product_cat":[207],"product_tag":[],"class_list":{"0":"post-18959","1":"product","2":"type-product","3":"status-publish","4":"has-post-thumbnail","6":"product_cat-indonesia","7":"desktop-align-left","8":"tablet-align-left","9":"mobile-align-left","11":"first","12":"instock","13":"sale","14":"shipping-taxable","15":"purchasable","16":"product-type-simple","17":"add-to-wishlist-before_image"},"_links":{"self":[{"href":"https:\/\/colligatum.com\/en\/wp-json\/wp\/v2\/product\/18959","targetHints":{"allow":["GET"]}}],"collection":[{"href":"https:\/\/colligatum.com\/en\/wp-json\/wp\/v2\/product"}],"about":[{"href":"https:\/\/colligatum.com\/en\/wp-json\/wp\/v2\/types\/product"}],"version-history":[{"count":1,"href":"https:\/\/colligatum.com\/en\/wp-json\/wp\/v2\/product\/18959\/revisions"}],"predecessor-version":[{"id":18960,"href":"https:\/\/colligatum.com\/en\/wp-json\/wp\/v2\/product\/18959\/revisions\/18960"}],"wp:featuredmedia":[{"embeddable":true,"href":"https:\/\/colligatum.com\/en\/wp-json\/wp\/v2\/media\/18904"}],"wp:attachment":[{"href":"https:\/\/colligatum.com\/en\/wp-json\/wp\/v2\/media?parent=18959"}],"wp:term":[{"taxonomy":"product_brand","embeddable":true,"href":"https:\/\/colligatum.com\/en\/wp-json\/wp\/v2\/product_brand?post=18959"},{"taxonomy":"product_cat","embeddable":true,"href":"https:\/\/colligatum.com\/en\/wp-json\/wp\/v2\/product_cat?post=18959"},{"taxonomy":"product_tag","embeddable":true,"href":"https:\/\/colligatum.com\/en\/wp-json\/wp\/v2\/product_tag?post=18959"}],"curies":[{"name":"wp","href":"https:\/\/api.w.org\/{rel}","templated":true}]}}