{"id":18963,"date":"2025-10-01T15:58:40","date_gmt":"2025-10-01T13:58:40","guid":{"rendered":"https:\/\/colligatum.com\/?post_type=product&#038;p=18963"},"modified":"2025-10-01T15:58:40","modified_gmt":"2025-10-01T13:58:40","slug":"super-kings-the-best-mild-quality","status":"publish","type":"product","link":"https:\/\/colligatum.com\/en\/product\/super-kings-the-best-mild-quality\/","title":{"rendered":"Super Kings &quot;The Best Mild Quality&quot;\u201e"},"content":{"rendered":"<p data-start=\"285\" data-end=\"807\"><strong data-start=\"285\" data-end=\"299\">Description:<\/strong><br data-start=\"299\" data-end=\"302\" \/>Pilkos ir juodos spalvos pakelis su vertikaliomis linijomis ir minimalistiniu dizainu. Ant priekin\u0117s pus\u0117s i\u0161ry\u0161kintas pavadinimas \u201eSuper Kings\u201c bei u\u017era\u0161as \u201eThe Best Mild Quality\u201c. Vir\u0161uje yra logotipas su raide \u201eR\u201c apskritime. \u0160onin\u0117se pus\u0117se pateikti nikotino ir derv\u0173 kiekiai bei gamintojo informacija. Galin\u0117je pus\u0117je dominuoja vertikalios linijos ir pakartotas pavadinimas \u201eSuper Kings\u201c. Apatin\u0117je dalyje \u012fsp\u0117jimas apie r\u016bkymo \u017eal\u0105 indonez\u0173 kalba. Pakelis neatidarytas, celofanuotas, be pa\u017eeidim\u0173.<\/p>\n<hr data-start=\"809\" data-end=\"812\" \/>\n<h2 data-start=\"814\" data-end=\"837\">Value assessment<\/h2>\n<p data-start=\"839\" data-end=\"1100\"><strong data-start=\"839\" data-end=\"859\">Collectible value:<\/strong><br data-start=\"859\" data-end=\"862\" \/>\u201eSuper Kings\u201c Indonezijos variantas yra gana retas ir skiriasi nuo europieti\u0161k\u0173 pavadinimo analog\u0173. Tai ni\u0161inis, tarptautin\u0117je rinkoje menkai paplit\u0119s pakelis, kuris kolekcionieriams \u012fdomus d\u0117l geografin\u0117s kilm\u0117s ir i\u0161skirtinio dizaino.<\/p>\n<p data-start=\"1102\" data-end=\"1169\"><strong data-start=\"1102\" data-end=\"1124\">Condition assessment:<\/strong><br data-start=\"1124\" data-end=\"1127\" \/>Labai gera (neatidarytas, celofanuotas).<\/p>\n<p data-start=\"1171\" data-end=\"1465\"><strong data-start=\"1171\" data-end=\"1211\">Historical data and popularity:<\/strong><br data-start=\"1211\" data-end=\"1214\" \/>\u0160is variantas buvo skirtas Indonezijos rinkai. Skirtingai nei Europoje, \u201eSuper Kings\u201c \u010dia buvo pateikiamas kaip \u201emild quality\u201c kretek\u0173 versija. Rinkoje pasitaiko labai retai, tod\u0117l kolekcinink\u0173 tarpe vertinamas kaip egzoti\u0161kas papildymas kolekcijai.<\/p>","protected":false},"excerpt":{"rendered":"<p><strong data-start=\"33\" data-end=\"67\">Brand and name:<\/strong> Super Kings &quot;The Best Mild Quality&quot;\u201e<br data-start=\"103\" data-end=\"106\" \/><strong data-start=\"106\" data-end=\"116\">Size:<\/strong> 20 cigarettes<br data-start=\"129\" data-end=\"132\" \/><strong data-start=\"132\" data-end=\"150\">Country of manufacture:<\/strong> Indonesia<br data-start=\"161\" data-end=\"164\" \/><strong data-start=\"164\" data-end=\"188\">Production period:<\/strong> Early 21st century (around 2000\u20132010)<br data-start=\"223\" data-end=\"226\" \/><strong data-start=\"226\" data-end=\"244\">Package type:<\/strong> A hard package sealed with cellophane<\/p>","protected":false},"featured_media":18908,"template":"","meta":{"_surecart_dashboard_logo_width":"180px","_surecart_dashboard_show_logo":true,"_surecart_dashboard_navigation_orders":true,"_surecart_dashboard_navigation_invoices":true,"_surecart_dashboard_navigation_subscriptions":true,"_surecart_dashboard_navigation_downloads":true,"_surecart_dashboard_navigation_billing":true,"_surecart_dashboard_navigation_account":true,"site-sidebar-layout":"default","site-content-layout":"","ast-site-content-layout":"default","site-content-style":"default","site-sidebar-style":"default","ast-global-header-display":"","ast-banner-title-visibility":"","ast-main-header-display":"","ast-hfb-above-header-display":"","ast-hfb-below-header-display":"","ast-hfb-mobile-header-display":"","site-post-title":"","ast-breadcrumbs-content":"","ast-featured-img":"","footer-sml-layout":"","theme-transparent-header-meta":"default","adv-header-id-meta":"","stick-header-meta":"","header-above-stick-meta":"","header-main-stick-meta":"","header-below-stick-meta":"","astra-migrate-meta-layouts":"set","ast-page-background-enabled":"default","ast-page-background-meta":{"desktop":{"background-color":"","background-image":"","background-repeat":"repeat","background-position":"center center","background-size":"auto","background-attachment":"scroll","background-type":"","background-media":"","overlay-type":"","overlay-color":"","overlay-opacity":"","overlay-gradient":""},"tablet":{"background-color":"","background-image":"","background-repeat":"repeat","background-position":"center center","background-size":"auto","background-attachment":"scroll","background-type":"","background-media":"","overlay-type":"","overlay-color":"","overlay-opacity":"","overlay-gradient":""},"mobile":{"background-color":"","background-image":"","background-repeat":"repeat","background-position":"center center","background-size":"auto","background-attachment":"scroll","background-type":"","background-media":"","overlay-type":"","overlay-color":"","overlay-opacity":"","overlay-gradient":""}},"ast-content-background-meta":{"desktop":{"background-color":"var(--ast-global-color-5)","background-image":"","background-repeat":"repeat","background-position":"center center","background-size":"auto","background-attachment":"scroll","background-type":"","background-media":"","overlay-type":"","overlay-color":"","overlay-opacity":"","overlay-gradient":""},"tablet":{"background-color":"var(--ast-global-color-5)","background-image":"","background-repeat":"repeat","background-position":"center center","background-size":"auto","background-attachment":"scroll","background-type":"","background-media":"","overlay-type":"","overlay-color":"","overlay-opacity":"","overlay-gradient":""},"mobile":{"background-color":"var(--ast-global-color-5)","background-image":"","background-repeat":"repeat","background-position":"center center","background-size":"auto","background-attachment":"scroll","background-type":"","background-media":"","overlay-type":"","overlay-color":"","overlay-opacity":"","overlay-gradient":""}}},"product_brand":[],"product_cat":[207],"product_tag":[],"class_list":{"0":"post-18963","1":"product","2":"type-product","3":"status-publish","4":"has-post-thumbnail","6":"product_cat-indonesia","7":"desktop-align-left","8":"tablet-align-left","9":"mobile-align-left","11":"first","12":"instock","13":"sale","14":"shipping-taxable","15":"purchasable","16":"product-type-simple","17":"add-to-wishlist-before_image"},"_links":{"self":[{"href":"https:\/\/colligatum.com\/en\/wp-json\/wp\/v2\/product\/18963","targetHints":{"allow":["GET"]}}],"collection":[{"href":"https:\/\/colligatum.com\/en\/wp-json\/wp\/v2\/product"}],"about":[{"href":"https:\/\/colligatum.com\/en\/wp-json\/wp\/v2\/types\/product"}],"version-history":[{"count":1,"href":"https:\/\/colligatum.com\/en\/wp-json\/wp\/v2\/product\/18963\/revisions"}],"predecessor-version":[{"id":18964,"href":"https:\/\/colligatum.com\/en\/wp-json\/wp\/v2\/product\/18963\/revisions\/18964"}],"wp:featuredmedia":[{"embeddable":true,"href":"https:\/\/colligatum.com\/en\/wp-json\/wp\/v2\/media\/18908"}],"wp:attachment":[{"href":"https:\/\/colligatum.com\/en\/wp-json\/wp\/v2\/media?parent=18963"}],"wp:term":[{"taxonomy":"product_brand","embeddable":true,"href":"https:\/\/colligatum.com\/en\/wp-json\/wp\/v2\/product_brand?post=18963"},{"taxonomy":"product_cat","embeddable":true,"href":"https:\/\/colligatum.com\/en\/wp-json\/wp\/v2\/product_cat?post=18963"},{"taxonomy":"product_tag","embeddable":true,"href":"https:\/\/colligatum.com\/en\/wp-json\/wp\/v2\/product_tag?post=18963"}],"curies":[{"name":"wp","href":"https:\/\/api.w.org\/{rel}","templated":true}]}}