{"id":18971,"date":"2025-10-01T16:06:19","date_gmt":"2025-10-01T14:06:19","guid":{"rendered":"https:\/\/colligatum.com\/?post_type=product&#038;p=18971"},"modified":"2025-10-01T16:06:19","modified_gmt":"2025-10-01T14:06:19","slug":"pas","status":"publish","type":"product","link":"https:\/\/colligatum.com\/en\/product\/pas\/","title":{"rendered":"At\u2026"},"content":{"rendered":"<p><strong data-start=\"427\" data-end=\"441\">Description:<\/strong> \u201ePas&#8230; Mild\u201c yra Indonezijos gamintojo sukurta lengv\u0173j\u0173 cigare\u010di\u0173 versija, akcentuojanti ma\u017eesn\u012f derv\u0173 ir nikotino kiek\u012f (\u201eLow Tar &amp; Nicotine\u201c). Pakelis \u0161viesiai kremin\u0117s spalvos su raudonais ir pilkais grafiniais elementais, pagrindiniame fone i\u0161d\u0117styta pasikartojanti \u201ePas\u201c u\u017era\u0161\u0173 seka. Priekin\u0117je dalyje pabr\u0117\u017eiamas minimalistinis prek\u0117s \u017eenklo pavadinimas su raudonu kvadratu ir \u201eP\u201c simboliu. Ant \u0161onin\u0117s pus\u0117s matomas tar ir nikotino kiekis. Galin\u0117je pus\u0117je pateiktas trumpas tekstas apie gamybos kokyb\u0119 bei naudojam\u0105 \u201elaser mild cigarettes\u201c technologij\u0105. Taip pat yra \u012fsp\u0117jimas indonez\u0173 kalba apie r\u016bkymo \u017eal\u0105 sveikatai. Pakelis u\u017edarytas akciziniu \u017eenklu su \u201e2007\u201c \u012fra\u0161u, kas padeda tiksliau nustatyti laikotarp\u012f.<\/p>","protected":false},"excerpt":{"rendered":"<p><strong data-start=\"191\" data-end=\"225\">Brand and name:<\/strong> Pas&#8230; Mild<br data-start=\"237\" data-end=\"240\" \/><strong data-start=\"240\" data-end=\"250\" data-is-only-node=\"\">Size:<\/strong> 20 cigarettes<br data-start=\"263\" data-end=\"266\" \/><strong data-start=\"266\" data-end=\"284\">Country of manufacture:<\/strong> Indonesia<br data-start=\"295\" data-end=\"298\" \/><strong data-start=\"298\" data-end=\"322\">Production period:<\/strong> XX a. pab. \u2013 XXI a. pr. (apie 2000\u20132010 m.)<br data-start=\"366\" data-end=\"369\" \/><strong data-start=\"369\" data-end=\"387\">Package type:<\/strong> A hard package sealed with cellophane<\/p>","protected":false},"featured_media":18916,"template":"","meta":{"_surecart_dashboard_logo_width":"180px","_surecart_dashboard_show_logo":true,"_surecart_dashboard_navigation_orders":true,"_surecart_dashboard_navigation_invoices":true,"_surecart_dashboard_navigation_subscriptions":true,"_surecart_dashboard_navigation_downloads":true,"_surecart_dashboard_navigation_billing":true,"_surecart_dashboard_navigation_account":true,"site-sidebar-layout":"default","site-content-layout":"","ast-site-content-layout":"default","site-content-style":"default","site-sidebar-style":"default","ast-global-header-display":"","ast-banner-title-visibility":"","ast-main-header-display":"","ast-hfb-above-header-display":"","ast-hfb-below-header-display":"","ast-hfb-mobile-header-display":"","site-post-title":"","ast-breadcrumbs-content":"","ast-featured-img":"","footer-sml-layout":"","theme-transparent-header-meta":"default","adv-header-id-meta":"","stick-header-meta":"","header-above-stick-meta":"","header-main-stick-meta":"","header-below-stick-meta":"","astra-migrate-meta-layouts":"set","ast-page-background-enabled":"default","ast-page-background-meta":{"desktop":{"background-color":"","background-image":"","background-repeat":"repeat","background-position":"center center","background-size":"auto","background-attachment":"scroll","background-type":"","background-media":"","overlay-type":"","overlay-color":"","overlay-opacity":"","overlay-gradient":""},"tablet":{"background-color":"","background-image":"","background-repeat":"repeat","background-position":"center center","background-size":"auto","background-attachment":"scroll","background-type":"","background-media":"","overlay-type":"","overlay-color":"","overlay-opacity":"","overlay-gradient":""},"mobile":{"background-color":"","background-image":"","background-repeat":"repeat","background-position":"center center","background-size":"auto","background-attachment":"scroll","background-type":"","background-media":"","overlay-type":"","overlay-color":"","overlay-opacity":"","overlay-gradient":""}},"ast-content-background-meta":{"desktop":{"background-color":"var(--ast-global-color-5)","background-image":"","background-repeat":"repeat","background-position":"center center","background-size":"auto","background-attachment":"scroll","background-type":"","background-media":"","overlay-type":"","overlay-color":"","overlay-opacity":"","overlay-gradient":""},"tablet":{"background-color":"var(--ast-global-color-5)","background-image":"","background-repeat":"repeat","background-position":"center center","background-size":"auto","background-attachment":"scroll","background-type":"","background-media":"","overlay-type":"","overlay-color":"","overlay-opacity":"","overlay-gradient":""},"mobile":{"background-color":"var(--ast-global-color-5)","background-image":"","background-repeat":"repeat","background-position":"center center","background-size":"auto","background-attachment":"scroll","background-type":"","background-media":"","overlay-type":"","overlay-color":"","overlay-opacity":"","overlay-gradient":""}}},"product_brand":[],"product_cat":[207],"product_tag":[],"class_list":{"0":"post-18971","1":"product","2":"type-product","3":"status-publish","4":"has-post-thumbnail","6":"product_cat-indonesia","7":"desktop-align-left","8":"tablet-align-left","9":"mobile-align-left","11":"first","12":"instock","13":"sale","14":"shipping-taxable","15":"purchasable","16":"product-type-simple","17":"add-to-wishlist-before_image"},"_links":{"self":[{"href":"https:\/\/colligatum.com\/en\/wp-json\/wp\/v2\/product\/18971","targetHints":{"allow":["GET"]}}],"collection":[{"href":"https:\/\/colligatum.com\/en\/wp-json\/wp\/v2\/product"}],"about":[{"href":"https:\/\/colligatum.com\/en\/wp-json\/wp\/v2\/types\/product"}],"version-history":[{"count":1,"href":"https:\/\/colligatum.com\/en\/wp-json\/wp\/v2\/product\/18971\/revisions"}],"predecessor-version":[{"id":18972,"href":"https:\/\/colligatum.com\/en\/wp-json\/wp\/v2\/product\/18971\/revisions\/18972"}],"wp:featuredmedia":[{"embeddable":true,"href":"https:\/\/colligatum.com\/en\/wp-json\/wp\/v2\/media\/18916"}],"wp:attachment":[{"href":"https:\/\/colligatum.com\/en\/wp-json\/wp\/v2\/media?parent=18971"}],"wp:term":[{"taxonomy":"product_brand","embeddable":true,"href":"https:\/\/colligatum.com\/en\/wp-json\/wp\/v2\/product_brand?post=18971"},{"taxonomy":"product_cat","embeddable":true,"href":"https:\/\/colligatum.com\/en\/wp-json\/wp\/v2\/product_cat?post=18971"},{"taxonomy":"product_tag","embeddable":true,"href":"https:\/\/colligatum.com\/en\/wp-json\/wp\/v2\/product_tag?post=18971"}],"curies":[{"name":"wp","href":"https:\/\/api.w.org\/{rel}","templated":true}]}}