{"id":18979,"date":"2025-10-01T16:19:40","date_gmt":"2025-10-01T14:19:40","guid":{"rendered":"https:\/\/colligatum.com\/?post_type=product&#038;p=18979"},"modified":"2025-10-01T16:19:40","modified_gmt":"2025-10-01T14:19:40","slug":"laker-international","status":"publish","type":"product","link":"https:\/\/colligatum.com\/en\/product\/laker-international\/","title":{"rendered":"Laker International"},"content":{"rendered":"<p data-start=\"304\" data-end=\"784\"><strong data-start=\"304\" data-end=\"318\">Description:<\/strong><br data-start=\"318\" data-end=\"321\" \/>Laker International \u2013 tai indonezieti\u0161kos \u201ekretek\u201c (gvazdik\u0117li\u0173) cigaret\u0117s su filtru, skirtos tiek vietinei, tiek tarptautinei rinkai. Pakelis talpina 12 vienet\u0173 cigare\u010di\u0173. Dizainas klasikinis \u2013 raudona spalva su auksiniais apvadais, centre stilizuotas apskritimo \u017eenklas bei u\u017era\u0161as \u201eLaker International\u201c. Nugarin\u0117je pus\u0117je pateikiamas \u012fsp\u0117jimas apie r\u016bkymo \u017eal\u0105. Ant \u0161ono yra indonezieti\u0161ka akcizin\u0117 banderol\u0117. Pakelis neatidarytas, puikios kolekcin\u0117s b\u016bkl\u0117s.<\/p>\n<p data-start=\"786\" data-end=\"811\"><strong data-start=\"786\" data-end=\"809\">Value assessment:<\/strong><\/p>\n<ul data-start=\"812\" data-end=\"1266\">\n<li data-start=\"812\" data-end=\"936\">\n<p data-start=\"814\" data-end=\"936\"><strong data-start=\"814\" data-end=\"834\">Collectible value:<\/strong> Vidutin\u0117 \u2013 ma\u017eiau \u017einomas prek\u0117s \u017eenklas, ta\u010diau \u012fdomus egzoti\u0161k\u0173 \u201ekretek\u201c pakuo\u010di\u0173 kolekcininkams.<\/p>\n<\/li>\n<li data-start=\"937\" data-end=\"1016\">\n<p data-start=\"939\" data-end=\"1016\"><strong data-start=\"939\" data-end=\"961\">Condition assessment:<\/strong> Very good (unopened, with cellophane and seal).<\/p>\n<\/li>\n<li data-start=\"1017\" data-end=\"1266\">\n<p data-start=\"1019\" data-end=\"1266\"><strong data-start=\"1019\" data-end=\"1059\">Historical data and popularity:<\/strong> Prek\u0117s \u017eenklas n\u0117ra \u017einomas tarptautin\u0117je rinkoje, bet vietin\u0117je Indonezijos tabako istorijoje jis laikomas ma\u017eesnio masto gamintojo produkcija. Toks egzempliorius \u012fdomus kaip ni\u0161inis kolekcinis vienetas.<\/p>\n<\/li>\n<\/ul>","protected":false},"excerpt":{"rendered":"<p data-start=\"0\" data-end=\"81\"><strong data-start=\"0\" data-end=\"34\">Brand and name:<\/strong> Laker International Filter Kretek Cigarettes<\/p>\n<p data-start=\"83\" data-end=\"116\"><strong data-start=\"83\" data-end=\"93\">Size:<\/strong> Pack of 12 cigarettes<\/p>\n<p data-start=\"118\" data-end=\"149\"><strong data-start=\"118\" data-end=\"136\">Country of manufacture:<\/strong> Indonesia<\/p>\n<p data-start=\"151\" data-end=\"251\"><strong data-start=\"151\" data-end=\"175\">Production period:<\/strong> apie 1990\u20132000 m. (atsi\u017evelgiant \u012f dizain\u0105, banderol\u0119 ir pakuot\u0117s stili\u0173)<\/p>\n<p data-start=\"253\" data-end=\"302\"><strong data-start=\"253\" data-end=\"271\">Package type:<\/strong> Hard pack, cellophane-wrapped<\/p>","protected":false},"featured_media":18924,"template":"","meta":{"_surecart_dashboard_logo_width":"180px","_surecart_dashboard_show_logo":true,"_surecart_dashboard_navigation_orders":true,"_surecart_dashboard_navigation_invoices":true,"_surecart_dashboard_navigation_subscriptions":true,"_surecart_dashboard_navigation_downloads":true,"_surecart_dashboard_navigation_billing":true,"_surecart_dashboard_navigation_account":true,"site-sidebar-layout":"default","site-content-layout":"","ast-site-content-layout":"default","site-content-style":"default","site-sidebar-style":"default","ast-global-header-display":"","ast-banner-title-visibility":"","ast-main-header-display":"","ast-hfb-above-header-display":"","ast-hfb-below-header-display":"","ast-hfb-mobile-header-display":"","site-post-title":"","ast-breadcrumbs-content":"","ast-featured-img":"","footer-sml-layout":"","theme-transparent-header-meta":"default","adv-header-id-meta":"","stick-header-meta":"","header-above-stick-meta":"","header-main-stick-meta":"","header-below-stick-meta":"","astra-migrate-meta-layouts":"set","ast-page-background-enabled":"default","ast-page-background-meta":{"desktop":{"background-color":"","background-image":"","background-repeat":"repeat","background-position":"center center","background-size":"auto","background-attachment":"scroll","background-type":"","background-media":"","overlay-type":"","overlay-color":"","overlay-opacity":"","overlay-gradient":""},"tablet":{"background-color":"","background-image":"","background-repeat":"repeat","background-position":"center center","background-size":"auto","background-attachment":"scroll","background-type":"","background-media":"","overlay-type":"","overlay-color":"","overlay-opacity":"","overlay-gradient":""},"mobile":{"background-color":"","background-image":"","background-repeat":"repeat","background-position":"center center","background-size":"auto","background-attachment":"scroll","background-type":"","background-media":"","overlay-type":"","overlay-color":"","overlay-opacity":"","overlay-gradient":""}},"ast-content-background-meta":{"desktop":{"background-color":"var(--ast-global-color-5)","background-image":"","background-repeat":"repeat","background-position":"center center","background-size":"auto","background-attachment":"scroll","background-type":"","background-media":"","overlay-type":"","overlay-color":"","overlay-opacity":"","overlay-gradient":""},"tablet":{"background-color":"var(--ast-global-color-5)","background-image":"","background-repeat":"repeat","background-position":"center center","background-size":"auto","background-attachment":"scroll","background-type":"","background-media":"","overlay-type":"","overlay-color":"","overlay-opacity":"","overlay-gradient":""},"mobile":{"background-color":"var(--ast-global-color-5)","background-image":"","background-repeat":"repeat","background-position":"center center","background-size":"auto","background-attachment":"scroll","background-type":"","background-media":"","overlay-type":"","overlay-color":"","overlay-opacity":"","overlay-gradient":""}}},"product_brand":[],"product_cat":[207],"product_tag":[],"class_list":{"0":"post-18979","1":"product","2":"type-product","3":"status-publish","4":"has-post-thumbnail","6":"product_cat-indonesia","7":"desktop-align-left","8":"tablet-align-left","9":"mobile-align-left","11":"first","12":"instock","13":"sale","14":"shipping-taxable","15":"purchasable","16":"product-type-simple","17":"add-to-wishlist-before_image"},"_links":{"self":[{"href":"https:\/\/colligatum.com\/en\/wp-json\/wp\/v2\/product\/18979","targetHints":{"allow":["GET"]}}],"collection":[{"href":"https:\/\/colligatum.com\/en\/wp-json\/wp\/v2\/product"}],"about":[{"href":"https:\/\/colligatum.com\/en\/wp-json\/wp\/v2\/types\/product"}],"version-history":[{"count":1,"href":"https:\/\/colligatum.com\/en\/wp-json\/wp\/v2\/product\/18979\/revisions"}],"predecessor-version":[{"id":18980,"href":"https:\/\/colligatum.com\/en\/wp-json\/wp\/v2\/product\/18979\/revisions\/18980"}],"wp:featuredmedia":[{"embeddable":true,"href":"https:\/\/colligatum.com\/en\/wp-json\/wp\/v2\/media\/18924"}],"wp:attachment":[{"href":"https:\/\/colligatum.com\/en\/wp-json\/wp\/v2\/media?parent=18979"}],"wp:term":[{"taxonomy":"product_brand","embeddable":true,"href":"https:\/\/colligatum.com\/en\/wp-json\/wp\/v2\/product_brand?post=18979"},{"taxonomy":"product_cat","embeddable":true,"href":"https:\/\/colligatum.com\/en\/wp-json\/wp\/v2\/product_cat?post=18979"},{"taxonomy":"product_tag","embeddable":true,"href":"https:\/\/colligatum.com\/en\/wp-json\/wp\/v2\/product_tag?post=18979"}],"curies":[{"name":"wp","href":"https:\/\/api.w.org\/{rel}","templated":true}]}}