{"id":18985,"date":"2025-10-01T16:26:08","date_gmt":"2025-10-01T14:26:08","guid":{"rendered":"https:\/\/colligatum.com\/?post_type=product&#038;p=18985"},"modified":"2025-10-01T16:26:08","modified_gmt":"2025-10-01T14:26:08","slug":"madlroso-menthol","status":"publish","type":"product","link":"https:\/\/colligatum.com\/en\/product\/madlroso-menthol\/","title":{"rendered":"Madlroso Menthol"},"content":{"rendered":"<p data-start=\"268\" data-end=\"781\"><strong data-start=\"268\" data-end=\"282\">Description:<\/strong><br data-start=\"282\" data-end=\"285\" \/>Madlroso Menthol \u2013 ma\u017eiau \u017einomas indonezieti\u0161kas cigare\u010di\u0173 prek\u0117s \u017eenklas. Pakelis talpina 14 filtrini\u0173 cigare\u010di\u0173 \u2013 tai netipi\u0161kas formatas, nes da\u017eniausiai sutinkami 12 arba 16 vnt. indonezieti\u0161ki pakeliai. Dizainas baltai-\u017ealias, su centriniu u\u017era\u0161u \u201eMadlroso\u201c ir \u017eenkleliu \u201eMD\u201c vir\u0161uje. Vir\u0161utin\u0117je dalyje i\u0161skirtinai pa\u017eym\u0117ta \u201eMenthol\u201c. Nugarin\u0117je pus\u0117je \u2013 sveikatos \u012fsp\u0117jimas, o \u0161one yra indonezieti\u0161ka akcizin\u0117 banderol\u0117. Pakelis neatidarytas, su originaliu celofanu, labai geros b\u016bkl\u0117s.<\/p>\n<p data-start=\"783\" data-end=\"808\"><strong data-start=\"783\" data-end=\"806\">Value assessment:<\/strong><\/p>\n<ul data-start=\"809\" data-end=\"1254\">\n<li data-start=\"809\" data-end=\"991\">\n<p data-start=\"811\" data-end=\"991\"><strong data-start=\"811\" data-end=\"831\">Collectible value:<\/strong> Vidutin\u0117\u2013auk\u0161tesn\u0117, nes \u201eMadlroso\u201c yra ni\u0161inis, retai sutinkamas prek\u0117s \u017eenklas, be to, ne\u012fprastas 14 cigare\u010di\u0173 formatas daro j\u012f kolekcininkams patrauklesn\u012f.<\/p>\n<\/li>\n<li data-start=\"992\" data-end=\"1071\">\n<p data-start=\"994\" data-end=\"1071\"><strong data-start=\"994\" data-end=\"1016\">Condition assessment:<\/strong> Labai gera (neatidarytas, su banderole ir celofanu).<\/p>\n<\/li>\n<li data-start=\"1072\" data-end=\"1254\">\n<p data-start=\"1074\" data-end=\"1254\"><strong data-start=\"1074\" data-end=\"1114\">Historical data and popularity:<\/strong> Prek\u0117s \u017eenklas n\u0117ra tarptautiniu mastu \u017einomas, ta\u010diau tokie egzotiniai vienetai turi vert\u0119 specializuotose Azijos cigare\u010di\u0173 kolekcijose.<\/p>\n<\/li>\n<\/ul>","protected":false},"excerpt":{"rendered":"<p data-start=\"0\" data-end=\"53\"><strong data-start=\"0\" data-end=\"34\">Brand and name:<\/strong> Madlroso Menthol<\/p>\n<p data-start=\"55\" data-end=\"88\"><strong data-start=\"55\" data-end=\"65\">Size:<\/strong> 14 cigare\u010di\u0173 pakelis<\/p>\n<p data-start=\"90\" data-end=\"121\"><strong data-start=\"90\" data-end=\"108\">Country of manufacture:<\/strong> Indonesia<\/p>\n<p data-start=\"123\" data-end=\"215\"><strong data-start=\"123\" data-end=\"147\">Production period:<\/strong> apie 1990\u20132000 m. (pagal dizain\u0105, \u012fsp\u0117jimus ir banderol\u0117s stili\u0173)<\/p>\n<p data-start=\"217\" data-end=\"266\"><strong data-start=\"217\" data-end=\"235\">Package type:<\/strong> Hard pack, cellophane-wrapped<\/p>","protected":false},"featured_media":18996,"template":"","meta":{"_surecart_dashboard_logo_width":"180px","_surecart_dashboard_show_logo":true,"_surecart_dashboard_navigation_orders":true,"_surecart_dashboard_navigation_invoices":true,"_surecart_dashboard_navigation_subscriptions":true,"_surecart_dashboard_navigation_downloads":true,"_surecart_dashboard_navigation_billing":true,"_surecart_dashboard_navigation_account":true,"site-sidebar-layout":"default","site-content-layout":"","ast-site-content-layout":"default","site-content-style":"default","site-sidebar-style":"default","ast-global-header-display":"","ast-banner-title-visibility":"","ast-main-header-display":"","ast-hfb-above-header-display":"","ast-hfb-below-header-display":"","ast-hfb-mobile-header-display":"","site-post-title":"","ast-breadcrumbs-content":"","ast-featured-img":"","footer-sml-layout":"","theme-transparent-header-meta":"default","adv-header-id-meta":"","stick-header-meta":"","header-above-stick-meta":"","header-main-stick-meta":"","header-below-stick-meta":"","astra-migrate-meta-layouts":"set","ast-page-background-enabled":"default","ast-page-background-meta":{"desktop":{"background-color":"","background-image":"","background-repeat":"repeat","background-position":"center center","background-size":"auto","background-attachment":"scroll","background-type":"","background-media":"","overlay-type":"","overlay-color":"","overlay-opacity":"","overlay-gradient":""},"tablet":{"background-color":"","background-image":"","background-repeat":"repeat","background-position":"center center","background-size":"auto","background-attachment":"scroll","background-type":"","background-media":"","overlay-type":"","overlay-color":"","overlay-opacity":"","overlay-gradient":""},"mobile":{"background-color":"","background-image":"","background-repeat":"repeat","background-position":"center center","background-size":"auto","background-attachment":"scroll","background-type":"","background-media":"","overlay-type":"","overlay-color":"","overlay-opacity":"","overlay-gradient":""}},"ast-content-background-meta":{"desktop":{"background-color":"var(--ast-global-color-5)","background-image":"","background-repeat":"repeat","background-position":"center center","background-size":"auto","background-attachment":"scroll","background-type":"","background-media":"","overlay-type":"","overlay-color":"","overlay-opacity":"","overlay-gradient":""},"tablet":{"background-color":"var(--ast-global-color-5)","background-image":"","background-repeat":"repeat","background-position":"center center","background-size":"auto","background-attachment":"scroll","background-type":"","background-media":"","overlay-type":"","overlay-color":"","overlay-opacity":"","overlay-gradient":""},"mobile":{"background-color":"var(--ast-global-color-5)","background-image":"","background-repeat":"repeat","background-position":"center center","background-size":"auto","background-attachment":"scroll","background-type":"","background-media":"","overlay-type":"","overlay-color":"","overlay-opacity":"","overlay-gradient":""}}},"product_brand":[],"product_cat":[207],"product_tag":[],"class_list":{"0":"post-18985","1":"product","2":"type-product","3":"status-publish","4":"has-post-thumbnail","6":"product_cat-indonesia","7":"desktop-align-left","8":"tablet-align-left","9":"mobile-align-left","11":"first","12":"instock","13":"sale","14":"shipping-taxable","15":"purchasable","16":"product-type-simple","17":"add-to-wishlist-before_image"},"_links":{"self":[{"href":"https:\/\/colligatum.com\/en\/wp-json\/wp\/v2\/product\/18985","targetHints":{"allow":["GET"]}}],"collection":[{"href":"https:\/\/colligatum.com\/en\/wp-json\/wp\/v2\/product"}],"about":[{"href":"https:\/\/colligatum.com\/en\/wp-json\/wp\/v2\/types\/product"}],"version-history":[{"count":1,"href":"https:\/\/colligatum.com\/en\/wp-json\/wp\/v2\/product\/18985\/revisions"}],"predecessor-version":[{"id":19045,"href":"https:\/\/colligatum.com\/en\/wp-json\/wp\/v2\/product\/18985\/revisions\/19045"}],"wp:featuredmedia":[{"embeddable":true,"href":"https:\/\/colligatum.com\/en\/wp-json\/wp\/v2\/media\/18996"}],"wp:attachment":[{"href":"https:\/\/colligatum.com\/en\/wp-json\/wp\/v2\/media?parent=18985"}],"wp:term":[{"taxonomy":"product_brand","embeddable":true,"href":"https:\/\/colligatum.com\/en\/wp-json\/wp\/v2\/product_brand?post=18985"},{"taxonomy":"product_cat","embeddable":true,"href":"https:\/\/colligatum.com\/en\/wp-json\/wp\/v2\/product_cat?post=18985"},{"taxonomy":"product_tag","embeddable":true,"href":"https:\/\/colligatum.com\/en\/wp-json\/wp\/v2\/product_tag?post=18985"}],"curies":[{"name":"wp","href":"https:\/\/api.w.org\/{rel}","templated":true}]}}