{"id":19050,"date":"2025-10-01T16:31:26","date_gmt":"2025-10-01T14:31:26","guid":{"rendered":"https:\/\/colligatum.com\/?post_type=product&#038;p=19050"},"modified":"2025-10-01T16:31:26","modified_gmt":"2025-10-01T14:31:26","slug":"madlroso","status":"publish","type":"product","link":"https:\/\/colligatum.com\/en\/product\/madlroso\/","title":{"rendered":"Madlross"},"content":{"rendered":"<p><strong data-start=\"239\" data-end=\"253\">Description:<\/strong><br data-start=\"253\" data-end=\"256\" \/>Raudonos ir baltos spalvos dizainas, ai\u0161kiai matomas logotipas su \u201eMD\u201c simboliu ir u\u017era\u0161u \u201eMadlroso\u201c. Priekin\u0117je dalyje naudojamas klasikinis trikampio motyvas, b\u016bdingas Marlboro stiliaus interpretacijoms. Vir\u0161utin\u0117je dalyje u\u017era\u0161as \u201eFILTER CIGARET\u201c, pabr\u0117\u017eiantis filtro naudojim\u0105. Tai ma\u017eiau \u017einomas Indonezijos gamintojo produktas, gamintas vietinei rinkai kaip prieinamesn\u0117 alternatyva populiariausiems vakarieti\u0161kiems prek\u0117s \u017eenklams.<\/p>","protected":false},"excerpt":{"rendered":"<p><strong data-start=\"33\" data-end=\"67\">Brand and name:<\/strong> Madlroso Filter Cigarets<br data-start=\"92\" data-end=\"95\" \/><strong data-start=\"95\" data-end=\"105\">Size:<\/strong> 14 cigarettes<br data-start=\"118\" data-end=\"121\" \/><strong data-start=\"121\" data-end=\"144\" data-is-only-node=\"\">Manufacturer \/ country:<\/strong> Indonesia<br data-start=\"155\" data-end=\"158\" \/><strong data-start=\"158\" data-end=\"182\">Production period:<\/strong> around 1990\u20132000.<br data-start=\"200\" data-end=\"203\" \/><strong data-start=\"203\" data-end=\"221\">Package type:<\/strong> hard pack<\/p>","protected":false},"featured_media":19002,"template":"","meta":{"_surecart_dashboard_logo_width":"180px","_surecart_dashboard_show_logo":true,"_surecart_dashboard_navigation_orders":true,"_surecart_dashboard_navigation_invoices":true,"_surecart_dashboard_navigation_subscriptions":true,"_surecart_dashboard_navigation_downloads":true,"_surecart_dashboard_navigation_billing":true,"_surecart_dashboard_navigation_account":true,"site-sidebar-layout":"default","site-content-layout":"","ast-site-content-layout":"default","site-content-style":"default","site-sidebar-style":"default","ast-global-header-display":"","ast-banner-title-visibility":"","ast-main-header-display":"","ast-hfb-above-header-display":"","ast-hfb-below-header-display":"","ast-hfb-mobile-header-display":"","site-post-title":"","ast-breadcrumbs-content":"","ast-featured-img":"","footer-sml-layout":"","theme-transparent-header-meta":"default","adv-header-id-meta":"","stick-header-meta":"","header-above-stick-meta":"","header-main-stick-meta":"","header-below-stick-meta":"","astra-migrate-meta-layouts":"set","ast-page-background-enabled":"default","ast-page-background-meta":{"desktop":{"background-color":"","background-image":"","background-repeat":"repeat","background-position":"center center","background-size":"auto","background-attachment":"scroll","background-type":"","background-media":"","overlay-type":"","overlay-color":"","overlay-opacity":"","overlay-gradient":""},"tablet":{"background-color":"","background-image":"","background-repeat":"repeat","background-position":"center center","background-size":"auto","background-attachment":"scroll","background-type":"","background-media":"","overlay-type":"","overlay-color":"","overlay-opacity":"","overlay-gradient":""},"mobile":{"background-color":"","background-image":"","background-repeat":"repeat","background-position":"center center","background-size":"auto","background-attachment":"scroll","background-type":"","background-media":"","overlay-type":"","overlay-color":"","overlay-opacity":"","overlay-gradient":""}},"ast-content-background-meta":{"desktop":{"background-color":"var(--ast-global-color-5)","background-image":"","background-repeat":"repeat","background-position":"center center","background-size":"auto","background-attachment":"scroll","background-type":"","background-media":"","overlay-type":"","overlay-color":"","overlay-opacity":"","overlay-gradient":""},"tablet":{"background-color":"var(--ast-global-color-5)","background-image":"","background-repeat":"repeat","background-position":"center center","background-size":"auto","background-attachment":"scroll","background-type":"","background-media":"","overlay-type":"","overlay-color":"","overlay-opacity":"","overlay-gradient":""},"mobile":{"background-color":"var(--ast-global-color-5)","background-image":"","background-repeat":"repeat","background-position":"center center","background-size":"auto","background-attachment":"scroll","background-type":"","background-media":"","overlay-type":"","overlay-color":"","overlay-opacity":"","overlay-gradient":""}}},"product_brand":[],"product_cat":[207],"product_tag":[],"class_list":{"0":"post-19050","1":"product","2":"type-product","3":"status-publish","4":"has-post-thumbnail","6":"product_cat-indonesia","7":"desktop-align-left","8":"tablet-align-left","9":"mobile-align-left","11":"first","12":"instock","13":"sale","14":"shipping-taxable","15":"purchasable","16":"product-type-simple","17":"add-to-wishlist-before_image"},"_links":{"self":[{"href":"https:\/\/colligatum.com\/en\/wp-json\/wp\/v2\/product\/19050","targetHints":{"allow":["GET"]}}],"collection":[{"href":"https:\/\/colligatum.com\/en\/wp-json\/wp\/v2\/product"}],"about":[{"href":"https:\/\/colligatum.com\/en\/wp-json\/wp\/v2\/types\/product"}],"version-history":[{"count":1,"href":"https:\/\/colligatum.com\/en\/wp-json\/wp\/v2\/product\/19050\/revisions"}],"predecessor-version":[{"id":19051,"href":"https:\/\/colligatum.com\/en\/wp-json\/wp\/v2\/product\/19050\/revisions\/19051"}],"wp:featuredmedia":[{"embeddable":true,"href":"https:\/\/colligatum.com\/en\/wp-json\/wp\/v2\/media\/19002"}],"wp:attachment":[{"href":"https:\/\/colligatum.com\/en\/wp-json\/wp\/v2\/media?parent=19050"}],"wp:term":[{"taxonomy":"product_brand","embeddable":true,"href":"https:\/\/colligatum.com\/en\/wp-json\/wp\/v2\/product_brand?post=19050"},{"taxonomy":"product_cat","embeddable":true,"href":"https:\/\/colligatum.com\/en\/wp-json\/wp\/v2\/product_cat?post=19050"},{"taxonomy":"product_tag","embeddable":true,"href":"https:\/\/colligatum.com\/en\/wp-json\/wp\/v2\/product_tag?post=19050"}],"curies":[{"name":"wp","href":"https:\/\/api.w.org\/{rel}","templated":true}]}}