{"id":19056,"date":"2025-10-01T16:39:28","date_gmt":"2025-10-01T14:39:28","guid":{"rendered":"https:\/\/colligatum.com\/?post_type=product&#038;p=19056"},"modified":"2025-10-01T16:39:28","modified_gmt":"2025-10-01T14:39:28","slug":"maju-jaya-super","status":"publish","type":"product","link":"https:\/\/colligatum.com\/en\/product\/maju-jaya-super\/","title":{"rendered":"Maju Jaya Super"},"content":{"rendered":"<p><strong data-start=\"245\" data-end=\"259\">Description:<\/strong><br data-start=\"259\" data-end=\"262\" \/>\u201eMaju Jaya Super\u201c yra indonezieti\u0161kos kretek tipo (su gvazdik\u0117liais) cigaret\u0117s. Pakelis ry\u0161kiai raudonos ir juodos spalvos su aukso spalvos detal\u0117mis. Priekin\u0117je pus\u0117je \u2013 logotipas \u201eMJ\u201c auksiniame apskritime, u\u017era\u0161as <em data-start=\"479\" data-end=\"496\">Maju Jaya Super<\/em>, taip pat pa\u017eym\u0117ta, kad viduje yra 12 kretek filter cigare\u010di\u0173. Ant galin\u0117s pus\u0117s pateikiama papildoma informacija apie tabako mi\u0161in\u012f ir <em data-start=\"633\" data-end=\"652\">\u201cSuperfine Clove\u201d<\/em> apdorojim\u0105. Dizain\u0105 papildo sportinio automobilio iliustracija. Vir\u0161uje \u2013 Indonezijos akcizo lipdukas su kaina \u201eRp 3.500\u201c.<\/p>","protected":false},"excerpt":{"rendered":"<p data-start=\"31\" data-end=\"83\"><strong data-start=\"31\" data-end=\"65\">Brand and name:<\/strong> Maju Jaya Super<\/p>\n<p data-start=\"85\" data-end=\"110\"><strong data-start=\"85\" data-end=\"95\">Size:<\/strong> 12 cigarettes<\/p>\n<p data-start=\"112\" data-end=\"148\"><strong data-start=\"112\" data-end=\"135\">Gamintojas \/ \u0160alis:<\/strong> Indonesia<\/p>\n<p data-start=\"150\" data-end=\"194\"><strong data-start=\"150\" data-end=\"174\">Production period:<\/strong> Around 1990-2000.<\/p>\n<p data-start=\"196\" data-end=\"243\"><strong data-start=\"196\" data-end=\"214\">Package type:<\/strong> Hard pack<\/p>","protected":false},"featured_media":19008,"template":"","meta":{"_surecart_dashboard_logo_width":"180px","_surecart_dashboard_show_logo":true,"_surecart_dashboard_navigation_orders":true,"_surecart_dashboard_navigation_invoices":true,"_surecart_dashboard_navigation_subscriptions":true,"_surecart_dashboard_navigation_downloads":true,"_surecart_dashboard_navigation_billing":true,"_surecart_dashboard_navigation_account":true,"site-sidebar-layout":"default","site-content-layout":"","ast-site-content-layout":"default","site-content-style":"default","site-sidebar-style":"default","ast-global-header-display":"","ast-banner-title-visibility":"","ast-main-header-display":"","ast-hfb-above-header-display":"","ast-hfb-below-header-display":"","ast-hfb-mobile-header-display":"","site-post-title":"","ast-breadcrumbs-content":"","ast-featured-img":"","footer-sml-layout":"","theme-transparent-header-meta":"default","adv-header-id-meta":"","stick-header-meta":"","header-above-stick-meta":"","header-main-stick-meta":"","header-below-stick-meta":"","astra-migrate-meta-layouts":"set","ast-page-background-enabled":"default","ast-page-background-meta":{"desktop":{"background-color":"","background-image":"","background-repeat":"repeat","background-position":"center center","background-size":"auto","background-attachment":"scroll","background-type":"","background-media":"","overlay-type":"","overlay-color":"","overlay-opacity":"","overlay-gradient":""},"tablet":{"background-color":"","background-image":"","background-repeat":"repeat","background-position":"center center","background-size":"auto","background-attachment":"scroll","background-type":"","background-media":"","overlay-type":"","overlay-color":"","overlay-opacity":"","overlay-gradient":""},"mobile":{"background-color":"","background-image":"","background-repeat":"repeat","background-position":"center center","background-size":"auto","background-attachment":"scroll","background-type":"","background-media":"","overlay-type":"","overlay-color":"","overlay-opacity":"","overlay-gradient":""}},"ast-content-background-meta":{"desktop":{"background-color":"var(--ast-global-color-5)","background-image":"","background-repeat":"repeat","background-position":"center center","background-size":"auto","background-attachment":"scroll","background-type":"","background-media":"","overlay-type":"","overlay-color":"","overlay-opacity":"","overlay-gradient":""},"tablet":{"background-color":"var(--ast-global-color-5)","background-image":"","background-repeat":"repeat","background-position":"center center","background-size":"auto","background-attachment":"scroll","background-type":"","background-media":"","overlay-type":"","overlay-color":"","overlay-opacity":"","overlay-gradient":""},"mobile":{"background-color":"var(--ast-global-color-5)","background-image":"","background-repeat":"repeat","background-position":"center center","background-size":"auto","background-attachment":"scroll","background-type":"","background-media":"","overlay-type":"","overlay-color":"","overlay-opacity":"","overlay-gradient":""}}},"product_brand":[],"product_cat":[207],"product_tag":[],"class_list":{"0":"post-19056","1":"product","2":"type-product","3":"status-publish","4":"has-post-thumbnail","6":"product_cat-indonesia","7":"desktop-align-left","8":"tablet-align-left","9":"mobile-align-left","11":"first","12":"instock","13":"sale","14":"shipping-taxable","15":"purchasable","16":"product-type-simple","17":"add-to-wishlist-before_image"},"_links":{"self":[{"href":"https:\/\/colligatum.com\/en\/wp-json\/wp\/v2\/product\/19056","targetHints":{"allow":["GET"]}}],"collection":[{"href":"https:\/\/colligatum.com\/en\/wp-json\/wp\/v2\/product"}],"about":[{"href":"https:\/\/colligatum.com\/en\/wp-json\/wp\/v2\/types\/product"}],"version-history":[{"count":1,"href":"https:\/\/colligatum.com\/en\/wp-json\/wp\/v2\/product\/19056\/revisions"}],"predecessor-version":[{"id":19057,"href":"https:\/\/colligatum.com\/en\/wp-json\/wp\/v2\/product\/19056\/revisions\/19057"}],"wp:featuredmedia":[{"embeddable":true,"href":"https:\/\/colligatum.com\/en\/wp-json\/wp\/v2\/media\/19008"}],"wp:attachment":[{"href":"https:\/\/colligatum.com\/en\/wp-json\/wp\/v2\/media?parent=19056"}],"wp:term":[{"taxonomy":"product_brand","embeddable":true,"href":"https:\/\/colligatum.com\/en\/wp-json\/wp\/v2\/product_brand?post=19056"},{"taxonomy":"product_cat","embeddable":true,"href":"https:\/\/colligatum.com\/en\/wp-json\/wp\/v2\/product_cat?post=19056"},{"taxonomy":"product_tag","embeddable":true,"href":"https:\/\/colligatum.com\/en\/wp-json\/wp\/v2\/product_tag?post=19056"}],"curies":[{"name":"wp","href":"https:\/\/api.w.org\/{rel}","templated":true}]}}