{"id":19077,"date":"2025-10-02T10:33:05","date_gmt":"2025-10-02T08:33:05","guid":{"rendered":"https:\/\/colligatum.com\/?post_type=product&#038;p=19077"},"modified":"2025-10-02T10:33:05","modified_gmt":"2025-10-02T08:33:05","slug":"merah-delima-md","status":"publish","type":"product","link":"https:\/\/colligatum.com\/en\/product\/merah-delima-md\/","title":{"rendered":"Merah Delima (MD)"},"content":{"rendered":"<p><strong data-start=\"242\" data-end=\"256\">Description:<\/strong><br data-start=\"256\" data-end=\"259\" \/>Tai tradicinis Indonezijos <em data-start=\"286\" data-end=\"294\">kretek<\/em> tipo cigare\u010di\u0173 pakelis \u2013 cigaret\u0117s gaminamos i\u0161 tabako ir gvazdik\u0117li\u0173 mi\u0161inio, kuris yra b\u016bdingas Indonezijos tabako gaminiams. Pavadinimas \u201eMerah Delima\u201c ver\u010diamas kaip \u201eraudonasis granatas\u201c. Pakelis geltonos spalvos, su raudonu \u201eMD\u201c logotipu centre. Priekin\u0117je pus\u0117je pa\u017eym\u0117ta \u201eSigaret Kretek 12\u201c, o \u0161one \u2013 \u201eMade in Indonesia\u201c. Ant nugar\u0117l\u0117s \u2013 sveikatos \u012fsp\u0117jimas indonezie\u010di\u0173 kalba. Pakelis u\u017esandarintas originalia celofanine pl\u0117vele su apsauginiu lipduku vir\u0161uje.<\/p>","protected":false},"excerpt":{"rendered":"<p><strong data-start=\"33\" data-end=\"67\">Brand and name:<\/strong> Merah Delima (MD)<br data-start=\"85\" data-end=\"88\" \/><strong data-start=\"88\" data-end=\"98\">Size:<\/strong> 12 cigarettes<br data-start=\"111\" data-end=\"114\" \/><strong data-start=\"114\" data-end=\"134\">Country of manufacture:<\/strong> Indonesia<br data-start=\"145\" data-end=\"148\" \/><strong data-start=\"148\" data-end=\"172\">Production period:<\/strong> Late 20th century \u2013 early 21st century.<br data-start=\"196\" data-end=\"199\" \/><strong data-start=\"199\" data-end=\"217\">Package type:<\/strong> Hard<\/p>","protected":false},"featured_media":19028,"template":"","meta":{"_surecart_dashboard_logo_width":"180px","_surecart_dashboard_show_logo":true,"_surecart_dashboard_navigation_orders":true,"_surecart_dashboard_navigation_invoices":true,"_surecart_dashboard_navigation_subscriptions":true,"_surecart_dashboard_navigation_downloads":true,"_surecart_dashboard_navigation_billing":true,"_surecart_dashboard_navigation_account":true,"site-sidebar-layout":"default","site-content-layout":"","ast-site-content-layout":"default","site-content-style":"default","site-sidebar-style":"default","ast-global-header-display":"","ast-banner-title-visibility":"","ast-main-header-display":"","ast-hfb-above-header-display":"","ast-hfb-below-header-display":"","ast-hfb-mobile-header-display":"","site-post-title":"","ast-breadcrumbs-content":"","ast-featured-img":"","footer-sml-layout":"","theme-transparent-header-meta":"default","adv-header-id-meta":"","stick-header-meta":"","header-above-stick-meta":"","header-main-stick-meta":"","header-below-stick-meta":"","astra-migrate-meta-layouts":"set","ast-page-background-enabled":"default","ast-page-background-meta":{"desktop":{"background-color":"","background-image":"","background-repeat":"repeat","background-position":"center center","background-size":"auto","background-attachment":"scroll","background-type":"","background-media":"","overlay-type":"","overlay-color":"","overlay-opacity":"","overlay-gradient":""},"tablet":{"background-color":"","background-image":"","background-repeat":"repeat","background-position":"center center","background-size":"auto","background-attachment":"scroll","background-type":"","background-media":"","overlay-type":"","overlay-color":"","overlay-opacity":"","overlay-gradient":""},"mobile":{"background-color":"","background-image":"","background-repeat":"repeat","background-position":"center center","background-size":"auto","background-attachment":"scroll","background-type":"","background-media":"","overlay-type":"","overlay-color":"","overlay-opacity":"","overlay-gradient":""}},"ast-content-background-meta":{"desktop":{"background-color":"var(--ast-global-color-5)","background-image":"","background-repeat":"repeat","background-position":"center center","background-size":"auto","background-attachment":"scroll","background-type":"","background-media":"","overlay-type":"","overlay-color":"","overlay-opacity":"","overlay-gradient":""},"tablet":{"background-color":"var(--ast-global-color-5)","background-image":"","background-repeat":"repeat","background-position":"center center","background-size":"auto","background-attachment":"scroll","background-type":"","background-media":"","overlay-type":"","overlay-color":"","overlay-opacity":"","overlay-gradient":""},"mobile":{"background-color":"var(--ast-global-color-5)","background-image":"","background-repeat":"repeat","background-position":"center center","background-size":"auto","background-attachment":"scroll","background-type":"","background-media":"","overlay-type":"","overlay-color":"","overlay-opacity":"","overlay-gradient":""}}},"product_brand":[],"product_cat":[207],"product_tag":[],"class_list":{"0":"post-19077","1":"product","2":"type-product","3":"status-publish","4":"has-post-thumbnail","6":"product_cat-indonesia","7":"desktop-align-left","8":"tablet-align-left","9":"mobile-align-left","11":"first","12":"instock","13":"sale","14":"shipping-taxable","15":"purchasable","16":"product-type-simple","17":"add-to-wishlist-before_image"},"_links":{"self":[{"href":"https:\/\/colligatum.com\/en\/wp-json\/wp\/v2\/product\/19077","targetHints":{"allow":["GET"]}}],"collection":[{"href":"https:\/\/colligatum.com\/en\/wp-json\/wp\/v2\/product"}],"about":[{"href":"https:\/\/colligatum.com\/en\/wp-json\/wp\/v2\/types\/product"}],"version-history":[{"count":1,"href":"https:\/\/colligatum.com\/en\/wp-json\/wp\/v2\/product\/19077\/revisions"}],"predecessor-version":[{"id":19078,"href":"https:\/\/colligatum.com\/en\/wp-json\/wp\/v2\/product\/19077\/revisions\/19078"}],"wp:featuredmedia":[{"embeddable":true,"href":"https:\/\/colligatum.com\/en\/wp-json\/wp\/v2\/media\/19028"}],"wp:attachment":[{"href":"https:\/\/colligatum.com\/en\/wp-json\/wp\/v2\/media?parent=19077"}],"wp:term":[{"taxonomy":"product_brand","embeddable":true,"href":"https:\/\/colligatum.com\/en\/wp-json\/wp\/v2\/product_brand?post=19077"},{"taxonomy":"product_cat","embeddable":true,"href":"https:\/\/colligatum.com\/en\/wp-json\/wp\/v2\/product_cat?post=19077"},{"taxonomy":"product_tag","embeddable":true,"href":"https:\/\/colligatum.com\/en\/wp-json\/wp\/v2\/product_tag?post=19077"}],"curies":[{"name":"wp","href":"https:\/\/api.w.org\/{rel}","templated":true}]}}