{"id":19079,"date":"2025-10-02T10:35:07","date_gmt":"2025-10-02T08:35:07","guid":{"rendered":"https:\/\/colligatum.com\/?post_type=product&#038;p=19079"},"modified":"2025-10-02T10:35:07","modified_gmt":"2025-10-02T08:35:07","slug":"style","status":"publish","type":"product","link":"https:\/\/colligatum.com\/en\/product\/style\/","title":{"rendered":"Style"},"content":{"rendered":"<p data-start=\"228\" data-end=\"753\"><strong data-start=\"228\" data-end=\"242\">Description:<\/strong><br data-start=\"242\" data-end=\"245\" \/>\u201eStyle\u201c \u2013 indonezieti\u0161kas cigare\u010di\u0173 prek\u0117s \u017eenklas, orientuotas \u012f \u201elow tar &amp; nicotine\u201c segment\u0105. Ant pakelio pabr\u0117\u017eiama, jog tai \u201eSuper Filter Cigarettes\u201c. Dizainas minimalistinis, \u0161viesiai pilkos spalvos su violetin\u0117mis detal\u0117mis. Priekin\u0117je pus\u0117je i\u0161ry\u0161kintas pavadinimas \u201eSTYLE\u201c, \u0161one nurodyta kilm\u0117 \u2013 \u201eMade in Indonesia\u201c. Vir\u0161uje u\u017eklijuotas akcizo \u017eenklas su 500 rupij\u0173 nominalu. Galin\u0117je pus\u0117je pateiktas sveikatos \u012fsp\u0117jimas indonezie\u010di\u0173 kalba. Pakelis originaliai u\u017eklijuotas, su celofanine apsauga.<\/p>","protected":false},"excerpt":{"rendered":"<p><strong data-start=\"33\" data-end=\"67\">Brand and name:<\/strong> Style<br data-start=\"73\" data-end=\"76\" \/><strong data-start=\"76\" data-end=\"86\">Size:<\/strong> 20 cigarettes<br data-start=\"99\" data-end=\"102\" \/><strong data-start=\"102\" data-end=\"122\">Country of manufacture:<\/strong> Indonesia<br data-start=\"133\" data-end=\"136\" \/><strong data-start=\"136\" data-end=\"160\">Production period:<\/strong> Late 20th century \u2013 early 21st century.<br data-start=\"184\" data-end=\"187\" \/><strong data-start=\"187\" data-end=\"205\">Package type:<\/strong> Hard pack<\/p>","protected":false},"featured_media":19030,"template":"","meta":{"_surecart_dashboard_logo_width":"180px","_surecart_dashboard_show_logo":true,"_surecart_dashboard_navigation_orders":true,"_surecart_dashboard_navigation_invoices":true,"_surecart_dashboard_navigation_subscriptions":true,"_surecart_dashboard_navigation_downloads":true,"_surecart_dashboard_navigation_billing":true,"_surecart_dashboard_navigation_account":true,"site-sidebar-layout":"default","site-content-layout":"","ast-site-content-layout":"default","site-content-style":"default","site-sidebar-style":"default","ast-global-header-display":"","ast-banner-title-visibility":"","ast-main-header-display":"","ast-hfb-above-header-display":"","ast-hfb-below-header-display":"","ast-hfb-mobile-header-display":"","site-post-title":"","ast-breadcrumbs-content":"","ast-featured-img":"","footer-sml-layout":"","theme-transparent-header-meta":"default","adv-header-id-meta":"","stick-header-meta":"","header-above-stick-meta":"","header-main-stick-meta":"","header-below-stick-meta":"","astra-migrate-meta-layouts":"set","ast-page-background-enabled":"default","ast-page-background-meta":{"desktop":{"background-color":"","background-image":"","background-repeat":"repeat","background-position":"center center","background-size":"auto","background-attachment":"scroll","background-type":"","background-media":"","overlay-type":"","overlay-color":"","overlay-opacity":"","overlay-gradient":""},"tablet":{"background-color":"","background-image":"","background-repeat":"repeat","background-position":"center center","background-size":"auto","background-attachment":"scroll","background-type":"","background-media":"","overlay-type":"","overlay-color":"","overlay-opacity":"","overlay-gradient":""},"mobile":{"background-color":"","background-image":"","background-repeat":"repeat","background-position":"center center","background-size":"auto","background-attachment":"scroll","background-type":"","background-media":"","overlay-type":"","overlay-color":"","overlay-opacity":"","overlay-gradient":""}},"ast-content-background-meta":{"desktop":{"background-color":"var(--ast-global-color-5)","background-image":"","background-repeat":"repeat","background-position":"center center","background-size":"auto","background-attachment":"scroll","background-type":"","background-media":"","overlay-type":"","overlay-color":"","overlay-opacity":"","overlay-gradient":""},"tablet":{"background-color":"var(--ast-global-color-5)","background-image":"","background-repeat":"repeat","background-position":"center center","background-size":"auto","background-attachment":"scroll","background-type":"","background-media":"","overlay-type":"","overlay-color":"","overlay-opacity":"","overlay-gradient":""},"mobile":{"background-color":"var(--ast-global-color-5)","background-image":"","background-repeat":"repeat","background-position":"center center","background-size":"auto","background-attachment":"scroll","background-type":"","background-media":"","overlay-type":"","overlay-color":"","overlay-opacity":"","overlay-gradient":""}}},"product_brand":[],"product_cat":[207],"product_tag":[],"class_list":{"0":"post-19079","1":"product","2":"type-product","3":"status-publish","4":"has-post-thumbnail","6":"product_cat-indonesia","7":"desktop-align-left","8":"tablet-align-left","9":"mobile-align-left","11":"first","12":"instock","13":"sale","14":"shipping-taxable","15":"purchasable","16":"product-type-simple","17":"add-to-wishlist-before_image"},"_links":{"self":[{"href":"https:\/\/colligatum.com\/en\/wp-json\/wp\/v2\/product\/19079","targetHints":{"allow":["GET"]}}],"collection":[{"href":"https:\/\/colligatum.com\/en\/wp-json\/wp\/v2\/product"}],"about":[{"href":"https:\/\/colligatum.com\/en\/wp-json\/wp\/v2\/types\/product"}],"version-history":[{"count":1,"href":"https:\/\/colligatum.com\/en\/wp-json\/wp\/v2\/product\/19079\/revisions"}],"predecessor-version":[{"id":19080,"href":"https:\/\/colligatum.com\/en\/wp-json\/wp\/v2\/product\/19079\/revisions\/19080"}],"wp:featuredmedia":[{"embeddable":true,"href":"https:\/\/colligatum.com\/en\/wp-json\/wp\/v2\/media\/19030"}],"wp:attachment":[{"href":"https:\/\/colligatum.com\/en\/wp-json\/wp\/v2\/media?parent=19079"}],"wp:term":[{"taxonomy":"product_brand","embeddable":true,"href":"https:\/\/colligatum.com\/en\/wp-json\/wp\/v2\/product_brand?post=19079"},{"taxonomy":"product_cat","embeddable":true,"href":"https:\/\/colligatum.com\/en\/wp-json\/wp\/v2\/product_cat?post=19079"},{"taxonomy":"product_tag","embeddable":true,"href":"https:\/\/colligatum.com\/en\/wp-json\/wp\/v2\/product_tag?post=19079"}],"curies":[{"name":"wp","href":"https:\/\/api.w.org\/{rel}","templated":true}]}}