{"id":19081,"date":"2025-10-02T10:41:08","date_gmt":"2025-10-02T08:41:08","guid":{"rendered":"https:\/\/colligatum.com\/?post_type=product&#038;p=19081"},"modified":"2025-10-02T10:41:08","modified_gmt":"2025-10-02T08:41:08","slug":"intan","status":"publish","type":"product","link":"https:\/\/colligatum.com\/en\/product\/intan\/","title":{"rendered":"Intan"},"content":{"rendered":"<p data-start=\"275\" data-end=\"795\">Description:<br data-start=\"285\" data-end=\"288\" \/>\u0160is \u201eIntan\u201c prek\u0117s \u017eenklo cigare\u010di\u0173 pakelis yra i\u0161skirtinis tuo, kad jame yra tik 12 kretek tipo cigare\u010di\u0173 \u2013 tradicini\u0173 Indonezijos gvazdik\u0117li\u0173 cigare\u010di\u0173. Dizainas dominuoja m\u0117lyna spalva su sidabriniu deimanto logotipu centre, kuris simbolizuoja patikimum\u0105 ir kokyb\u0119. Pakuot\u0117s apa\u010dioje ai\u0161kiai nurodyta \u201eIndonesian Kretek Cigarettes\u201c, pabr\u0117\u017eiant tabako gamybos region\u0105. Ant \u0161on\u0173 \u2013 sveikatos \u012fsp\u0117jimai indonezie\u010di\u0173 kalba ir akcizo \u017eenklas. Pakuot\u0117 ne\u012fprastai siaura, kas daro j\u0105 patrauklia kolekcininkams.<\/p>\n<p data-start=\"797\" data-end=\"1332\">Value assessment:<br data-start=\"816\" data-end=\"819\" \/>Kolekcin\u0117 vert\u0117: Vidutin\u0117 \u2013 \u0161is pakelis \u012fdomus kolekcininkams d\u0117l savo ma\u017eesnio dyd\u017eio (12 cigare\u010di\u0173) ir kretek specifikos, ta\u010diau n\u0117ra riboto leidimo ar jubiliejinis.<br data-start=\"986\" data-end=\"989\" \/>B\u016bkl\u0117s vertinimas: Neatidarytas, originalioje pl\u0117vel\u0117je, puikios b\u016bkl\u0117s.<br data-start=\"1061\" data-end=\"1064\" \/>Istoriniai duomenys ir populiarumas: \u201eIntan\u201c prek\u0117s \u017eenklas buvo ma\u017eiau \u017einomas u\u017e did\u017eiuosius Indonezijos gamintojus (\u201eGudang Garam\u201c, \u201eDjarum\u201c), ta\u010diau turi savo viet\u0105 rinkoje kaip ni\u0161inis kretek cigare\u010di\u0173 gamintojas. D\u0117l to \u0161ie pakeliai kolekcijose pasirodo retai.<\/p>","protected":false},"excerpt":{"rendered":"<p data-start=\"0\" data-end=\"69\">Prek\u0117s \u017eenklas ir pavadinimas: Intan &#8222;Indonesian Kretek Cigarettes&#8221;<\/p>\n<p data-start=\"71\" data-end=\"92\">Size: 12 cigarettes<\/p>\n<p data-start=\"94\" data-end=\"121\">Country of manufacture: Indonesia<\/p>\n<p data-start=\"123\" data-end=\"181\">Production period: Unknown (late 20th century \u2013 early 21st century)<\/p>\n<p data-start=\"183\" data-end=\"273\">Pakeli\u0173 tipas: Kietas , pl\u0117vel\u0117je, su \u0161oniniais \u012fsp\u0117jimais ir akcizo banderole.<\/p>","protected":false},"featured_media":19032,"template":"","meta":{"_surecart_dashboard_logo_width":"180px","_surecart_dashboard_show_logo":true,"_surecart_dashboard_navigation_orders":true,"_surecart_dashboard_navigation_invoices":true,"_surecart_dashboard_navigation_subscriptions":true,"_surecart_dashboard_navigation_downloads":true,"_surecart_dashboard_navigation_billing":true,"_surecart_dashboard_navigation_account":true,"site-sidebar-layout":"default","site-content-layout":"","ast-site-content-layout":"default","site-content-style":"default","site-sidebar-style":"default","ast-global-header-display":"","ast-banner-title-visibility":"","ast-main-header-display":"","ast-hfb-above-header-display":"","ast-hfb-below-header-display":"","ast-hfb-mobile-header-display":"","site-post-title":"","ast-breadcrumbs-content":"","ast-featured-img":"","footer-sml-layout":"","theme-transparent-header-meta":"default","adv-header-id-meta":"","stick-header-meta":"","header-above-stick-meta":"","header-main-stick-meta":"","header-below-stick-meta":"","astra-migrate-meta-layouts":"set","ast-page-background-enabled":"default","ast-page-background-meta":{"desktop":{"background-color":"","background-image":"","background-repeat":"repeat","background-position":"center center","background-size":"auto","background-attachment":"scroll","background-type":"","background-media":"","overlay-type":"","overlay-color":"","overlay-opacity":"","overlay-gradient":""},"tablet":{"background-color":"","background-image":"","background-repeat":"repeat","background-position":"center center","background-size":"auto","background-attachment":"scroll","background-type":"","background-media":"","overlay-type":"","overlay-color":"","overlay-opacity":"","overlay-gradient":""},"mobile":{"background-color":"","background-image":"","background-repeat":"repeat","background-position":"center center","background-size":"auto","background-attachment":"scroll","background-type":"","background-media":"","overlay-type":"","overlay-color":"","overlay-opacity":"","overlay-gradient":""}},"ast-content-background-meta":{"desktop":{"background-color":"var(--ast-global-color-5)","background-image":"","background-repeat":"repeat","background-position":"center center","background-size":"auto","background-attachment":"scroll","background-type":"","background-media":"","overlay-type":"","overlay-color":"","overlay-opacity":"","overlay-gradient":""},"tablet":{"background-color":"var(--ast-global-color-5)","background-image":"","background-repeat":"repeat","background-position":"center center","background-size":"auto","background-attachment":"scroll","background-type":"","background-media":"","overlay-type":"","overlay-color":"","overlay-opacity":"","overlay-gradient":""},"mobile":{"background-color":"var(--ast-global-color-5)","background-image":"","background-repeat":"repeat","background-position":"center center","background-size":"auto","background-attachment":"scroll","background-type":"","background-media":"","overlay-type":"","overlay-color":"","overlay-opacity":"","overlay-gradient":""}}},"product_brand":[],"product_cat":[207],"product_tag":[],"class_list":{"0":"post-19081","1":"product","2":"type-product","3":"status-publish","4":"has-post-thumbnail","6":"product_cat-indonesia","7":"desktop-align-left","8":"tablet-align-left","9":"mobile-align-left","11":"first","12":"instock","13":"sale","14":"shipping-taxable","15":"purchasable","16":"product-type-simple","17":"add-to-wishlist-before_image"},"_links":{"self":[{"href":"https:\/\/colligatum.com\/en\/wp-json\/wp\/v2\/product\/19081","targetHints":{"allow":["GET"]}}],"collection":[{"href":"https:\/\/colligatum.com\/en\/wp-json\/wp\/v2\/product"}],"about":[{"href":"https:\/\/colligatum.com\/en\/wp-json\/wp\/v2\/types\/product"}],"version-history":[{"count":1,"href":"https:\/\/colligatum.com\/en\/wp-json\/wp\/v2\/product\/19081\/revisions"}],"predecessor-version":[{"id":19082,"href":"https:\/\/colligatum.com\/en\/wp-json\/wp\/v2\/product\/19081\/revisions\/19082"}],"wp:featuredmedia":[{"embeddable":true,"href":"https:\/\/colligatum.com\/en\/wp-json\/wp\/v2\/media\/19032"}],"wp:attachment":[{"href":"https:\/\/colligatum.com\/en\/wp-json\/wp\/v2\/media?parent=19081"}],"wp:term":[{"taxonomy":"product_brand","embeddable":true,"href":"https:\/\/colligatum.com\/en\/wp-json\/wp\/v2\/product_brand?post=19081"},{"taxonomy":"product_cat","embeddable":true,"href":"https:\/\/colligatum.com\/en\/wp-json\/wp\/v2\/product_cat?post=19081"},{"taxonomy":"product_tag","embeddable":true,"href":"https:\/\/colligatum.com\/en\/wp-json\/wp\/v2\/product_tag?post=19081"}],"curies":[{"name":"wp","href":"https:\/\/api.w.org\/{rel}","templated":true}]}}