{"id":19087,"date":"2025-10-02T10:47:20","date_gmt":"2025-10-02T08:47:20","guid":{"rendered":"https:\/\/colligatum.com\/?post_type=product&#038;p=19087"},"modified":"2025-10-02T10:47:21","modified_gmt":"2025-10-02T08:47:21","slug":"tiga-jaya-333-kudus","status":"publish","type":"product","link":"https:\/\/colligatum.com\/en\/product\/tiga-jaya-333-kudus\/","title":{"rendered":"Tiga Jaya &quot;333 Kudus&quot;\u201e"},"content":{"rendered":"<p data-start=\"290\" data-end=\"921\">Description:<br data-start=\"300\" data-end=\"303\" \/>\u201eTiga Jaya 333 Kudus\u201c yra tradicinis indonezieti\u0161kas kretek cigare\u010di\u0173 pakelis, kil\u0119s i\u0161 Kudus regiono, kuris laikomas kretek cigare\u010di\u0173 gimtine. Pakelio dizainas pagr\u012fstas geltona ir raudona spalvomis, centre pa\u017eym\u0117tas skai\u010dius \u201e333\u201c ir pavadinimas \u201eTiga Jaya\u201c. \u0160onin\u0117se pus\u0117se nurodyta, kad pakelyje yra 12 cigare\u010di\u0173, taip pat pateikiami sveikatos \u012fsp\u0117jimai ir i\u0161sami informacija apie gaminio sud\u0117t\u012f bei vartojim\u0105. Ant vir\u0161aus matomas oficialus Indonezijos akcizo \u017eenklas. Tokie pakeliai yra gana reti u\u017e Indonezijos rib\u0173 ir kolekcininkams turi papildomos vert\u0117s d\u0117l autenti\u0161kumo bei ma\u017eo cigare\u010di\u0173 kiekio pakuot\u0117je.<\/p>\n<p data-start=\"923\" data-end=\"1472\">Value assessment:<br data-start=\"942\" data-end=\"945\" \/>Kolekcin\u0117 vert\u0117: Vidutin\u0117\u2013auk\u0161ta, nes tai regioninis kretek prek\u0117s \u017eenklas i\u0161 Kudus, turintis kult\u016brin\u0119 reik\u0161m\u0119 Indonezijoje, bet sunkiai randamas u\u017e jos rib\u0173.<br data-start=\"1104\" data-end=\"1107\" \/>Condition assessment: Unopened, in excellent condition, in original film.<br data-start=\"1179\" data-end=\"1182\" \/>Istoriniai duomenys ir populiarumas: Kudus yra kretek cigare\u010di\u0173 pramon\u0117s centras, tod\u0117l pakeliai i\u0161 \u0161io regiono turi papildomos kolekcin\u0117s vert\u0117s. \u201eTiga Jaya\u201c n\u0117ra vienas i\u0161 did\u017ei\u0173j\u0173 gamintoj\u0173, bet \u0161io tipo pakeliai rodo vietin\u0117s rinkos \u012fvairov\u0119, o tai kolekcionieriams daro juos \u012fdomius.<\/p>","protected":false},"excerpt":{"rendered":"<p data-start=\"0\" data-end=\"54\">Prek\u0117s \u017eenklas ir pavadinimas: Tiga Jaya &#8222;333 Kudus&#8221;<\/p>\n<p data-start=\"56\" data-end=\"99\">Size: 12 cigarettes (&quot;12 Sigaret Kretek&quot;)<\/p>\n<p data-start=\"101\" data-end=\"128\">Country of manufacture: Indonesia<\/p>\n<p data-start=\"130\" data-end=\"188\">Production period: Unknown (late 20th century \u2013 early 21st century)<\/p>\n<p data-start=\"190\" data-end=\"288\">Pakeli\u0173 tipas: Kietas pakelis, originali pl\u0117vel\u0117, su \u0161oniniais apra\u0161ymais ir akcizo banderole.<\/p>","protected":false},"featured_media":19039,"template":"","meta":{"_surecart_dashboard_logo_width":"180px","_surecart_dashboard_show_logo":true,"_surecart_dashboard_navigation_orders":true,"_surecart_dashboard_navigation_invoices":true,"_surecart_dashboard_navigation_subscriptions":true,"_surecart_dashboard_navigation_downloads":true,"_surecart_dashboard_navigation_billing":true,"_surecart_dashboard_navigation_account":true,"site-sidebar-layout":"default","site-content-layout":"","ast-site-content-layout":"default","site-content-style":"default","site-sidebar-style":"default","ast-global-header-display":"","ast-banner-title-visibility":"","ast-main-header-display":"","ast-hfb-above-header-display":"","ast-hfb-below-header-display":"","ast-hfb-mobile-header-display":"","site-post-title":"","ast-breadcrumbs-content":"","ast-featured-img":"","footer-sml-layout":"","theme-transparent-header-meta":"default","adv-header-id-meta":"","stick-header-meta":"","header-above-stick-meta":"","header-main-stick-meta":"","header-below-stick-meta":"","astra-migrate-meta-layouts":"set","ast-page-background-enabled":"default","ast-page-background-meta":{"desktop":{"background-color":"","background-image":"","background-repeat":"repeat","background-position":"center center","background-size":"auto","background-attachment":"scroll","background-type":"","background-media":"","overlay-type":"","overlay-color":"","overlay-opacity":"","overlay-gradient":""},"tablet":{"background-color":"","background-image":"","background-repeat":"repeat","background-position":"center center","background-size":"auto","background-attachment":"scroll","background-type":"","background-media":"","overlay-type":"","overlay-color":"","overlay-opacity":"","overlay-gradient":""},"mobile":{"background-color":"","background-image":"","background-repeat":"repeat","background-position":"center center","background-size":"auto","background-attachment":"scroll","background-type":"","background-media":"","overlay-type":"","overlay-color":"","overlay-opacity":"","overlay-gradient":""}},"ast-content-background-meta":{"desktop":{"background-color":"var(--ast-global-color-5)","background-image":"","background-repeat":"repeat","background-position":"center center","background-size":"auto","background-attachment":"scroll","background-type":"","background-media":"","overlay-type":"","overlay-color":"","overlay-opacity":"","overlay-gradient":""},"tablet":{"background-color":"var(--ast-global-color-5)","background-image":"","background-repeat":"repeat","background-position":"center center","background-size":"auto","background-attachment":"scroll","background-type":"","background-media":"","overlay-type":"","overlay-color":"","overlay-opacity":"","overlay-gradient":""},"mobile":{"background-color":"var(--ast-global-color-5)","background-image":"","background-repeat":"repeat","background-position":"center center","background-size":"auto","background-attachment":"scroll","background-type":"","background-media":"","overlay-type":"","overlay-color":"","overlay-opacity":"","overlay-gradient":""}}},"product_brand":[],"product_cat":[207],"product_tag":[],"class_list":{"0":"post-19087","1":"product","2":"type-product","3":"status-publish","4":"has-post-thumbnail","6":"product_cat-indonesia","7":"desktop-align-left","8":"tablet-align-left","9":"mobile-align-left","11":"first","12":"instock","13":"sale","14":"shipping-taxable","15":"purchasable","16":"product-type-simple","17":"add-to-wishlist-before_image"},"_links":{"self":[{"href":"https:\/\/colligatum.com\/en\/wp-json\/wp\/v2\/product\/19087","targetHints":{"allow":["GET"]}}],"collection":[{"href":"https:\/\/colligatum.com\/en\/wp-json\/wp\/v2\/product"}],"about":[{"href":"https:\/\/colligatum.com\/en\/wp-json\/wp\/v2\/types\/product"}],"version-history":[{"count":1,"href":"https:\/\/colligatum.com\/en\/wp-json\/wp\/v2\/product\/19087\/revisions"}],"predecessor-version":[{"id":19088,"href":"https:\/\/colligatum.com\/en\/wp-json\/wp\/v2\/product\/19087\/revisions\/19088"}],"wp:featuredmedia":[{"embeddable":true,"href":"https:\/\/colligatum.com\/en\/wp-json\/wp\/v2\/media\/19039"}],"wp:attachment":[{"href":"https:\/\/colligatum.com\/en\/wp-json\/wp\/v2\/media?parent=19087"}],"wp:term":[{"taxonomy":"product_brand","embeddable":true,"href":"https:\/\/colligatum.com\/en\/wp-json\/wp\/v2\/product_brand?post=19087"},{"taxonomy":"product_cat","embeddable":true,"href":"https:\/\/colligatum.com\/en\/wp-json\/wp\/v2\/product_cat?post=19087"},{"taxonomy":"product_tag","embeddable":true,"href":"https:\/\/colligatum.com\/en\/wp-json\/wp\/v2\/product_tag?post=19087"}],"curies":[{"name":"wp","href":"https:\/\/api.w.org\/{rel}","templated":true}]}}