{"id":19089,"date":"2025-10-02T10:48:24","date_gmt":"2025-10-02T08:48:24","guid":{"rendered":"https:\/\/colligatum.com\/?post_type=product&#038;p=19089"},"modified":"2025-10-02T10:48:24","modified_gmt":"2025-10-02T08:48:24","slug":"djago-kerathon-756","status":"publish","type":"product","link":"https:\/\/colligatum.com\/en\/product\/djago-kerathon-756\/","title":{"rendered":"Djago Kerathon 756"},"content":{"rendered":"<p data-start=\"285\" data-end=\"936\">Description:<br data-start=\"295\" data-end=\"298\" \/>\u201eDjago Kerathon 756\u201c yra tradicin\u0117s indonezieti\u0161kos kretek cigaret\u0117s i\u0161 Kudus regiono, gars\u0117jan\u010dio kaip kretek gamybos centras. Pakelis nedidelis \u2013 jame tik 12 vienet\u0173 cigare\u010di\u0173. Dizainas gelsvai aukso spalvos su raudonais elementais, centre pa\u017eym\u0117tas skai\u010dius \u201e756\u201c bei u\u017era\u0161as \u201eKerathon\u201c. Ant \u0161onin\u0117s dalies pateiktos i\u0161samios sud\u0117ties ir kokyb\u0117s nuorodos, pabr\u0117\u017eiant nat\u016bral\u0173 tabako ir gvazdik\u0117li\u0173 mi\u0161in\u012f. Gale matomas raudoname fone para\u0161ytas tradicinis gamintojo apra\u0161ymas, b\u016bdingas kretek pakeliams. Tokie pakeliai, nors ir ne i\u0161 \u017einomiausi\u0173 prek\u0117s \u017eenkl\u0173, yra vertingi kolekcionieriams, ypa\u010d d\u0117l savo autenti\u0161kos kilm\u0117s i\u0161 Kudus.<\/p>\n<p data-start=\"938\" data-end=\"1420\">Value assessment:<br data-start=\"957\" data-end=\"960\" \/>Kolekcin\u0117 vert\u0117: Vidutin\u0117\u2013auk\u0161ta, nes \u201eDjago Kerathon\u201c yra regioninis prek\u0117s \u017eenklas, retai aptinkamas u\u017e Indonezijos rib\u0173, ypa\u010d tokio formato (12 cigare\u010di\u0173).<br data-start=\"1118\" data-end=\"1121\" \/>B\u016bkl\u0117s vertinimas: Neatidarytas, originalioje pl\u0117vel\u0117je, puikios b\u016bkl\u0117s.<br data-start=\"1193\" data-end=\"1196\" \/>Istoriniai duomenys ir populiarumas: Kudus regionas laikomas indonezieti\u0161k\u0173 kretek cigare\u010di\u0173 i\u0161takomis, tod\u0117l ten gaminami prek\u0117s \u017eenklai, nors ma\u017eiau \u017einomi pasauliniu mastu, kolekcininkams turi papildom\u0105 kult\u016brin\u0119 vert\u0119.<\/p>","protected":false},"excerpt":{"rendered":"<p data-start=\"0\" data-end=\"51\">Prek\u0117s \u017eenklas ir pavadinimas: Djago Kerathon 756<\/p>\n<p data-start=\"53\" data-end=\"96\">Size: 12 cigarettes (&quot;12 Sigaret Kretek&quot;)<\/p>\n<p data-start=\"98\" data-end=\"125\">Country of manufacture: Indonesia<\/p>\n<p data-start=\"127\" data-end=\"185\">Production period: Unknown (late 20th century \u2013 early 21st century)<\/p>\n<p data-start=\"187\" data-end=\"283\">Pakeli\u0173 tipas: Mink\u0161tas pakelis, su akcizo \u017eenklu, \u0161oniniais apra\u0161ymais ir originalia pl\u0117vele.<\/p>","protected":false},"featured_media":19041,"template":"","meta":{"_surecart_dashboard_logo_width":"180px","_surecart_dashboard_show_logo":true,"_surecart_dashboard_navigation_orders":true,"_surecart_dashboard_navigation_invoices":true,"_surecart_dashboard_navigation_subscriptions":true,"_surecart_dashboard_navigation_downloads":true,"_surecart_dashboard_navigation_billing":true,"_surecart_dashboard_navigation_account":true,"site-sidebar-layout":"default","site-content-layout":"","ast-site-content-layout":"default","site-content-style":"default","site-sidebar-style":"default","ast-global-header-display":"","ast-banner-title-visibility":"","ast-main-header-display":"","ast-hfb-above-header-display":"","ast-hfb-below-header-display":"","ast-hfb-mobile-header-display":"","site-post-title":"","ast-breadcrumbs-content":"","ast-featured-img":"","footer-sml-layout":"","ast-disable-related-posts":"","theme-transparent-header-meta":"default","adv-header-id-meta":"","stick-header-meta":"","header-above-stick-meta":"","header-main-stick-meta":"","header-below-stick-meta":"","astra-migrate-meta-layouts":"set","ast-page-background-enabled":"default","ast-page-background-meta":{"desktop":{"background-color":"","background-image":"","background-repeat":"repeat","background-position":"center center","background-size":"auto","background-attachment":"scroll","background-type":"","background-media":"","overlay-type":"","overlay-color":"","overlay-opacity":"","overlay-gradient":""},"tablet":{"background-color":"","background-image":"","background-repeat":"repeat","background-position":"center center","background-size":"auto","background-attachment":"scroll","background-type":"","background-media":"","overlay-type":"","overlay-color":"","overlay-opacity":"","overlay-gradient":""},"mobile":{"background-color":"","background-image":"","background-repeat":"repeat","background-position":"center center","background-size":"auto","background-attachment":"scroll","background-type":"","background-media":"","overlay-type":"","overlay-color":"","overlay-opacity":"","overlay-gradient":""}},"ast-content-background-meta":{"desktop":{"background-color":"var(--ast-global-color-5)","background-image":"","background-repeat":"repeat","background-position":"center center","background-size":"auto","background-attachment":"scroll","background-type":"","background-media":"","overlay-type":"","overlay-color":"","overlay-opacity":"","overlay-gradient":""},"tablet":{"background-color":"var(--ast-global-color-5)","background-image":"","background-repeat":"repeat","background-position":"center center","background-size":"auto","background-attachment":"scroll","background-type":"","background-media":"","overlay-type":"","overlay-color":"","overlay-opacity":"","overlay-gradient":""},"mobile":{"background-color":"var(--ast-global-color-5)","background-image":"","background-repeat":"repeat","background-position":"center center","background-size":"auto","background-attachment":"scroll","background-type":"","background-media":"","overlay-type":"","overlay-color":"","overlay-opacity":"","overlay-gradient":""}}},"product_brand":[],"product_cat":[207],"product_tag":[],"class_list":{"0":"post-19089","1":"product","2":"type-product","3":"status-publish","4":"has-post-thumbnail","6":"product_cat-indonesia","7":"desktop-align-left","8":"tablet-align-left","9":"mobile-align-left","11":"first","12":"instock","13":"sale","14":"shipping-taxable","15":"purchasable","16":"product-type-simple","17":"add-to-wishlist-before_image"},"_links":{"self":[{"href":"https:\/\/colligatum.com\/en\/wp-json\/wp\/v2\/product\/19089","targetHints":{"allow":["GET"]}}],"collection":[{"href":"https:\/\/colligatum.com\/en\/wp-json\/wp\/v2\/product"}],"about":[{"href":"https:\/\/colligatum.com\/en\/wp-json\/wp\/v2\/types\/product"}],"version-history":[{"count":1,"href":"https:\/\/colligatum.com\/en\/wp-json\/wp\/v2\/product\/19089\/revisions"}],"predecessor-version":[{"id":19090,"href":"https:\/\/colligatum.com\/en\/wp-json\/wp\/v2\/product\/19089\/revisions\/19090"}],"wp:featuredmedia":[{"embeddable":true,"href":"https:\/\/colligatum.com\/en\/wp-json\/wp\/v2\/media\/19041"}],"wp:attachment":[{"href":"https:\/\/colligatum.com\/en\/wp-json\/wp\/v2\/media?parent=19089"}],"wp:term":[{"taxonomy":"product_brand","embeddable":true,"href":"https:\/\/colligatum.com\/en\/wp-json\/wp\/v2\/product_brand?post=19089"},{"taxonomy":"product_cat","embeddable":true,"href":"https:\/\/colligatum.com\/en\/wp-json\/wp\/v2\/product_cat?post=19089"},{"taxonomy":"product_tag","embeddable":true,"href":"https:\/\/colligatum.com\/en\/wp-json\/wp\/v2\/product_tag?post=19089"}],"curies":[{"name":"wp","href":"https:\/\/api.w.org\/{rel}","templated":true}]}}