{"id":19154,"date":"2025-10-02T11:05:42","date_gmt":"2025-10-02T09:05:42","guid":{"rendered":"https:\/\/colligatum.com\/?post_type=product&#038;p=19154"},"modified":"2025-10-02T11:05:42","modified_gmt":"2025-10-02T09:05:42","slug":"dua-dua-empat-224-nikmat-premium","status":"publish","type":"product","link":"https:\/\/colligatum.com\/en\/product\/dua-dua-empat-224-nikmat-premium\/","title":{"rendered":"Dua Dua Empat 224 Nikmat Premium\u201e"},"content":{"rendered":"<p data-start=\"225\" data-end=\"691\">Apra\u0161ymas: \u0160is \u201eDua Dua Empat 224 Nikmat Premium\u201c cigare\u010di\u0173 pakelis yra tamsiai rudos spalvos su auksiniais u\u017era\u0161ais, kurie suteikia jam prabangos \u012fsp\u016bd\u012f. Priekin\u0117je pus\u0117je dominuoja \u017eenklas \u201e224 Nikmat\u201c, o vir\u0161uje nurodytas pavadinimas \u201eDua Dua Empat Premium\u201c. Nugar\u0117l\u0117je pateikiamas i\u0161samus apra\u0161ymas indonez\u0173 kalba apie gaminio sud\u0117t\u012f ir kokyb\u0119. Ant pakelio yra ai\u0161kiai matomas sveikatos \u012fsp\u0117jimas. \u0160is pakelis yra nei\u0161pakuotas, su i\u0161likusia originalia pl\u0117vele.<\/p>\n<p data-start=\"693\" data-end=\"714\">Value assessment:<\/p>\n<p data-start=\"716\" data-end=\"1321\">Kolekcin\u0117 vert\u0117: Vidutin\u0117\u2013auk\u0161ta, nes \u0161is pakelis priklauso ni\u0161iniam indonezieti\u0161k\u0173 kretek\u0173 segmentui, kuris yra retesnis u\u017e komercinius prek\u0117s \u017eenklus, tod\u0117l \u012fdomus regionini\u0173 tabako gamini\u0173 kolekcionieriams.<br data-start=\"925\" data-end=\"928\" \/>B\u016bkl\u0117s vertinimas: Neatidarytas, bet su matomais pl\u0117vel\u0117s \u012flinkimais ir pakelio kamp\u0173 deformacija, tod\u0117l b\u016bkl\u0117 vertintina kaip gera, bet ne ideali.<br data-start=\"1075\" data-end=\"1078\" \/>Istoriniai duomenys ir populiarumas: \u201e224 Nikmat\u201c yra ma\u017eiau \u017einomas prek\u0117s \u017eenklas tarptautin\u0117je rinkoje, ta\u010diau Indonezijoje jis siejamas su vietin\u0117mis tradicin\u0117mis kretek cigaret\u0117mis. Tokie pakeliai yra labiau kolekciniai nei komerciniai.<\/p>","protected":false},"excerpt":{"rendered":"<p data-start=\"0\" data-end=\"67\">Prek\u0117s \u017eenklas ir pavadinimas: Dua Dua Empat \u201e224 Nikmat Premium\u201c<\/p>\n<p data-start=\"69\" data-end=\"90\">Size: 12 cigarettes<\/p>\n<p data-start=\"92\" data-end=\"119\">Country of manufacture: Indonesia<\/p>\n<p data-start=\"121\" data-end=\"188\">Production period: Unknown (probably late 20th century \u2013 early 21st century)<\/p>\n<p data-start=\"190\" data-end=\"223\">Package type: Soft pack<\/p>","protected":false},"featured_media":19100,"template":"","meta":{"_surecart_dashboard_logo_width":"180px","_surecart_dashboard_show_logo":true,"_surecart_dashboard_navigation_orders":true,"_surecart_dashboard_navigation_invoices":true,"_surecart_dashboard_navigation_subscriptions":true,"_surecart_dashboard_navigation_downloads":true,"_surecart_dashboard_navigation_billing":true,"_surecart_dashboard_navigation_account":true,"site-sidebar-layout":"default","site-content-layout":"","ast-site-content-layout":"default","site-content-style":"default","site-sidebar-style":"default","ast-global-header-display":"","ast-banner-title-visibility":"","ast-main-header-display":"","ast-hfb-above-header-display":"","ast-hfb-below-header-display":"","ast-hfb-mobile-header-display":"","site-post-title":"","ast-breadcrumbs-content":"","ast-featured-img":"","footer-sml-layout":"","theme-transparent-header-meta":"default","adv-header-id-meta":"","stick-header-meta":"","header-above-stick-meta":"","header-main-stick-meta":"","header-below-stick-meta":"","astra-migrate-meta-layouts":"set","ast-page-background-enabled":"default","ast-page-background-meta":{"desktop":{"background-color":"","background-image":"","background-repeat":"repeat","background-position":"center center","background-size":"auto","background-attachment":"scroll","background-type":"","background-media":"","overlay-type":"","overlay-color":"","overlay-opacity":"","overlay-gradient":""},"tablet":{"background-color":"","background-image":"","background-repeat":"repeat","background-position":"center center","background-size":"auto","background-attachment":"scroll","background-type":"","background-media":"","overlay-type":"","overlay-color":"","overlay-opacity":"","overlay-gradient":""},"mobile":{"background-color":"","background-image":"","background-repeat":"repeat","background-position":"center center","background-size":"auto","background-attachment":"scroll","background-type":"","background-media":"","overlay-type":"","overlay-color":"","overlay-opacity":"","overlay-gradient":""}},"ast-content-background-meta":{"desktop":{"background-color":"var(--ast-global-color-5)","background-image":"","background-repeat":"repeat","background-position":"center center","background-size":"auto","background-attachment":"scroll","background-type":"","background-media":"","overlay-type":"","overlay-color":"","overlay-opacity":"","overlay-gradient":""},"tablet":{"background-color":"var(--ast-global-color-5)","background-image":"","background-repeat":"repeat","background-position":"center center","background-size":"auto","background-attachment":"scroll","background-type":"","background-media":"","overlay-type":"","overlay-color":"","overlay-opacity":"","overlay-gradient":""},"mobile":{"background-color":"var(--ast-global-color-5)","background-image":"","background-repeat":"repeat","background-position":"center center","background-size":"auto","background-attachment":"scroll","background-type":"","background-media":"","overlay-type":"","overlay-color":"","overlay-opacity":"","overlay-gradient":""}}},"product_brand":[],"product_cat":[207],"product_tag":[],"class_list":{"0":"post-19154","1":"product","2":"type-product","3":"status-publish","4":"has-post-thumbnail","6":"product_cat-indonesia","7":"desktop-align-left","8":"tablet-align-left","9":"mobile-align-left","11":"first","12":"instock","13":"sale","14":"shipping-taxable","15":"purchasable","16":"product-type-simple","17":"add-to-wishlist-before_image"},"_links":{"self":[{"href":"https:\/\/colligatum.com\/en\/wp-json\/wp\/v2\/product\/19154","targetHints":{"allow":["GET"]}}],"collection":[{"href":"https:\/\/colligatum.com\/en\/wp-json\/wp\/v2\/product"}],"about":[{"href":"https:\/\/colligatum.com\/en\/wp-json\/wp\/v2\/types\/product"}],"version-history":[{"count":1,"href":"https:\/\/colligatum.com\/en\/wp-json\/wp\/v2\/product\/19154\/revisions"}],"predecessor-version":[{"id":19155,"href":"https:\/\/colligatum.com\/en\/wp-json\/wp\/v2\/product\/19154\/revisions\/19155"}],"wp:featuredmedia":[{"embeddable":true,"href":"https:\/\/colligatum.com\/en\/wp-json\/wp\/v2\/media\/19100"}],"wp:attachment":[{"href":"https:\/\/colligatum.com\/en\/wp-json\/wp\/v2\/media?parent=19154"}],"wp:term":[{"taxonomy":"product_brand","embeddable":true,"href":"https:\/\/colligatum.com\/en\/wp-json\/wp\/v2\/product_brand?post=19154"},{"taxonomy":"product_cat","embeddable":true,"href":"https:\/\/colligatum.com\/en\/wp-json\/wp\/v2\/product_cat?post=19154"},{"taxonomy":"product_tag","embeddable":true,"href":"https:\/\/colligatum.com\/en\/wp-json\/wp\/v2\/product_tag?post=19154"}],"curies":[{"name":"wp","href":"https:\/\/api.w.org\/{rel}","templated":true}]}}