{"id":19174,"date":"2025-10-02T12:01:04","date_gmt":"2025-10-02T10:01:04","guid":{"rendered":"https:\/\/colligatum.com\/?post_type=product&#038;p=19174"},"modified":"2025-10-02T12:02:53","modified_gmt":"2025-10-02T10:02:53","slug":"surya-hanura","status":"publish","type":"product","link":"https:\/\/colligatum.com\/en\/product\/surya-hanura\/","title":{"rendered":"Surya Hanura"},"content":{"rendered":"<p><strong data-start=\"246\" data-end=\"260\">Description:<\/strong><br data-start=\"260\" data-end=\"263\" \/>\u201eSurya Hanura\u201c \u2013 indonezieti\u0161kos kretek cigaret\u0117s, pasi\u017eymin\u010dios tradiciniu gvazdik\u0117li\u0173 ir tabako mi\u0161iniu. Pakuot\u0117 balto pagrindo, puo\u0161ta m\u0117lyna grafika ir raudona juostele. Vir\u0161utin\u0117je dalyje nurodyta \u201eLow Tar &amp; Nicotine\u201c, akcentuojant \u0161velnesn\u012f d\u016bm\u0105. Pakelyje yra 14 cigare\u010di\u0173, kas yra kiek ne\u012fprasta ir labiau b\u016bdinga regioniniams gaminiams. Ant \u0161on\u0173 pateikti tar ir nikotino kiekiai, taip pat Indonezijos akcizo \u017eenklas. Dizainas sant\u016brus, labiau orientuotas \u012f vietin\u0119 rink\u0105.<\/p>","protected":false},"excerpt":{"rendered":"<p data-start=\"31\" data-end=\"80\"><strong data-start=\"31\" data-end=\"65\">Brand and name:<\/strong> Surya Hanura<\/p>\n<p data-start=\"82\" data-end=\"123\"><strong data-start=\"82\" data-end=\"92\">Size:<\/strong> 14 kretek cigare\u010di\u0173 (filter)<\/p>\n<p data-start=\"125\" data-end=\"158\"><strong data-start=\"125\" data-end=\"145\">Country of manufacture:<\/strong> Indonesia<\/p>\n<p data-start=\"160\" data-end=\"207\"><strong data-start=\"160\" data-end=\"184\">Production period:<\/strong> ma\u017edaug 1990\u20132000 m.<\/p>\n<p data-start=\"209\" data-end=\"244\"><strong data-start=\"209\" data-end=\"227\">Package type:<\/strong> hard pack<\/p>","protected":false},"featured_media":19124,"template":"","meta":{"_surecart_dashboard_logo_width":"180px","_surecart_dashboard_show_logo":true,"_surecart_dashboard_navigation_orders":true,"_surecart_dashboard_navigation_invoices":true,"_surecart_dashboard_navigation_subscriptions":true,"_surecart_dashboard_navigation_downloads":true,"_surecart_dashboard_navigation_billing":true,"_surecart_dashboard_navigation_account":true,"site-sidebar-layout":"default","site-content-layout":"","ast-site-content-layout":"default","site-content-style":"default","site-sidebar-style":"default","ast-global-header-display":"","ast-banner-title-visibility":"","ast-main-header-display":"","ast-hfb-above-header-display":"","ast-hfb-below-header-display":"","ast-hfb-mobile-header-display":"","site-post-title":"","ast-breadcrumbs-content":"","ast-featured-img":"","footer-sml-layout":"","theme-transparent-header-meta":"default","adv-header-id-meta":"","stick-header-meta":"","header-above-stick-meta":"","header-main-stick-meta":"","header-below-stick-meta":"","astra-migrate-meta-layouts":"set","ast-page-background-enabled":"default","ast-page-background-meta":{"desktop":{"background-color":"","background-image":"","background-repeat":"repeat","background-position":"center center","background-size":"auto","background-attachment":"scroll","background-type":"","background-media":"","overlay-type":"","overlay-color":"","overlay-opacity":"","overlay-gradient":""},"tablet":{"background-color":"","background-image":"","background-repeat":"repeat","background-position":"center center","background-size":"auto","background-attachment":"scroll","background-type":"","background-media":"","overlay-type":"","overlay-color":"","overlay-opacity":"","overlay-gradient":""},"mobile":{"background-color":"","background-image":"","background-repeat":"repeat","background-position":"center center","background-size":"auto","background-attachment":"scroll","background-type":"","background-media":"","overlay-type":"","overlay-color":"","overlay-opacity":"","overlay-gradient":""}},"ast-content-background-meta":{"desktop":{"background-color":"var(--ast-global-color-5)","background-image":"","background-repeat":"repeat","background-position":"center center","background-size":"auto","background-attachment":"scroll","background-type":"","background-media":"","overlay-type":"","overlay-color":"","overlay-opacity":"","overlay-gradient":""},"tablet":{"background-color":"var(--ast-global-color-5)","background-image":"","background-repeat":"repeat","background-position":"center center","background-size":"auto","background-attachment":"scroll","background-type":"","background-media":"","overlay-type":"","overlay-color":"","overlay-opacity":"","overlay-gradient":""},"mobile":{"background-color":"var(--ast-global-color-5)","background-image":"","background-repeat":"repeat","background-position":"center center","background-size":"auto","background-attachment":"scroll","background-type":"","background-media":"","overlay-type":"","overlay-color":"","overlay-opacity":"","overlay-gradient":""}}},"product_brand":[],"product_cat":[207],"product_tag":[],"class_list":{"0":"post-19174","1":"product","2":"type-product","3":"status-publish","4":"has-post-thumbnail","6":"product_cat-indonesia","7":"desktop-align-left","8":"tablet-align-left","9":"mobile-align-left","11":"first","12":"instock","13":"sale","14":"shipping-taxable","15":"purchasable","16":"product-type-simple","17":"add-to-wishlist-before_image"},"_links":{"self":[{"href":"https:\/\/colligatum.com\/en\/wp-json\/wp\/v2\/product\/19174","targetHints":{"allow":["GET"]}}],"collection":[{"href":"https:\/\/colligatum.com\/en\/wp-json\/wp\/v2\/product"}],"about":[{"href":"https:\/\/colligatum.com\/en\/wp-json\/wp\/v2\/types\/product"}],"version-history":[{"count":2,"href":"https:\/\/colligatum.com\/en\/wp-json\/wp\/v2\/product\/19174\/revisions"}],"predecessor-version":[{"id":19176,"href":"https:\/\/colligatum.com\/en\/wp-json\/wp\/v2\/product\/19174\/revisions\/19176"}],"wp:featuredmedia":[{"embeddable":true,"href":"https:\/\/colligatum.com\/en\/wp-json\/wp\/v2\/media\/19124"}],"wp:attachment":[{"href":"https:\/\/colligatum.com\/en\/wp-json\/wp\/v2\/media?parent=19174"}],"wp:term":[{"taxonomy":"product_brand","embeddable":true,"href":"https:\/\/colligatum.com\/en\/wp-json\/wp\/v2\/product_brand?post=19174"},{"taxonomy":"product_cat","embeddable":true,"href":"https:\/\/colligatum.com\/en\/wp-json\/wp\/v2\/product_cat?post=19174"},{"taxonomy":"product_tag","embeddable":true,"href":"https:\/\/colligatum.com\/en\/wp-json\/wp\/v2\/product_tag?post=19174"}],"curies":[{"name":"wp","href":"https:\/\/api.w.org\/{rel}","templated":true}]}}