{"id":19179,"date":"2025-10-02T12:05:21","date_gmt":"2025-10-02T10:05:21","guid":{"rendered":"https:\/\/colligatum.com\/?post_type=product&#038;p=19179"},"modified":"2025-10-02T12:05:21","modified_gmt":"2025-10-02T10:05:21","slug":"cucu-dewa","status":"publish","type":"product","link":"https:\/\/colligatum.com\/en\/product\/cucu-dewa\/","title":{"rendered":"Cucu Dewa"},"content":{"rendered":"<p data-start=\"275\" data-end=\"859\"><strong data-start=\"275\" data-end=\"289\">Description:<\/strong><br data-start=\"289\" data-end=\"292\" \/>\u201eCucu Dewa\u201c yra indonezieti\u0161kos kretek cigaret\u0117s, pasi\u017eymin\u010dios gvazdik\u0117li\u0173 ir tabako mi\u0161iniu. Ant pakelio pabr\u0117\u017eta \u201eExport Quality\u201c, o tai rodo, jog produktas buvo skirtas ne tik vietinei, bet ir tarptautinei rinkai. Dizainas juodos spalvos su pusm\u0117nuliu ir septyniomis \u017evaig\u017ed\u0117mis, simbolizuojan\u010diomis i\u0161skirtinum\u0105 bei kokyb\u0119. Ant nugarin\u0117s pus\u0117s pabr\u0117\u017eiama, kad \u201eCucu Dewa\u201c yra tarptautiniu mastu pripa\u017eintos d\u0117l auk\u0161tos kokyb\u0117s tabako ir gvazdik\u0117li\u0173 mi\u0161inio. Ant \u0161ono matomas kaina \u017eym\u0117jimas \u2013 3500 Indonezijos rupij\u0173, kas patvirtina senesn\u012f gamybos laikotarp\u012f.<\/p>\n<hr data-start=\"861\" data-end=\"864\" \/>\n<h2 data-start=\"866\" data-end=\"887\">Value assessment<\/h2>\n<p data-start=\"889\" data-end=\"1085\"><strong data-start=\"889\" data-end=\"909\">Collectible value:<\/strong> Vidutin\u0117\u2013auk\u0161tesn\u0117. Prek\u0117s \u017eenklas ma\u017eai \u017einomas u\u017e Indonezijos rib\u0173, ta\u010diau d\u0117l egzoti\u0161ko pob\u016bd\u017eio ir \u201eExport Quality\u201c \u017eym\u0117jimo pakelis \u012fgyja papildomos vert\u0117s kolekcijose.<\/p>\n<p data-start=\"1087\" data-end=\"1234\"><strong data-start=\"1087\" data-end=\"1109\">Condition assessment:<\/strong> Naujas, nei\u0161pakuotas, celofanas su kai kuriais \u012flinkimais ir ma\u017eais pa\u017eeidimais, bet apskritai labai gera kolekcin\u0117 b\u016bkl\u0117.<\/p>\n<p data-start=\"1236\" data-end=\"1550\"><strong data-start=\"1236\" data-end=\"1276\">Historical data and popularity:<\/strong> Kretek cigaret\u0117s yra neatsiejama Indonezijos tabako istorijos dalis. \u201eCucu Dewa\u201c n\u0117ra pla\u010diai paplit\u0119s prek\u0117s \u017eenklas, tod\u0117l u\u017e Indonezijos rib\u0173 aptinkamas gana retai. Tai suteikia jam papildom\u0105 egzoti\u0161kumo faktori\u0173 kolekcin\u0117je rinkoje, ypa\u010d kretek kolekcij\u0173 segmentuose.<\/p>","protected":false},"excerpt":{"rendered":"<p data-start=\"0\" data-end=\"46\"><strong data-start=\"0\" data-end=\"34\">Brand and name:<\/strong> Cucu Dewa<\/p>\n<p data-start=\"48\" data-end=\"93\"><strong data-start=\"48\" data-end=\"58\">Size:<\/strong> 12 cigare\u010di\u0173 (kretek, su filtru)<\/p>\n<p data-start=\"95\" data-end=\"126\"><strong data-start=\"95\" data-end=\"113\">Country of manufacture:<\/strong> Indonesia<\/p>\n<p data-start=\"128\" data-end=\"172\"><strong data-start=\"128\" data-end=\"152\">Production period:<\/strong> around 1995\u20132005.<\/p>\n<p data-start=\"174\" data-end=\"273\"><strong data-start=\"174\" data-end=\"192\">Package type:<\/strong> Kietas pakelis, celofaninis \u012fvyniojimas, papildomai perri\u0161tas raudona juostele<\/p>","protected":false},"featured_media":19128,"template":"","meta":{"_surecart_dashboard_logo_width":"180px","_surecart_dashboard_show_logo":true,"_surecart_dashboard_navigation_orders":true,"_surecart_dashboard_navigation_invoices":true,"_surecart_dashboard_navigation_subscriptions":true,"_surecart_dashboard_navigation_downloads":true,"_surecart_dashboard_navigation_billing":true,"_surecart_dashboard_navigation_account":true,"site-sidebar-layout":"default","site-content-layout":"","ast-site-content-layout":"default","site-content-style":"default","site-sidebar-style":"default","ast-global-header-display":"","ast-banner-title-visibility":"","ast-main-header-display":"","ast-hfb-above-header-display":"","ast-hfb-below-header-display":"","ast-hfb-mobile-header-display":"","site-post-title":"","ast-breadcrumbs-content":"","ast-featured-img":"","footer-sml-layout":"","ast-disable-related-posts":"","theme-transparent-header-meta":"default","adv-header-id-meta":"","stick-header-meta":"","header-above-stick-meta":"","header-main-stick-meta":"","header-below-stick-meta":"","astra-migrate-meta-layouts":"set","ast-page-background-enabled":"default","ast-page-background-meta":{"desktop":{"background-color":"","background-image":"","background-repeat":"repeat","background-position":"center center","background-size":"auto","background-attachment":"scroll","background-type":"","background-media":"","overlay-type":"","overlay-color":"","overlay-opacity":"","overlay-gradient":""},"tablet":{"background-color":"","background-image":"","background-repeat":"repeat","background-position":"center center","background-size":"auto","background-attachment":"scroll","background-type":"","background-media":"","overlay-type":"","overlay-color":"","overlay-opacity":"","overlay-gradient":""},"mobile":{"background-color":"","background-image":"","background-repeat":"repeat","background-position":"center center","background-size":"auto","background-attachment":"scroll","background-type":"","background-media":"","overlay-type":"","overlay-color":"","overlay-opacity":"","overlay-gradient":""}},"ast-content-background-meta":{"desktop":{"background-color":"var(--ast-global-color-5)","background-image":"","background-repeat":"repeat","background-position":"center center","background-size":"auto","background-attachment":"scroll","background-type":"","background-media":"","overlay-type":"","overlay-color":"","overlay-opacity":"","overlay-gradient":""},"tablet":{"background-color":"var(--ast-global-color-5)","background-image":"","background-repeat":"repeat","background-position":"center center","background-size":"auto","background-attachment":"scroll","background-type":"","background-media":"","overlay-type":"","overlay-color":"","overlay-opacity":"","overlay-gradient":""},"mobile":{"background-color":"var(--ast-global-color-5)","background-image":"","background-repeat":"repeat","background-position":"center center","background-size":"auto","background-attachment":"scroll","background-type":"","background-media":"","overlay-type":"","overlay-color":"","overlay-opacity":"","overlay-gradient":""}}},"product_brand":[],"product_cat":[207],"product_tag":[],"class_list":{"0":"post-19179","1":"product","2":"type-product","3":"status-publish","4":"has-post-thumbnail","6":"product_cat-indonesia","7":"desktop-align-left","8":"tablet-align-left","9":"mobile-align-left","11":"first","12":"instock","13":"sale","14":"shipping-taxable","15":"purchasable","16":"product-type-simple","17":"add-to-wishlist-before_image"},"_links":{"self":[{"href":"https:\/\/colligatum.com\/en\/wp-json\/wp\/v2\/product\/19179","targetHints":{"allow":["GET"]}}],"collection":[{"href":"https:\/\/colligatum.com\/en\/wp-json\/wp\/v2\/product"}],"about":[{"href":"https:\/\/colligatum.com\/en\/wp-json\/wp\/v2\/types\/product"}],"version-history":[{"count":1,"href":"https:\/\/colligatum.com\/en\/wp-json\/wp\/v2\/product\/19179\/revisions"}],"predecessor-version":[{"id":19180,"href":"https:\/\/colligatum.com\/en\/wp-json\/wp\/v2\/product\/19179\/revisions\/19180"}],"wp:featuredmedia":[{"embeddable":true,"href":"https:\/\/colligatum.com\/en\/wp-json\/wp\/v2\/media\/19128"}],"wp:attachment":[{"href":"https:\/\/colligatum.com\/en\/wp-json\/wp\/v2\/media?parent=19179"}],"wp:term":[{"taxonomy":"product_brand","embeddable":true,"href":"https:\/\/colligatum.com\/en\/wp-json\/wp\/v2\/product_brand?post=19179"},{"taxonomy":"product_cat","embeddable":true,"href":"https:\/\/colligatum.com\/en\/wp-json\/wp\/v2\/product_cat?post=19179"},{"taxonomy":"product_tag","embeddable":true,"href":"https:\/\/colligatum.com\/en\/wp-json\/wp\/v2\/product_tag?post=19179"}],"curies":[{"name":"wp","href":"https:\/\/api.w.org\/{rel}","templated":true}]}}