{"id":19199,"date":"2025-10-02T12:59:27","date_gmt":"2025-10-02T10:59:27","guid":{"rendered":"https:\/\/colligatum.com\/?post_type=product&#038;p=19199"},"modified":"2025-10-02T12:59:27","modified_gmt":"2025-10-02T10:59:27","slug":"s-a-menthol","status":"publish","type":"product","link":"https:\/\/colligatum.com\/en\/product\/s-a-menthol\/","title":{"rendered":"SA Menthol"},"content":{"rendered":"<p data-start=\"31\" data-end=\"837\"><strong data-start=\"253\" data-end=\"267\">Description:<\/strong><br data-start=\"267\" data-end=\"270\" \/>Baltos spalvos pakelis su minimalistiniu dizainu, kurio centre raudonomis raid\u0117mis para\u0161ytas logotipas \u201eS.A\u201c. Po juo pabr\u0117\u017eta, kad tai \u201eMenthol\u201c cigaret\u0117s. Priekyje ir \u0161onuose matomas u\u017era\u0161as \u201e14 Kretek Filter\u201c, nurodantis, kad viduje yra 14 kretek\u0173 (tradicini\u0173 indonezieti\u0161k\u0173 gvazdik\u0117li\u0173 cigare\u010di\u0173 su filtru). Ant galin\u0117s pus\u0117s pateiktas trumpas apra\u0161ymas apie gamyb\u0105 \u2013 naudojamas auk\u0161tos kokyb\u0117s tabakas ir gvazdik\u0117liai, bei specialus prieskoni\u0173 pada\u017eas, suteikiantis i\u0161skirtin\u012f skon\u012f. Pakelis dar u\u017eplombuotas Indonezijos akcizo banderole (kaina \u2013 1.050 rupij\u0173).<\/p>\n<p data-start=\"839\" data-end=\"1128\"><strong data-start=\"839\" data-end=\"858\">Price analysis:<\/strong><br data-start=\"858\" data-end=\"861\" \/>\u0160is pakelis yra retesnis ir kolekcinink\u0173 rinkoje vertinamas kaip vidutinio lygio indonezieti\u0161kas kretek\u0173 gaminys. Pana\u0161\u016bs S.A. ir kit\u0173 ma\u017eiau \u017einom\u0173 indonezieti\u0161k\u0173 gamintoj\u0173 mentolio variantai pasitaiko kolekcinink\u0173 pardavimuose.<\/p>","protected":false},"excerpt":{"rendered":"<p><strong data-start=\"31\" data-end=\"65\">Brand and name:<\/strong> SA Menthol<br data-start=\"78\" data-end=\"81\" \/><strong data-start=\"81\" data-end=\"91\">Size:<\/strong> 14 cigarettes<br data-start=\"104\" data-end=\"107\" \/><strong data-start=\"107\" data-end=\"140\">Gamintojas \/ Gamintojo vieta:<\/strong> Pagaminta Indonezijoje<br data-start=\"163\" data-end=\"166\" \/><strong data-start=\"166\" data-end=\"190\" data-is-only-node=\"\">Production period:<\/strong> Late 20th century \u2013 early 21st century.<br data-start=\"214\" data-end=\"217\" \/><strong data-start=\"217\" data-end=\"235\">Package type:<\/strong> Hard pack<\/p>","protected":false},"featured_media":19145,"template":"","meta":{"_surecart_dashboard_logo_width":"180px","_surecart_dashboard_show_logo":true,"_surecart_dashboard_navigation_orders":true,"_surecart_dashboard_navigation_invoices":true,"_surecart_dashboard_navigation_subscriptions":true,"_surecart_dashboard_navigation_downloads":true,"_surecart_dashboard_navigation_billing":true,"_surecart_dashboard_navigation_account":true,"site-sidebar-layout":"default","site-content-layout":"","ast-site-content-layout":"default","site-content-style":"default","site-sidebar-style":"default","ast-global-header-display":"","ast-banner-title-visibility":"","ast-main-header-display":"","ast-hfb-above-header-display":"","ast-hfb-below-header-display":"","ast-hfb-mobile-header-display":"","site-post-title":"","ast-breadcrumbs-content":"","ast-featured-img":"","footer-sml-layout":"","theme-transparent-header-meta":"default","adv-header-id-meta":"","stick-header-meta":"","header-above-stick-meta":"","header-main-stick-meta":"","header-below-stick-meta":"","astra-migrate-meta-layouts":"set","ast-page-background-enabled":"default","ast-page-background-meta":{"desktop":{"background-color":"","background-image":"","background-repeat":"repeat","background-position":"center center","background-size":"auto","background-attachment":"scroll","background-type":"","background-media":"","overlay-type":"","overlay-color":"","overlay-opacity":"","overlay-gradient":""},"tablet":{"background-color":"","background-image":"","background-repeat":"repeat","background-position":"center center","background-size":"auto","background-attachment":"scroll","background-type":"","background-media":"","overlay-type":"","overlay-color":"","overlay-opacity":"","overlay-gradient":""},"mobile":{"background-color":"","background-image":"","background-repeat":"repeat","background-position":"center center","background-size":"auto","background-attachment":"scroll","background-type":"","background-media":"","overlay-type":"","overlay-color":"","overlay-opacity":"","overlay-gradient":""}},"ast-content-background-meta":{"desktop":{"background-color":"var(--ast-global-color-5)","background-image":"","background-repeat":"repeat","background-position":"center center","background-size":"auto","background-attachment":"scroll","background-type":"","background-media":"","overlay-type":"","overlay-color":"","overlay-opacity":"","overlay-gradient":""},"tablet":{"background-color":"var(--ast-global-color-5)","background-image":"","background-repeat":"repeat","background-position":"center center","background-size":"auto","background-attachment":"scroll","background-type":"","background-media":"","overlay-type":"","overlay-color":"","overlay-opacity":"","overlay-gradient":""},"mobile":{"background-color":"var(--ast-global-color-5)","background-image":"","background-repeat":"repeat","background-position":"center center","background-size":"auto","background-attachment":"scroll","background-type":"","background-media":"","overlay-type":"","overlay-color":"","overlay-opacity":"","overlay-gradient":""}}},"product_brand":[],"product_cat":[207],"product_tag":[],"class_list":{"0":"post-19199","1":"product","2":"type-product","3":"status-publish","4":"has-post-thumbnail","6":"product_cat-indonesia","7":"desktop-align-left","8":"tablet-align-left","9":"mobile-align-left","11":"first","12":"instock","13":"sale","14":"shipping-taxable","15":"purchasable","16":"product-type-simple","17":"add-to-wishlist-before_image"},"_links":{"self":[{"href":"https:\/\/colligatum.com\/en\/wp-json\/wp\/v2\/product\/19199","targetHints":{"allow":["GET"]}}],"collection":[{"href":"https:\/\/colligatum.com\/en\/wp-json\/wp\/v2\/product"}],"about":[{"href":"https:\/\/colligatum.com\/en\/wp-json\/wp\/v2\/types\/product"}],"version-history":[{"count":1,"href":"https:\/\/colligatum.com\/en\/wp-json\/wp\/v2\/product\/19199\/revisions"}],"predecessor-version":[{"id":19200,"href":"https:\/\/colligatum.com\/en\/wp-json\/wp\/v2\/product\/19199\/revisions\/19200"}],"wp:featuredmedia":[{"embeddable":true,"href":"https:\/\/colligatum.com\/en\/wp-json\/wp\/v2\/media\/19145"}],"wp:attachment":[{"href":"https:\/\/colligatum.com\/en\/wp-json\/wp\/v2\/media?parent=19199"}],"wp:term":[{"taxonomy":"product_brand","embeddable":true,"href":"https:\/\/colligatum.com\/en\/wp-json\/wp\/v2\/product_brand?post=19199"},{"taxonomy":"product_cat","embeddable":true,"href":"https:\/\/colligatum.com\/en\/wp-json\/wp\/v2\/product_cat?post=19199"},{"taxonomy":"product_tag","embeddable":true,"href":"https:\/\/colligatum.com\/en\/wp-json\/wp\/v2\/product_tag?post=19199"}],"curies":[{"name":"wp","href":"https:\/\/api.w.org\/{rel}","templated":true}]}}