{"id":19201,"date":"2025-10-02T13:01:07","date_gmt":"2025-10-02T11:01:07","guid":{"rendered":"https:\/\/colligatum.com\/?post_type=product&#038;p=19201"},"modified":"2025-10-02T13:01:07","modified_gmt":"2025-10-02T11:01:07","slug":"s-a-super-menthol-2","status":"publish","type":"product","link":"https:\/\/colligatum.com\/en\/product\/s-a-super-menthol-2\/","title":{"rendered":"SA Super Menthol"},"content":{"rendered":"<p data-start=\"271\" data-end=\"679\"><strong data-start=\"271\" data-end=\"285\">Description:<\/strong><br data-start=\"285\" data-end=\"288\" \/>Pakelis baltos spalvos su raudonais ir violetiniais elementais. Priekyje pavaizduota transporto priemon\u0117 \u2013 mikroautobusas, vir\u0161uje u\u017era\u0161as \u201e14 Kretek Filter\u201c. Dizainas i\u0161skirtinis ir ne\u012fprastas, b\u016bdingas Indonezijos kretek\u0173 pakeliams i\u0161 XX a. pabaigos. \u0160one yra u\u017era\u0161ai \u201eMade in Indonesia\u201c bei sveikatos persp\u0117jimas indonezie\u010di\u0173 kalba. Tai mentolin\u0117 versija, nurodyta kaip \u201eSuper Menthol\u201c.<\/p>\n<p data-start=\"681\" data-end=\"924\"><strong data-start=\"681\" data-end=\"704\">Value assessment:<\/strong><br data-start=\"704\" data-end=\"707\" \/>Tokio tipo indonezieti\u0161ki kretekai (\u201eS.A.\u201c serija) yra reti Europos kolekcionieri\u0173 rinkoje. D\u0117l ne\u012fprasto dizaino (su transporto priemon\u0117s iliustracija) jie yra labiau kolekciniai.<\/p>","protected":false},"excerpt":{"rendered":"<p data-start=\"31\" data-end=\"88\"><strong data-start=\"31\" data-end=\"65\">Brand and name:<\/strong><br data-start=\"65\" data-end=\"68\" \/>SA Super Menthol<\/p>\n<p data-start=\"90\" data-end=\"117\"><strong data-start=\"90\" data-end=\"100\">Size:<\/strong><br data-start=\"100\" data-end=\"103\" \/>14 cigarettes<\/p>\n<p data-start=\"119\" data-end=\"170\"><strong data-start=\"119\" data-end=\"141\">Gamintoja \/ \u0161alis: <\/strong>PR. S. Arjun, Indonezija<\/p>\n<p data-start=\"172\" data-end=\"218\"><strong data-start=\"172\" data-end=\"196\">Production period: <\/strong>Around 1990-2000.<\/p>\n<p data-start=\"220\" data-end=\"269\"><strong data-start=\"220\" data-end=\"238\">Package type: <\/strong>Hard pack<\/p>","protected":false},"featured_media":19147,"template":"","meta":{"_surecart_dashboard_logo_width":"180px","_surecart_dashboard_show_logo":true,"_surecart_dashboard_navigation_orders":true,"_surecart_dashboard_navigation_invoices":true,"_surecart_dashboard_navigation_subscriptions":true,"_surecart_dashboard_navigation_downloads":true,"_surecart_dashboard_navigation_billing":true,"_surecart_dashboard_navigation_account":true,"site-sidebar-layout":"default","site-content-layout":"","ast-site-content-layout":"default","site-content-style":"default","site-sidebar-style":"default","ast-global-header-display":"","ast-banner-title-visibility":"","ast-main-header-display":"","ast-hfb-above-header-display":"","ast-hfb-below-header-display":"","ast-hfb-mobile-header-display":"","site-post-title":"","ast-breadcrumbs-content":"","ast-featured-img":"","footer-sml-layout":"","ast-disable-related-posts":"","theme-transparent-header-meta":"default","adv-header-id-meta":"","stick-header-meta":"","header-above-stick-meta":"","header-main-stick-meta":"","header-below-stick-meta":"","astra-migrate-meta-layouts":"set","ast-page-background-enabled":"default","ast-page-background-meta":{"desktop":{"background-color":"","background-image":"","background-repeat":"repeat","background-position":"center center","background-size":"auto","background-attachment":"scroll","background-type":"","background-media":"","overlay-type":"","overlay-color":"","overlay-opacity":"","overlay-gradient":""},"tablet":{"background-color":"","background-image":"","background-repeat":"repeat","background-position":"center center","background-size":"auto","background-attachment":"scroll","background-type":"","background-media":"","overlay-type":"","overlay-color":"","overlay-opacity":"","overlay-gradient":""},"mobile":{"background-color":"","background-image":"","background-repeat":"repeat","background-position":"center center","background-size":"auto","background-attachment":"scroll","background-type":"","background-media":"","overlay-type":"","overlay-color":"","overlay-opacity":"","overlay-gradient":""}},"ast-content-background-meta":{"desktop":{"background-color":"var(--ast-global-color-5)","background-image":"","background-repeat":"repeat","background-position":"center center","background-size":"auto","background-attachment":"scroll","background-type":"","background-media":"","overlay-type":"","overlay-color":"","overlay-opacity":"","overlay-gradient":""},"tablet":{"background-color":"var(--ast-global-color-5)","background-image":"","background-repeat":"repeat","background-position":"center center","background-size":"auto","background-attachment":"scroll","background-type":"","background-media":"","overlay-type":"","overlay-color":"","overlay-opacity":"","overlay-gradient":""},"mobile":{"background-color":"var(--ast-global-color-5)","background-image":"","background-repeat":"repeat","background-position":"center center","background-size":"auto","background-attachment":"scroll","background-type":"","background-media":"","overlay-type":"","overlay-color":"","overlay-opacity":"","overlay-gradient":""}}},"product_brand":[],"product_cat":[207],"product_tag":[],"class_list":{"0":"post-19201","1":"product","2":"type-product","3":"status-publish","4":"has-post-thumbnail","6":"product_cat-indonesia","7":"desktop-align-left","8":"tablet-align-left","9":"mobile-align-left","11":"first","12":"instock","13":"sale","14":"shipping-taxable","15":"purchasable","16":"product-type-simple","17":"add-to-wishlist-before_image"},"_links":{"self":[{"href":"https:\/\/colligatum.com\/en\/wp-json\/wp\/v2\/product\/19201","targetHints":{"allow":["GET"]}}],"collection":[{"href":"https:\/\/colligatum.com\/en\/wp-json\/wp\/v2\/product"}],"about":[{"href":"https:\/\/colligatum.com\/en\/wp-json\/wp\/v2\/types\/product"}],"version-history":[{"count":1,"href":"https:\/\/colligatum.com\/en\/wp-json\/wp\/v2\/product\/19201\/revisions"}],"predecessor-version":[{"id":19202,"href":"https:\/\/colligatum.com\/en\/wp-json\/wp\/v2\/product\/19201\/revisions\/19202"}],"wp:featuredmedia":[{"embeddable":true,"href":"https:\/\/colligatum.com\/en\/wp-json\/wp\/v2\/media\/19147"}],"wp:attachment":[{"href":"https:\/\/colligatum.com\/en\/wp-json\/wp\/v2\/media?parent=19201"}],"wp:term":[{"taxonomy":"product_brand","embeddable":true,"href":"https:\/\/colligatum.com\/en\/wp-json\/wp\/v2\/product_brand?post=19201"},{"taxonomy":"product_cat","embeddable":true,"href":"https:\/\/colligatum.com\/en\/wp-json\/wp\/v2\/product_cat?post=19201"},{"taxonomy":"product_tag","embeddable":true,"href":"https:\/\/colligatum.com\/en\/wp-json\/wp\/v2\/product_tag?post=19201"}],"curies":[{"name":"wp","href":"https:\/\/api.w.org\/{rel}","templated":true}]}}