{"id":19330,"date":"2025-10-02T15:55:41","date_gmt":"2025-10-02T13:55:41","guid":{"rendered":"https:\/\/colligatum.com\/?post_type=product&#038;p=19330"},"modified":"2025-10-02T15:55:41","modified_gmt":"2025-10-02T13:55:41","slug":"mata-emas-me","status":"publish","type":"product","link":"https:\/\/colligatum.com\/en\/product\/mata-emas-me\/","title":{"rendered":"Mata Emas (ME)"},"content":{"rendered":"<p data-start=\"205\" data-end=\"675\">Description:<br data-start=\"215\" data-end=\"218\" \/>Mata Emas (ME) \u2013 tradicin\u0117s Indonezijos kretek cigaret\u0117s, pakuojamos po 12 vienet\u0173 mink\u0161tame pakelyje. Pakelis pasi\u017eymi ry\u0161kiu dizainu: priekyje vaizduojamas erelio galvos simbolis, fonas gelsvai oran\u017einis, vir\u0161uje \u2013 m\u0117lyna juosta su pavadinimu \u201eMata Emas\u201c. Pakuot\u0117s gale matomas \u017ealios augalijos fonas su logotipu. Ant \u0161ono pateiktas nikotino ir derv\u0173 kiekis, vir\u0161uje \u2013 Indonezijos akcizo \u017eenklas. \u012esp\u0117jimas apie r\u016bkymo \u017eal\u0105 pateiktas indonezie\u010di\u0173 kalba.<\/p>\n<p data-start=\"677\" data-end=\"698\">Value assessment:<\/p>\n<ul data-start=\"699\" data-end=\"1160\">\n<li data-start=\"699\" data-end=\"870\">\n<p data-start=\"701\" data-end=\"870\">Kolekcin\u0117 vert\u0117: Vidutin\u0117\u2013auk\u0161ta, nes tai ma\u017eiau paplit\u0119s Indonezijos vietin\u0117s rinkos pakelis, turintis etninio dizaino element\u0173, retai sutinkamas u\u017e Indonezijos rib\u0173.<\/p>\n<\/li>\n<li data-start=\"871\" data-end=\"944\">\n<p data-start=\"873\" data-end=\"944\">B\u016bkl\u0117s vertinimas: Neatidarytas, originali pl\u0117vel\u0117, labai gera b\u016bkl\u0117.<\/p>\n<\/li>\n<li data-start=\"945\" data-end=\"1160\">\n<p data-start=\"947\" data-end=\"1160\">Istoriniai duomenys ir populiarumas: Tokie pakeliai kolekcininkams \u012fdom\u016bs kaip regioniniai kretek pavyzd\u017eiai. Indonezijoje ME yra ma\u017eesnio masto prek\u0117s \u017eenklas, tod\u0117l tarptautiniuose aukcionuose pasitaiko retai.<\/p>\n<\/li>\n<\/ul>","protected":false},"excerpt":{"rendered":"<p data-start=\"0\" data-end=\"47\">Prek\u0117s \u017eenklas ir pavadinimas: Mata Emas (ME)<\/p>\n<p data-start=\"49\" data-end=\"70\">Size: 12 cigarettes<\/p>\n<p data-start=\"72\" data-end=\"99\">Country of manufacture: Indonesia<\/p>\n<p data-start=\"101\" data-end=\"168\">Production period: Unknown (probably late 20th century \u2013 early 21st century)<\/p>\n<p data-start=\"170\" data-end=\"203\">Package type: Soft pack<\/p>","protected":false},"featured_media":19278,"template":"","meta":{"_surecart_dashboard_logo_width":"180px","_surecart_dashboard_show_logo":true,"_surecart_dashboard_navigation_orders":true,"_surecart_dashboard_navigation_invoices":true,"_surecart_dashboard_navigation_subscriptions":true,"_surecart_dashboard_navigation_downloads":true,"_surecart_dashboard_navigation_billing":true,"_surecart_dashboard_navigation_account":true,"site-sidebar-layout":"default","site-content-layout":"","ast-site-content-layout":"default","site-content-style":"default","site-sidebar-style":"default","ast-global-header-display":"","ast-banner-title-visibility":"","ast-main-header-display":"","ast-hfb-above-header-display":"","ast-hfb-below-header-display":"","ast-hfb-mobile-header-display":"","site-post-title":"","ast-breadcrumbs-content":"","ast-featured-img":"","footer-sml-layout":"","theme-transparent-header-meta":"default","adv-header-id-meta":"","stick-header-meta":"","header-above-stick-meta":"","header-main-stick-meta":"","header-below-stick-meta":"","astra-migrate-meta-layouts":"set","ast-page-background-enabled":"default","ast-page-background-meta":{"desktop":{"background-color":"","background-image":"","background-repeat":"repeat","background-position":"center center","background-size":"auto","background-attachment":"scroll","background-type":"","background-media":"","overlay-type":"","overlay-color":"","overlay-opacity":"","overlay-gradient":""},"tablet":{"background-color":"","background-image":"","background-repeat":"repeat","background-position":"center center","background-size":"auto","background-attachment":"scroll","background-type":"","background-media":"","overlay-type":"","overlay-color":"","overlay-opacity":"","overlay-gradient":""},"mobile":{"background-color":"","background-image":"","background-repeat":"repeat","background-position":"center center","background-size":"auto","background-attachment":"scroll","background-type":"","background-media":"","overlay-type":"","overlay-color":"","overlay-opacity":"","overlay-gradient":""}},"ast-content-background-meta":{"desktop":{"background-color":"var(--ast-global-color-5)","background-image":"","background-repeat":"repeat","background-position":"center center","background-size":"auto","background-attachment":"scroll","background-type":"","background-media":"","overlay-type":"","overlay-color":"","overlay-opacity":"","overlay-gradient":""},"tablet":{"background-color":"var(--ast-global-color-5)","background-image":"","background-repeat":"repeat","background-position":"center center","background-size":"auto","background-attachment":"scroll","background-type":"","background-media":"","overlay-type":"","overlay-color":"","overlay-opacity":"","overlay-gradient":""},"mobile":{"background-color":"var(--ast-global-color-5)","background-image":"","background-repeat":"repeat","background-position":"center center","background-size":"auto","background-attachment":"scroll","background-type":"","background-media":"","overlay-type":"","overlay-color":"","overlay-opacity":"","overlay-gradient":""}}},"product_brand":[],"product_cat":[207],"product_tag":[],"class_list":{"0":"post-19330","1":"product","2":"type-product","3":"status-publish","4":"has-post-thumbnail","6":"product_cat-indonesia","7":"desktop-align-left","8":"tablet-align-left","9":"mobile-align-left","11":"first","12":"instock","13":"sale","14":"shipping-taxable","15":"purchasable","16":"product-type-simple","17":"add-to-wishlist-before_image"},"_links":{"self":[{"href":"https:\/\/colligatum.com\/en\/wp-json\/wp\/v2\/product\/19330","targetHints":{"allow":["GET"]}}],"collection":[{"href":"https:\/\/colligatum.com\/en\/wp-json\/wp\/v2\/product"}],"about":[{"href":"https:\/\/colligatum.com\/en\/wp-json\/wp\/v2\/types\/product"}],"version-history":[{"count":1,"href":"https:\/\/colligatum.com\/en\/wp-json\/wp\/v2\/product\/19330\/revisions"}],"predecessor-version":[{"id":19331,"href":"https:\/\/colligatum.com\/en\/wp-json\/wp\/v2\/product\/19330\/revisions\/19331"}],"wp:featuredmedia":[{"embeddable":true,"href":"https:\/\/colligatum.com\/en\/wp-json\/wp\/v2\/media\/19278"}],"wp:attachment":[{"href":"https:\/\/colligatum.com\/en\/wp-json\/wp\/v2\/media?parent=19330"}],"wp:term":[{"taxonomy":"product_brand","embeddable":true,"href":"https:\/\/colligatum.com\/en\/wp-json\/wp\/v2\/product_brand?post=19330"},{"taxonomy":"product_cat","embeddable":true,"href":"https:\/\/colligatum.com\/en\/wp-json\/wp\/v2\/product_cat?post=19330"},{"taxonomy":"product_tag","embeddable":true,"href":"https:\/\/colligatum.com\/en\/wp-json\/wp\/v2\/product_tag?post=19330"}],"curies":[{"name":"wp","href":"https:\/\/api.w.org\/{rel}","templated":true}]}}