{"id":19334,"date":"2025-10-02T15:57:47","date_gmt":"2025-10-02T13:57:47","guid":{"rendered":"https:\/\/colligatum.com\/?post_type=product&#038;p=19334"},"modified":"2025-10-02T15:57:48","modified_gmt":"2025-10-02T13:57:48","slug":"oeloeng-prima-exclusive","status":"publish","type":"product","link":"https:\/\/colligatum.com\/en\/product\/oeloeng-prima-exclusive\/","title":{"rendered":"Oolong Prima Exclusive"},"content":{"rendered":"<p data-start=\"205\" data-end=\"866\">Description:<br data-start=\"215\" data-end=\"218\" \/>Oeloeng Prima Exclusive yra Indonezijos kretek cigare\u010di\u0173 pakelis, skirtas vietinei rinkai. Pakuot\u0117 tamsiai \u017ealios spalvos, priekyje pavaizduotas skraidantis erelis sidabriniame rombe, taip pat i\u0161ry\u0161kintas u\u017era\u0161as \u201eExclusive\u201c. Ant nugar\u0117l\u0117s matomas iliustruotas erelio atvaizdas skryd\u017eio metu kaln\u0173 ir \u0161ventykl\u0173 fone, kas suteikia pakeliui kult\u016brin\u0117s ir simbolin\u0117s vert\u0117s. \u012esp\u0117jimas apie r\u016bkymo \u017eal\u0105 pateiktas indonezie\u010di\u0173 kalba, ant \u0161ono \u2013 nikotino ir derv\u0173 kiekis bei oficialus akcizo \u017eenklas. \u0160is pakelis yra ne\u012fprastas, nes \u201eOeloeng\u201c n\u0117ra pla\u010diai paplit\u0119s prek\u0117s \u017eenklas u\u017e Indonezijos rib\u0173, tod\u0117l laikomas gana retu kolekciniu egzemplioriumi.<\/p>\n<p data-start=\"868\" data-end=\"889\">Value assessment:<\/p>\n<ul data-start=\"890\" data-end=\"1374\">\n<li data-start=\"890\" data-end=\"1037\">\n<p data-start=\"892\" data-end=\"1037\">Kolekcin\u0117 vert\u0117: Auk\u0161ta, kadangi tai yra retas ir ma\u017eai \u017einomas Indonezijos prekinis \u017eenklas, prakti\u0161kai nepasitaikantis tarptautin\u0117je rinkoje.<\/p>\n<\/li>\n<li data-start=\"1038\" data-end=\"1111\">\n<p data-start=\"1040\" data-end=\"1111\">B\u016bkl\u0117s vertinimas: Neatidarytas, originali pl\u0117vel\u0117, labai gera b\u016bkl\u0117.<\/p>\n<\/li>\n<li data-start=\"1112\" data-end=\"1374\">\n<p data-start=\"1114\" data-end=\"1374\">Istoriniai duomenys ir populiarumas: \u201eOeloeng\u201c prekinis \u017eenklas priklauso ma\u017eesniems Indonezijos gamintojams, tod\u0117l tarptautiniuose aukcionuose randamas itin retai. D\u0117l savo ribotos gamybos ir etninio dizaino, \u0161is pakelis kolekcininkams turi papildom\u0105 vert\u0119.<\/p>\n<\/li>\n<\/ul>","protected":false},"excerpt":{"rendered":"<p data-start=\"0\" data-end=\"56\">Prek\u0117s \u017eenklas ir pavadinimas: Oeloeng Prima Exclusive<\/p>\n<p data-start=\"58\" data-end=\"79\">Size: 12 cigarettes<\/p>\n<p data-start=\"81\" data-end=\"108\">Country of manufacture: Indonesia<\/p>\n<p data-start=\"110\" data-end=\"168\">Production period: Unknown (late 20th century \u2013 early 21st century)<\/p>\n<p data-start=\"170\" data-end=\"203\">Package type: Hard package<\/p>","protected":false},"featured_media":19282,"template":"","meta":{"_surecart_dashboard_logo_width":"180px","_surecart_dashboard_show_logo":true,"_surecart_dashboard_navigation_orders":true,"_surecart_dashboard_navigation_invoices":true,"_surecart_dashboard_navigation_subscriptions":true,"_surecart_dashboard_navigation_downloads":true,"_surecart_dashboard_navigation_billing":true,"_surecart_dashboard_navigation_account":true,"site-sidebar-layout":"default","site-content-layout":"","ast-site-content-layout":"default","site-content-style":"default","site-sidebar-style":"default","ast-global-header-display":"","ast-banner-title-visibility":"","ast-main-header-display":"","ast-hfb-above-header-display":"","ast-hfb-below-header-display":"","ast-hfb-mobile-header-display":"","site-post-title":"","ast-breadcrumbs-content":"","ast-featured-img":"","footer-sml-layout":"","theme-transparent-header-meta":"default","adv-header-id-meta":"","stick-header-meta":"","header-above-stick-meta":"","header-main-stick-meta":"","header-below-stick-meta":"","astra-migrate-meta-layouts":"set","ast-page-background-enabled":"default","ast-page-background-meta":{"desktop":{"background-color":"","background-image":"","background-repeat":"repeat","background-position":"center center","background-size":"auto","background-attachment":"scroll","background-type":"","background-media":"","overlay-type":"","overlay-color":"","overlay-opacity":"","overlay-gradient":""},"tablet":{"background-color":"","background-image":"","background-repeat":"repeat","background-position":"center center","background-size":"auto","background-attachment":"scroll","background-type":"","background-media":"","overlay-type":"","overlay-color":"","overlay-opacity":"","overlay-gradient":""},"mobile":{"background-color":"","background-image":"","background-repeat":"repeat","background-position":"center center","background-size":"auto","background-attachment":"scroll","background-type":"","background-media":"","overlay-type":"","overlay-color":"","overlay-opacity":"","overlay-gradient":""}},"ast-content-background-meta":{"desktop":{"background-color":"var(--ast-global-color-5)","background-image":"","background-repeat":"repeat","background-position":"center center","background-size":"auto","background-attachment":"scroll","background-type":"","background-media":"","overlay-type":"","overlay-color":"","overlay-opacity":"","overlay-gradient":""},"tablet":{"background-color":"var(--ast-global-color-5)","background-image":"","background-repeat":"repeat","background-position":"center center","background-size":"auto","background-attachment":"scroll","background-type":"","background-media":"","overlay-type":"","overlay-color":"","overlay-opacity":"","overlay-gradient":""},"mobile":{"background-color":"var(--ast-global-color-5)","background-image":"","background-repeat":"repeat","background-position":"center center","background-size":"auto","background-attachment":"scroll","background-type":"","background-media":"","overlay-type":"","overlay-color":"","overlay-opacity":"","overlay-gradient":""}}},"product_brand":[],"product_cat":[207],"product_tag":[],"class_list":{"0":"post-19334","1":"product","2":"type-product","3":"status-publish","4":"has-post-thumbnail","6":"product_cat-indonesia","7":"desktop-align-left","8":"tablet-align-left","9":"mobile-align-left","11":"first","12":"instock","13":"sale","14":"shipping-taxable","15":"purchasable","16":"product-type-simple","17":"add-to-wishlist-before_image"},"_links":{"self":[{"href":"https:\/\/colligatum.com\/en\/wp-json\/wp\/v2\/product\/19334","targetHints":{"allow":["GET"]}}],"collection":[{"href":"https:\/\/colligatum.com\/en\/wp-json\/wp\/v2\/product"}],"about":[{"href":"https:\/\/colligatum.com\/en\/wp-json\/wp\/v2\/types\/product"}],"version-history":[{"count":1,"href":"https:\/\/colligatum.com\/en\/wp-json\/wp\/v2\/product\/19334\/revisions"}],"predecessor-version":[{"id":19335,"href":"https:\/\/colligatum.com\/en\/wp-json\/wp\/v2\/product\/19334\/revisions\/19335"}],"wp:featuredmedia":[{"embeddable":true,"href":"https:\/\/colligatum.com\/en\/wp-json\/wp\/v2\/media\/19282"}],"wp:attachment":[{"href":"https:\/\/colligatum.com\/en\/wp-json\/wp\/v2\/media?parent=19334"}],"wp:term":[{"taxonomy":"product_brand","embeddable":true,"href":"https:\/\/colligatum.com\/en\/wp-json\/wp\/v2\/product_brand?post=19334"},{"taxonomy":"product_cat","embeddable":true,"href":"https:\/\/colligatum.com\/en\/wp-json\/wp\/v2\/product_cat?post=19334"},{"taxonomy":"product_tag","embeddable":true,"href":"https:\/\/colligatum.com\/en\/wp-json\/wp\/v2\/product_tag?post=19334"}],"curies":[{"name":"wp","href":"https:\/\/api.w.org\/{rel}","templated":true}]}}