{"id":19358,"date":"2025-10-02T16:14:12","date_gmt":"2025-10-02T14:14:12","guid":{"rendered":"https:\/\/colligatum.com\/?post_type=product&#038;p=19358"},"modified":"2025-10-02T16:14:12","modified_gmt":"2025-10-02T14:14:12","slug":"rc-exclusive","status":"publish","type":"product","link":"https:\/\/colligatum.com\/en\/product\/rc-exclusive\/","title":{"rendered":"RC Exclusive"},"content":{"rendered":"<p data-start=\"225\" data-end=\"582\">Apra\u0161ymas: RC Exclusive yra nedidelis kretek\u0173 (gvazdik\u0117li\u0173 cigare\u010di\u0173) pakelis i\u0161 Indonezijos. Dizainas ry\u0161kiai raudonas, su auksiniu logotipu \u201eRC\u201c ir u\u017era\u0161u \u201eExclusive\u201c. Pakuot\u0117 minimalistin\u0117, orientuota \u012f ai\u0161k\u0173 prek\u0117s \u017eenklo pateikim\u0105. Ant \u0161onin\u0117s dalies pa\u017eym\u0117tos derv\u0173 ir nikotino reik\u0161m\u0117s. Ant galin\u0117s pus\u0117s yra sveikatos \u012fsp\u0117jimas indonezie\u010di\u0173 kalba.<\/p>\n<p data-start=\"584\" data-end=\"605\">Value assessment:<\/p>\n<p data-start=\"607\" data-end=\"1076\">Kolekcin\u0117 vert\u0117: Vidutin\u0117. Tai ma\u017eiau \u017einomas prek\u0117s \u017eenklas, tod\u0117l \u012fdomus tik teminiams kolekcininkams, besidomintiems Indonezijos regionine produkcija.<br data-start=\"760\" data-end=\"763\" \/>Condition assessment: Unopened, with original protective film and excise stamp, very good condition.<br data-start=\"866\" data-end=\"869\" \/>Istoriniai duomenys ir populiarumas: RC Exclusive neturi tarptautin\u0117s rinkos ar \u017einomumo, tod\u0117l labiausiai paplit\u0119s Indonezijos vidaus rinkoje. Kolekcininkams vertingas d\u0117l ribotos prieigos u\u017e \u0161alies rib\u0173.<\/p>","protected":false},"excerpt":{"rendered":"<p data-start=\"0\" data-end=\"45\">Prek\u0117s \u017eenklas ir pavadinimas: RC Exclusive<\/p>\n<p data-start=\"47\" data-end=\"68\">Size: 12 cigarettes<\/p>\n<p data-start=\"70\" data-end=\"97\">Country of manufacture: Indonesia<\/p>\n<p data-start=\"99\" data-end=\"155\">Production period: Unknown (modern edition)<\/p>\n<p data-start=\"157\" data-end=\"223\">Pakeli\u0173 tipas: Kietas pakelis (su pl\u0117vele ir akciziniu \u017eenklu)<\/p>","protected":false},"featured_media":19306,"template":"","meta":{"_surecart_dashboard_logo_width":"180px","_surecart_dashboard_show_logo":true,"_surecart_dashboard_navigation_orders":true,"_surecart_dashboard_navigation_invoices":true,"_surecart_dashboard_navigation_subscriptions":true,"_surecart_dashboard_navigation_downloads":true,"_surecart_dashboard_navigation_billing":true,"_surecart_dashboard_navigation_account":true,"site-sidebar-layout":"default","site-content-layout":"","ast-site-content-layout":"default","site-content-style":"default","site-sidebar-style":"default","ast-global-header-display":"","ast-banner-title-visibility":"","ast-main-header-display":"","ast-hfb-above-header-display":"","ast-hfb-below-header-display":"","ast-hfb-mobile-header-display":"","site-post-title":"","ast-breadcrumbs-content":"","ast-featured-img":"","footer-sml-layout":"","theme-transparent-header-meta":"default","adv-header-id-meta":"","stick-header-meta":"","header-above-stick-meta":"","header-main-stick-meta":"","header-below-stick-meta":"","astra-migrate-meta-layouts":"set","ast-page-background-enabled":"default","ast-page-background-meta":{"desktop":{"background-color":"","background-image":"","background-repeat":"repeat","background-position":"center center","background-size":"auto","background-attachment":"scroll","background-type":"","background-media":"","overlay-type":"","overlay-color":"","overlay-opacity":"","overlay-gradient":""},"tablet":{"background-color":"","background-image":"","background-repeat":"repeat","background-position":"center center","background-size":"auto","background-attachment":"scroll","background-type":"","background-media":"","overlay-type":"","overlay-color":"","overlay-opacity":"","overlay-gradient":""},"mobile":{"background-color":"","background-image":"","background-repeat":"repeat","background-position":"center center","background-size":"auto","background-attachment":"scroll","background-type":"","background-media":"","overlay-type":"","overlay-color":"","overlay-opacity":"","overlay-gradient":""}},"ast-content-background-meta":{"desktop":{"background-color":"var(--ast-global-color-5)","background-image":"","background-repeat":"repeat","background-position":"center center","background-size":"auto","background-attachment":"scroll","background-type":"","background-media":"","overlay-type":"","overlay-color":"","overlay-opacity":"","overlay-gradient":""},"tablet":{"background-color":"var(--ast-global-color-5)","background-image":"","background-repeat":"repeat","background-position":"center center","background-size":"auto","background-attachment":"scroll","background-type":"","background-media":"","overlay-type":"","overlay-color":"","overlay-opacity":"","overlay-gradient":""},"mobile":{"background-color":"var(--ast-global-color-5)","background-image":"","background-repeat":"repeat","background-position":"center center","background-size":"auto","background-attachment":"scroll","background-type":"","background-media":"","overlay-type":"","overlay-color":"","overlay-opacity":"","overlay-gradient":""}}},"product_brand":[],"product_cat":[207],"product_tag":[],"class_list":{"0":"post-19358","1":"product","2":"type-product","3":"status-publish","4":"has-post-thumbnail","6":"product_cat-indonesia","7":"desktop-align-left","8":"tablet-align-left","9":"mobile-align-left","11":"first","12":"instock","13":"sale","14":"shipping-taxable","15":"purchasable","16":"product-type-simple","17":"add-to-wishlist-before_image"},"_links":{"self":[{"href":"https:\/\/colligatum.com\/en\/wp-json\/wp\/v2\/product\/19358","targetHints":{"allow":["GET"]}}],"collection":[{"href":"https:\/\/colligatum.com\/en\/wp-json\/wp\/v2\/product"}],"about":[{"href":"https:\/\/colligatum.com\/en\/wp-json\/wp\/v2\/types\/product"}],"version-history":[{"count":1,"href":"https:\/\/colligatum.com\/en\/wp-json\/wp\/v2\/product\/19358\/revisions"}],"predecessor-version":[{"id":19359,"href":"https:\/\/colligatum.com\/en\/wp-json\/wp\/v2\/product\/19358\/revisions\/19359"}],"wp:featuredmedia":[{"embeddable":true,"href":"https:\/\/colligatum.com\/en\/wp-json\/wp\/v2\/media\/19306"}],"wp:attachment":[{"href":"https:\/\/colligatum.com\/en\/wp-json\/wp\/v2\/media?parent=19358"}],"wp:term":[{"taxonomy":"product_brand","embeddable":true,"href":"https:\/\/colligatum.com\/en\/wp-json\/wp\/v2\/product_brand?post=19358"},{"taxonomy":"product_cat","embeddable":true,"href":"https:\/\/colligatum.com\/en\/wp-json\/wp\/v2\/product_cat?post=19358"},{"taxonomy":"product_tag","embeddable":true,"href":"https:\/\/colligatum.com\/en\/wp-json\/wp\/v2\/product_tag?post=19358"}],"curies":[{"name":"wp","href":"https:\/\/api.w.org\/{rel}","templated":true}]}}