{"id":19360,"date":"2025-10-02T16:15:14","date_gmt":"2025-10-02T14:15:14","guid":{"rendered":"https:\/\/colligatum.com\/?post_type=product&#038;p=19360"},"modified":"2025-10-02T16:15:14","modified_gmt":"2025-10-02T14:15:14","slug":"special","status":"publish","type":"product","link":"https:\/\/colligatum.com\/en\/product\/special\/","title":{"rendered":"Special"},"content":{"rendered":"<p><strong data-start=\"233\" data-end=\"247\">Description:<\/strong><br data-start=\"247\" data-end=\"250\" \/>\u201eSpecial\u201c \u2013 tai indonezieti\u0161kos kretek cigaret\u0117s, pagamintos i\u0161 tabako, gvazdik\u0117li\u0173 ir prieskoni\u0173 mi\u0161inio. Pakelis juodos spalvos su aukso akcentais, centre pavaizduota stilinga plunksna ra\u0161alui, simbolizuojanti rafinuotum\u0105. Priekin\u0117je dalyje u\u017era\u0161as \u201e12 Filter Cigarettes\u201c, nurodantis, kad tai filtruotos cigaret\u0117s. Ant galin\u0117s dalies pateiktas trumpas apra\u0161ymas, pabr\u0117\u017eiantis tabako ir gvazdik\u0117li\u0173 derin\u012f bei auk\u0161tos technologijos gamyb\u0105. Tai gana reta r\u016b\u0161is, skirta vietinei rinkai, ta\u010diau pasitaikiusi ir eksportui nedideliais kiekiais.<\/p>","protected":false},"excerpt":{"rendered":"<p><strong data-start=\"33\" data-end=\"67\">Brand and name:<\/strong> Special<br data-start=\"75\" data-end=\"78\" \/><strong data-start=\"78\" data-end=\"88\">Size:<\/strong> 12 cigarettes<br data-start=\"101\" data-end=\"104\" \/><strong data-start=\"104\" data-end=\"125\">Country of manufacture:<\/strong> Indonesia<br data-start=\"136\" data-end=\"139\" \/><strong data-start=\"139\" data-end=\"163\" data-is-only-node=\"\">Production period:<\/strong> around 2000\u20132010.<br data-start=\"181\" data-end=\"184\" \/><strong data-start=\"184\" data-end=\"202\">Package type:<\/strong> Hard pack<\/p>","protected":false},"featured_media":19309,"template":"","meta":{"_surecart_dashboard_logo_width":"180px","_surecart_dashboard_show_logo":true,"_surecart_dashboard_navigation_orders":true,"_surecart_dashboard_navigation_invoices":true,"_surecart_dashboard_navigation_subscriptions":true,"_surecart_dashboard_navigation_downloads":true,"_surecart_dashboard_navigation_billing":true,"_surecart_dashboard_navigation_account":true,"site-sidebar-layout":"default","site-content-layout":"","ast-site-content-layout":"default","site-content-style":"default","site-sidebar-style":"default","ast-global-header-display":"","ast-banner-title-visibility":"","ast-main-header-display":"","ast-hfb-above-header-display":"","ast-hfb-below-header-display":"","ast-hfb-mobile-header-display":"","site-post-title":"","ast-breadcrumbs-content":"","ast-featured-img":"","footer-sml-layout":"","theme-transparent-header-meta":"default","adv-header-id-meta":"","stick-header-meta":"","header-above-stick-meta":"","header-main-stick-meta":"","header-below-stick-meta":"","astra-migrate-meta-layouts":"set","ast-page-background-enabled":"default","ast-page-background-meta":{"desktop":{"background-color":"","background-image":"","background-repeat":"repeat","background-position":"center center","background-size":"auto","background-attachment":"scroll","background-type":"","background-media":"","overlay-type":"","overlay-color":"","overlay-opacity":"","overlay-gradient":""},"tablet":{"background-color":"","background-image":"","background-repeat":"repeat","background-position":"center center","background-size":"auto","background-attachment":"scroll","background-type":"","background-media":"","overlay-type":"","overlay-color":"","overlay-opacity":"","overlay-gradient":""},"mobile":{"background-color":"","background-image":"","background-repeat":"repeat","background-position":"center center","background-size":"auto","background-attachment":"scroll","background-type":"","background-media":"","overlay-type":"","overlay-color":"","overlay-opacity":"","overlay-gradient":""}},"ast-content-background-meta":{"desktop":{"background-color":"var(--ast-global-color-5)","background-image":"","background-repeat":"repeat","background-position":"center center","background-size":"auto","background-attachment":"scroll","background-type":"","background-media":"","overlay-type":"","overlay-color":"","overlay-opacity":"","overlay-gradient":""},"tablet":{"background-color":"var(--ast-global-color-5)","background-image":"","background-repeat":"repeat","background-position":"center center","background-size":"auto","background-attachment":"scroll","background-type":"","background-media":"","overlay-type":"","overlay-color":"","overlay-opacity":"","overlay-gradient":""},"mobile":{"background-color":"var(--ast-global-color-5)","background-image":"","background-repeat":"repeat","background-position":"center center","background-size":"auto","background-attachment":"scroll","background-type":"","background-media":"","overlay-type":"","overlay-color":"","overlay-opacity":"","overlay-gradient":""}}},"product_brand":[],"product_cat":[207],"product_tag":[],"class_list":{"0":"post-19360","1":"product","2":"type-product","3":"status-publish","4":"has-post-thumbnail","6":"product_cat-indonesia","7":"desktop-align-left","8":"tablet-align-left","9":"mobile-align-left","11":"first","12":"instock","13":"sale","14":"shipping-taxable","15":"purchasable","16":"product-type-simple","17":"add-to-wishlist-before_image"},"_links":{"self":[{"href":"https:\/\/colligatum.com\/en\/wp-json\/wp\/v2\/product\/19360","targetHints":{"allow":["GET"]}}],"collection":[{"href":"https:\/\/colligatum.com\/en\/wp-json\/wp\/v2\/product"}],"about":[{"href":"https:\/\/colligatum.com\/en\/wp-json\/wp\/v2\/types\/product"}],"version-history":[{"count":1,"href":"https:\/\/colligatum.com\/en\/wp-json\/wp\/v2\/product\/19360\/revisions"}],"predecessor-version":[{"id":19361,"href":"https:\/\/colligatum.com\/en\/wp-json\/wp\/v2\/product\/19360\/revisions\/19361"}],"wp:featuredmedia":[{"embeddable":true,"href":"https:\/\/colligatum.com\/en\/wp-json\/wp\/v2\/media\/19309"}],"wp:attachment":[{"href":"https:\/\/colligatum.com\/en\/wp-json\/wp\/v2\/media?parent=19360"}],"wp:term":[{"taxonomy":"product_brand","embeddable":true,"href":"https:\/\/colligatum.com\/en\/wp-json\/wp\/v2\/product_brand?post=19360"},{"taxonomy":"product_cat","embeddable":true,"href":"https:\/\/colligatum.com\/en\/wp-json\/wp\/v2\/product_cat?post=19360"},{"taxonomy":"product_tag","embeddable":true,"href":"https:\/\/colligatum.com\/en\/wp-json\/wp\/v2\/product_tag?post=19360"}],"curies":[{"name":"wp","href":"https:\/\/api.w.org\/{rel}","templated":true}]}}