{"id":19362,"date":"2025-10-02T16:16:25","date_gmt":"2025-10-02T14:16:25","guid":{"rendered":"https:\/\/colligatum.com\/?post_type=product&#038;p=19362"},"modified":"2025-10-02T16:16:25","modified_gmt":"2025-10-02T14:16:25","slug":"akar-segar","status":"publish","type":"product","link":"https:\/\/colligatum.com\/en\/product\/akar-segar\/","title":{"rendered":"Akar Segar"},"content":{"rendered":"<p><strong data-start=\"238\" data-end=\"252\">Description:<\/strong><br data-start=\"252\" data-end=\"255\" \/>\u201eAkar Segar\u201c \u2013 tai ma\u017eiau \u017einomas indonezieti\u0161k\u0173 kretek cigare\u010di\u0173 prek\u0117s \u017eenklas. Pavadinimas rei\u0161kia \u201e\u0161aknys gaivios\u201c, kas atspindi vietin\u0119 rinkodaros tradicij\u0105 suteikti cigaret\u0117ms nat\u016bralumo ar gamtos motyv\u0173. Pakelis dekoruotas horizontaliomis raudonomis juostel\u0117mis, priekyje yra iliustracija su gamtos elementais, o gale didelis logotipas \u201eAS\u201c auksiniame rate. \u0160is dizainas labiau primena regionin\u0119, smulkesni\u0173 gamintoj\u0173 produkcij\u0105, tod\u0117l pakeliai yra gana reti kolekcionieri\u0173 rinkoje.<\/p>","protected":false},"excerpt":{"rendered":"<p><strong data-start=\"33\" data-end=\"67\">Brand and name:<\/strong> Akar Segar<br data-start=\"78\" data-end=\"81\" \/><strong data-start=\"81\" data-end=\"91\">Size:<\/strong> 16 cigarettes<br data-start=\"104\" data-end=\"107\" \/><strong data-start=\"107\" data-end=\"128\">Country of manufacture:<\/strong> Indonesia<br data-start=\"139\" data-end=\"142\" \/><strong data-start=\"142\" data-end=\"166\" data-is-only-node=\"\">Production period:<\/strong> around 2000\u20132010.<br data-start=\"184\" data-end=\"187\" \/><strong data-start=\"187\" data-end=\"205\">Package type:<\/strong> Kietas pakelis (soft pack)<\/p>","protected":false},"featured_media":19311,"template":"","meta":{"_surecart_dashboard_logo_width":"180px","_surecart_dashboard_show_logo":true,"_surecart_dashboard_navigation_orders":true,"_surecart_dashboard_navigation_invoices":true,"_surecart_dashboard_navigation_subscriptions":true,"_surecart_dashboard_navigation_downloads":true,"_surecart_dashboard_navigation_billing":true,"_surecart_dashboard_navigation_account":true,"site-sidebar-layout":"default","site-content-layout":"","ast-site-content-layout":"default","site-content-style":"default","site-sidebar-style":"default","ast-global-header-display":"","ast-banner-title-visibility":"","ast-main-header-display":"","ast-hfb-above-header-display":"","ast-hfb-below-header-display":"","ast-hfb-mobile-header-display":"","site-post-title":"","ast-breadcrumbs-content":"","ast-featured-img":"","footer-sml-layout":"","theme-transparent-header-meta":"default","adv-header-id-meta":"","stick-header-meta":"","header-above-stick-meta":"","header-main-stick-meta":"","header-below-stick-meta":"","astra-migrate-meta-layouts":"set","ast-page-background-enabled":"default","ast-page-background-meta":{"desktop":{"background-color":"","background-image":"","background-repeat":"repeat","background-position":"center center","background-size":"auto","background-attachment":"scroll","background-type":"","background-media":"","overlay-type":"","overlay-color":"","overlay-opacity":"","overlay-gradient":""},"tablet":{"background-color":"","background-image":"","background-repeat":"repeat","background-position":"center center","background-size":"auto","background-attachment":"scroll","background-type":"","background-media":"","overlay-type":"","overlay-color":"","overlay-opacity":"","overlay-gradient":""},"mobile":{"background-color":"","background-image":"","background-repeat":"repeat","background-position":"center center","background-size":"auto","background-attachment":"scroll","background-type":"","background-media":"","overlay-type":"","overlay-color":"","overlay-opacity":"","overlay-gradient":""}},"ast-content-background-meta":{"desktop":{"background-color":"var(--ast-global-color-5)","background-image":"","background-repeat":"repeat","background-position":"center center","background-size":"auto","background-attachment":"scroll","background-type":"","background-media":"","overlay-type":"","overlay-color":"","overlay-opacity":"","overlay-gradient":""},"tablet":{"background-color":"var(--ast-global-color-5)","background-image":"","background-repeat":"repeat","background-position":"center center","background-size":"auto","background-attachment":"scroll","background-type":"","background-media":"","overlay-type":"","overlay-color":"","overlay-opacity":"","overlay-gradient":""},"mobile":{"background-color":"var(--ast-global-color-5)","background-image":"","background-repeat":"repeat","background-position":"center center","background-size":"auto","background-attachment":"scroll","background-type":"","background-media":"","overlay-type":"","overlay-color":"","overlay-opacity":"","overlay-gradient":""}}},"product_brand":[],"product_cat":[207],"product_tag":[],"class_list":{"0":"post-19362","1":"product","2":"type-product","3":"status-publish","4":"has-post-thumbnail","6":"product_cat-indonesia","7":"desktop-align-left","8":"tablet-align-left","9":"mobile-align-left","11":"first","12":"instock","13":"sale","14":"shipping-taxable","15":"purchasable","16":"product-type-simple","17":"add-to-wishlist-before_image"},"_links":{"self":[{"href":"https:\/\/colligatum.com\/en\/wp-json\/wp\/v2\/product\/19362","targetHints":{"allow":["GET"]}}],"collection":[{"href":"https:\/\/colligatum.com\/en\/wp-json\/wp\/v2\/product"}],"about":[{"href":"https:\/\/colligatum.com\/en\/wp-json\/wp\/v2\/types\/product"}],"version-history":[{"count":1,"href":"https:\/\/colligatum.com\/en\/wp-json\/wp\/v2\/product\/19362\/revisions"}],"predecessor-version":[{"id":19363,"href":"https:\/\/colligatum.com\/en\/wp-json\/wp\/v2\/product\/19362\/revisions\/19363"}],"wp:featuredmedia":[{"embeddable":true,"href":"https:\/\/colligatum.com\/en\/wp-json\/wp\/v2\/media\/19311"}],"wp:attachment":[{"href":"https:\/\/colligatum.com\/en\/wp-json\/wp\/v2\/media?parent=19362"}],"wp:term":[{"taxonomy":"product_brand","embeddable":true,"href":"https:\/\/colligatum.com\/en\/wp-json\/wp\/v2\/product_brand?post=19362"},{"taxonomy":"product_cat","embeddable":true,"href":"https:\/\/colligatum.com\/en\/wp-json\/wp\/v2\/product_cat?post=19362"},{"taxonomy":"product_tag","embeddable":true,"href":"https:\/\/colligatum.com\/en\/wp-json\/wp\/v2\/product_tag?post=19362"}],"curies":[{"name":"wp","href":"https:\/\/api.w.org\/{rel}","templated":true}]}}