{"id":19364,"date":"2025-10-02T16:18:33","date_gmt":"2025-10-02T14:18:33","guid":{"rendered":"https:\/\/colligatum.com\/?post_type=product&#038;p=19364"},"modified":"2025-10-02T16:18:33","modified_gmt":"2025-10-02T14:18:33","slug":"soklat","status":"publish","type":"product","link":"https:\/\/colligatum.com\/en\/product\/soklat\/","title":{"rendered":"Chocolate"},"content":{"rendered":"<p data-start=\"226\" data-end=\"753\">Description:<br data-start=\"236\" data-end=\"239\" \/>\u201eSoklat\u201c \u2013 tai kretek tipo (su gvazdik\u0117liais) cigaret\u0117s, gamintos Indonezijoje. Pavadinimas \u201eSoklat\u201c kil\u0119s i\u0161 \u017eod\u017eio \u201echocolate\u201c (\u0161okoladas), tod\u0117l \u0161is prekinis \u017eenklas buvo siejamas su sald\u017eiu ir aromatingu skoniu. Pakelis minimalistinio dizaino, nat\u016bralios popieriaus spalvos, su centrine puodelio emblema, raudonais r\u0117meliais ir u\u017era\u0161u \u201e12 Sigaret Kretek\u201c. Priekin\u0117je pus\u0117je ai\u0161kiai matomas sveikatos \u012fsp\u0117jimas indonezie\u010di\u0173 kalba. Ant \u0161ono \u2013 gamintojo \u201ePT. KALIMAS AGUNG\u201c u\u017era\u0161as, bei vietinis akcizo \u017eenklas.<\/p>\n<p data-start=\"755\" data-end=\"1316\">Value assessment:<br data-start=\"774\" data-end=\"777\" \/>Kolekcin\u0117 vert\u0117: Vidutin\u0117, kadangi tai n\u0117ra vienas i\u0161 pagrindini\u0173 tarptautiniu mastu \u017einom\u0173 Indonezijos preki\u0173 \u017eenkl\u0173 (tokie kaip Gudang Garam ar Djarum), ta\u010diau \u012fdomus kaip ni\u0161inis egzempliorius kolekcijoms.<br data-start=\"985\" data-end=\"988\" \/>B\u016bkl\u0117s vertinimas: Labai gera \u2013 pakelis pilnai u\u017eklijuotas, celofanas nepa\u017eeistas, akcizo \u017eenklas i\u0161lik\u0119s.<br data-start=\"1094\" data-end=\"1097\" \/>Istoriniai duomenys ir populiarumas: \u0160is tipas buvo gaminamas vietinei rinkai, eksportas labai ribotas. Tod\u0117l u\u017e Indonezijos rib\u0173 \u201eSoklat\u201c pakeliai pasitaiko retai, kas suteikia jam papildom\u0105 vert\u0119 kolekcinink\u0173 tarpe.<\/p>","protected":false},"excerpt":{"rendered":"<p>Prek\u0117s \u017eenklas ir pavadinimas: Soklat<br data-start=\"37\" data-end=\"40\" \/>Size: 12 cigarettes<br data-start=\"59\" data-end=\"62\" \/>Country of manufacture: Indonesia<br data-start=\"87\" data-end=\"90\" \/>Production period: late 20th century \u2013 early 21st century.<br data-start=\"134\" data-end=\"137\" \/>Pakeli\u0173 tipas: Kietas pakelis, originaliai u\u017eklijuotas akciziniu lipduku ir celofanu.<\/p>","protected":false},"featured_media":19313,"template":"","meta":{"_surecart_dashboard_logo_width":"180px","_surecart_dashboard_show_logo":true,"_surecart_dashboard_navigation_orders":true,"_surecart_dashboard_navigation_invoices":true,"_surecart_dashboard_navigation_subscriptions":true,"_surecart_dashboard_navigation_downloads":true,"_surecart_dashboard_navigation_billing":true,"_surecart_dashboard_navigation_account":true,"site-sidebar-layout":"default","site-content-layout":"","ast-site-content-layout":"default","site-content-style":"default","site-sidebar-style":"default","ast-global-header-display":"","ast-banner-title-visibility":"","ast-main-header-display":"","ast-hfb-above-header-display":"","ast-hfb-below-header-display":"","ast-hfb-mobile-header-display":"","site-post-title":"","ast-breadcrumbs-content":"","ast-featured-img":"","footer-sml-layout":"","theme-transparent-header-meta":"default","adv-header-id-meta":"","stick-header-meta":"","header-above-stick-meta":"","header-main-stick-meta":"","header-below-stick-meta":"","astra-migrate-meta-layouts":"set","ast-page-background-enabled":"default","ast-page-background-meta":{"desktop":{"background-color":"","background-image":"","background-repeat":"repeat","background-position":"center center","background-size":"auto","background-attachment":"scroll","background-type":"","background-media":"","overlay-type":"","overlay-color":"","overlay-opacity":"","overlay-gradient":""},"tablet":{"background-color":"","background-image":"","background-repeat":"repeat","background-position":"center center","background-size":"auto","background-attachment":"scroll","background-type":"","background-media":"","overlay-type":"","overlay-color":"","overlay-opacity":"","overlay-gradient":""},"mobile":{"background-color":"","background-image":"","background-repeat":"repeat","background-position":"center center","background-size":"auto","background-attachment":"scroll","background-type":"","background-media":"","overlay-type":"","overlay-color":"","overlay-opacity":"","overlay-gradient":""}},"ast-content-background-meta":{"desktop":{"background-color":"var(--ast-global-color-5)","background-image":"","background-repeat":"repeat","background-position":"center center","background-size":"auto","background-attachment":"scroll","background-type":"","background-media":"","overlay-type":"","overlay-color":"","overlay-opacity":"","overlay-gradient":""},"tablet":{"background-color":"var(--ast-global-color-5)","background-image":"","background-repeat":"repeat","background-position":"center center","background-size":"auto","background-attachment":"scroll","background-type":"","background-media":"","overlay-type":"","overlay-color":"","overlay-opacity":"","overlay-gradient":""},"mobile":{"background-color":"var(--ast-global-color-5)","background-image":"","background-repeat":"repeat","background-position":"center center","background-size":"auto","background-attachment":"scroll","background-type":"","background-media":"","overlay-type":"","overlay-color":"","overlay-opacity":"","overlay-gradient":""}}},"product_brand":[],"product_cat":[207],"product_tag":[],"class_list":{"0":"post-19364","1":"product","2":"type-product","3":"status-publish","4":"has-post-thumbnail","6":"product_cat-indonesia","7":"desktop-align-left","8":"tablet-align-left","9":"mobile-align-left","11":"first","12":"instock","13":"sale","14":"shipping-taxable","15":"purchasable","16":"product-type-simple","17":"add-to-wishlist-before_image"},"_links":{"self":[{"href":"https:\/\/colligatum.com\/en\/wp-json\/wp\/v2\/product\/19364","targetHints":{"allow":["GET"]}}],"collection":[{"href":"https:\/\/colligatum.com\/en\/wp-json\/wp\/v2\/product"}],"about":[{"href":"https:\/\/colligatum.com\/en\/wp-json\/wp\/v2\/types\/product"}],"version-history":[{"count":1,"href":"https:\/\/colligatum.com\/en\/wp-json\/wp\/v2\/product\/19364\/revisions"}],"predecessor-version":[{"id":19365,"href":"https:\/\/colligatum.com\/en\/wp-json\/wp\/v2\/product\/19364\/revisions\/19365"}],"wp:featuredmedia":[{"embeddable":true,"href":"https:\/\/colligatum.com\/en\/wp-json\/wp\/v2\/media\/19313"}],"wp:attachment":[{"href":"https:\/\/colligatum.com\/en\/wp-json\/wp\/v2\/media?parent=19364"}],"wp:term":[{"taxonomy":"product_brand","embeddable":true,"href":"https:\/\/colligatum.com\/en\/wp-json\/wp\/v2\/product_brand?post=19364"},{"taxonomy":"product_cat","embeddable":true,"href":"https:\/\/colligatum.com\/en\/wp-json\/wp\/v2\/product_cat?post=19364"},{"taxonomy":"product_tag","embeddable":true,"href":"https:\/\/colligatum.com\/en\/wp-json\/wp\/v2\/product_tag?post=19364"}],"curies":[{"name":"wp","href":"https:\/\/api.w.org\/{rel}","templated":true}]}}