{"id":19439,"date":"2025-10-02T16:35:58","date_gmt":"2025-10-02T14:35:58","guid":{"rendered":"https:\/\/colligatum.com\/?post_type=product&#038;p=19439"},"modified":"2025-10-02T16:35:58","modified_gmt":"2025-10-02T14:35:58","slug":"piyagam-emas","status":"publish","type":"product","link":"https:\/\/colligatum.com\/en\/product\/piyagam-emas\/","title":{"rendered":"Piyagam Ema"},"content":{"rendered":"<p><strong data-start=\"261\" data-end=\"275\">Description:<\/strong><br data-start=\"275\" data-end=\"278\" \/>Piyagam Emas \u2013 tai indonezieti\u0161kos kretek tipo cigaret\u0117s, supakuotos \u012f auksin\u0117s spalvos kiet\u0105 pakel\u012f. Ant priekin\u0117s pus\u0117s dideliu \u0161riftu u\u017era\u0161ytas pavadinimas \u201ePiyagam Emas\u201c, vir\u0161uje pavaizduotas logotipas su dekoratyviniu simboliu. Dizainas minimalus, pagrindin\u0117 auksin\u0117 spalva simbolizuoja \u201eEmas\u201c (auks\u0105), pabr\u0117\u017eiant auk\u0161tesn\u0119 klas\u0119. Apatin\u0117je dalyje nurodytas kiekis \u2013 12 \u201esigaret kretek\u201c. Pakelio \u0161one matomas akcizo \u017eenklas \u201e2000\u201c, patvirtinantis pagaminimo laikotarp\u012f. Ant nugarin\u0117s pus\u0117s pateiktas \u012fsp\u0117jimas apie r\u016bkymo \u017eal\u0105 sveikatai.<\/p>","protected":false},"excerpt":{"rendered":"<p><strong data-start=\"33\" data-end=\"67\">Brand and name:<\/strong> Piyagam Ema<br data-start=\"80\" data-end=\"83\" \/><strong data-start=\"83\" data-end=\"93\">Size:<\/strong> 12 cigarettes<br data-start=\"106\" data-end=\"109\" \/><strong data-start=\"109\" data-end=\"126\">Country of origin:<\/strong> Indonesia<br data-start=\"137\" data-end=\"140\" \/><strong data-start=\"140\" data-end=\"164\" data-is-only-node=\"\">Production period:<\/strong> Apie 2000-ieji metai (pagal dizain\u0105 ir akcizo banderol\u0119)<br data-start=\"221\" data-end=\"224\" \/><strong data-start=\"224\" data-end=\"242\">Package type:<\/strong> Hard pack<\/p>","protected":false},"featured_media":19381,"template":"","meta":{"_surecart_dashboard_logo_width":"180px","_surecart_dashboard_show_logo":true,"_surecart_dashboard_navigation_orders":true,"_surecart_dashboard_navigation_invoices":true,"_surecart_dashboard_navigation_subscriptions":true,"_surecart_dashboard_navigation_downloads":true,"_surecart_dashboard_navigation_billing":true,"_surecart_dashboard_navigation_account":true,"site-sidebar-layout":"default","site-content-layout":"","ast-site-content-layout":"default","site-content-style":"default","site-sidebar-style":"default","ast-global-header-display":"","ast-banner-title-visibility":"","ast-main-header-display":"","ast-hfb-above-header-display":"","ast-hfb-below-header-display":"","ast-hfb-mobile-header-display":"","site-post-title":"","ast-breadcrumbs-content":"","ast-featured-img":"","footer-sml-layout":"","theme-transparent-header-meta":"default","adv-header-id-meta":"","stick-header-meta":"","header-above-stick-meta":"","header-main-stick-meta":"","header-below-stick-meta":"","astra-migrate-meta-layouts":"set","ast-page-background-enabled":"default","ast-page-background-meta":{"desktop":{"background-color":"","background-image":"","background-repeat":"repeat","background-position":"center center","background-size":"auto","background-attachment":"scroll","background-type":"","background-media":"","overlay-type":"","overlay-color":"","overlay-opacity":"","overlay-gradient":""},"tablet":{"background-color":"","background-image":"","background-repeat":"repeat","background-position":"center center","background-size":"auto","background-attachment":"scroll","background-type":"","background-media":"","overlay-type":"","overlay-color":"","overlay-opacity":"","overlay-gradient":""},"mobile":{"background-color":"","background-image":"","background-repeat":"repeat","background-position":"center center","background-size":"auto","background-attachment":"scroll","background-type":"","background-media":"","overlay-type":"","overlay-color":"","overlay-opacity":"","overlay-gradient":""}},"ast-content-background-meta":{"desktop":{"background-color":"var(--ast-global-color-5)","background-image":"","background-repeat":"repeat","background-position":"center center","background-size":"auto","background-attachment":"scroll","background-type":"","background-media":"","overlay-type":"","overlay-color":"","overlay-opacity":"","overlay-gradient":""},"tablet":{"background-color":"var(--ast-global-color-5)","background-image":"","background-repeat":"repeat","background-position":"center center","background-size":"auto","background-attachment":"scroll","background-type":"","background-media":"","overlay-type":"","overlay-color":"","overlay-opacity":"","overlay-gradient":""},"mobile":{"background-color":"var(--ast-global-color-5)","background-image":"","background-repeat":"repeat","background-position":"center center","background-size":"auto","background-attachment":"scroll","background-type":"","background-media":"","overlay-type":"","overlay-color":"","overlay-opacity":"","overlay-gradient":""}}},"product_brand":[],"product_cat":[207],"product_tag":[],"class_list":{"0":"post-19439","1":"product","2":"type-product","3":"status-publish","4":"has-post-thumbnail","6":"product_cat-indonesia","7":"desktop-align-left","8":"tablet-align-left","9":"mobile-align-left","11":"first","12":"instock","13":"sale","14":"shipping-taxable","15":"purchasable","16":"product-type-simple","17":"add-to-wishlist-before_image"},"_links":{"self":[{"href":"https:\/\/colligatum.com\/en\/wp-json\/wp\/v2\/product\/19439","targetHints":{"allow":["GET"]}}],"collection":[{"href":"https:\/\/colligatum.com\/en\/wp-json\/wp\/v2\/product"}],"about":[{"href":"https:\/\/colligatum.com\/en\/wp-json\/wp\/v2\/types\/product"}],"version-history":[{"count":1,"href":"https:\/\/colligatum.com\/en\/wp-json\/wp\/v2\/product\/19439\/revisions"}],"predecessor-version":[{"id":19440,"href":"https:\/\/colligatum.com\/en\/wp-json\/wp\/v2\/product\/19439\/revisions\/19440"}],"wp:featuredmedia":[{"embeddable":true,"href":"https:\/\/colligatum.com\/en\/wp-json\/wp\/v2\/media\/19381"}],"wp:attachment":[{"href":"https:\/\/colligatum.com\/en\/wp-json\/wp\/v2\/media?parent=19439"}],"wp:term":[{"taxonomy":"product_brand","embeddable":true,"href":"https:\/\/colligatum.com\/en\/wp-json\/wp\/v2\/product_brand?post=19439"},{"taxonomy":"product_cat","embeddable":true,"href":"https:\/\/colligatum.com\/en\/wp-json\/wp\/v2\/product_cat?post=19439"},{"taxonomy":"product_tag","embeddable":true,"href":"https:\/\/colligatum.com\/en\/wp-json\/wp\/v2\/product_tag?post=19439"}],"curies":[{"name":"wp","href":"https:\/\/api.w.org\/{rel}","templated":true}]}}