{"id":19441,"date":"2025-10-02T16:37:16","date_gmt":"2025-10-02T14:37:16","guid":{"rendered":"https:\/\/colligatum.com\/?post_type=product&#038;p=19441"},"modified":"2025-10-02T16:37:17","modified_gmt":"2025-10-02T14:37:17","slug":"srintil","status":"publish","type":"product","link":"https:\/\/colligatum.com\/en\/product\/srintil\/","title":{"rendered":"Srinivasan"},"content":{"rendered":"<p data-start=\"277\" data-end=\"809\"><strong data-start=\"277\" data-end=\"291\">Description:<\/strong><br data-start=\"291\" data-end=\"294\" \/>Srintil \u2013 tai tradicin\u0117s indonezieti\u0161kos kretek cigaret\u0117s. Pakelis ry\u0161kiai oran\u017ein\u0117s spalvos, priekyje pavaizduotas tabako lap\u0173 pluo\u0161tas, vir\u0161uje ir apa\u010dioje u\u017era\u0161as \u201e12 sigaret kretek\u201c. Pavadinimas \u201eSrintil\u201c pateiktas stambiu \u0161riftu. Ant nugarin\u0117s pus\u0117s \u012fr\u0117mintame lauke pateiktas apra\u0161ymas apie gamin\u012f, pabr\u0117\u017eiantis, kad tai kruop\u0161\u010diai atrinkt\u0173 tabako ir gvazdik\u0117li\u0173 mi\u0161inys. \u0160one nurodyta gamintojo vietov\u0117 \u2013 Pati, Indonezija. Ant nugarin\u0117s pus\u0117s taip pat yra standartinis \u012fsp\u0117jimas apie r\u016bkymo \u017eal\u0105 sveikatai.<\/p>\n<p data-start=\"811\" data-end=\"1034\"><strong data-start=\"811\" data-end=\"834\">Value assessment:<\/strong><br data-start=\"834\" data-end=\"837\" \/>\u0160is pakelis priklauso prie paprastesnio dizaino regionini\u0173 indonezieti\u0161k\u0173 preki\u0173 \u017eenkl\u0173, kurie buvo daugiausia skirti vietinei rinkai.<\/p>","protected":false},"excerpt":{"rendered":"<p><strong data-start=\"33\" data-end=\"67\">Brand and name:<\/strong> Srinivasan<br data-start=\"75\" data-end=\"78\" \/><strong data-start=\"78\" data-end=\"88\">Size:<\/strong> 12 cigarettes<br data-start=\"101\" data-end=\"104\" \/><strong data-start=\"104\" data-end=\"121\">Country of origin:<\/strong> Indonesia<br data-start=\"132\" data-end=\"135\" \/><strong data-start=\"135\" data-end=\"159\" data-is-only-node=\"\">Production period:<\/strong> Apie 1990\u20132000-ieji metai (pagal dizain\u0105, paprast\u0105 spaud\u0105 ir \u012fsp\u0117jimo u\u017era\u0161\u0105)<br data-start=\"237\" data-end=\"240\" \/><strong data-start=\"240\" data-end=\"258\">Package type:<\/strong> Hard pack<\/p>","protected":false},"featured_media":19383,"template":"","meta":{"_surecart_dashboard_logo_width":"180px","_surecart_dashboard_show_logo":true,"_surecart_dashboard_navigation_orders":true,"_surecart_dashboard_navigation_invoices":true,"_surecart_dashboard_navigation_subscriptions":true,"_surecart_dashboard_navigation_downloads":true,"_surecart_dashboard_navigation_billing":true,"_surecart_dashboard_navigation_account":true,"site-sidebar-layout":"default","site-content-layout":"","ast-site-content-layout":"default","site-content-style":"default","site-sidebar-style":"default","ast-global-header-display":"","ast-banner-title-visibility":"","ast-main-header-display":"","ast-hfb-above-header-display":"","ast-hfb-below-header-display":"","ast-hfb-mobile-header-display":"","site-post-title":"","ast-breadcrumbs-content":"","ast-featured-img":"","footer-sml-layout":"","theme-transparent-header-meta":"default","adv-header-id-meta":"","stick-header-meta":"","header-above-stick-meta":"","header-main-stick-meta":"","header-below-stick-meta":"","astra-migrate-meta-layouts":"set","ast-page-background-enabled":"default","ast-page-background-meta":{"desktop":{"background-color":"","background-image":"","background-repeat":"repeat","background-position":"center center","background-size":"auto","background-attachment":"scroll","background-type":"","background-media":"","overlay-type":"","overlay-color":"","overlay-opacity":"","overlay-gradient":""},"tablet":{"background-color":"","background-image":"","background-repeat":"repeat","background-position":"center center","background-size":"auto","background-attachment":"scroll","background-type":"","background-media":"","overlay-type":"","overlay-color":"","overlay-opacity":"","overlay-gradient":""},"mobile":{"background-color":"","background-image":"","background-repeat":"repeat","background-position":"center center","background-size":"auto","background-attachment":"scroll","background-type":"","background-media":"","overlay-type":"","overlay-color":"","overlay-opacity":"","overlay-gradient":""}},"ast-content-background-meta":{"desktop":{"background-color":"var(--ast-global-color-5)","background-image":"","background-repeat":"repeat","background-position":"center center","background-size":"auto","background-attachment":"scroll","background-type":"","background-media":"","overlay-type":"","overlay-color":"","overlay-opacity":"","overlay-gradient":""},"tablet":{"background-color":"var(--ast-global-color-5)","background-image":"","background-repeat":"repeat","background-position":"center center","background-size":"auto","background-attachment":"scroll","background-type":"","background-media":"","overlay-type":"","overlay-color":"","overlay-opacity":"","overlay-gradient":""},"mobile":{"background-color":"var(--ast-global-color-5)","background-image":"","background-repeat":"repeat","background-position":"center center","background-size":"auto","background-attachment":"scroll","background-type":"","background-media":"","overlay-type":"","overlay-color":"","overlay-opacity":"","overlay-gradient":""}}},"product_brand":[],"product_cat":[207],"product_tag":[],"class_list":{"0":"post-19441","1":"product","2":"type-product","3":"status-publish","4":"has-post-thumbnail","6":"product_cat-indonesia","7":"desktop-align-left","8":"tablet-align-left","9":"mobile-align-left","11":"first","12":"instock","13":"sale","14":"shipping-taxable","15":"purchasable","16":"product-type-simple","17":"add-to-wishlist-before_image"},"_links":{"self":[{"href":"https:\/\/colligatum.com\/en\/wp-json\/wp\/v2\/product\/19441","targetHints":{"allow":["GET"]}}],"collection":[{"href":"https:\/\/colligatum.com\/en\/wp-json\/wp\/v2\/product"}],"about":[{"href":"https:\/\/colligatum.com\/en\/wp-json\/wp\/v2\/types\/product"}],"version-history":[{"count":1,"href":"https:\/\/colligatum.com\/en\/wp-json\/wp\/v2\/product\/19441\/revisions"}],"predecessor-version":[{"id":19442,"href":"https:\/\/colligatum.com\/en\/wp-json\/wp\/v2\/product\/19441\/revisions\/19442"}],"wp:featuredmedia":[{"embeddable":true,"href":"https:\/\/colligatum.com\/en\/wp-json\/wp\/v2\/media\/19383"}],"wp:attachment":[{"href":"https:\/\/colligatum.com\/en\/wp-json\/wp\/v2\/media?parent=19441"}],"wp:term":[{"taxonomy":"product_brand","embeddable":true,"href":"https:\/\/colligatum.com\/en\/wp-json\/wp\/v2\/product_brand?post=19441"},{"taxonomy":"product_cat","embeddable":true,"href":"https:\/\/colligatum.com\/en\/wp-json\/wp\/v2\/product_cat?post=19441"},{"taxonomy":"product_tag","embeddable":true,"href":"https:\/\/colligatum.com\/en\/wp-json\/wp\/v2\/product_tag?post=19441"}],"curies":[{"name":"wp","href":"https:\/\/api.w.org\/{rel}","templated":true}]}}