{"id":19443,"date":"2025-10-02T16:38:06","date_gmt":"2025-10-02T14:38:06","guid":{"rendered":"https:\/\/colligatum.com\/?post_type=product&#038;p=19443"},"modified":"2025-10-02T16:38:07","modified_gmt":"2025-10-02T14:38:07","slug":"untung-mas-2","status":"publish","type":"product","link":"https:\/\/colligatum.com\/en\/product\/untung-mas-2\/","title":{"rendered":"Good luck"},"content":{"rendered":"<p data-start=\"279\" data-end=\"827\"><strong data-start=\"279\" data-end=\"293\">Description:<\/strong><br data-start=\"293\" data-end=\"296\" \/>Untung Mas \u2013 indonezieti\u0161kos kretek cigaret\u0117s, supakuotos \u012f ry\u0161kiai m\u0117lynos spalvos kiet\u0105 pakel\u012f. Priekin\u0117je pus\u0117je ai\u0161kiai matomas pavadinimas \u201eUntung Mas\u201c raudonomis raid\u0117mis, apa\u010dioje \u2013 u\u017era\u0161as \u201e12 Sigaret Kretek\u201c. Vir\u0161uje \u012fkomponuotas papildomas \u017eenklas su \u201eSuper\u201c ir \u201eMade in Indonesia\u201c. Nugarin\u0117je pus\u0117je pateiktas trumpas apra\u0161ymas indonezie\u010di\u0173 kalba, kuriame pabr\u0117\u017eiama tabako, gvazdik\u0117li\u0173 ir speciali\u0173 prieskoni\u0173 kombinacija, sukurianti savit\u0105 skon\u012f ir aromat\u0105. Apatin\u0117je dalyje yra \u012fsp\u0117jimas apie r\u016bkymo \u017eal\u0105 sveikatai.<\/p>\n<p data-start=\"829\" data-end=\"1004\"><strong data-start=\"829\" data-end=\"852\">Value assessment:<\/strong><br data-start=\"852\" data-end=\"855\" \/>Untung Mas pakelis priklauso vietiniams Indonezijos kretek preki\u0173 \u017eenklams, kurie nebuvo pla\u010diai eksportuojami, tod\u0117l Europoje jie pasitaiko retai.<\/p>\n<ul data-start=\"1005\" data-end=\"1358\">\n<li data-start=\"1005\" data-end=\"1094\">\n<p data-start=\"1007\" data-end=\"1094\">\n<\/li>\n<\/ul>","protected":false},"excerpt":{"rendered":"<p><strong data-start=\"33\" data-end=\"67\">Brand and name:<\/strong> Good luck<br data-start=\"78\" data-end=\"81\" \/><strong data-start=\"81\" data-end=\"91\">Size:<\/strong> 12 cigarettes<br data-start=\"104\" data-end=\"107\" \/><strong data-start=\"107\" data-end=\"124\">Country of origin:<\/strong> Indonesia<br data-start=\"135\" data-end=\"138\" \/><strong data-start=\"138\" data-end=\"162\" data-is-only-node=\"\">Production period:<\/strong> Apie 1990\u20132000-ieji metai (pagal dizain\u0105, paprast\u0105 spaud\u0105 ir akcizo \u017eenklus)<br data-start=\"239\" data-end=\"242\" \/><strong data-start=\"242\" data-end=\"260\">Package type:<\/strong> Hard pack<\/p>","protected":false},"featured_media":19386,"template":"","meta":{"_surecart_dashboard_logo_width":"180px","_surecart_dashboard_show_logo":true,"_surecart_dashboard_navigation_orders":true,"_surecart_dashboard_navigation_invoices":true,"_surecart_dashboard_navigation_subscriptions":true,"_surecart_dashboard_navigation_downloads":true,"_surecart_dashboard_navigation_billing":true,"_surecart_dashboard_navigation_account":true,"site-sidebar-layout":"default","site-content-layout":"","ast-site-content-layout":"default","site-content-style":"default","site-sidebar-style":"default","ast-global-header-display":"","ast-banner-title-visibility":"","ast-main-header-display":"","ast-hfb-above-header-display":"","ast-hfb-below-header-display":"","ast-hfb-mobile-header-display":"","site-post-title":"","ast-breadcrumbs-content":"","ast-featured-img":"","footer-sml-layout":"","theme-transparent-header-meta":"default","adv-header-id-meta":"","stick-header-meta":"","header-above-stick-meta":"","header-main-stick-meta":"","header-below-stick-meta":"","astra-migrate-meta-layouts":"set","ast-page-background-enabled":"default","ast-page-background-meta":{"desktop":{"background-color":"","background-image":"","background-repeat":"repeat","background-position":"center center","background-size":"auto","background-attachment":"scroll","background-type":"","background-media":"","overlay-type":"","overlay-color":"","overlay-opacity":"","overlay-gradient":""},"tablet":{"background-color":"","background-image":"","background-repeat":"repeat","background-position":"center center","background-size":"auto","background-attachment":"scroll","background-type":"","background-media":"","overlay-type":"","overlay-color":"","overlay-opacity":"","overlay-gradient":""},"mobile":{"background-color":"","background-image":"","background-repeat":"repeat","background-position":"center center","background-size":"auto","background-attachment":"scroll","background-type":"","background-media":"","overlay-type":"","overlay-color":"","overlay-opacity":"","overlay-gradient":""}},"ast-content-background-meta":{"desktop":{"background-color":"var(--ast-global-color-5)","background-image":"","background-repeat":"repeat","background-position":"center center","background-size":"auto","background-attachment":"scroll","background-type":"","background-media":"","overlay-type":"","overlay-color":"","overlay-opacity":"","overlay-gradient":""},"tablet":{"background-color":"var(--ast-global-color-5)","background-image":"","background-repeat":"repeat","background-position":"center center","background-size":"auto","background-attachment":"scroll","background-type":"","background-media":"","overlay-type":"","overlay-color":"","overlay-opacity":"","overlay-gradient":""},"mobile":{"background-color":"var(--ast-global-color-5)","background-image":"","background-repeat":"repeat","background-position":"center center","background-size":"auto","background-attachment":"scroll","background-type":"","background-media":"","overlay-type":"","overlay-color":"","overlay-opacity":"","overlay-gradient":""}}},"product_brand":[],"product_cat":[207],"product_tag":[],"class_list":{"0":"post-19443","1":"product","2":"type-product","3":"status-publish","4":"has-post-thumbnail","6":"product_cat-indonesia","7":"desktop-align-left","8":"tablet-align-left","9":"mobile-align-left","11":"first","12":"instock","13":"sale","14":"shipping-taxable","15":"purchasable","16":"product-type-simple","17":"add-to-wishlist-before_image"},"_links":{"self":[{"href":"https:\/\/colligatum.com\/en\/wp-json\/wp\/v2\/product\/19443","targetHints":{"allow":["GET"]}}],"collection":[{"href":"https:\/\/colligatum.com\/en\/wp-json\/wp\/v2\/product"}],"about":[{"href":"https:\/\/colligatum.com\/en\/wp-json\/wp\/v2\/types\/product"}],"version-history":[{"count":1,"href":"https:\/\/colligatum.com\/en\/wp-json\/wp\/v2\/product\/19443\/revisions"}],"predecessor-version":[{"id":19444,"href":"https:\/\/colligatum.com\/en\/wp-json\/wp\/v2\/product\/19443\/revisions\/19444"}],"wp:featuredmedia":[{"embeddable":true,"href":"https:\/\/colligatum.com\/en\/wp-json\/wp\/v2\/media\/19386"}],"wp:attachment":[{"href":"https:\/\/colligatum.com\/en\/wp-json\/wp\/v2\/media?parent=19443"}],"wp:term":[{"taxonomy":"product_brand","embeddable":true,"href":"https:\/\/colligatum.com\/en\/wp-json\/wp\/v2\/product_brand?post=19443"},{"taxonomy":"product_cat","embeddable":true,"href":"https:\/\/colligatum.com\/en\/wp-json\/wp\/v2\/product_cat?post=19443"},{"taxonomy":"product_tag","embeddable":true,"href":"https:\/\/colligatum.com\/en\/wp-json\/wp\/v2\/product_tag?post=19443"}],"curies":[{"name":"wp","href":"https:\/\/api.w.org\/{rel}","templated":true}]}}