{"id":19445,"date":"2025-10-02T16:39:06","date_gmt":"2025-10-02T14:39:06","guid":{"rendered":"https:\/\/colligatum.com\/?post_type=product&#038;p=19445"},"modified":"2025-10-02T16:39:06","modified_gmt":"2025-10-02T14:39:06","slug":"srintil-2","status":"publish","type":"product","link":"https:\/\/colligatum.com\/en\/product\/srintil-2\/","title":{"rendered":"Srinivasan"},"content":{"rendered":"<p data-start=\"232\" data-end=\"702\"><strong data-start=\"232\" data-end=\"246\">Description:<\/strong><br data-start=\"246\" data-end=\"249\" \/>\u0160is \u201eSrintil\u201c pakelis yra klasikin\u0117s rudos-oran\u017ein\u0117s spalvos, minimalistinio dizaino. Priekyje vaizduojamas tabako lapas, pavadinimas \u201eSRINTIL\u201c atspausdintas ry\u0161kiu \u0161riftu. Ant nugar\u0117l\u0117s pateiktas gamintojo apra\u0161ymas apie tabako ir prieskoni\u0173 derin\u012f, b\u016bding\u0105 kretek cigaret\u0117ms. Tai tipinis indonezieti\u0161kas produktas, i\u0161laik\u0119s tradicin\u012f vizualin\u012f identitet\u0105 \u2013 paprastas, bet atpa\u017e\u012fstamas dizainas. \u012esp\u0117jimas apie r\u016bkymo \u017eal\u0105 pateiktas indonezie\u010di\u0173 kalba.<\/p>\n<p data-start=\"704\" data-end=\"1036\"><strong data-start=\"704\" data-end=\"727\">Value assessment:<\/strong><br data-start=\"727\" data-end=\"730\" \/>Indonezijos \u201ekretek\u201c (gvazdik\u0117li\u0173) cigare\u010di\u0173 pakeliai, ypa\u010d ma\u017eesni\u0173 vietini\u0173 gamintoj\u0173 kaip \u201eSrintil\u201c, tarptautin\u0117je kolekcinink\u0173 rinkoje n\u0117ra labai da\u017eni, ta\u010diau ir n\u0117ra labai paklaus\u016bs kaip garsesni preki\u0173 \u017eenklai (\u201eGudang Garam\u201c, \u201eDjarum\u201c). Tokie pakeliai da\u017eniausiai parduodami kolekcij\u0173 papildymui.<\/p>","protected":false},"excerpt":{"rendered":"<p><strong data-start=\"31\" data-end=\"65\">Brand and name:<\/strong> Srinivasan<br data-start=\"73\" data-end=\"76\" \/><strong data-start=\"76\" data-end=\"86\">Size:<\/strong> 12 cigarettes<br data-start=\"99\" data-end=\"102\" \/><strong data-start=\"102\" data-end=\"119\">Country of origin:<\/strong> Indonesia<br data-start=\"130\" data-end=\"133\" \/><strong data-start=\"133\" data-end=\"157\" data-is-only-node=\"\">Production period:<\/strong> Late 20th century \u2013 early 21st century.<br data-start=\"181\" data-end=\"184\" \/><strong data-start=\"184\" data-end=\"202\">Package type:<\/strong> Hard cardboard package<\/p>","protected":false},"featured_media":19388,"template":"","meta":{"_surecart_dashboard_logo_width":"180px","_surecart_dashboard_show_logo":true,"_surecart_dashboard_navigation_orders":true,"_surecart_dashboard_navigation_invoices":true,"_surecart_dashboard_navigation_subscriptions":true,"_surecart_dashboard_navigation_downloads":true,"_surecart_dashboard_navigation_billing":true,"_surecart_dashboard_navigation_account":true,"site-sidebar-layout":"default","site-content-layout":"","ast-site-content-layout":"default","site-content-style":"default","site-sidebar-style":"default","ast-global-header-display":"","ast-banner-title-visibility":"","ast-main-header-display":"","ast-hfb-above-header-display":"","ast-hfb-below-header-display":"","ast-hfb-mobile-header-display":"","site-post-title":"","ast-breadcrumbs-content":"","ast-featured-img":"","footer-sml-layout":"","theme-transparent-header-meta":"default","adv-header-id-meta":"","stick-header-meta":"","header-above-stick-meta":"","header-main-stick-meta":"","header-below-stick-meta":"","astra-migrate-meta-layouts":"set","ast-page-background-enabled":"default","ast-page-background-meta":{"desktop":{"background-color":"","background-image":"","background-repeat":"repeat","background-position":"center center","background-size":"auto","background-attachment":"scroll","background-type":"","background-media":"","overlay-type":"","overlay-color":"","overlay-opacity":"","overlay-gradient":""},"tablet":{"background-color":"","background-image":"","background-repeat":"repeat","background-position":"center center","background-size":"auto","background-attachment":"scroll","background-type":"","background-media":"","overlay-type":"","overlay-color":"","overlay-opacity":"","overlay-gradient":""},"mobile":{"background-color":"","background-image":"","background-repeat":"repeat","background-position":"center center","background-size":"auto","background-attachment":"scroll","background-type":"","background-media":"","overlay-type":"","overlay-color":"","overlay-opacity":"","overlay-gradient":""}},"ast-content-background-meta":{"desktop":{"background-color":"var(--ast-global-color-5)","background-image":"","background-repeat":"repeat","background-position":"center center","background-size":"auto","background-attachment":"scroll","background-type":"","background-media":"","overlay-type":"","overlay-color":"","overlay-opacity":"","overlay-gradient":""},"tablet":{"background-color":"var(--ast-global-color-5)","background-image":"","background-repeat":"repeat","background-position":"center center","background-size":"auto","background-attachment":"scroll","background-type":"","background-media":"","overlay-type":"","overlay-color":"","overlay-opacity":"","overlay-gradient":""},"mobile":{"background-color":"var(--ast-global-color-5)","background-image":"","background-repeat":"repeat","background-position":"center center","background-size":"auto","background-attachment":"scroll","background-type":"","background-media":"","overlay-type":"","overlay-color":"","overlay-opacity":"","overlay-gradient":""}}},"product_brand":[],"product_cat":[207],"product_tag":[],"class_list":{"0":"post-19445","1":"product","2":"type-product","3":"status-publish","4":"has-post-thumbnail","6":"product_cat-indonesia","7":"desktop-align-left","8":"tablet-align-left","9":"mobile-align-left","11":"first","12":"instock","13":"sale","14":"shipping-taxable","15":"purchasable","16":"product-type-simple","17":"add-to-wishlist-before_image"},"_links":{"self":[{"href":"https:\/\/colligatum.com\/en\/wp-json\/wp\/v2\/product\/19445","targetHints":{"allow":["GET"]}}],"collection":[{"href":"https:\/\/colligatum.com\/en\/wp-json\/wp\/v2\/product"}],"about":[{"href":"https:\/\/colligatum.com\/en\/wp-json\/wp\/v2\/types\/product"}],"version-history":[{"count":1,"href":"https:\/\/colligatum.com\/en\/wp-json\/wp\/v2\/product\/19445\/revisions"}],"predecessor-version":[{"id":19446,"href":"https:\/\/colligatum.com\/en\/wp-json\/wp\/v2\/product\/19445\/revisions\/19446"}],"wp:featuredmedia":[{"embeddable":true,"href":"https:\/\/colligatum.com\/en\/wp-json\/wp\/v2\/media\/19388"}],"wp:attachment":[{"href":"https:\/\/colligatum.com\/en\/wp-json\/wp\/v2\/media?parent=19445"}],"wp:term":[{"taxonomy":"product_brand","embeddable":true,"href":"https:\/\/colligatum.com\/en\/wp-json\/wp\/v2\/product_brand?post=19445"},{"taxonomy":"product_cat","embeddable":true,"href":"https:\/\/colligatum.com\/en\/wp-json\/wp\/v2\/product_cat?post=19445"},{"taxonomy":"product_tag","embeddable":true,"href":"https:\/\/colligatum.com\/en\/wp-json\/wp\/v2\/product_tag?post=19445"}],"curies":[{"name":"wp","href":"https:\/\/api.w.org\/{rel}","templated":true}]}}