{"id":19654,"date":"2025-10-14T12:23:38","date_gmt":"2025-10-14T10:23:38","guid":{"rendered":"https:\/\/colligatum.com\/?post_type=product&#038;p=19654"},"modified":"2025-10-14T12:23:38","modified_gmt":"2025-10-14T10:23:38","slug":"lucky-strike-12","status":"publish","type":"product","link":"https:\/\/colligatum.com\/en\/product\/lucky-strike-12\/","title":{"rendered":"Lucky Strike"},"content":{"rendered":"<p data-start=\"223\" data-end=\"591\"><strong data-start=\"223\" data-end=\"237\">Description:<\/strong><br data-start=\"237\" data-end=\"240\" \/>Tai klasikinis \u201eLucky Strike Original Blend (Original Red)\u201c pakelis, pagamintas <strong data-start=\"320\" data-end=\"363\">British American Tobacco Argentina SA.<\/strong>, Buenos Air\u0117se, ir skirtas Argentinos vidaus rinkai. Tai versija, beveik identi\u0161ka \u201eOriginal Recipe\u201c, ta\u010diau \u0161ioje serijoje naudojamas u\u017era\u0161as <strong data-start=\"507\" data-end=\"527\">\u201eOriginal Blend\u201c<\/strong>, nurodantis \u012f tabako mi\u0161inio formul\u0119, o ne \u012f gamybos proces\u0105.<\/p>\n<p data-start=\"593\" data-end=\"885\">Visible on top <strong data-start=\"612\" data-end=\"671\">Argentine blue stamp &quot;C\u00f3digo N\u00b0 3 CIGARRILLOS&quot;\u201e<\/strong>, patvirtinanti legali\u0105 vietin\u0119 gamyb\u0105. Ant galin\u0117s pus\u0117s esantis ispani\u0161kas u\u017era\u0161as <em data-start=\"756\" data-end=\"813\">\u201e&quot;El fumar es detrimental para la salud - Ley N\u00b0 23.344&quot;\u201c<\/em> rodo atitikim\u0105 nacionaliniam \u012fstatymui d\u0117l \u012fsp\u0117jim\u0173 apie r\u016bkymo \u017eal\u0105.<\/p>\n<p data-start=\"887\" data-end=\"1141\">Dizainas minimalistinis ir modernus: baltas fonas, ry\u0161kus <strong data-start=\"945\" data-end=\"980\">raudonas Lucky Strike logotipas<\/strong>, subtilios sidabrin\u0117s detal\u0117s aplink tabako spalvos apskritim\u0105, primenant\u012f skrudinimo (toasting) proces\u0105, kuris yra \u0161io prek\u0117s \u017eenklo istorinis i\u0161skirtinumas.<\/p>\n<p data-start=\"1143\" data-end=\"1276\">Pakelis yra visi\u0161kai naujas, originaliai u\u017eklijuotas pl\u0117vele, su ai\u0161kia banderole ir be pa\u017eeidim\u0173 \u2013 tai itin svarbu kolekcininkams.<\/p>\n<hr data-start=\"1278\" data-end=\"1281\" \/>\n<p data-start=\"1283\" data-end=\"1308\"><strong data-start=\"1283\" data-end=\"1306\">Value assessment:<\/strong><\/p>\n<p data-start=\"1310\" data-end=\"1852\">Kolekcin\u0117 vert\u0117: Vidutin\u0117\u2013auk\u0161ta. Argentini\u0161kos \u201eLucky Strike\u201c versijos su banderole \u201eC\u00f3digo N\u00b0 3\u201c laikomos vertingomis d\u0117l regioninio ribotumo ir d\u0117l to, kad \u0161i dizaino versija (su \u201eOriginal Blend\u201c) buvo trumpalaik\u0117 \u2013 pakeista naujesniu minimalistiniu dizainu apie 2010 m.<br data-start=\"1583\" data-end=\"1586\" \/>B\u016bkl\u0117s vertinimas: Puiki \u2013 nepa\u017eeista pl\u0117vel\u0117, ai\u0161kiai matoma banderol\u0117, \u0161var\u016bs pavir\u0161iai, be spalvos blukimo.<br data-start=\"1696\" data-end=\"1699\" \/>Istoriniai duomenys: \u0160is leidimas buvo vienas paskutini\u0173j\u0173, naudot\u0173 \u201eOriginal Blend\u201c pavadinim\u0105 prie\u0161 BAT global\u0173 dizaino suvienodinim\u0105 visose rinkose.<\/p>","protected":false},"excerpt":{"rendered":"<p data-start=\"0\" data-end=\"79\"><strong data-start=\"0\" data-end=\"34\">Brand and name:<\/strong> Lucky Strike Original Blend \u2013 Original Red<\/p>\n<p data-start=\"81\" data-end=\"106\"><strong data-start=\"81\" data-end=\"91\">Size:<\/strong> 20 cigarettes<\/p>\n<p data-start=\"108\" data-end=\"138\"><strong data-start=\"108\" data-end=\"126\">Country of manufacture:<\/strong> Argentina<\/p>\n<p data-start=\"140\" data-end=\"184\"><strong data-start=\"140\" data-end=\"164\">Production period:<\/strong> around 2005\u20132010.<\/p>\n<p data-start=\"186\" data-end=\"221\"><strong data-start=\"186\" data-end=\"204\">Package type:<\/strong> Hard pack<\/p>","protected":false},"featured_media":19601,"template":"","meta":{"_surecart_dashboard_logo_width":"180px","_surecart_dashboard_show_logo":true,"_surecart_dashboard_navigation_orders":true,"_surecart_dashboard_navigation_invoices":true,"_surecart_dashboard_navigation_subscriptions":true,"_surecart_dashboard_navigation_downloads":true,"_surecart_dashboard_navigation_billing":true,"_surecart_dashboard_navigation_account":true,"site-sidebar-layout":"default","site-content-layout":"","ast-site-content-layout":"default","site-content-style":"default","site-sidebar-style":"default","ast-global-header-display":"","ast-banner-title-visibility":"","ast-main-header-display":"","ast-hfb-above-header-display":"","ast-hfb-below-header-display":"","ast-hfb-mobile-header-display":"","site-post-title":"","ast-breadcrumbs-content":"","ast-featured-img":"","footer-sml-layout":"","ast-disable-related-posts":"","theme-transparent-header-meta":"default","adv-header-id-meta":"","stick-header-meta":"","header-above-stick-meta":"","header-main-stick-meta":"","header-below-stick-meta":"","astra-migrate-meta-layouts":"set","ast-page-background-enabled":"default","ast-page-background-meta":{"desktop":{"background-color":"","background-image":"","background-repeat":"repeat","background-position":"center center","background-size":"auto","background-attachment":"scroll","background-type":"","background-media":"","overlay-type":"","overlay-color":"","overlay-opacity":"","overlay-gradient":""},"tablet":{"background-color":"","background-image":"","background-repeat":"repeat","background-position":"center center","background-size":"auto","background-attachment":"scroll","background-type":"","background-media":"","overlay-type":"","overlay-color":"","overlay-opacity":"","overlay-gradient":""},"mobile":{"background-color":"","background-image":"","background-repeat":"repeat","background-position":"center center","background-size":"auto","background-attachment":"scroll","background-type":"","background-media":"","overlay-type":"","overlay-color":"","overlay-opacity":"","overlay-gradient":""}},"ast-content-background-meta":{"desktop":{"background-color":"var(--ast-global-color-5)","background-image":"","background-repeat":"repeat","background-position":"center center","background-size":"auto","background-attachment":"scroll","background-type":"","background-media":"","overlay-type":"","overlay-color":"","overlay-opacity":"","overlay-gradient":""},"tablet":{"background-color":"var(--ast-global-color-5)","background-image":"","background-repeat":"repeat","background-position":"center center","background-size":"auto","background-attachment":"scroll","background-type":"","background-media":"","overlay-type":"","overlay-color":"","overlay-opacity":"","overlay-gradient":""},"mobile":{"background-color":"var(--ast-global-color-5)","background-image":"","background-repeat":"repeat","background-position":"center center","background-size":"auto","background-attachment":"scroll","background-type":"","background-media":"","overlay-type":"","overlay-color":"","overlay-opacity":"","overlay-gradient":""}}},"product_brand":[],"product_cat":[227],"product_tag":[],"class_list":{"0":"post-19654","1":"product","2":"type-product","3":"status-publish","4":"has-post-thumbnail","6":"product_cat-argentina","7":"desktop-align-left","8":"tablet-align-left","9":"mobile-align-left","11":"first","12":"instock","13":"shipping-taxable","14":"purchasable","15":"product-type-simple","16":"add-to-wishlist-before_image"},"_links":{"self":[{"href":"https:\/\/colligatum.com\/en\/wp-json\/wp\/v2\/product\/19654","targetHints":{"allow":["GET"]}}],"collection":[{"href":"https:\/\/colligatum.com\/en\/wp-json\/wp\/v2\/product"}],"about":[{"href":"https:\/\/colligatum.com\/en\/wp-json\/wp\/v2\/types\/product"}],"version-history":[{"count":1,"href":"https:\/\/colligatum.com\/en\/wp-json\/wp\/v2\/product\/19654\/revisions"}],"predecessor-version":[{"id":19655,"href":"https:\/\/colligatum.com\/en\/wp-json\/wp\/v2\/product\/19654\/revisions\/19655"}],"wp:featuredmedia":[{"embeddable":true,"href":"https:\/\/colligatum.com\/en\/wp-json\/wp\/v2\/media\/19601"}],"wp:attachment":[{"href":"https:\/\/colligatum.com\/en\/wp-json\/wp\/v2\/media?parent=19654"}],"wp:term":[{"taxonomy":"product_brand","embeddable":true,"href":"https:\/\/colligatum.com\/en\/wp-json\/wp\/v2\/product_brand?post=19654"},{"taxonomy":"product_cat","embeddable":true,"href":"https:\/\/colligatum.com\/en\/wp-json\/wp\/v2\/product_cat?post=19654"},{"taxonomy":"product_tag","embeddable":true,"href":"https:\/\/colligatum.com\/en\/wp-json\/wp\/v2\/product_tag?post=19654"}],"curies":[{"name":"wp","href":"https:\/\/api.w.org\/{rel}","templated":true}]}}