{"id":19672,"date":"2025-10-14T12:41:16","date_gmt":"2025-10-14T10:41:16","guid":{"rendered":"https:\/\/colligatum.com\/?post_type=product&#038;p=19672"},"modified":"2026-04-13T09:38:46","modified_gmt":"2026-04-13T07:38:46","slug":"baltimore-mixture","status":"publish","type":"product","link":"https:\/\/colligatum.com\/en\/product\/baltimore-mixture\/","title":{"rendered":"Baltimore Mixture"},"content":{"rendered":"<p data-start=\"208\" data-end=\"464\"><strong data-start=\"208\" data-end=\"222\">Description:<\/strong><br data-start=\"222\" data-end=\"225\" \/>This <strong data-start=\"229\" data-end=\"260\">Baltimore Mixture King Size<\/strong> cigarette pack made <strong data-start=\"291\" data-end=\"314\">Industry Argentina<\/strong>. Ant vir\u0161aus matoma <strong data-start=\"335\" data-end=\"374\">red Argentine excise stamp<\/strong>, naudojama iki 2000-\u0173j\u0173 prad\u017eios, patvirtinanti vietin\u0119 gamyb\u0105 ir vidaus apmokestinim\u0105.<\/p>\n<p data-start=\"466\" data-end=\"741\">Pakelio dizainas eleganti\u0161kas \u2013 <strong data-start=\"498\" data-end=\"560\">tamsiai m\u0117lynas fonas su auksiniais ir raudonais akcentais<\/strong>, kurie suteikia jam klasikin\u012f ir prabang\u0173 \u012fvaizd\u012f. Priekyje \u2013 u\u017era\u0161as <em data-start=\"631\" data-end=\"664\">\u201cAll Tobacco Baltimore Mixture\u201d<\/em>, and below - <em data-start=\"679\" data-end=\"738\">\u201cKing Size \u2013 20 Cigarrillos Mezcla \u2013 Industria Argentina\u201d<\/em>.<\/p>\n<p data-start=\"743\" data-end=\"1073\">Galin\u0117je pus\u0117je pateiktas apra\u0161ymas ispan\u0173 kalba, kuriame pabr\u0117\u017eiama, kad produktas pagamintas i\u0161 \u201egeriausi\u0173 vietini\u0173 ir importuot\u0173 tabak\u0173 mi\u0161inio\u201c. Tai rodo, kad \u201eBaltimore Mixture\u201c buvo pozicionuojamas kaip auk\u0161tesn\u0117s kokyb\u0117s linija, turinti \u201emi\u0161inio\u201c (blend) pob\u016bd\u012f, da\u017enai sutinkam\u0105 vidutin\u0117s klas\u0117s segmentuose Argentinoje.<\/p>\n<p data-start=\"1075\" data-end=\"1314\">Pana\u0161iai kaip ir kiti tuo laikotarpiu gaminti vietiniai prekiniai \u017eenklai (\u201eRodeo\u201c, \u201eRed Point\u201c, \u201eHilton\u201c), \u0161is modelis nebuvo eksportuojamas ir skirtas tik vidaus rinkai. D\u0117l to autenti\u0161ki i\u0161lik\u0119 u\u017eklijuoti egzemplioriai tapo itin reti.<\/p>\n<hr data-start=\"1316\" data-end=\"1319\" \/>\n<p data-start=\"1321\" data-end=\"1346\"><strong data-start=\"1321\" data-end=\"1344\">Value assessment:<\/strong><\/p>\n<p data-start=\"1348\" data-end=\"1816\">Kolekcin\u0117 vert\u0117: Auk\u0161ta \u2013 autenti\u0161kas, sandarus egzempliorius su sen\u0105ja raudona banderole yra vertingas Argentinos tabako istorijos kontekste.<br data-start=\"1490\" data-end=\"1493\" \/>B\u016bkl\u0117s vertinimas: Puiki \u2013 pakelis visi\u0161kai sandarus, minimal\u016bs laikymo p\u0117dsakai, ai\u0161kiai \u012fskaitomas tekstas ir ry\u0161kus spaudos kontrastas.<br data-start=\"1631\" data-end=\"1634\" \/>Istoriniai duomenys: \u201eBaltimore Mixture\u201c buvo vidutinio segmento prek\u0117s \u017eenklas, i\u0161laik\u0119s reputacij\u0105 d\u0117l stabilaus kokyb\u0117s ir kainos santykio vietos rinkoje iki BAT grup\u0117s pl\u0117tros.<\/p>","protected":false},"excerpt":{"rendered":"<p data-start=\"0\" data-end=\"64\"><strong data-start=\"0\" data-end=\"34\">Brand and name:<\/strong> Baltimore Mixture King Size<\/p>\n<p data-start=\"66\" data-end=\"91\"><strong data-start=\"66\" data-end=\"76\">Size:<\/strong> 20 cigarettes<\/p>\n<p data-start=\"93\" data-end=\"123\"><strong data-start=\"93\" data-end=\"111\">Country of manufacture:<\/strong> Argentina<\/p>\n<p data-start=\"125\" data-end=\"169\"><strong data-start=\"125\" data-end=\"149\">Production period:<\/strong> around 1990\u20132000.<\/p>\n<p data-start=\"171\" data-end=\"206\"><strong data-start=\"171\" data-end=\"189\">Package type:<\/strong> Hard pack<\/p>","protected":false},"featured_media":27357,"template":"","meta":{"_surecart_dashboard_logo_width":"180px","_surecart_dashboard_show_logo":true,"_surecart_dashboard_navigation_orders":true,"_surecart_dashboard_navigation_invoices":true,"_surecart_dashboard_navigation_subscriptions":true,"_surecart_dashboard_navigation_downloads":true,"_surecart_dashboard_navigation_billing":true,"_surecart_dashboard_navigation_account":true,"site-sidebar-layout":"default","site-content-layout":"","ast-site-content-layout":"default","site-content-style":"default","site-sidebar-style":"default","ast-global-header-display":"","ast-banner-title-visibility":"","ast-main-header-display":"","ast-hfb-above-header-display":"","ast-hfb-below-header-display":"","ast-hfb-mobile-header-display":"","site-post-title":"","ast-breadcrumbs-content":"","ast-featured-img":"","footer-sml-layout":"","theme-transparent-header-meta":"default","adv-header-id-meta":"","stick-header-meta":"","header-above-stick-meta":"","header-main-stick-meta":"","header-below-stick-meta":"","astra-migrate-meta-layouts":"set","ast-page-background-enabled":"default","ast-page-background-meta":{"desktop":{"background-color":"","background-image":"","background-repeat":"repeat","background-position":"center center","background-size":"auto","background-attachment":"scroll","background-type":"","background-media":"","overlay-type":"","overlay-color":"","overlay-opacity":"","overlay-gradient":""},"tablet":{"background-color":"","background-image":"","background-repeat":"repeat","background-position":"center center","background-size":"auto","background-attachment":"scroll","background-type":"","background-media":"","overlay-type":"","overlay-color":"","overlay-opacity":"","overlay-gradient":""},"mobile":{"background-color":"","background-image":"","background-repeat":"repeat","background-position":"center center","background-size":"auto","background-attachment":"scroll","background-type":"","background-media":"","overlay-type":"","overlay-color":"","overlay-opacity":"","overlay-gradient":""}},"ast-content-background-meta":{"desktop":{"background-color":"var(--ast-global-color-5)","background-image":"","background-repeat":"repeat","background-position":"center center","background-size":"auto","background-attachment":"scroll","background-type":"","background-media":"","overlay-type":"","overlay-color":"","overlay-opacity":"","overlay-gradient":""},"tablet":{"background-color":"var(--ast-global-color-5)","background-image":"","background-repeat":"repeat","background-position":"center center","background-size":"auto","background-attachment":"scroll","background-type":"","background-media":"","overlay-type":"","overlay-color":"","overlay-opacity":"","overlay-gradient":""},"mobile":{"background-color":"var(--ast-global-color-5)","background-image":"","background-repeat":"repeat","background-position":"center center","background-size":"auto","background-attachment":"scroll","background-type":"","background-media":"","overlay-type":"","overlay-color":"","overlay-opacity":"","overlay-gradient":""}}},"product_brand":[],"product_cat":[227],"product_tag":[],"class_list":{"0":"post-19672","1":"product","2":"type-product","3":"status-publish","4":"has-post-thumbnail","6":"product_cat-argentina","7":"desktop-align-left","8":"tablet-align-left","9":"mobile-align-left","11":"first","12":"instock","13":"sale","14":"shipping-taxable","15":"purchasable","16":"product-type-simple","17":"add-to-wishlist-before_image"},"_links":{"self":[{"href":"https:\/\/colligatum.com\/en\/wp-json\/wp\/v2\/product\/19672","targetHints":{"allow":["GET"]}}],"collection":[{"href":"https:\/\/colligatum.com\/en\/wp-json\/wp\/v2\/product"}],"about":[{"href":"https:\/\/colligatum.com\/en\/wp-json\/wp\/v2\/types\/product"}],"version-history":[{"count":1,"href":"https:\/\/colligatum.com\/en\/wp-json\/wp\/v2\/product\/19672\/revisions"}],"predecessor-version":[{"id":19673,"href":"https:\/\/colligatum.com\/en\/wp-json\/wp\/v2\/product\/19672\/revisions\/19673"}],"wp:featuredmedia":[{"embeddable":true,"href":"https:\/\/colligatum.com\/en\/wp-json\/wp\/v2\/media\/27357"}],"wp:attachment":[{"href":"https:\/\/colligatum.com\/en\/wp-json\/wp\/v2\/media?parent=19672"}],"wp:term":[{"taxonomy":"product_brand","embeddable":true,"href":"https:\/\/colligatum.com\/en\/wp-json\/wp\/v2\/product_brand?post=19672"},{"taxonomy":"product_cat","embeddable":true,"href":"https:\/\/colligatum.com\/en\/wp-json\/wp\/v2\/product_cat?post=19672"},{"taxonomy":"product_tag","embeddable":true,"href":"https:\/\/colligatum.com\/en\/wp-json\/wp\/v2\/product_tag?post=19672"}],"curies":[{"name":"wp","href":"https:\/\/api.w.org\/{rel}","templated":true}]}}