{"id":19752,"date":"2025-10-14T13:13:10","date_gmt":"2025-10-14T11:13:10","guid":{"rendered":"https:\/\/colligatum.com\/?post_type=product&#038;p=19752"},"modified":"2026-04-13T09:38:51","modified_gmt":"2026-04-13T07:38:51","slug":"baltimore-mild","status":"publish","type":"product","link":"https:\/\/colligatum.com\/en\/product\/baltimore-mild\/","title":{"rendered":"Baltimore Mild"},"content":{"rendered":"<p data-start=\"205\" data-end=\"469\"><strong data-start=\"205\" data-end=\"219\">Description:<\/strong><br data-start=\"219\" data-end=\"222\" \/>This <strong data-start=\"226\" data-end=\"254\">Baltimore Mild King Size<\/strong> \u2013 klasikinis argentinieti\u0161kas cigare\u010di\u0173 prek\u0117s \u017eenklas, gamintas <strong data-start=\"320\" data-end=\"347\">Tabacalera Sarand\u00ed SA.<\/strong> arba susijusi\u0173 vietini\u0173 tabako gamintoj\u0173. \u0160is leidimas skirtas vidaus rinkai, pa\u017eym\u0117tas u\u017era\u0161u <em data-start=\"443\" data-end=\"466\">\u201cIndustria Argentina\u201d<\/em>.<\/p>\n<p data-start=\"471\" data-end=\"793\">Dizainas \u2013 \u0161iltas gelsvai aukso ton\u0173 pakelis su m\u0117lynu logotipu <strong data-start=\"535\" data-end=\"555\">\u201cBaltimore Mild\u201d<\/strong>, i\u0161laikantis 9-ojo de\u0161imtme\u010dio pabaigos ir 10-ojo prad\u017eios minimalistin\u0119 estetik\u0105. Vir\u0161uje \u2013 <strong data-start=\"649\" data-end=\"693\">raudona argentinieti\u0161ka akcizo banderol\u0117<\/strong>, with the inscription <em data-start=\"705\" data-end=\"731\">\u201cTabacos del Plata S.A.\u201d<\/em> \u2013 tai vienas i\u0161 sen\u0173j\u0173 banderoli\u0173 tip\u0173, naudot\u0173 iki 2000 m.<\/p>\n<p data-start=\"795\" data-end=\"1041\">Ant nugar\u0117l\u0117s pateiktas apra\u0161as:<br data-start=\"827\" data-end=\"830\" \/><em data-start=\"830\" data-end=\"925\">\u201cBaltimore Mild es el resultado de la mezcla de los mejores tabacos nacionales e importados\u2026\u201d<\/em>, nurodantis auk\u0161tos kokyb\u0117s tabak\u0173 mi\u0161in\u012f, skirt\u0105 \u0161velnesniam skoniui. Taip pat pamin\u0117tas <em data-start=\"1016\" data-end=\"1029\">\u201cKing Size\u201d<\/em> formatas.<\/p>\n<p data-start=\"1043\" data-end=\"1245\">Tai klasikinis, vietin\u0117s gamybos cigare\u010di\u0173 pakelis, atspindintis to meto Argentinoje paplitusi\u0105 \u201eamerikieti\u0161ko stiliaus\u201c vizualik\u0105 \u2013 \u0161viesios spalvos, ai\u0161kus logotipas ir pabr\u0117\u017etas tabako nat\u016bralumas.<\/p>\n<hr data-start=\"1247\" data-end=\"1250\" \/>\n<p data-start=\"1252\" data-end=\"1277\"><strong data-start=\"1252\" data-end=\"1275\">Value assessment:<\/strong><\/p>\n<p data-start=\"1279\" data-end=\"1697\">Kolekcin\u0117 vert\u0117: Vidutin\u0117\u2013auk\u0161ta \u2013 tai retas ir i\u0161 rinkos visi\u0161kai i\u0161nyk\u0119s prek\u0117s \u017eenklas, b\u016bdingas tik Argentinos tabako istorijai.<br data-start=\"1411\" data-end=\"1414\" \/>B\u016bkl\u0117s vertinimas: Puiki \u2013 nepa\u017eeista pl\u0117vel\u0117, originali banderol\u0117, i\u0161saugotas ry\u0161kus spalvinis tonas.<br data-start=\"1516\" data-end=\"1519\" \/>Istoriniai duomenys: \u201eBaltimore\u201c buvo vienas i\u0161 regionini\u0173 preki\u0173 \u017eenkl\u0173, skirt\u0173 konkuruoti su \u201eJockey\u201c ir \u201eParisiennes\u201c, ta\u010diau v\u0117liau pranyko po tabako rinkos konsolidacijos.<\/p>","protected":false},"excerpt":{"rendered":"<p data-start=\"0\" data-end=\"61\"><strong data-start=\"0\" data-end=\"34\">Brand and name:<\/strong> Baltimore Mild King Size<\/p>\n<p data-start=\"63\" data-end=\"88\"><strong data-start=\"63\" data-end=\"73\">Size:<\/strong> 20 cigarettes<\/p>\n<p data-start=\"90\" data-end=\"120\"><strong data-start=\"90\" data-end=\"108\">Country of manufacture:<\/strong> Argentina<\/p>\n<p data-start=\"122\" data-end=\"166\"><strong data-start=\"122\" data-end=\"146\">Production period:<\/strong> Around 1990-2000.<\/p>\n<p data-start=\"168\" data-end=\"203\"><strong data-start=\"168\" data-end=\"186\">Package type:<\/strong> Soft pack<\/p>","protected":false},"featured_media":27361,"template":"","meta":{"_surecart_dashboard_logo_width":"180px","_surecart_dashboard_show_logo":true,"_surecart_dashboard_navigation_orders":true,"_surecart_dashboard_navigation_invoices":true,"_surecart_dashboard_navigation_subscriptions":true,"_surecart_dashboard_navigation_downloads":true,"_surecart_dashboard_navigation_billing":true,"_surecart_dashboard_navigation_account":true,"site-sidebar-layout":"default","site-content-layout":"","ast-site-content-layout":"default","site-content-style":"default","site-sidebar-style":"default","ast-global-header-display":"","ast-banner-title-visibility":"","ast-main-header-display":"","ast-hfb-above-header-display":"","ast-hfb-below-header-display":"","ast-hfb-mobile-header-display":"","site-post-title":"","ast-breadcrumbs-content":"","ast-featured-img":"","footer-sml-layout":"","theme-transparent-header-meta":"default","adv-header-id-meta":"","stick-header-meta":"","header-above-stick-meta":"","header-main-stick-meta":"","header-below-stick-meta":"","astra-migrate-meta-layouts":"set","ast-page-background-enabled":"default","ast-page-background-meta":{"desktop":{"background-color":"","background-image":"","background-repeat":"repeat","background-position":"center center","background-size":"auto","background-attachment":"scroll","background-type":"","background-media":"","overlay-type":"","overlay-color":"","overlay-opacity":"","overlay-gradient":""},"tablet":{"background-color":"","background-image":"","background-repeat":"repeat","background-position":"center center","background-size":"auto","background-attachment":"scroll","background-type":"","background-media":"","overlay-type":"","overlay-color":"","overlay-opacity":"","overlay-gradient":""},"mobile":{"background-color":"","background-image":"","background-repeat":"repeat","background-position":"center center","background-size":"auto","background-attachment":"scroll","background-type":"","background-media":"","overlay-type":"","overlay-color":"","overlay-opacity":"","overlay-gradient":""}},"ast-content-background-meta":{"desktop":{"background-color":"var(--ast-global-color-5)","background-image":"","background-repeat":"repeat","background-position":"center center","background-size":"auto","background-attachment":"scroll","background-type":"","background-media":"","overlay-type":"","overlay-color":"","overlay-opacity":"","overlay-gradient":""},"tablet":{"background-color":"var(--ast-global-color-5)","background-image":"","background-repeat":"repeat","background-position":"center center","background-size":"auto","background-attachment":"scroll","background-type":"","background-media":"","overlay-type":"","overlay-color":"","overlay-opacity":"","overlay-gradient":""},"mobile":{"background-color":"var(--ast-global-color-5)","background-image":"","background-repeat":"repeat","background-position":"center center","background-size":"auto","background-attachment":"scroll","background-type":"","background-media":"","overlay-type":"","overlay-color":"","overlay-opacity":"","overlay-gradient":""}}},"product_brand":[],"product_cat":[227],"product_tag":[],"class_list":{"0":"post-19752","1":"product","2":"type-product","3":"status-publish","4":"has-post-thumbnail","6":"product_cat-argentina","7":"desktop-align-left","8":"tablet-align-left","9":"mobile-align-left","11":"first","12":"instock","13":"sale","14":"shipping-taxable","15":"purchasable","16":"product-type-simple","17":"add-to-wishlist-before_image"},"_links":{"self":[{"href":"https:\/\/colligatum.com\/en\/wp-json\/wp\/v2\/product\/19752","targetHints":{"allow":["GET"]}}],"collection":[{"href":"https:\/\/colligatum.com\/en\/wp-json\/wp\/v2\/product"}],"about":[{"href":"https:\/\/colligatum.com\/en\/wp-json\/wp\/v2\/types\/product"}],"version-history":[{"count":1,"href":"https:\/\/colligatum.com\/en\/wp-json\/wp\/v2\/product\/19752\/revisions"}],"predecessor-version":[{"id":19753,"href":"https:\/\/colligatum.com\/en\/wp-json\/wp\/v2\/product\/19752\/revisions\/19753"}],"wp:featuredmedia":[{"embeddable":true,"href":"https:\/\/colligatum.com\/en\/wp-json\/wp\/v2\/media\/27361"}],"wp:attachment":[{"href":"https:\/\/colligatum.com\/en\/wp-json\/wp\/v2\/media?parent=19752"}],"wp:term":[{"taxonomy":"product_brand","embeddable":true,"href":"https:\/\/colligatum.com\/en\/wp-json\/wp\/v2\/product_brand?post=19752"},{"taxonomy":"product_cat","embeddable":true,"href":"https:\/\/colligatum.com\/en\/wp-json\/wp\/v2\/product_cat?post=19752"},{"taxonomy":"product_tag","embeddable":true,"href":"https:\/\/colligatum.com\/en\/wp-json\/wp\/v2\/product_tag?post=19752"}],"curies":[{"name":"wp","href":"https:\/\/api.w.org\/{rel}","templated":true}]}}