{"id":19758,"date":"2025-10-14T13:18:59","date_gmt":"2025-10-14T11:18:59","guid":{"rendered":"https:\/\/colligatum.com\/?post_type=product&#038;p=19758"},"modified":"2025-10-14T13:18:59","modified_gmt":"2025-10-14T11:18:59","slug":"fenix","status":"publish","type":"product","link":"https:\/\/colligatum.com\/en\/product\/fenix\/","title":{"rendered":"Phoenix"},"content":{"rendered":"<p data-start=\"214\" data-end=\"502\"><strong data-start=\"214\" data-end=\"228\">Description:<\/strong><br data-start=\"228\" data-end=\"231\" \/>This <strong data-start=\"235\" data-end=\"244\">Phoenix<\/strong> \u2013 argentinieti\u0161kos gamybos cigaret\u0117s, pa\u017eym\u0117tos u\u017era\u0161u <em data-start=\"300\" data-end=\"331\">\u201cTabacos Extra Seleccionados\u201d<\/em> (\u201eypa\u010d atrinkti tabakai\u201c). \u0160is prek\u0117s \u017eenklas priklauso vietiniams gamintojams, veikusiems po <strong data-start=\"426\" data-end=\"446\">Tabaco Argentino<\/strong> iniciatyvos, skatintus nacionalin\u0119 tabako produkcij\u0105.<\/p>\n<p data-start=\"504\" data-end=\"793\">Pakelio dizainas \u2013 modernus ir simbolinis: baltame fone pavaizduotas <strong data-start=\"573\" data-end=\"594\">raudonas feniksas<\/strong>, kylantis vir\u0161 m\u0117lyno dangaus, perteikiantis atgimimo ir nacionalinio pasidid\u017eiavimo id\u0117j\u0105. Ant \u0161onin\u0117s pus\u0117s \u2013 logotipas <em data-start=\"717\" data-end=\"738\">\u201cArgentine Work\u201d<\/em> (\u201eArgentinie\u010di\u0173 darbas\u201c), nurodantis vietin\u0119 gamyb\u0105.<\/p>\n<p data-start=\"795\" data-end=\"1028\">Above \u2013 <strong data-start=\"805\" data-end=\"846\">m\u0117lyna akcizo banderol\u0117 \u201eC\u00f3digo N\u00ba 6\u201c<\/strong>, b\u016bdinga Argentinos vidaus rinkai, atitinkanti valstyb\u0117s tabako mokes\u010di\u0173 \u012fstatym\u0105 (<em data-start=\"930\" data-end=\"942\">24,674 lei<\/em>). Dugne \u2013 u\u017era\u0161as <em data-start=\"961\" data-end=\"984\">\u201cIndustria Argentina\u201d<\/em> and <em data-start=\"989\" data-end=\"1025\">\u201c20 Cigarrillos Rubios con Filtro\u201d<\/em>.<\/p>\n<p data-start=\"1030\" data-end=\"1215\">\u0160is pakelis priklauso laikotarpiui, kai vietiniai gamintojai band\u0117 i\u0161laikyti nacionalini\u0173 preki\u0173 \u017eenkl\u0173 gamyb\u0105, konkuruodami su tarptautiniais gigantais kaip \u201ePhilip Morris\u201c ir \u201eBAT\u201c.<\/p>\n<hr data-start=\"1217\" data-end=\"1220\" \/>\n<p data-start=\"1222\" data-end=\"1247\"><strong data-start=\"1222\" data-end=\"1245\">Value assessment:<\/strong><\/p>\n<p data-start=\"1249\" data-end=\"1643\">Kolekcin\u0117 vert\u0117: Vidutin\u0117 \u2013 pakelis \u012fdomus d\u0117l savo nacionalinio simbolizmo ir fenikso motyvo, bet n\u0117ra pla\u010diai \u017einomas u\u017e Argentinos rib\u0173.<br data-start=\"1388\" data-end=\"1391\" \/>B\u016bkl\u0117s vertinimas: Labai gera \u2013 nepa\u017eeista pl\u0117vel\u0117, ai\u0161ki banderol\u0117, ry\u0161kus dizainas be spalvos i\u0161blukim\u0173.<br data-start=\"1497\" data-end=\"1500\" \/>Istoriniai duomenys: \u201eFenix\u201c laikomas vienu i\u0161 \u201eTrabajo Argentino\u201c programos produkt\u0173, skatinusi\u0173 vietin\u0119 gamyb\u0105 ir ekonomin\u012f savaranki\u0161kum\u0105.<\/p>","protected":false},"excerpt":{"rendered":"<p data-start=\"0\" data-end=\"70\"><strong data-start=\"0\" data-end=\"34\">Brand and name:<\/strong> Fenix Tabacos Extra Seleccionados<\/p>\n<p data-start=\"72\" data-end=\"97\"><strong data-start=\"72\" data-end=\"82\">Size:<\/strong> 20 cigarettes<\/p>\n<p data-start=\"99\" data-end=\"129\"><strong data-start=\"99\" data-end=\"117\">Country of manufacture:<\/strong> Argentina<\/p>\n<p data-start=\"131\" data-end=\"175\"><strong data-start=\"131\" data-end=\"155\">Production period:<\/strong> Around 2000\u20132010.<\/p>\n<p data-start=\"177\" data-end=\"212\"><strong data-start=\"177\" data-end=\"195\">Package type:<\/strong> Soft pack<\/p>","protected":false},"featured_media":19707,"template":"","meta":{"_surecart_dashboard_logo_width":"180px","_surecart_dashboard_show_logo":true,"_surecart_dashboard_navigation_orders":true,"_surecart_dashboard_navigation_invoices":true,"_surecart_dashboard_navigation_subscriptions":true,"_surecart_dashboard_navigation_downloads":true,"_surecart_dashboard_navigation_billing":true,"_surecart_dashboard_navigation_account":true,"site-sidebar-layout":"default","site-content-layout":"","ast-site-content-layout":"default","site-content-style":"default","site-sidebar-style":"default","ast-global-header-display":"","ast-banner-title-visibility":"","ast-main-header-display":"","ast-hfb-above-header-display":"","ast-hfb-below-header-display":"","ast-hfb-mobile-header-display":"","site-post-title":"","ast-breadcrumbs-content":"","ast-featured-img":"","footer-sml-layout":"","theme-transparent-header-meta":"default","adv-header-id-meta":"","stick-header-meta":"","header-above-stick-meta":"","header-main-stick-meta":"","header-below-stick-meta":"","astra-migrate-meta-layouts":"set","ast-page-background-enabled":"default","ast-page-background-meta":{"desktop":{"background-color":"","background-image":"","background-repeat":"repeat","background-position":"center center","background-size":"auto","background-attachment":"scroll","background-type":"","background-media":"","overlay-type":"","overlay-color":"","overlay-opacity":"","overlay-gradient":""},"tablet":{"background-color":"","background-image":"","background-repeat":"repeat","background-position":"center center","background-size":"auto","background-attachment":"scroll","background-type":"","background-media":"","overlay-type":"","overlay-color":"","overlay-opacity":"","overlay-gradient":""},"mobile":{"background-color":"","background-image":"","background-repeat":"repeat","background-position":"center center","background-size":"auto","background-attachment":"scroll","background-type":"","background-media":"","overlay-type":"","overlay-color":"","overlay-opacity":"","overlay-gradient":""}},"ast-content-background-meta":{"desktop":{"background-color":"var(--ast-global-color-5)","background-image":"","background-repeat":"repeat","background-position":"center center","background-size":"auto","background-attachment":"scroll","background-type":"","background-media":"","overlay-type":"","overlay-color":"","overlay-opacity":"","overlay-gradient":""},"tablet":{"background-color":"var(--ast-global-color-5)","background-image":"","background-repeat":"repeat","background-position":"center center","background-size":"auto","background-attachment":"scroll","background-type":"","background-media":"","overlay-type":"","overlay-color":"","overlay-opacity":"","overlay-gradient":""},"mobile":{"background-color":"var(--ast-global-color-5)","background-image":"","background-repeat":"repeat","background-position":"center center","background-size":"auto","background-attachment":"scroll","background-type":"","background-media":"","overlay-type":"","overlay-color":"","overlay-opacity":"","overlay-gradient":""}}},"product_brand":[],"product_cat":[227],"product_tag":[],"class_list":{"0":"post-19758","1":"product","2":"type-product","3":"status-publish","4":"has-post-thumbnail","6":"product_cat-argentina","7":"desktop-align-left","8":"tablet-align-left","9":"mobile-align-left","11":"first","12":"instock","13":"sale","14":"shipping-taxable","15":"purchasable","16":"product-type-simple","17":"add-to-wishlist-before_image"},"_links":{"self":[{"href":"https:\/\/colligatum.com\/en\/wp-json\/wp\/v2\/product\/19758","targetHints":{"allow":["GET"]}}],"collection":[{"href":"https:\/\/colligatum.com\/en\/wp-json\/wp\/v2\/product"}],"about":[{"href":"https:\/\/colligatum.com\/en\/wp-json\/wp\/v2\/types\/product"}],"version-history":[{"count":2,"href":"https:\/\/colligatum.com\/en\/wp-json\/wp\/v2\/product\/19758\/revisions"}],"predecessor-version":[{"id":19760,"href":"https:\/\/colligatum.com\/en\/wp-json\/wp\/v2\/product\/19758\/revisions\/19760"}],"wp:featuredmedia":[{"embeddable":true,"href":"https:\/\/colligatum.com\/en\/wp-json\/wp\/v2\/media\/19707"}],"wp:attachment":[{"href":"https:\/\/colligatum.com\/en\/wp-json\/wp\/v2\/media?parent=19758"}],"wp:term":[{"taxonomy":"product_brand","embeddable":true,"href":"https:\/\/colligatum.com\/en\/wp-json\/wp\/v2\/product_brand?post=19758"},{"taxonomy":"product_cat","embeddable":true,"href":"https:\/\/colligatum.com\/en\/wp-json\/wp\/v2\/product_cat?post=19758"},{"taxonomy":"product_tag","embeddable":true,"href":"https:\/\/colligatum.com\/en\/wp-json\/wp\/v2\/product_tag?post=19758"}],"curies":[{"name":"wp","href":"https:\/\/api.w.org\/{rel}","templated":true}]}}