{"id":19763,"date":"2025-10-14T13:21:54","date_gmt":"2025-10-14T11:21:54","guid":{"rendered":"https:\/\/colligatum.com\/?post_type=product&#038;p=19763"},"modified":"2026-04-14T06:34:01","modified_gmt":"2026-04-14T04:34:01","slug":"chesterfield-golden-tobaccos-10","status":"publish","type":"product","link":"https:\/\/colligatum.com\/en\/product\/chesterfield-golden-tobaccos-10\/","title":{"rendered":"Chesterfield Golden Tobaccos 10"},"content":{"rendered":"<p data-start=\"212\" data-end=\"513\"><strong data-start=\"212\" data-end=\"226\">Description:<\/strong><br data-start=\"226\" data-end=\"229\" \/>This <strong data-start=\"233\" data-end=\"265\">Chesterfield Golden Tobaccos<\/strong> \u2013 ma\u017eesnio formato, 10 cigare\u010di\u0173 pakelis, gamintas <strong data-start=\"317\" data-end=\"347\">Massalin Particulares SA.<\/strong>, belonging to <em data-start=\"364\" data-end=\"393\">Philip Morris International<\/em>, Argentinoje. \u0160is pakelis i\u0161siskiria savo dizainu, b\u016bdingu Chesterfield modernizacijos laikotarpiui Lotyn\u0173 Amerikoje.<\/p>\n<p data-start=\"515\" data-end=\"797\">Dizainas \u2013 raudonos ir oran\u017ein\u0117s spalv\u0173 derinys su <strong data-start=\"566\" data-end=\"587\">\u201eGolden Tobaccos\u201c<\/strong> u\u017era\u0161u, pabr\u0117\u017eian\u010diu auk\u0161tos kokyb\u0117s mi\u0161inius: <em data-start=\"635\" data-end=\"687\">\u201cAromatic Burley, Spicy Oriental, Bright Virginia\u201d<\/em>. \u0160is mi\u0161inys simbolizavo \u201eauksini\u0173 tabak\u0173\u201c linij\u0105, orientuot\u0105 \u012f intensyvesn\u012f, bet \u0161velniai aromatin\u012f skon\u012f.<\/p>\n<p data-start=\"799\" data-end=\"1115\">Priekyje \u2013 baltas vertikalus r\u0117melis su klasikiniu \u201eChesterfield\u201c logotipu ir kar\u016bna vir\u0161uje. Ant vir\u0161aus \u2013 <strong data-start=\"907\" data-end=\"960\">m\u0117lyna Argentinos akcizo banderol\u0117 \u201eC\u00f3digo N\u00ba 30\u201c<\/strong>, with instruction <em data-start=\"974\" data-end=\"989\">\u201cCigarrillos\u201d<\/em> ir \u012fstatymo numeriu <em data-start=\"1010\" data-end=\"1022\">24,674 lei<\/em>.<br data-start=\"1023\" data-end=\"1026\" \/>Side warning <em data-start=\"1051\" data-end=\"1092\">\u201c&quot;El fumar es harmful para la salud&quot;\u201d<\/em> and barcode.<\/p>\n<p data-start=\"1117\" data-end=\"1261\">Note <em data-start=\"1125\" data-end=\"1147\">\u201cFrom Philip Morris\u201d<\/em> nurodo gamybos priklausomyb\u0119 tarptautiniam tinklui, o dugne \u2013 <em data-start=\"1210\" data-end=\"1233\">\u201cIndustria Argentina\u201d<\/em>, \u017eymintis vietin\u0119 gamyb\u0105.<\/p>\n<hr data-start=\"1263\" data-end=\"1266\" \/>\n<p data-start=\"1268\" data-end=\"1293\"><strong data-start=\"1268\" data-end=\"1291\">Value assessment:<\/strong><\/p>\n<p data-start=\"1295\" data-end=\"1736\">Kolekcin\u0117 vert\u0117: Vidutin\u0117\u2013auk\u0161ta \u2013 10 vienet\u0173 formatas i\u0161 Chesterfield serijos pasitaiko gana retai, ypa\u010d su \u0161iuo dizainu, naudotu tik piet\u0173 rinkoms.<br data-start=\"1444\" data-end=\"1447\" \/>B\u016bkl\u0117s vertinimas: Puiki \u2013 visi\u0161kai nepa\u017eeista pl\u0117vel\u0117, ry\u0161kios spalvos, pilnai i\u0161likusi banderol\u0117.<br data-start=\"1546\" data-end=\"1549\" \/>Istoriniai duomenys: \u0160i serija atspindi <em data-start=\"1589\" data-end=\"1604\">Philip Morris<\/em> bandym\u0105 lokalizuoti Chesterfield dizain\u0105 Piet\u0173 Amerikoje, i\u0161laikant briti\u0161kos klasikos \u012fvaizd\u012f, bet pritaikant j\u012f vietos skoniui.<\/p>","protected":false},"excerpt":{"rendered":"<p data-start=\"0\" data-end=\"68\"><strong data-start=\"0\" data-end=\"34\">Brand and name:<\/strong> Chesterfield Golden Tobaccos 10<\/p>\n<p data-start=\"70\" data-end=\"95\"><strong data-start=\"70\" data-end=\"80\">Size:<\/strong> 10 cigarettes<\/p>\n<p data-start=\"97\" data-end=\"127\"><strong data-start=\"97\" data-end=\"115\">Country of manufacture:<\/strong> Argentina<\/p>\n<p data-start=\"129\" data-end=\"173\"><strong data-start=\"129\" data-end=\"153\">Production period:<\/strong> Around 2000\u20132010.<\/p>\n<p data-start=\"175\" data-end=\"210\"><strong data-start=\"175\" data-end=\"193\">Package type:<\/strong> Hard pack<\/p>","protected":false},"featured_media":19711,"template":"","meta":{"_surecart_dashboard_logo_width":"180px","_surecart_dashboard_show_logo":true,"_surecart_dashboard_navigation_orders":true,"_surecart_dashboard_navigation_invoices":true,"_surecart_dashboard_navigation_subscriptions":true,"_surecart_dashboard_navigation_downloads":true,"_surecart_dashboard_navigation_billing":true,"_surecart_dashboard_navigation_account":true,"site-sidebar-layout":"default","site-content-layout":"","ast-site-content-layout":"default","site-content-style":"default","site-sidebar-style":"default","ast-global-header-display":"","ast-banner-title-visibility":"","ast-main-header-display":"","ast-hfb-above-header-display":"","ast-hfb-below-header-display":"","ast-hfb-mobile-header-display":"","site-post-title":"","ast-breadcrumbs-content":"","ast-featured-img":"","footer-sml-layout":"","theme-transparent-header-meta":"default","adv-header-id-meta":"","stick-header-meta":"","header-above-stick-meta":"","header-main-stick-meta":"","header-below-stick-meta":"","astra-migrate-meta-layouts":"set","ast-page-background-enabled":"default","ast-page-background-meta":{"desktop":{"background-color":"","background-image":"","background-repeat":"repeat","background-position":"center center","background-size":"auto","background-attachment":"scroll","background-type":"","background-media":"","overlay-type":"","overlay-color":"","overlay-opacity":"","overlay-gradient":""},"tablet":{"background-color":"","background-image":"","background-repeat":"repeat","background-position":"center center","background-size":"auto","background-attachment":"scroll","background-type":"","background-media":"","overlay-type":"","overlay-color":"","overlay-opacity":"","overlay-gradient":""},"mobile":{"background-color":"","background-image":"","background-repeat":"repeat","background-position":"center center","background-size":"auto","background-attachment":"scroll","background-type":"","background-media":"","overlay-type":"","overlay-color":"","overlay-opacity":"","overlay-gradient":""}},"ast-content-background-meta":{"desktop":{"background-color":"var(--ast-global-color-5)","background-image":"","background-repeat":"repeat","background-position":"center center","background-size":"auto","background-attachment":"scroll","background-type":"","background-media":"","overlay-type":"","overlay-color":"","overlay-opacity":"","overlay-gradient":""},"tablet":{"background-color":"var(--ast-global-color-5)","background-image":"","background-repeat":"repeat","background-position":"center center","background-size":"auto","background-attachment":"scroll","background-type":"","background-media":"","overlay-type":"","overlay-color":"","overlay-opacity":"","overlay-gradient":""},"mobile":{"background-color":"var(--ast-global-color-5)","background-image":"","background-repeat":"repeat","background-position":"center center","background-size":"auto","background-attachment":"scroll","background-type":"","background-media":"","overlay-type":"","overlay-color":"","overlay-opacity":"","overlay-gradient":""}}},"product_brand":[],"product_cat":[227],"product_tag":[],"class_list":{"0":"post-19763","1":"product","2":"type-product","3":"status-publish","4":"has-post-thumbnail","6":"product_cat-argentina","7":"desktop-align-left","8":"tablet-align-left","9":"mobile-align-left","11":"first","12":"instock","13":"sale","14":"shipping-taxable","15":"purchasable","16":"product-type-simple","17":"add-to-wishlist-before_image"},"_links":{"self":[{"href":"https:\/\/colligatum.com\/en\/wp-json\/wp\/v2\/product\/19763","targetHints":{"allow":["GET"]}}],"collection":[{"href":"https:\/\/colligatum.com\/en\/wp-json\/wp\/v2\/product"}],"about":[{"href":"https:\/\/colligatum.com\/en\/wp-json\/wp\/v2\/types\/product"}],"version-history":[{"count":1,"href":"https:\/\/colligatum.com\/en\/wp-json\/wp\/v2\/product\/19763\/revisions"}],"predecessor-version":[{"id":19764,"href":"https:\/\/colligatum.com\/en\/wp-json\/wp\/v2\/product\/19763\/revisions\/19764"}],"wp:featuredmedia":[{"embeddable":true,"href":"https:\/\/colligatum.com\/en\/wp-json\/wp\/v2\/media\/19711"}],"wp:attachment":[{"href":"https:\/\/colligatum.com\/en\/wp-json\/wp\/v2\/media?parent=19763"}],"wp:term":[{"taxonomy":"product_brand","embeddable":true,"href":"https:\/\/colligatum.com\/en\/wp-json\/wp\/v2\/product_brand?post=19763"},{"taxonomy":"product_cat","embeddable":true,"href":"https:\/\/colligatum.com\/en\/wp-json\/wp\/v2\/product_cat?post=19763"},{"taxonomy":"product_tag","embeddable":true,"href":"https:\/\/colligatum.com\/en\/wp-json\/wp\/v2\/product_tag?post=19763"}],"curies":[{"name":"wp","href":"https:\/\/api.w.org\/{rel}","templated":true}]}}