{"id":19767,"date":"2025-10-14T13:25:07","date_gmt":"2025-10-14T11:25:07","guid":{"rendered":"https:\/\/colligatum.com\/?post_type=product&#038;p=19767"},"modified":"2026-04-13T09:52:50","modified_gmt":"2026-04-13T07:52:50","slug":"jockey-edicion-bicentenario-5","status":"publish","type":"product","link":"https:\/\/colligatum.com\/en\/product\/jockey-edicion-bicentenario-5\/","title":{"rendered":"Jockey Bicentennial Edition"},"content":{"rendered":"<p data-start=\"222\" data-end=\"543\"><strong data-start=\"222\" data-end=\"236\">Description:<\/strong><br data-start=\"236\" data-end=\"239\" \/>This <strong data-start=\"243\" data-end=\"274\">Jockey Bicentennial Edition<\/strong> \u2013 riboto leidimo Argentinos cigare\u010di\u0173 pakelis, i\u0161leistas minint <strong data-start=\"339\" data-end=\"401\">Argentinos nepriklausomyb\u0117s 200 met\u0173 jubiliej\u0173 (1810\u20132010)<\/strong>. Pakelis priklauso klasikiniam <em data-start=\"433\" data-end=\"446\">Jockey Club<\/em> prek\u0117s \u017eenklui, gaminamam <strong data-start=\"473\" data-end=\"503\">Massalin Particulares SA.<\/strong> (Philip Morris International grup\u0117s).<\/p>\n<p data-start=\"545\" data-end=\"831\">Dizainas eleganti\u0161kas ir \u0161viesus \u2013 pagrindin\u0117je pus\u0117je pavaizduotas <strong data-start=\"613\" data-end=\"639\">mat\u00e9 indas su bombilla<\/strong>, kuris laikomas vienu i\u0161 ry\u0161kiausi\u0173 Argentinos kult\u016bros simboli\u0173. Spalvin\u0117 gama \u2013 sidabrin\u0117, pilka ir \u0161velniai m\u0117lyna \u2013 su subtiliais atspalviais, perteikian\u010diais modern\u0173, \u0161ventin\u012f \u012fvaizd\u012f.<\/p>\n<p data-start=\"833\" data-end=\"1092\">Vir\u0161uje u\u017eklijuota <strong data-start=\"852\" data-end=\"904\">blue Argentine excise stamp &quot;C\u00f3digo N\u00ba 4&quot;\u201e<\/strong>, with a record <em data-start=\"915\" data-end=\"953\">\u201cCigarrillos \u2013 Imp. Int. Ley 24.674\u201d<\/em>. Ant nugar\u0117l\u0117s pateiktas tekstas <em data-start=\"987\" data-end=\"1008\">\u201cIconos Argentinos\u201d<\/em>, paai\u0161kinantis leidimo paskirt\u012f \u2013 pagerbti \u0161alies kult\u016bros simbolius ir istorij\u0105.<\/p>\n<p data-start=\"1094\" data-end=\"1257\">Manufacturer information on the side \u2013 <em data-start=\"1132\" data-end=\"1187\">\u201cMassalin Particulares SA, Buenos Aires, Argentina\u201d<\/em>. Dugne \u2013 <em data-start=\"1197\" data-end=\"1254\">\u201cIndustria Argentina \u2013 20 Cigarillos Rubios con Filtro\u201d<\/em>.<\/p>\n<hr data-start=\"1259\" data-end=\"1262\" \/>\n<p data-start=\"1264\" data-end=\"1289\"><strong data-start=\"1264\" data-end=\"1287\">Value assessment:<\/strong><\/p>\n<p data-start=\"1291\" data-end=\"1884\">Kolekcin\u0117 vert\u0117: Auk\u0161ta \u2013 riboto leidimo pakelis, sukurtas konkre\u010diai jubiliejinei progai, yra vertinamas tiek vietini\u0173, tiek tarptautini\u0173 kolekcinink\u0173. \u201eBicentenario\u201c serijos pakeliai pasi\u017eymi ne tik istorine reik\u0161me, bet ir meni\u0161ku dizainu, tod\u0117l laikomi vienais i\u0161 \u012fdomesni\u0173 \u0161iuolaikini\u0173 Argentinos leidim\u0173.<br data-start=\"1601\" data-end=\"1604\" \/>B\u016bkl\u0117s vertinimas: Puiki \u2013 originali pl\u0117vel\u0117, pilnai i\u0161likusi banderol\u0117, \u0161varus pavir\u0161ius be pa\u017eeidim\u0173.<br data-start=\"1707\" data-end=\"1710\" \/>Istoriniai duomenys: \u0160i serija i\u0161leista 2010 m., kai daugelis Argentinos gamintoj\u0173 (pvz., Jockey, Parisiennes, Nevada) pristat\u0117 specialius dizainus, skirtus \u0161aliai atminti.<\/p>","protected":false},"excerpt":{"rendered":"<p data-start=\"0\" data-end=\"64\"><strong data-start=\"0\" data-end=\"34\">Brand and name:<\/strong> Jockey Bicentennial Edition<\/p>\n<p data-start=\"66\" data-end=\"91\"><strong data-start=\"66\" data-end=\"76\">Size:<\/strong> 20 cigarettes<\/p>\n<p data-start=\"93\" data-end=\"123\"><strong data-start=\"93\" data-end=\"111\">Country of manufacture:<\/strong> Argentina<\/p>\n<p data-start=\"125\" data-end=\"183\"><strong data-start=\"125\" data-end=\"149\">Production period:<\/strong> 2010 m. (riboto leidimo serija)<\/p>\n<p data-start=\"185\" data-end=\"220\"><strong data-start=\"185\" data-end=\"203\">Package type:<\/strong> Soft pack<\/p>","protected":false},"featured_media":27380,"template":"","meta":{"_surecart_dashboard_logo_width":"180px","_surecart_dashboard_show_logo":true,"_surecart_dashboard_navigation_orders":true,"_surecart_dashboard_navigation_invoices":true,"_surecart_dashboard_navigation_subscriptions":true,"_surecart_dashboard_navigation_downloads":true,"_surecart_dashboard_navigation_billing":true,"_surecart_dashboard_navigation_account":true,"site-sidebar-layout":"default","site-content-layout":"","ast-site-content-layout":"default","site-content-style":"default","site-sidebar-style":"default","ast-global-header-display":"","ast-banner-title-visibility":"","ast-main-header-display":"","ast-hfb-above-header-display":"","ast-hfb-below-header-display":"","ast-hfb-mobile-header-display":"","site-post-title":"","ast-breadcrumbs-content":"","ast-featured-img":"","footer-sml-layout":"","theme-transparent-header-meta":"default","adv-header-id-meta":"","stick-header-meta":"","header-above-stick-meta":"","header-main-stick-meta":"","header-below-stick-meta":"","astra-migrate-meta-layouts":"set","ast-page-background-enabled":"default","ast-page-background-meta":{"desktop":{"background-color":"","background-image":"","background-repeat":"repeat","background-position":"center center","background-size":"auto","background-attachment":"scroll","background-type":"","background-media":"","overlay-type":"","overlay-color":"","overlay-opacity":"","overlay-gradient":""},"tablet":{"background-color":"","background-image":"","background-repeat":"repeat","background-position":"center center","background-size":"auto","background-attachment":"scroll","background-type":"","background-media":"","overlay-type":"","overlay-color":"","overlay-opacity":"","overlay-gradient":""},"mobile":{"background-color":"","background-image":"","background-repeat":"repeat","background-position":"center center","background-size":"auto","background-attachment":"scroll","background-type":"","background-media":"","overlay-type":"","overlay-color":"","overlay-opacity":"","overlay-gradient":""}},"ast-content-background-meta":{"desktop":{"background-color":"var(--ast-global-color-5)","background-image":"","background-repeat":"repeat","background-position":"center center","background-size":"auto","background-attachment":"scroll","background-type":"","background-media":"","overlay-type":"","overlay-color":"","overlay-opacity":"","overlay-gradient":""},"tablet":{"background-color":"var(--ast-global-color-5)","background-image":"","background-repeat":"repeat","background-position":"center center","background-size":"auto","background-attachment":"scroll","background-type":"","background-media":"","overlay-type":"","overlay-color":"","overlay-opacity":"","overlay-gradient":""},"mobile":{"background-color":"var(--ast-global-color-5)","background-image":"","background-repeat":"repeat","background-position":"center center","background-size":"auto","background-attachment":"scroll","background-type":"","background-media":"","overlay-type":"","overlay-color":"","overlay-opacity":"","overlay-gradient":""}}},"product_brand":[],"product_cat":[227],"product_tag":[],"class_list":{"0":"post-19767","1":"product","2":"type-product","3":"status-publish","4":"has-post-thumbnail","6":"product_cat-argentina","7":"desktop-align-left","8":"tablet-align-left","9":"mobile-align-left","11":"first","12":"instock","13":"shipping-taxable","14":"purchasable","15":"product-type-simple","16":"add-to-wishlist-before_image"},"_links":{"self":[{"href":"https:\/\/colligatum.com\/en\/wp-json\/wp\/v2\/product\/19767","targetHints":{"allow":["GET"]}}],"collection":[{"href":"https:\/\/colligatum.com\/en\/wp-json\/wp\/v2\/product"}],"about":[{"href":"https:\/\/colligatum.com\/en\/wp-json\/wp\/v2\/types\/product"}],"version-history":[{"count":1,"href":"https:\/\/colligatum.com\/en\/wp-json\/wp\/v2\/product\/19767\/revisions"}],"predecessor-version":[{"id":19768,"href":"https:\/\/colligatum.com\/en\/wp-json\/wp\/v2\/product\/19767\/revisions\/19768"}],"wp:featuredmedia":[{"embeddable":true,"href":"https:\/\/colligatum.com\/en\/wp-json\/wp\/v2\/media\/27380"}],"wp:attachment":[{"href":"https:\/\/colligatum.com\/en\/wp-json\/wp\/v2\/media?parent=19767"}],"wp:term":[{"taxonomy":"product_brand","embeddable":true,"href":"https:\/\/colligatum.com\/en\/wp-json\/wp\/v2\/product_brand?post=19767"},{"taxonomy":"product_cat","embeddable":true,"href":"https:\/\/colligatum.com\/en\/wp-json\/wp\/v2\/product_cat?post=19767"},{"taxonomy":"product_tag","embeddable":true,"href":"https:\/\/colligatum.com\/en\/wp-json\/wp\/v2\/product_tag?post=19767"}],"curies":[{"name":"wp","href":"https:\/\/api.w.org\/{rel}","templated":true}]}}