{"id":19771,"date":"2025-10-14T13:32:17","date_gmt":"2025-10-14T11:32:17","guid":{"rendered":"https:\/\/colligatum.com\/?post_type=product&#038;p=19771"},"modified":"2026-04-14T06:38:30","modified_gmt":"2026-04-14T04:38:30","slug":"jockey-20-cigarrillos-rubios","status":"publish","type":"product","link":"https:\/\/colligatum.com\/en\/product\/jockey-20-cigarrillos-rubios\/","title":{"rendered":"Jockey &quot;20 Cigarrillos Rubios&quot;\u201e"},"content":{"rendered":"<p data-start=\"276\" data-end=\"835\">Description:<br data-start=\"286\" data-end=\"289\" \/>Jockey \u201e20 Cigarrillos Rubios\u201c \u2013 klasikinis argentinieti\u0161kas cigare\u010di\u0173 pakelis, pasi\u017eymintis minimalistiniu ir eleganti\u0161ku dizainu. Priekin\u0117je dalyje dominuoja sidabrinis fonas su balta JOCKEY u\u017era\u0161o juosta ir raudonu logotipu, vaizduojan\u010diu jojiko kepur\u0119. Apatin\u0117je dalyje nurodyta \u201e20 Cigarrillos Rubios\u201c, o vir\u0161uje matomas m\u0117lynas argentinieti\u0161kas akcizo lipdukas \u201eC\u00f3digo N\u00b04\u201c. Galin\u0117je pus\u0117je pateiktas \u012fsp\u0117jimas \u201eEl fumar es perjudicial para la salud \u2013 Ley N\u00b0 23.344\u201c. Pakelis u\u017esandarintas, celofanas nepa\u017eeistas, akcizo lipdukas vietoje.<\/p>\n<p data-start=\"837\" data-end=\"1484\">Value assessment:<br data-start=\"856\" data-end=\"859\" \/>Kolekcin\u0117 vert\u0117: Vidutin\u0117\u2013auk\u0161tesn\u0117. \u201eJockey\u201c yra vienas i\u0161 geriau \u017einom\u0173 Argentinos cigare\u010di\u0173 prek\u0117s \u017eenkl\u0173, tod\u0117l \u0161is pakelis turi kolekcin\u0119 reik\u0161m\u0119, ypa\u010d u\u017esandarintame stovyje.<br data-start=\"1039\" data-end=\"1042\" \/>B\u016bkl\u0117s vertinimas: Neatidarytas, puikios b\u016bkl\u0117s, su visais originaliais lipdukais ir celofanu.<br data-start=\"1136\" data-end=\"1139\" \/>Istoriniai duomenys ir populiarumas: \u201eJockey Club\u201c buvo vienas populiariausi\u0173 Argentinos cigare\u010di\u0173 preki\u0173 \u017eenkl\u0173 XX a. pabaigoje, priklaus\u0119s vietos gamintojui \u201eTabacalera Picardo\u201c. \u0160io laikotarpio pakuot\u0117s pasi\u017eymi \u0161variu dizainu ir vietine produkcija, tod\u0117l kolekcinink\u0173 tarpe vertinamos kaip klasikin\u0117s piet\u0173 Amerikos rinkos reprezentacijos.<\/p>","protected":false},"excerpt":{"rendered":"<p data-start=\"0\" data-end=\"63\">Prek\u0117s \u017eenklas ir pavadinimas: Jockey &#8222;20 Cigarrillos Rubios&#8221;<\/p>\n<p data-start=\"65\" data-end=\"86\">Size: 20 cigarettes<\/p>\n<p data-start=\"88\" data-end=\"114\">Country of manufacture: Argentina<\/p>\n<p data-start=\"116\" data-end=\"163\">Production period: Approximately 1990-2000.<\/p>\n<p data-start=\"165\" data-end=\"274\">Package type: Soft pack<\/p>","protected":false},"featured_media":19719,"template":"","meta":{"_surecart_dashboard_logo_width":"180px","_surecart_dashboard_show_logo":true,"_surecart_dashboard_navigation_orders":true,"_surecart_dashboard_navigation_invoices":true,"_surecart_dashboard_navigation_subscriptions":true,"_surecart_dashboard_navigation_downloads":true,"_surecart_dashboard_navigation_billing":true,"_surecart_dashboard_navigation_account":true,"site-sidebar-layout":"default","site-content-layout":"","ast-site-content-layout":"default","site-content-style":"default","site-sidebar-style":"default","ast-global-header-display":"","ast-banner-title-visibility":"","ast-main-header-display":"","ast-hfb-above-header-display":"","ast-hfb-below-header-display":"","ast-hfb-mobile-header-display":"","site-post-title":"","ast-breadcrumbs-content":"","ast-featured-img":"","footer-sml-layout":"","theme-transparent-header-meta":"default","adv-header-id-meta":"","stick-header-meta":"","header-above-stick-meta":"","header-main-stick-meta":"","header-below-stick-meta":"","astra-migrate-meta-layouts":"set","ast-page-background-enabled":"default","ast-page-background-meta":{"desktop":{"background-color":"","background-image":"","background-repeat":"repeat","background-position":"center center","background-size":"auto","background-attachment":"scroll","background-type":"","background-media":"","overlay-type":"","overlay-color":"","overlay-opacity":"","overlay-gradient":""},"tablet":{"background-color":"","background-image":"","background-repeat":"repeat","background-position":"center center","background-size":"auto","background-attachment":"scroll","background-type":"","background-media":"","overlay-type":"","overlay-color":"","overlay-opacity":"","overlay-gradient":""},"mobile":{"background-color":"","background-image":"","background-repeat":"repeat","background-position":"center center","background-size":"auto","background-attachment":"scroll","background-type":"","background-media":"","overlay-type":"","overlay-color":"","overlay-opacity":"","overlay-gradient":""}},"ast-content-background-meta":{"desktop":{"background-color":"var(--ast-global-color-5)","background-image":"","background-repeat":"repeat","background-position":"center center","background-size":"auto","background-attachment":"scroll","background-type":"","background-media":"","overlay-type":"","overlay-color":"","overlay-opacity":"","overlay-gradient":""},"tablet":{"background-color":"var(--ast-global-color-5)","background-image":"","background-repeat":"repeat","background-position":"center center","background-size":"auto","background-attachment":"scroll","background-type":"","background-media":"","overlay-type":"","overlay-color":"","overlay-opacity":"","overlay-gradient":""},"mobile":{"background-color":"var(--ast-global-color-5)","background-image":"","background-repeat":"repeat","background-position":"center center","background-size":"auto","background-attachment":"scroll","background-type":"","background-media":"","overlay-type":"","overlay-color":"","overlay-opacity":"","overlay-gradient":""}}},"product_brand":[],"product_cat":[227],"product_tag":[],"class_list":{"0":"post-19771","1":"product","2":"type-product","3":"status-publish","4":"has-post-thumbnail","6":"product_cat-argentina","7":"desktop-align-left","8":"tablet-align-left","9":"mobile-align-left","11":"first","12":"instock","13":"sale","14":"shipping-taxable","15":"purchasable","16":"product-type-simple","17":"add-to-wishlist-before_image"},"_links":{"self":[{"href":"https:\/\/colligatum.com\/en\/wp-json\/wp\/v2\/product\/19771","targetHints":{"allow":["GET"]}}],"collection":[{"href":"https:\/\/colligatum.com\/en\/wp-json\/wp\/v2\/product"}],"about":[{"href":"https:\/\/colligatum.com\/en\/wp-json\/wp\/v2\/types\/product"}],"version-history":[{"count":1,"href":"https:\/\/colligatum.com\/en\/wp-json\/wp\/v2\/product\/19771\/revisions"}],"predecessor-version":[{"id":19772,"href":"https:\/\/colligatum.com\/en\/wp-json\/wp\/v2\/product\/19771\/revisions\/19772"}],"wp:featuredmedia":[{"embeddable":true,"href":"https:\/\/colligatum.com\/en\/wp-json\/wp\/v2\/media\/19719"}],"wp:attachment":[{"href":"https:\/\/colligatum.com\/en\/wp-json\/wp\/v2\/media?parent=19771"}],"wp:term":[{"taxonomy":"product_brand","embeddable":true,"href":"https:\/\/colligatum.com\/en\/wp-json\/wp\/v2\/product_brand?post=19771"},{"taxonomy":"product_cat","embeddable":true,"href":"https:\/\/colligatum.com\/en\/wp-json\/wp\/v2\/product_cat?post=19771"},{"taxonomy":"product_tag","embeddable":true,"href":"https:\/\/colligatum.com\/en\/wp-json\/wp\/v2\/product_tag?post=19771"}],"curies":[{"name":"wp","href":"https:\/\/api.w.org\/{rel}","templated":true}]}}