{"id":19866,"date":"2025-10-14T16:54:05","date_gmt":"2025-10-14T14:54:05","guid":{"rendered":"https:\/\/colligatum.com\/?post_type=product&#038;p=19866"},"modified":"2025-10-14T16:54:06","modified_gmt":"2025-10-14T14:54:06","slug":"filter-160-2","status":"publish","type":"product","link":"https:\/\/colligatum.com\/en\/product\/filter-160-2\/","title":{"rendered":"Filter 160"},"content":{"rendered":"<p data-start=\"263\" data-end=\"911\">Description:<br data-start=\"273\" data-end=\"276\" \/>\u201eFilter 160 King Size is one of the most famous examples of the classic production of the Croatian tobacco manufacturer TDR \u2013 Tvornica Duhana Rovinj. The design of this pack is characterized by an elegant gold tone with a red top band, which reads \u201cKing Size\u201e. The product name \u201cFilter 160\u201e is presented in a white, expressive font, and at the bottom \u2013 the inscription \u201cExtra Quality Cigarettes\u201e with the \u201cTDR\u201e emblem. The design is minimalist, but retains the impression of luxury, which was characteristic of the 1990s on the Croatian cigarette market. The side inscriptions \u201cPu\u0161enje \u0161teti va\u0161em zdravlju\u201e and \u201cPu\u0161enje skra\u0107uje \u017eivot\u201e indicate the product as intended for the local market.<\/p>\n<p data-start=\"913\" data-end=\"934\">Value assessment:<\/p>\n<p data-start=\"936\" data-end=\"1257\">Collectible Value: Medium to High. Filter 160 King Size is one of the most well-known Croatian TDR products, making this pack important for regional brand collections. Although not extremely rare, packs with intact cellophane and original excise stamp from the 1990-2000 period are becoming increasingly rare today.<\/p>\n<p data-start=\"1259\" data-end=\"1358\">Condition assessment: Unopened, in excellent condition, cellophane intact, excise sticker without damage.<\/p>\n<p data-start=\"1360\" data-end=\"1816\">Historical data and popularity:<br data-start=\"1396\" data-end=\"1399\" \/>\u201eThe Filter 160 brand was one of TDR&#039;s most successful products, launched in the 1980s and remaining popular even after Croatia regained its independence. The King Size version was distinguished by its slightly larger cigarette format and was aimed at a higher quality category. This version became a symbol of the transitional Croatian tobacco market and remained a cult local brand until the early 2000s.<\/p>","protected":false},"excerpt":{"rendered":"<p data-start=\"0\" data-end=\"53\">Brand and name: Filter 160 King Size<\/p>\n<p data-start=\"55\" data-end=\"76\">Size: 20 cigarettes<\/p>\n<p data-start=\"78\" data-end=\"103\">Country of manufacture: Croatia<\/p>\n<p data-start=\"105\" data-end=\"145\">Production period: Around 1995\u20132005.<\/p>\n<p data-start=\"147\" data-end=\"261\">Package type: Hard package (with blue Croatian excise sticker, marked price &quot;11.00 kuna&quot;, serial code A)<\/p>","protected":false},"featured_media":19812,"template":"","meta":{"_surecart_dashboard_logo_width":"180px","_surecart_dashboard_show_logo":true,"_surecart_dashboard_navigation_orders":true,"_surecart_dashboard_navigation_invoices":true,"_surecart_dashboard_navigation_subscriptions":true,"_surecart_dashboard_navigation_downloads":true,"_surecart_dashboard_navigation_billing":true,"_surecart_dashboard_navigation_account":true,"site-sidebar-layout":"default","site-content-layout":"","ast-site-content-layout":"default","site-content-style":"default","site-sidebar-style":"default","ast-global-header-display":"","ast-banner-title-visibility":"","ast-main-header-display":"","ast-hfb-above-header-display":"","ast-hfb-below-header-display":"","ast-hfb-mobile-header-display":"","site-post-title":"","ast-breadcrumbs-content":"","ast-featured-img":"","footer-sml-layout":"","theme-transparent-header-meta":"default","adv-header-id-meta":"","stick-header-meta":"","header-above-stick-meta":"","header-main-stick-meta":"","header-below-stick-meta":"","astra-migrate-meta-layouts":"set","ast-page-background-enabled":"default","ast-page-background-meta":{"desktop":{"background-color":"","background-image":"","background-repeat":"repeat","background-position":"center center","background-size":"auto","background-attachment":"scroll","background-type":"","background-media":"","overlay-type":"","overlay-color":"","overlay-opacity":"","overlay-gradient":""},"tablet":{"background-color":"","background-image":"","background-repeat":"repeat","background-position":"center center","background-size":"auto","background-attachment":"scroll","background-type":"","background-media":"","overlay-type":"","overlay-color":"","overlay-opacity":"","overlay-gradient":""},"mobile":{"background-color":"","background-image":"","background-repeat":"repeat","background-position":"center center","background-size":"auto","background-attachment":"scroll","background-type":"","background-media":"","overlay-type":"","overlay-color":"","overlay-opacity":"","overlay-gradient":""}},"ast-content-background-meta":{"desktop":{"background-color":"var(--ast-global-color-5)","background-image":"","background-repeat":"repeat","background-position":"center center","background-size":"auto","background-attachment":"scroll","background-type":"","background-media":"","overlay-type":"","overlay-color":"","overlay-opacity":"","overlay-gradient":""},"tablet":{"background-color":"var(--ast-global-color-5)","background-image":"","background-repeat":"repeat","background-position":"center center","background-size":"auto","background-attachment":"scroll","background-type":"","background-media":"","overlay-type":"","overlay-color":"","overlay-opacity":"","overlay-gradient":""},"mobile":{"background-color":"var(--ast-global-color-5)","background-image":"","background-repeat":"repeat","background-position":"center center","background-size":"auto","background-attachment":"scroll","background-type":"","background-media":"","overlay-type":"","overlay-color":"","overlay-opacity":"","overlay-gradient":""}}},"product_brand":[],"product_cat":[140],"product_tag":[],"class_list":{"0":"post-19866","1":"product","2":"type-product","3":"status-publish","4":"has-post-thumbnail","6":"product_cat-croatia","7":"desktop-align-left","8":"tablet-align-left","9":"mobile-align-left","11":"first","12":"instock","13":"sale","14":"shipping-taxable","15":"purchasable","16":"product-type-simple","17":"add-to-wishlist-before_image"},"_links":{"self":[{"href":"https:\/\/colligatum.com\/en\/wp-json\/wp\/v2\/product\/19866","targetHints":{"allow":["GET"]}}],"collection":[{"href":"https:\/\/colligatum.com\/en\/wp-json\/wp\/v2\/product"}],"about":[{"href":"https:\/\/colligatum.com\/en\/wp-json\/wp\/v2\/types\/product"}],"version-history":[{"count":1,"href":"https:\/\/colligatum.com\/en\/wp-json\/wp\/v2\/product\/19866\/revisions"}],"predecessor-version":[{"id":19867,"href":"https:\/\/colligatum.com\/en\/wp-json\/wp\/v2\/product\/19866\/revisions\/19867"}],"wp:featuredmedia":[{"embeddable":true,"href":"https:\/\/colligatum.com\/en\/wp-json\/wp\/v2\/media\/19812"}],"wp:attachment":[{"href":"https:\/\/colligatum.com\/en\/wp-json\/wp\/v2\/media?parent=19866"}],"wp:term":[{"taxonomy":"product_brand","embeddable":true,"href":"https:\/\/colligatum.com\/en\/wp-json\/wp\/v2\/product_brand?post=19866"},{"taxonomy":"product_cat","embeddable":true,"href":"https:\/\/colligatum.com\/en\/wp-json\/wp\/v2\/product_cat?post=19866"},{"taxonomy":"product_tag","embeddable":true,"href":"https:\/\/colligatum.com\/en\/wp-json\/wp\/v2\/product_tag?post=19866"}],"curies":[{"name":"wp","href":"https:\/\/api.w.org\/{rel}","templated":true}]}}