{"id":20106,"date":"2025-10-15T09:30:13","date_gmt":"2025-10-15T07:30:13","guid":{"rendered":"https:\/\/colligatum.com\/?post_type=product&#038;p=20106"},"modified":"2026-03-20T09:48:55","modified_gmt":"2026-03-20T07:48:55","slug":"parliament-super-slims-collection","status":"publish","type":"product","link":"https:\/\/colligatum.com\/en\/product\/parliament-super-slims-collection\/","title":{"rendered":"Parliament Super Slims Collection"},"content":{"rendered":"<p data-start=\"247\" data-end=\"607\"><strong data-start=\"247\" data-end=\"261\">Description:<\/strong><br data-start=\"261\" data-end=\"264\" \/>This is extremely rare. <strong data-start=\"278\" data-end=\"317\">\u201eParliament Super Slims Collection\u201c<\/strong> versija, sukurta kaip <strong data-start=\"340\" data-end=\"363\">kolekcinis leidimas<\/strong>, kuriame pavaizduotos dvi <strong data-start=\"390\" data-end=\"428\">retro stiliaus moters fotografijos<\/strong>, primenan\u010dios 1950\u20131960 m. Holivudo estetik\u0105. \u0160is leidimas priklauso \u201eBlend of U.S.A. tobaccos\u201c serijai, kuri buvo platinama <strong data-start=\"554\" data-end=\"597\">Rusijos ir kai kuri\u0173 Ryt\u0173 Europos rink\u0173<\/strong> within the limits.<\/p>\n<p data-start=\"609\" data-end=\"971\">The package is separated <strong data-start=\"628\" data-end=\"654\">\u0161viesiai kreminiu fonu<\/strong>, <strong data-start=\"656\" data-end=\"673\">m\u0117lyna kar\u016bna<\/strong> vir\u0161 \u201eParliament\u201c logotipo ir dekoratyviniu <strong data-start=\"718\" data-end=\"742\">m\u0117lynu sparn\u0173 motyvu<\/strong> apatin\u0117je dalyje, \u017eymin\u010diu kolekcin\u012f leidim\u0105 \u2013 su u\u017era\u0161u <em data-start=\"800\" data-end=\"812\">Collection<\/em>. Kiekvienoje pus\u0117je \u2013 skirtingas atvaizdas: viena pus\u0117 vaizduoja <strong data-start=\"878\" data-end=\"923\">juodai balt\u0105 klasikin\u0119 portreto nuotrauk\u0105<\/strong>, kita \u2013 <strong data-start=\"932\" data-end=\"968\">spalvot\u0105 retro fotosesijos kadr\u0105<\/strong>.<\/p>\n<p data-start=\"973\" data-end=\"1208\">Kra\u0161tin\u0117je pateiktas \u012fsp\u0117jimas angl\u0173 kalba (<em data-start=\"1017\" data-end=\"1052\">\u201cU.S. Surgeon General\u2019s Warning\u2026\u201d<\/em>), ta\u010diau pakelis turi <strong data-start=\"1075\" data-end=\"1097\">rusi\u0161k\u0105 \u017eenklinim\u0105<\/strong>, tod\u0117l galima teigti, kad \u0161is variantas buvo <strong data-start=\"1143\" data-end=\"1174\">importuotas pagal licencij\u0105<\/strong> ir pritaikytas vietinei rinkai.<\/p>\n<p data-start=\"1210\" data-end=\"1235\"><strong data-start=\"1210\" data-end=\"1233\">Value assessment:<\/strong><\/p>\n<ul data-start=\"1236\" data-end=\"1915\">\n<li data-start=\"1236\" data-end=\"1513\">\n<p data-start=\"1238\" data-end=\"1513\"><strong data-start=\"1238\" data-end=\"1258\">Collectible value:<\/strong> Auk\u0161ta. \u0160is leidimas laikomas vienu <strong data-start=\"1295\" data-end=\"1353\">i\u0161 re\u010diausi\u0173 \u201eParliament Super Slims\u201c linijos variant\u0173<\/strong>, d\u0117l savo <strong data-start=\"1364\" data-end=\"1390\">kolekcin\u0117s koncepcijos<\/strong> ir riboto platinimo. D\u0117l vizualinio dizaino su retro fotografijomis pakelis turi i\u0161skirtin\u012f status\u0105 tarp kolekcionieri\u0173.<\/p>\n<\/li>\n<li data-start=\"1514\" data-end=\"1659\">\n<p data-start=\"1516\" data-end=\"1659\"><strong data-start=\"1516\" data-end=\"1538\">Condition assessment:<\/strong> Labai gera \u2013 celofanas i\u0161lik\u0119s, nors ant dugno matyti ne\u017eym\u016bs laikymo p\u0117dsakai. Nuotraukos, u\u017era\u0161ai ir spalvos ry\u0161k\u016bs.<\/p>\n<\/li>\n<li data-start=\"1660\" data-end=\"1915\">\n<p data-start=\"1662\" data-end=\"1915\"><strong data-start=\"1662\" data-end=\"1702\">Historical data and popularity:<\/strong> \u201eParliament Super Slims Collection\u201c buvo i\u0161leistas ribotam laikotarpiui, kai \u201ePhilip Morris\u201c siek\u0117 pozicionuoti \u201eParliament\u201c kaip prabangesn\u012f prek\u0117s \u017eenkl\u0105 superslim segmente, konkuruojant su \u201eVogue\u201c ir \u201eEsse\u201c.<\/p>\n<\/li>\n<\/ul>","protected":false},"excerpt":{"rendered":"<p data-start=\"0\" data-end=\"70\"><strong data-start=\"0\" data-end=\"34\">Brand and name:<\/strong> Parliament Super Slims Collection<\/p>\n<p data-start=\"72\" data-end=\"107\"><strong data-start=\"72\" data-end=\"82\">Size:<\/strong> 20 super slim cigarettes<\/p>\n<p data-start=\"109\" data-end=\"136\"><strong data-start=\"109\" data-end=\"127\">Country of manufacture:<\/strong> Russia<\/p>\n<p data-start=\"138\" data-end=\"189\"><strong data-start=\"138\" data-end=\"162\">Production period:<\/strong> Approximately 2000-2005.<\/p>\n<p data-start=\"191\" data-end=\"245\"><strong data-start=\"191\" data-end=\"209\">Package type:<\/strong> Hard, superslim format packet<\/p>","protected":false},"featured_media":20053,"template":"","meta":{"_surecart_dashboard_logo_width":"180px","_surecart_dashboard_show_logo":true,"_surecart_dashboard_navigation_orders":true,"_surecart_dashboard_navigation_invoices":true,"_surecart_dashboard_navigation_subscriptions":true,"_surecart_dashboard_navigation_downloads":true,"_surecart_dashboard_navigation_billing":true,"_surecart_dashboard_navigation_account":true,"site-sidebar-layout":"default","site-content-layout":"","ast-site-content-layout":"default","site-content-style":"default","site-sidebar-style":"default","ast-global-header-display":"","ast-banner-title-visibility":"","ast-main-header-display":"","ast-hfb-above-header-display":"","ast-hfb-below-header-display":"","ast-hfb-mobile-header-display":"","site-post-title":"","ast-breadcrumbs-content":"","ast-featured-img":"","footer-sml-layout":"","theme-transparent-header-meta":"default","adv-header-id-meta":"","stick-header-meta":"","header-above-stick-meta":"","header-main-stick-meta":"","header-below-stick-meta":"","astra-migrate-meta-layouts":"set","ast-page-background-enabled":"default","ast-page-background-meta":{"desktop":{"background-color":"","background-image":"","background-repeat":"repeat","background-position":"center center","background-size":"auto","background-attachment":"scroll","background-type":"","background-media":"","overlay-type":"","overlay-color":"","overlay-opacity":"","overlay-gradient":""},"tablet":{"background-color":"","background-image":"","background-repeat":"repeat","background-position":"center center","background-size":"auto","background-attachment":"scroll","background-type":"","background-media":"","overlay-type":"","overlay-color":"","overlay-opacity":"","overlay-gradient":""},"mobile":{"background-color":"","background-image":"","background-repeat":"repeat","background-position":"center center","background-size":"auto","background-attachment":"scroll","background-type":"","background-media":"","overlay-type":"","overlay-color":"","overlay-opacity":"","overlay-gradient":""}},"ast-content-background-meta":{"desktop":{"background-color":"var(--ast-global-color-5)","background-image":"","background-repeat":"repeat","background-position":"center center","background-size":"auto","background-attachment":"scroll","background-type":"","background-media":"","overlay-type":"","overlay-color":"","overlay-opacity":"","overlay-gradient":""},"tablet":{"background-color":"var(--ast-global-color-5)","background-image":"","background-repeat":"repeat","background-position":"center center","background-size":"auto","background-attachment":"scroll","background-type":"","background-media":"","overlay-type":"","overlay-color":"","overlay-opacity":"","overlay-gradient":""},"mobile":{"background-color":"var(--ast-global-color-5)","background-image":"","background-repeat":"repeat","background-position":"center center","background-size":"auto","background-attachment":"scroll","background-type":"","background-media":"","overlay-type":"","overlay-color":"","overlay-opacity":"","overlay-gradient":""}}},"product_brand":[],"product_cat":[183],"product_tag":[],"class_list":{"0":"post-20106","1":"product","2":"type-product","3":"status-publish","4":"has-post-thumbnail","6":"product_cat-russia","7":"desktop-align-left","8":"tablet-align-left","9":"mobile-align-left","11":"first","12":"outofstock","13":"sale","14":"shipping-taxable","15":"purchasable","16":"product-type-simple","17":"add-to-wishlist-before_image"},"_links":{"self":[{"href":"https:\/\/colligatum.com\/en\/wp-json\/wp\/v2\/product\/20106","targetHints":{"allow":["GET"]}}],"collection":[{"href":"https:\/\/colligatum.com\/en\/wp-json\/wp\/v2\/product"}],"about":[{"href":"https:\/\/colligatum.com\/en\/wp-json\/wp\/v2\/types\/product"}],"version-history":[{"count":1,"href":"https:\/\/colligatum.com\/en\/wp-json\/wp\/v2\/product\/20106\/revisions"}],"predecessor-version":[{"id":20107,"href":"https:\/\/colligatum.com\/en\/wp-json\/wp\/v2\/product\/20106\/revisions\/20107"}],"wp:featuredmedia":[{"embeddable":true,"href":"https:\/\/colligatum.com\/en\/wp-json\/wp\/v2\/media\/20053"}],"wp:attachment":[{"href":"https:\/\/colligatum.com\/en\/wp-json\/wp\/v2\/media?parent=20106"}],"wp:term":[{"taxonomy":"product_brand","embeddable":true,"href":"https:\/\/colligatum.com\/en\/wp-json\/wp\/v2\/product_brand?post=20106"},{"taxonomy":"product_cat","embeddable":true,"href":"https:\/\/colligatum.com\/en\/wp-json\/wp\/v2\/product_cat?post=20106"},{"taxonomy":"product_tag","embeddable":true,"href":"https:\/\/colligatum.com\/en\/wp-json\/wp\/v2\/product_tag?post=20106"}],"curies":[{"name":"wp","href":"https:\/\/api.w.org\/{rel}","templated":true}]}}