{"id":20117,"date":"2025-10-15T09:51:32","date_gmt":"2025-10-15T07:51:32","guid":{"rendered":"https:\/\/colligatum.com\/?post_type=product&#038;p=20117"},"modified":"2026-04-15T05:11:21","modified_gmt":"2026-04-15T03:11:21","slug":"filtol-mentolos","status":"publish","type":"product","link":"https:\/\/colligatum.com\/en\/product\/filtol-mentolos\/","title":{"rendered":"Filtol Menthol"},"content":{"rendered":"<p data-start=\"204\" data-end=\"626\"><strong data-start=\"204\" data-end=\"218\">Description:<\/strong><br data-start=\"218\" data-end=\"221\" \/>This is a classic <strong data-start=\"236\" data-end=\"257\">\u201e&quot;Filtol Menthol&quot;\u201c<\/strong> (or in Hungarian <em data-start=\"275\" data-end=\"313\">Filtol Menthol F\u00fcstfl\u00fctzer Cigarette<\/em>) edition produced <strong data-start=\"336\" data-end=\"367\">Hungarian Tobacco Company<\/strong> (In a Hungarian tobacco company). The packet stands out <strong data-start=\"424\" data-end=\"461\">modernist geometric design<\/strong>, typical of the 1960s and 1970s, with <strong data-start=\"511\" data-end=\"547\">with white diagonal line patterns<\/strong> on <strong data-start=\"552\" data-end=\"574\">dark green background<\/strong> and <strong data-start=\"578\" data-end=\"616\">with red Filtol logo<\/strong> in the center.<\/p>\n<p data-start=\"628\" data-end=\"949\">The inscription on the package is visible <em data-start=\"656\" data-end=\"699\">Arom\u00e1s\u00edtott Mentolos F\u00fcstfl\u00fctzer Cigarette<\/em> (&quot;Flavored Menthol Filter Cigarettes&quot;), emphasizing the flavored type of tobacco, which was considered a more modern choice at the time. The top was covered with a layer of aluminum foil, which was a common construction for soft packs in Eastern Europe.<\/p>\n<p data-start=\"951\" data-end=\"1217\">This edition was one of the first menthol cigarette products in Hungary, and was also exported to some countries belonging to the socialist markets. Due to its design and historical context, Filtol Mentolos is considered <strong data-start=\"1166\" data-end=\"1214\">a great example of Eastern European tobacco design<\/strong>.<\/p>\n<p data-start=\"1219\" data-end=\"1244\"><strong data-start=\"1219\" data-end=\"1242\">Value assessment:<\/strong><\/p>\n<ul data-start=\"1245\" data-end=\"1918\">\n<li data-start=\"1245\" data-end=\"1556\">\n<p data-start=\"1247\" data-end=\"1556\"><strong data-start=\"1247\" data-end=\"1267\">Collectible value:<\/strong> High. The Filtol series is one of <strong data-start=\"1305\" data-end=\"1344\">rarer Hungarian cigarette lines<\/strong>, and menthol variants are even rarer, especially those preserved in the original soft pack. Collectors value them for their authentic retro design and the fact that menthol cigarettes were not widely available in the Eastern Bloc at the time.<\/p>\n<\/li>\n<li data-start=\"1557\" data-end=\"1717\">\n<p data-start=\"1559\" data-end=\"1717\"><strong data-start=\"1559\" data-end=\"1581\">Condition assessment:<\/strong> Good \u2013 the packaging is not torn, the cellophane is partially intact, the top is slightly deformed, but the colors remain bright, the logo is clear.<\/p>\n<\/li>\n<li data-start=\"1718\" data-end=\"1918\">\n<p data-start=\"1720\" data-end=\"1918\"><strong data-start=\"1720\" data-end=\"1760\">Historical data and popularity:<\/strong> \u201eFiltol was a Hungarian national manufacturer&#039;s brand, produced until the late 1980s, when it was replaced by more modern local and international names.<\/p>\n<\/li>\n<\/ul>","protected":false},"excerpt":{"rendered":"<p data-start=\"0\" data-end=\"52\"><strong data-start=\"0\" data-end=\"34\">Brand and name:<\/strong> Filtol Menthol<\/p>\n<p data-start=\"54\" data-end=\"79\"><strong data-start=\"54\" data-end=\"64\">Size:<\/strong> 20 cigarettes<\/p>\n<p data-start=\"81\" data-end=\"110\"><strong data-start=\"81\" data-end=\"99\">Country of manufacture:<\/strong> Hungary<\/p>\n<p data-start=\"112\" data-end=\"163\"><strong data-start=\"112\" data-end=\"136\">Production period:<\/strong> Approximately 1970-1980.<\/p>\n<p data-start=\"165\" data-end=\"202\"><strong data-start=\"165\" data-end=\"183\">Package type:<\/strong> Soft pack<\/p>","protected":false},"featured_media":20063,"template":"","meta":{"_surecart_dashboard_logo_width":"180px","_surecart_dashboard_show_logo":true,"_surecart_dashboard_navigation_orders":true,"_surecart_dashboard_navigation_invoices":true,"_surecart_dashboard_navigation_subscriptions":true,"_surecart_dashboard_navigation_downloads":true,"_surecart_dashboard_navigation_billing":true,"_surecart_dashboard_navigation_account":true,"site-sidebar-layout":"default","site-content-layout":"","ast-site-content-layout":"default","site-content-style":"default","site-sidebar-style":"default","ast-global-header-display":"","ast-banner-title-visibility":"","ast-main-header-display":"","ast-hfb-above-header-display":"","ast-hfb-below-header-display":"","ast-hfb-mobile-header-display":"","site-post-title":"","ast-breadcrumbs-content":"","ast-featured-img":"","footer-sml-layout":"","theme-transparent-header-meta":"default","adv-header-id-meta":"","stick-header-meta":"","header-above-stick-meta":"","header-main-stick-meta":"","header-below-stick-meta":"","astra-migrate-meta-layouts":"set","ast-page-background-enabled":"default","ast-page-background-meta":{"desktop":{"background-color":"","background-image":"","background-repeat":"repeat","background-position":"center center","background-size":"auto","background-attachment":"scroll","background-type":"","background-media":"","overlay-type":"","overlay-color":"","overlay-opacity":"","overlay-gradient":""},"tablet":{"background-color":"","background-image":"","background-repeat":"repeat","background-position":"center center","background-size":"auto","background-attachment":"scroll","background-type":"","background-media":"","overlay-type":"","overlay-color":"","overlay-opacity":"","overlay-gradient":""},"mobile":{"background-color":"","background-image":"","background-repeat":"repeat","background-position":"center center","background-size":"auto","background-attachment":"scroll","background-type":"","background-media":"","overlay-type":"","overlay-color":"","overlay-opacity":"","overlay-gradient":""}},"ast-content-background-meta":{"desktop":{"background-color":"var(--ast-global-color-5)","background-image":"","background-repeat":"repeat","background-position":"center center","background-size":"auto","background-attachment":"scroll","background-type":"","background-media":"","overlay-type":"","overlay-color":"","overlay-opacity":"","overlay-gradient":""},"tablet":{"background-color":"var(--ast-global-color-5)","background-image":"","background-repeat":"repeat","background-position":"center center","background-size":"auto","background-attachment":"scroll","background-type":"","background-media":"","overlay-type":"","overlay-color":"","overlay-opacity":"","overlay-gradient":""},"mobile":{"background-color":"var(--ast-global-color-5)","background-image":"","background-repeat":"repeat","background-position":"center center","background-size":"auto","background-attachment":"scroll","background-type":"","background-media":"","overlay-type":"","overlay-color":"","overlay-opacity":"","overlay-gradient":""}}},"product_brand":[],"product_cat":[230],"product_tag":[],"class_list":{"0":"post-20117","1":"product","2":"type-product","3":"status-publish","4":"has-post-thumbnail","6":"product_cat-hungary-europa","7":"desktop-align-left","8":"tablet-align-left","9":"mobile-align-left","11":"first","12":"instock","13":"sale","14":"shipping-taxable","15":"purchasable","16":"product-type-simple","17":"add-to-wishlist-before_image"},"_links":{"self":[{"href":"https:\/\/colligatum.com\/en\/wp-json\/wp\/v2\/product\/20117","targetHints":{"allow":["GET"]}}],"collection":[{"href":"https:\/\/colligatum.com\/en\/wp-json\/wp\/v2\/product"}],"about":[{"href":"https:\/\/colligatum.com\/en\/wp-json\/wp\/v2\/types\/product"}],"version-history":[{"count":1,"href":"https:\/\/colligatum.com\/en\/wp-json\/wp\/v2\/product\/20117\/revisions"}],"predecessor-version":[{"id":20118,"href":"https:\/\/colligatum.com\/en\/wp-json\/wp\/v2\/product\/20117\/revisions\/20118"}],"wp:featuredmedia":[{"embeddable":true,"href":"https:\/\/colligatum.com\/en\/wp-json\/wp\/v2\/media\/20063"}],"wp:attachment":[{"href":"https:\/\/colligatum.com\/en\/wp-json\/wp\/v2\/media?parent=20117"}],"wp:term":[{"taxonomy":"product_brand","embeddable":true,"href":"https:\/\/colligatum.com\/en\/wp-json\/wp\/v2\/product_brand?post=20117"},{"taxonomy":"product_cat","embeddable":true,"href":"https:\/\/colligatum.com\/en\/wp-json\/wp\/v2\/product_cat?post=20117"},{"taxonomy":"product_tag","embeddable":true,"href":"https:\/\/colligatum.com\/en\/wp-json\/wp\/v2\/product_tag?post=20117"}],"curies":[{"name":"wp","href":"https:\/\/api.w.org\/{rel}","templated":true}]}}