{"id":20194,"date":"2025-10-15T10:44:40","date_gmt":"2025-10-15T08:44:40","guid":{"rendered":"https:\/\/colligatum.com\/?post_type=product&#038;p=20194"},"modified":"2025-10-15T10:44:41","modified_gmt":"2025-10-15T08:44:41","slug":"lishipai","status":"publish","type":"product","link":"https:\/\/colligatum.com\/en\/product\/lishipai\/","title":{"rendered":"Liships"},"content":{"rendered":"<p data-start=\"193\" data-end=\"500\"><strong data-start=\"193\" data-end=\"207\">Description:<\/strong><br data-start=\"207\" data-end=\"210\" \/><strong data-start=\"210\" data-end=\"224\">\u201eliships\u201c<\/strong> \u2013 a classic Chinese cigarette brand, produced <strong data-start=\"282\" data-end=\"311\">Yingkou Cigarette Factory<\/strong>, operating in Liaoning Province, China. This package belongs to an export series that was intended for both domestic and foreign markets - especially the Asian and Soviet Union regions.<\/p>\n<p data-start=\"502\" data-end=\"877\">The design stands out <strong data-start=\"522\" data-end=\"571\">white with vertical gold stripes<\/strong>, with a red coat of arms and a <strong data-start=\"611\" data-end=\"636\">athlete with a javelin<\/strong>, symbolizing strength and honor \u2013 motifs typical of the Chinese industrial aesthetics of the period. The inscription \u201eLishipai\u201c is presented in Latin letters in a modern font, and below it the Chinese characters \u529b\u58eb\u724c (\u201eL\u00ecsh\u00ec p\u00e1i\u201c) mean \u201emark of the strong\u201c.<\/p>\n<p data-start=\"879\" data-end=\"1140\">Above is a red excise sticker marking a pack of 20 cigarettes. The inscription on the side, &quot;Yingkou Cigarette Factory China,&quot; indicates a manufacturer that has been in operation since the mid-20th century and was known for export brands such as <em data-start=\"1100\" data-end=\"1108\">Dalian<\/em>, <em data-start=\"1110\" data-end=\"1120\">Liships<\/em> and <em data-start=\"1124\" data-end=\"1137\">Dragon Seal<\/em>.<\/p>\n<p data-start=\"1142\" data-end=\"1167\"><strong data-start=\"1142\" data-end=\"1165\">Value assessment:<\/strong><\/p>\n<ul data-start=\"1168\" data-end=\"1669\">\n<li data-start=\"1168\" data-end=\"1305\">\n<p data-start=\"1170\" data-end=\"1305\"><strong data-start=\"1170\" data-end=\"1190\">Collectible value:<\/strong> Medium\u2013High. Lishipai packages from the 1980s\u20131990s are rare, especially in good condition with cellophane.<\/p>\n<\/li>\n<li data-start=\"1306\" data-end=\"1423\">\n<p data-start=\"1308\" data-end=\"1423\"><strong data-start=\"1308\" data-end=\"1330\">Condition assessment:<\/strong> Very good - packaging is fully sealed, original sticker, slight oxidation spots.<\/p>\n<\/li>\n<li data-start=\"1424\" data-end=\"1669\">\n<p data-start=\"1426\" data-end=\"1669\"><strong data-start=\"1426\" data-end=\"1450\">Historical data:<\/strong> \u201eYingkou Cigarette Factory was one of the 40 major manufacturers in China until 2000, when it was integrated into China Tobacco Liaoning Industrial Co. Lishipai was one of their main mid-range series.<\/p>\n<\/li>\n<\/ul>","protected":false},"excerpt":{"rendered":"<p data-start=\"0\" data-end=\"45\"><strong data-start=\"0\" data-end=\"34\">Brand and name:<\/strong> Liships<\/p>\n<p data-start=\"47\" data-end=\"72\"><strong data-start=\"47\" data-end=\"57\">Size:<\/strong> 20 cigarettes<\/p>\n<p data-start=\"74\" data-end=\"101\"><strong data-start=\"74\" data-end=\"92\">Country of manufacture:<\/strong> China<\/p>\n<p data-start=\"103\" data-end=\"154\"><strong data-start=\"103\" data-end=\"127\">Production period:<\/strong> Approximately 1980-1990.<\/p>\n<p data-start=\"156\" data-end=\"191\"><strong data-start=\"156\" data-end=\"174\">Package type:<\/strong> Soft pack<\/p>","protected":false},"featured_media":20140,"template":"","meta":{"_surecart_dashboard_logo_width":"180px","_surecart_dashboard_show_logo":true,"_surecart_dashboard_navigation_orders":true,"_surecart_dashboard_navigation_invoices":true,"_surecart_dashboard_navigation_subscriptions":true,"_surecart_dashboard_navigation_downloads":true,"_surecart_dashboard_navigation_billing":true,"_surecart_dashboard_navigation_account":true,"site-sidebar-layout":"default","site-content-layout":"","ast-site-content-layout":"default","site-content-style":"default","site-sidebar-style":"default","ast-global-header-display":"","ast-banner-title-visibility":"","ast-main-header-display":"","ast-hfb-above-header-display":"","ast-hfb-below-header-display":"","ast-hfb-mobile-header-display":"","site-post-title":"","ast-breadcrumbs-content":"","ast-featured-img":"","footer-sml-layout":"","theme-transparent-header-meta":"default","adv-header-id-meta":"","stick-header-meta":"","header-above-stick-meta":"","header-main-stick-meta":"","header-below-stick-meta":"","astra-migrate-meta-layouts":"set","ast-page-background-enabled":"default","ast-page-background-meta":{"desktop":{"background-color":"","background-image":"","background-repeat":"repeat","background-position":"center center","background-size":"auto","background-attachment":"scroll","background-type":"","background-media":"","overlay-type":"","overlay-color":"","overlay-opacity":"","overlay-gradient":""},"tablet":{"background-color":"","background-image":"","background-repeat":"repeat","background-position":"center center","background-size":"auto","background-attachment":"scroll","background-type":"","background-media":"","overlay-type":"","overlay-color":"","overlay-opacity":"","overlay-gradient":""},"mobile":{"background-color":"","background-image":"","background-repeat":"repeat","background-position":"center center","background-size":"auto","background-attachment":"scroll","background-type":"","background-media":"","overlay-type":"","overlay-color":"","overlay-opacity":"","overlay-gradient":""}},"ast-content-background-meta":{"desktop":{"background-color":"var(--ast-global-color-5)","background-image":"","background-repeat":"repeat","background-position":"center center","background-size":"auto","background-attachment":"scroll","background-type":"","background-media":"","overlay-type":"","overlay-color":"","overlay-opacity":"","overlay-gradient":""},"tablet":{"background-color":"var(--ast-global-color-5)","background-image":"","background-repeat":"repeat","background-position":"center center","background-size":"auto","background-attachment":"scroll","background-type":"","background-media":"","overlay-type":"","overlay-color":"","overlay-opacity":"","overlay-gradient":""},"mobile":{"background-color":"var(--ast-global-color-5)","background-image":"","background-repeat":"repeat","background-position":"center center","background-size":"auto","background-attachment":"scroll","background-type":"","background-media":"","overlay-type":"","overlay-color":"","overlay-opacity":"","overlay-gradient":""}}},"product_brand":[],"product_cat":[138],"product_tag":[],"class_list":{"0":"post-20194","1":"product","2":"type-product","3":"status-publish","4":"has-post-thumbnail","6":"product_cat-china","7":"desktop-align-left","8":"tablet-align-left","9":"mobile-align-left","11":"first","12":"instock","13":"sale","14":"shipping-taxable","15":"purchasable","16":"product-type-simple","17":"add-to-wishlist-before_image"},"_links":{"self":[{"href":"https:\/\/colligatum.com\/en\/wp-json\/wp\/v2\/product\/20194","targetHints":{"allow":["GET"]}}],"collection":[{"href":"https:\/\/colligatum.com\/en\/wp-json\/wp\/v2\/product"}],"about":[{"href":"https:\/\/colligatum.com\/en\/wp-json\/wp\/v2\/types\/product"}],"version-history":[{"count":1,"href":"https:\/\/colligatum.com\/en\/wp-json\/wp\/v2\/product\/20194\/revisions"}],"predecessor-version":[{"id":20195,"href":"https:\/\/colligatum.com\/en\/wp-json\/wp\/v2\/product\/20194\/revisions\/20195"}],"wp:featuredmedia":[{"embeddable":true,"href":"https:\/\/colligatum.com\/en\/wp-json\/wp\/v2\/media\/20140"}],"wp:attachment":[{"href":"https:\/\/colligatum.com\/en\/wp-json\/wp\/v2\/media?parent=20194"}],"wp:term":[{"taxonomy":"product_brand","embeddable":true,"href":"https:\/\/colligatum.com\/en\/wp-json\/wp\/v2\/product_brand?post=20194"},{"taxonomy":"product_cat","embeddable":true,"href":"https:\/\/colligatum.com\/en\/wp-json\/wp\/v2\/product_cat?post=20194"},{"taxonomy":"product_tag","embeddable":true,"href":"https:\/\/colligatum.com\/en\/wp-json\/wp\/v2\/product_tag?post=20194"}],"curies":[{"name":"wp","href":"https:\/\/api.w.org\/{rel}","templated":true}]}}