{"id":20245,"date":"2025-10-15T14:53:33","date_gmt":"2025-10-15T12:53:33","guid":{"rendered":"https:\/\/colligatum.com\/?post_type=product&#038;p=20245"},"modified":"2026-04-12T04:38:47","modified_gmt":"2026-04-12T02:38:47","slug":"partagas","status":"publish","type":"product","link":"https:\/\/colligatum.com\/en\/product\/partagas\/","title":{"rendered":"Partag"},"content":{"rendered":"<p data-start=\"189\" data-end=\"660\"><strong data-start=\"189\" data-end=\"203\">Description:<\/strong><br data-start=\"203\" data-end=\"206\" \/>Klasikinis kubieti\u0161kas \u201ePartagas Filtros\u201c cigare\u010di\u0173 pakelis, gamintas Havanoje (\u201eLa Habana \u2013 Cuba\u201c). Dizainas \u0161varus ir sant\u016brus \u2013 baltas fonas su raudonu ovalu centre, kuriame \u012fra\u0161ytas prek\u0117s pavadinimas \u201ePartagas Filtros\u201c. Vir\u0161uje \u2013 raudonos ir m\u0117lynos linijos, atkartojan\u010dios Kubos nacionalines spalvas. Vir\u0161utin\u0117 pl\u0117vel\u0117 i\u0161likusi su autenti\u0161ku akcizo \u017eenklu. Kair\u0117je pus\u0117je \u2013 \u012fra\u0161as \u201eEmpresa Cubana\u201c, patvirtinantis valstybinius gamybos standartus.<\/p>\n<p data-start=\"662\" data-end=\"1278\"><strong data-start=\"662\" data-end=\"685\">Value assessment:<\/strong><br data-start=\"685\" data-end=\"688\" \/><strong data-start=\"688\" data-end=\"708\">Collectible value:<\/strong> Auk\u0161tesn\u0117 nei vidutin\u0117. Kubieti\u0161ki cigare\u010di\u0173 pakeliai i\u0161 XX a. vidurio yra paklaus\u016bs d\u0117l ribotos gamybos ir stiprios \u201ePartagas\u201c vardo reputacijos, siejamos su auk\u0161tos kokyb\u0117s tabaku.<br data-start=\"891\" data-end=\"894\" \/><strong data-start=\"894\" data-end=\"916\">Condition assessment:<\/strong> Neatidarytas, su originalia pl\u0117vele ir akcizo \u017eenklu, labai gera kolekcin\u0117 b\u016bkl\u0117.<br data-start=\"998\" data-end=\"1001\" \/><strong data-start=\"1001\" data-end=\"1041\">Historical data and popularity:<\/strong> \u201ePartagas\u201c yra vienas seniausi\u0173 Kubos tabako preki\u0173 \u017eenkl\u0173, gars\u0117jantis tiek cigarais, tiek ribotais cigare\u010di\u0173 leidimais. \u0160ie pakeliai buvo gaminami eksportui ir vidaus rinkai nedideliais kiekiais, tod\u0117l i\u0161lik\u0119 egzemplioriai yra reti.<\/p>","protected":false},"excerpt":{"rendered":"<p data-start=\"0\" data-end=\"53\"><strong data-start=\"0\" data-end=\"34\">Brand and name:<\/strong> Partagas Filtros<\/p>\n<p data-start=\"55\" data-end=\"80\"><strong data-start=\"55\" data-end=\"65\">Size:<\/strong> 20 cigarettes<\/p>\n<p data-start=\"82\" data-end=\"107\"><strong data-start=\"82\" data-end=\"100\">Country of manufacture:<\/strong> Cuba<\/p>\n<p data-start=\"109\" data-end=\"148\"><strong data-start=\"109\" data-end=\"133\">Production period:<\/strong> 1970-1980.<\/p>\n<p data-start=\"150\" data-end=\"187\"><strong data-start=\"150\" data-end=\"168\">Package type:<\/strong> Soft pack<\/p>","protected":false},"featured_media":24908,"template":"","meta":{"_surecart_dashboard_logo_width":"180px","_surecart_dashboard_show_logo":true,"_surecart_dashboard_navigation_orders":true,"_surecart_dashboard_navigation_invoices":true,"_surecart_dashboard_navigation_subscriptions":true,"_surecart_dashboard_navigation_downloads":true,"_surecart_dashboard_navigation_billing":true,"_surecart_dashboard_navigation_account":true,"site-sidebar-layout":"default","site-content-layout":"","ast-site-content-layout":"default","site-content-style":"default","site-sidebar-style":"default","ast-global-header-display":"","ast-banner-title-visibility":"","ast-main-header-display":"","ast-hfb-above-header-display":"","ast-hfb-below-header-display":"","ast-hfb-mobile-header-display":"","site-post-title":"","ast-breadcrumbs-content":"","ast-featured-img":"","footer-sml-layout":"","theme-transparent-header-meta":"default","adv-header-id-meta":"","stick-header-meta":"","header-above-stick-meta":"","header-main-stick-meta":"","header-below-stick-meta":"","astra-migrate-meta-layouts":"set","ast-page-background-enabled":"default","ast-page-background-meta":{"desktop":{"background-color":"","background-image":"","background-repeat":"repeat","background-position":"center center","background-size":"auto","background-attachment":"scroll","background-type":"","background-media":"","overlay-type":"","overlay-color":"","overlay-opacity":"","overlay-gradient":""},"tablet":{"background-color":"","background-image":"","background-repeat":"repeat","background-position":"center center","background-size":"auto","background-attachment":"scroll","background-type":"","background-media":"","overlay-type":"","overlay-color":"","overlay-opacity":"","overlay-gradient":""},"mobile":{"background-color":"","background-image":"","background-repeat":"repeat","background-position":"center center","background-size":"auto","background-attachment":"scroll","background-type":"","background-media":"","overlay-type":"","overlay-color":"","overlay-opacity":"","overlay-gradient":""}},"ast-content-background-meta":{"desktop":{"background-color":"var(--ast-global-color-5)","background-image":"","background-repeat":"repeat","background-position":"center center","background-size":"auto","background-attachment":"scroll","background-type":"","background-media":"","overlay-type":"","overlay-color":"","overlay-opacity":"","overlay-gradient":""},"tablet":{"background-color":"var(--ast-global-color-5)","background-image":"","background-repeat":"repeat","background-position":"center center","background-size":"auto","background-attachment":"scroll","background-type":"","background-media":"","overlay-type":"","overlay-color":"","overlay-opacity":"","overlay-gradient":""},"mobile":{"background-color":"var(--ast-global-color-5)","background-image":"","background-repeat":"repeat","background-position":"center center","background-size":"auto","background-attachment":"scroll","background-type":"","background-media":"","overlay-type":"","overlay-color":"","overlay-opacity":"","overlay-gradient":""}}},"product_brand":[],"product_cat":[141],"product_tag":[],"class_list":{"0":"post-20245","1":"product","2":"type-product","3":"status-publish","4":"has-post-thumbnail","6":"product_cat-cuba","7":"desktop-align-left","8":"tablet-align-left","9":"mobile-align-left","11":"first","12":"instock","13":"sale","14":"shipping-taxable","15":"purchasable","16":"product-type-simple","17":"add-to-wishlist-before_image"},"_links":{"self":[{"href":"https:\/\/colligatum.com\/en\/wp-json\/wp\/v2\/product\/20245","targetHints":{"allow":["GET"]}}],"collection":[{"href":"https:\/\/colligatum.com\/en\/wp-json\/wp\/v2\/product"}],"about":[{"href":"https:\/\/colligatum.com\/en\/wp-json\/wp\/v2\/types\/product"}],"version-history":[{"count":1,"href":"https:\/\/colligatum.com\/en\/wp-json\/wp\/v2\/product\/20245\/revisions"}],"predecessor-version":[{"id":20246,"href":"https:\/\/colligatum.com\/en\/wp-json\/wp\/v2\/product\/20245\/revisions\/20246"}],"wp:featuredmedia":[{"embeddable":true,"href":"https:\/\/colligatum.com\/en\/wp-json\/wp\/v2\/media\/24908"}],"wp:attachment":[{"href":"https:\/\/colligatum.com\/en\/wp-json\/wp\/v2\/media?parent=20245"}],"wp:term":[{"taxonomy":"product_brand","embeddable":true,"href":"https:\/\/colligatum.com\/en\/wp-json\/wp\/v2\/product_brand?post=20245"},{"taxonomy":"product_cat","embeddable":true,"href":"https:\/\/colligatum.com\/en\/wp-json\/wp\/v2\/product_cat?post=20245"},{"taxonomy":"product_tag","embeddable":true,"href":"https:\/\/colligatum.com\/en\/wp-json\/wp\/v2\/product_tag?post=20245"}],"curies":[{"name":"wp","href":"https:\/\/api.w.org\/{rel}","templated":true}]}}