{"id":20319,"date":"2025-10-15T15:26:20","date_gmt":"2025-10-15T13:26:20","guid":{"rendered":"https:\/\/colligatum.com\/?post_type=product&#038;p=20319"},"modified":"2025-10-15T15:26:20","modified_gmt":"2025-10-15T13:26:20","slug":"fren","status":"publish","type":"product","link":"https:\/\/colligatum.com\/en\/product\/fren\/","title":{"rendered":"Fran"},"content":{"rendered":"<p data-start=\"195\" data-end=\"761\"><strong data-start=\"195\" data-end=\"209\">Description:<\/strong><br data-start=\"209\" data-end=\"212\" \/>\u201eFren Filter\u201c \u2013 minimalistinio, moderniai atrodan\u010dio dizaino indonezieti\u0161kas <em data-start=\"289\" data-end=\"297\">kretek<\/em> tipo cigare\u010di\u0173 pakelis. Dominuoja baltas fonas su plonomis vertikaliomis linijomis ir tamsiai m\u0117lynais r\u0117meliais. Raudona horizontali linija, kertanti pakel\u012f, suteikia vizualin\u0117s dinamikos. Vir\u0161uje matomas \u201eFren\u201c logotipas su \u201eFc\u201c \u017eenkliuku. Ant vir\u0161aus priklijuotas indonezieti\u0161kas akcizo \u017eenklas (200 rupij\u0173), rodo gamyb\u0105 vidaus rinkai. Tai gana retas formatas su 12 cigare\u010di\u0173, b\u016bdingas kai kuriems Indonezijos gamintojams, siekiant i\u0161laikyti prieinam\u0105 kain\u0105.<\/p>\n<p data-start=\"763\" data-end=\"1326\"><strong data-start=\"763\" data-end=\"786\">Value assessment:<\/strong><br data-start=\"786\" data-end=\"789\" \/><strong data-start=\"789\" data-end=\"809\">Collectible value:<\/strong> Vidutin\u0117. \u201eFren\u201c n\u0117ra pla\u010diai \u017einomas prek\u0117s \u017eenklas tarptautiniu mastu, ta\u010diau d\u0117l \u0161varaus, europieti\u0161ko dizaino ir ma\u017eo 12 kretek formato jis patrauklus Azijos tabako kolekcininkams. Tokie pakeliai tampa \u012fdomiu pavyzd\u017eiu, kaip Indonezijos gamintojai band\u0117 modernizuoti \u012fvaizd\u012f prie\u0161 XXI a. prad\u017ei\u0105.<br data-start=\"1110\" data-end=\"1113\" \/><strong data-start=\"1113\" data-end=\"1135\">Condition assessment:<\/strong> Neatidarytas, su originalia pl\u0117vele, kampai tvarkingi, spalva nei\u0161blukusi \u2013 b\u016bkl\u0117 puiki.<br data-start=\"1224\" data-end=\"1227\" \/><strong data-start=\"1227\" data-end=\"1251\">Historical data:<\/strong> Gamyba siejama su Kudus regionu, gars\u0117jan\u010diu kretek cigare\u010di\u0173 tradicija.<\/p>","protected":false},"excerpt":{"rendered":"<p data-start=\"0\" data-end=\"48\"><strong data-start=\"0\" data-end=\"34\">Brand and name:<\/strong> Fren Filter<\/p>\n<p data-start=\"50\" data-end=\"82\"><strong data-start=\"50\" data-end=\"60\">Size:<\/strong> 12 kretek cigarettes<\/p>\n<p data-start=\"84\" data-end=\"115\"><strong data-start=\"84\" data-end=\"102\">Country of manufacture:<\/strong> Indonesia<\/p>\n<p data-start=\"117\" data-end=\"156\"><strong data-start=\"117\" data-end=\"141\">Production period:<\/strong> 1990\u20132000.<\/p>\n<p data-start=\"158\" data-end=\"193\"><strong data-start=\"158\" data-end=\"176\">Package type:<\/strong> Hard pack<\/p>","protected":false},"featured_media":20266,"template":"","meta":{"_surecart_dashboard_logo_width":"180px","_surecart_dashboard_show_logo":true,"_surecart_dashboard_navigation_orders":true,"_surecart_dashboard_navigation_invoices":true,"_surecart_dashboard_navigation_subscriptions":true,"_surecart_dashboard_navigation_downloads":true,"_surecart_dashboard_navigation_billing":true,"_surecart_dashboard_navigation_account":true,"site-sidebar-layout":"default","site-content-layout":"","ast-site-content-layout":"default","site-content-style":"default","site-sidebar-style":"default","ast-global-header-display":"","ast-banner-title-visibility":"","ast-main-header-display":"","ast-hfb-above-header-display":"","ast-hfb-below-header-display":"","ast-hfb-mobile-header-display":"","site-post-title":"","ast-breadcrumbs-content":"","ast-featured-img":"","footer-sml-layout":"","theme-transparent-header-meta":"default","adv-header-id-meta":"","stick-header-meta":"","header-above-stick-meta":"","header-main-stick-meta":"","header-below-stick-meta":"","astra-migrate-meta-layouts":"set","ast-page-background-enabled":"default","ast-page-background-meta":{"desktop":{"background-color":"","background-image":"","background-repeat":"repeat","background-position":"center center","background-size":"auto","background-attachment":"scroll","background-type":"","background-media":"","overlay-type":"","overlay-color":"","overlay-opacity":"","overlay-gradient":""},"tablet":{"background-color":"","background-image":"","background-repeat":"repeat","background-position":"center center","background-size":"auto","background-attachment":"scroll","background-type":"","background-media":"","overlay-type":"","overlay-color":"","overlay-opacity":"","overlay-gradient":""},"mobile":{"background-color":"","background-image":"","background-repeat":"repeat","background-position":"center center","background-size":"auto","background-attachment":"scroll","background-type":"","background-media":"","overlay-type":"","overlay-color":"","overlay-opacity":"","overlay-gradient":""}},"ast-content-background-meta":{"desktop":{"background-color":"var(--ast-global-color-5)","background-image":"","background-repeat":"repeat","background-position":"center center","background-size":"auto","background-attachment":"scroll","background-type":"","background-media":"","overlay-type":"","overlay-color":"","overlay-opacity":"","overlay-gradient":""},"tablet":{"background-color":"var(--ast-global-color-5)","background-image":"","background-repeat":"repeat","background-position":"center center","background-size":"auto","background-attachment":"scroll","background-type":"","background-media":"","overlay-type":"","overlay-color":"","overlay-opacity":"","overlay-gradient":""},"mobile":{"background-color":"var(--ast-global-color-5)","background-image":"","background-repeat":"repeat","background-position":"center center","background-size":"auto","background-attachment":"scroll","background-type":"","background-media":"","overlay-type":"","overlay-color":"","overlay-opacity":"","overlay-gradient":""}}},"product_brand":[],"product_cat":[207],"product_tag":[],"class_list":{"0":"post-20319","1":"product","2":"type-product","3":"status-publish","4":"has-post-thumbnail","6":"product_cat-indonesia","7":"desktop-align-left","8":"tablet-align-left","9":"mobile-align-left","11":"first","12":"instock","13":"sale","14":"shipping-taxable","15":"purchasable","16":"product-type-simple","17":"add-to-wishlist-before_image"},"_links":{"self":[{"href":"https:\/\/colligatum.com\/en\/wp-json\/wp\/v2\/product\/20319","targetHints":{"allow":["GET"]}}],"collection":[{"href":"https:\/\/colligatum.com\/en\/wp-json\/wp\/v2\/product"}],"about":[{"href":"https:\/\/colligatum.com\/en\/wp-json\/wp\/v2\/types\/product"}],"version-history":[{"count":1,"href":"https:\/\/colligatum.com\/en\/wp-json\/wp\/v2\/product\/20319\/revisions"}],"predecessor-version":[{"id":20320,"href":"https:\/\/colligatum.com\/en\/wp-json\/wp\/v2\/product\/20319\/revisions\/20320"}],"wp:featuredmedia":[{"embeddable":true,"href":"https:\/\/colligatum.com\/en\/wp-json\/wp\/v2\/media\/20266"}],"wp:attachment":[{"href":"https:\/\/colligatum.com\/en\/wp-json\/wp\/v2\/media?parent=20319"}],"wp:term":[{"taxonomy":"product_brand","embeddable":true,"href":"https:\/\/colligatum.com\/en\/wp-json\/wp\/v2\/product_brand?post=20319"},{"taxonomy":"product_cat","embeddable":true,"href":"https:\/\/colligatum.com\/en\/wp-json\/wp\/v2\/product_cat?post=20319"},{"taxonomy":"product_tag","embeddable":true,"href":"https:\/\/colligatum.com\/en\/wp-json\/wp\/v2\/product_tag?post=20319"}],"curies":[{"name":"wp","href":"https:\/\/api.w.org\/{rel}","templated":true}]}}