{"id":20323,"date":"2025-10-15T15:28:44","date_gmt":"2025-10-15T13:28:44","guid":{"rendered":"https:\/\/colligatum.com\/?post_type=product&#038;p=20323"},"modified":"2025-10-15T15:28:44","modified_gmt":"2025-10-15T13:28:44","slug":"kanada-low-tar-and-nicotine-14-kretek-filter","status":"publish","type":"product","link":"https:\/\/colligatum.com\/en\/product\/kanada-low-tar-and-nicotine-14-kretek-filter\/","title":{"rendered":"Canada Low Tar and Nicotine - 14 Kretek Filter"},"content":{"rendered":"<p data-start=\"230\" data-end=\"756\"><strong data-start=\"230\" data-end=\"244\">Description:<\/strong><br data-start=\"244\" data-end=\"247\" \/>\u201eKanada Low Tar and Nicotine\u201c \u2013 vienas i\u0161 \u012fdomesni\u0173 Indonezijos <em data-start=\"311\" data-end=\"319\">kretek<\/em> cigare\u010di\u0173 pavyzd\u017ei\u0173, i\u0161siskiriantis vakarieti\u0161ku \u012fvaizd\u017eiu. Pakuot\u0117je panaudota JAV v\u0117liavos motyvas ir modernistin\u0117s architekt\u016bros nuotrauka (grei\u010diausiai simbolizuojanti \u201ekanadieti\u0161k\u0105\u201c stili\u0173). Tai buvo bandymas sukurti tarptautin\u012f \u012fsp\u016bd\u012f vietiniam produktui \u2013 net ir pavadinimas \u201eKanada\u201c akivaizd\u017eiai skirtas skamb\u0117ti u\u017esienieti\u0161kai. Ant pakuot\u0117s matomas \u012fsp\u0117jimas indonezie\u010di\u0173 kalba, o \u0161one \u2013 nominalus 3500 rupij\u0173 akcizo \u017eenklas.<\/p>\n<p data-start=\"758\" data-end=\"1286\"><strong data-start=\"758\" data-end=\"781\">Value assessment:<\/strong><br data-start=\"781\" data-end=\"784\" \/><strong data-start=\"784\" data-end=\"804\">Collectible value:<\/strong> Vidutin\u0117\u2013auk\u0161tesn\u0117. \u0160is pakelis \u012fdomus d\u0117l savo dizaino \u2013 vakarieti\u0161ko stiliaus derinys su kretek turiniu yra gana ne\u012fprastas. Tai vienas i\u0161 t\u0173 Indonezijos gamini\u0173, kurie siek\u0117 i\u0161siskirti marketingu, tod\u0117l jis patrauklus dizaino kolekcionieriams.<br data-start=\"1051\" data-end=\"1054\" \/><strong data-start=\"1054\" data-end=\"1076\">Condition assessment:<\/strong> Puiki \u2013 originali pl\u0117vel\u0117, ry\u0161kios spalvos, kampai nepriekai\u0161tingi.<br data-start=\"1144\" data-end=\"1147\" \/><strong data-start=\"1147\" data-end=\"1171\">Historical data:<\/strong> Pakuot\u0117 siejama su Kudus ar Surabajos gamintojais, kurie gamino \u012fvairias \u201etarptautines\u201c serijas vietinei rinkai.<\/p>","protected":false},"excerpt":{"rendered":"<p data-start=\"0\" data-end=\"83\"><strong data-start=\"0\" data-end=\"34\">Brand and name:<\/strong> Canada Low Tar and Nicotine - 14 Kretek Filter<\/p>\n<p data-start=\"85\" data-end=\"117\"><strong data-start=\"85\" data-end=\"95\">Size:<\/strong> 14 kretek cigarettes<\/p>\n<p data-start=\"119\" data-end=\"150\"><strong data-start=\"119\" data-end=\"137\">Country of manufacture:<\/strong> Indonesia<\/p>\n<p data-start=\"152\" data-end=\"191\"><strong data-start=\"152\" data-end=\"176\">Production period:<\/strong> 1990\u20132000.<\/p>\n<p data-start=\"193\" data-end=\"228\"><strong data-start=\"193\" data-end=\"211\">Package type:<\/strong> Hard pack<\/p>","protected":false},"featured_media":20270,"template":"","meta":{"_surecart_dashboard_logo_width":"180px","_surecart_dashboard_show_logo":true,"_surecart_dashboard_navigation_orders":true,"_surecart_dashboard_navigation_invoices":true,"_surecart_dashboard_navigation_subscriptions":true,"_surecart_dashboard_navigation_downloads":true,"_surecart_dashboard_navigation_billing":true,"_surecart_dashboard_navigation_account":true,"site-sidebar-layout":"default","site-content-layout":"","ast-site-content-layout":"default","site-content-style":"default","site-sidebar-style":"default","ast-global-header-display":"","ast-banner-title-visibility":"","ast-main-header-display":"","ast-hfb-above-header-display":"","ast-hfb-below-header-display":"","ast-hfb-mobile-header-display":"","site-post-title":"","ast-breadcrumbs-content":"","ast-featured-img":"","footer-sml-layout":"","theme-transparent-header-meta":"default","adv-header-id-meta":"","stick-header-meta":"","header-above-stick-meta":"","header-main-stick-meta":"","header-below-stick-meta":"","astra-migrate-meta-layouts":"set","ast-page-background-enabled":"default","ast-page-background-meta":{"desktop":{"background-color":"","background-image":"","background-repeat":"repeat","background-position":"center center","background-size":"auto","background-attachment":"scroll","background-type":"","background-media":"","overlay-type":"","overlay-color":"","overlay-opacity":"","overlay-gradient":""},"tablet":{"background-color":"","background-image":"","background-repeat":"repeat","background-position":"center center","background-size":"auto","background-attachment":"scroll","background-type":"","background-media":"","overlay-type":"","overlay-color":"","overlay-opacity":"","overlay-gradient":""},"mobile":{"background-color":"","background-image":"","background-repeat":"repeat","background-position":"center center","background-size":"auto","background-attachment":"scroll","background-type":"","background-media":"","overlay-type":"","overlay-color":"","overlay-opacity":"","overlay-gradient":""}},"ast-content-background-meta":{"desktop":{"background-color":"var(--ast-global-color-5)","background-image":"","background-repeat":"repeat","background-position":"center center","background-size":"auto","background-attachment":"scroll","background-type":"","background-media":"","overlay-type":"","overlay-color":"","overlay-opacity":"","overlay-gradient":""},"tablet":{"background-color":"var(--ast-global-color-5)","background-image":"","background-repeat":"repeat","background-position":"center center","background-size":"auto","background-attachment":"scroll","background-type":"","background-media":"","overlay-type":"","overlay-color":"","overlay-opacity":"","overlay-gradient":""},"mobile":{"background-color":"var(--ast-global-color-5)","background-image":"","background-repeat":"repeat","background-position":"center center","background-size":"auto","background-attachment":"scroll","background-type":"","background-media":"","overlay-type":"","overlay-color":"","overlay-opacity":"","overlay-gradient":""}}},"product_brand":[],"product_cat":[207],"product_tag":[],"class_list":{"0":"post-20323","1":"product","2":"type-product","3":"status-publish","4":"has-post-thumbnail","6":"product_cat-indonesia","7":"desktop-align-left","8":"tablet-align-left","9":"mobile-align-left","11":"first","12":"instock","13":"sale","14":"shipping-taxable","15":"purchasable","16":"product-type-simple","17":"add-to-wishlist-before_image"},"_links":{"self":[{"href":"https:\/\/colligatum.com\/en\/wp-json\/wp\/v2\/product\/20323","targetHints":{"allow":["GET"]}}],"collection":[{"href":"https:\/\/colligatum.com\/en\/wp-json\/wp\/v2\/product"}],"about":[{"href":"https:\/\/colligatum.com\/en\/wp-json\/wp\/v2\/types\/product"}],"version-history":[{"count":1,"href":"https:\/\/colligatum.com\/en\/wp-json\/wp\/v2\/product\/20323\/revisions"}],"predecessor-version":[{"id":20324,"href":"https:\/\/colligatum.com\/en\/wp-json\/wp\/v2\/product\/20323\/revisions\/20324"}],"wp:featuredmedia":[{"embeddable":true,"href":"https:\/\/colligatum.com\/en\/wp-json\/wp\/v2\/media\/20270"}],"wp:attachment":[{"href":"https:\/\/colligatum.com\/en\/wp-json\/wp\/v2\/media?parent=20323"}],"wp:term":[{"taxonomy":"product_brand","embeddable":true,"href":"https:\/\/colligatum.com\/en\/wp-json\/wp\/v2\/product_brand?post=20323"},{"taxonomy":"product_cat","embeddable":true,"href":"https:\/\/colligatum.com\/en\/wp-json\/wp\/v2\/product_cat?post=20323"},{"taxonomy":"product_tag","embeddable":true,"href":"https:\/\/colligatum.com\/en\/wp-json\/wp\/v2\/product_tag?post=20323"}],"curies":[{"name":"wp","href":"https:\/\/api.w.org\/{rel}","templated":true}]}}