{"id":20331,"date":"2025-10-15T15:33:37","date_gmt":"2025-10-15T13:33:37","guid":{"rendered":"https:\/\/colligatum.com\/?post_type=product&#038;p=20331"},"modified":"2025-10-15T15:33:37","modified_gmt":"2025-10-15T13:33:37","slug":"boy-filter-12","status":"publish","type":"product","link":"https:\/\/colligatum.com\/en\/product\/boy-filter-12\/","title":{"rendered":"Boy Filter \u2013 12"},"content":{"rendered":"<p data-start=\"212\" data-end=\"775\"><strong data-start=\"212\" data-end=\"226\">Description:<\/strong><br data-start=\"226\" data-end=\"229\" \/>\u201eBoy Filter\u201c \u2013 i\u0161skirtinio dizaino indonezieti\u0161kas cigare\u010di\u0173 pakelis, i\u0161siskiriantis ry\u0161kia metaline \u017ealia spalva ir stilizuotu vyro su skryb\u0117le bei akiniais logotipu. Tai vienas i\u0161 vizualiai \u012fsimintinesni\u0173 vietini\u0173 preki\u0173 \u017eenkl\u0173, akivaizd\u017eiai band\u0119s sukurti \u201evakarieti\u0161ko \u0161alto stiliaus\u201c \u012fvaizd\u012f. Ant pakelio u\u017era\u0161as <em data-start=\"547\" data-end=\"578\">Original it\u2019s natural toasted<\/em> nurodo \u012f amerikieti\u0161kos \u201etoasted tobacco\u201c tradicijos \u012ftak\u0105. Nugarin\u0117je pus\u0117je \u2013 trumpas apra\u0161ymas indonezie\u010di\u0173 kalba apie tobulo skonio ir kvapo derin\u012f, kartu su standartiniu sveikatos \u012fsp\u0117jimu.<\/p>\n<p data-start=\"777\" data-end=\"1386\"><strong data-start=\"777\" data-end=\"800\">Value assessment:<\/strong><br data-start=\"800\" data-end=\"803\" \/><strong data-start=\"803\" data-end=\"823\">Collectible value:<\/strong> Vidutin\u0117\u2013auk\u0161tesn\u0117. \u0160is pakelis \u012fdomus d\u0117l savo dizaino \u2013 \u017ealio blizgaus fono ir \u201emisterijos\u201c motyvo, kuris buvo ne\u012fprastas tarp vietini\u0173 <em data-start=\"962\" data-end=\"970\">kretek<\/em> gamintoj\u0173. Rinkoje pasitaiko retai, ta\u010diau n\u0117ra itin senas, tod\u0117l vertinamas labiau kaip dizaino pavyzdys nei kaip istorin\u0117 retenyb\u0117.<br data-start=\"1104\" data-end=\"1107\" \/><strong data-start=\"1107\" data-end=\"1129\">Condition assessment:<\/strong> Puiki \u2013 pl\u0117vel\u0117 nepa\u017eeista, spalvos sodrios, akcizo \u017eenklas i\u0161lik\u0119s.<br data-start=\"1198\" data-end=\"1201\" \/><strong data-start=\"1201\" data-end=\"1225\">Historical data:<\/strong> Tik\u0117tina, kad \u201eBoy Filter\u201c buvo gaminamas ma\u017eesnio regioninio gamintojo (galimai i\u0161 Kudus ar Surabaya), siekiant konkuruoti su \u201eMild\u201c tipo kretek cigaret\u0117mis.<\/p>","protected":false},"excerpt":{"rendered":"<p data-start=\"0\" data-end=\"70\"><strong data-start=\"0\" data-end=\"34\">Brand and name:<\/strong> Boy Filter \u2013 12 Cigarettes Filter<\/p>\n<p data-start=\"72\" data-end=\"97\"><strong data-start=\"72\" data-end=\"82\">Size:<\/strong> 12 cigarettes<\/p>\n<p data-start=\"99\" data-end=\"130\"><strong data-start=\"99\" data-end=\"117\">Country of manufacture:<\/strong> Indonesia<\/p>\n<p data-start=\"132\" data-end=\"171\"><strong data-start=\"132\" data-end=\"156\">Production period:<\/strong> 1990\u20132000.<\/p>\n<p data-start=\"173\" data-end=\"210\"><strong data-start=\"173\" data-end=\"191\">Package type:<\/strong> Hard pack<\/p>","protected":false},"featured_media":20278,"template":"","meta":{"_surecart_dashboard_logo_width":"180px","_surecart_dashboard_show_logo":true,"_surecart_dashboard_navigation_orders":true,"_surecart_dashboard_navigation_invoices":true,"_surecart_dashboard_navigation_subscriptions":true,"_surecart_dashboard_navigation_downloads":true,"_surecart_dashboard_navigation_billing":true,"_surecart_dashboard_navigation_account":true,"site-sidebar-layout":"default","site-content-layout":"","ast-site-content-layout":"default","site-content-style":"default","site-sidebar-style":"default","ast-global-header-display":"","ast-banner-title-visibility":"","ast-main-header-display":"","ast-hfb-above-header-display":"","ast-hfb-below-header-display":"","ast-hfb-mobile-header-display":"","site-post-title":"","ast-breadcrumbs-content":"","ast-featured-img":"","footer-sml-layout":"","ast-disable-related-posts":"","theme-transparent-header-meta":"default","adv-header-id-meta":"","stick-header-meta":"","header-above-stick-meta":"","header-main-stick-meta":"","header-below-stick-meta":"","astra-migrate-meta-layouts":"set","ast-page-background-enabled":"default","ast-page-background-meta":{"desktop":{"background-color":"","background-image":"","background-repeat":"repeat","background-position":"center center","background-size":"auto","background-attachment":"scroll","background-type":"","background-media":"","overlay-type":"","overlay-color":"","overlay-opacity":"","overlay-gradient":""},"tablet":{"background-color":"","background-image":"","background-repeat":"repeat","background-position":"center center","background-size":"auto","background-attachment":"scroll","background-type":"","background-media":"","overlay-type":"","overlay-color":"","overlay-opacity":"","overlay-gradient":""},"mobile":{"background-color":"","background-image":"","background-repeat":"repeat","background-position":"center center","background-size":"auto","background-attachment":"scroll","background-type":"","background-media":"","overlay-type":"","overlay-color":"","overlay-opacity":"","overlay-gradient":""}},"ast-content-background-meta":{"desktop":{"background-color":"var(--ast-global-color-5)","background-image":"","background-repeat":"repeat","background-position":"center center","background-size":"auto","background-attachment":"scroll","background-type":"","background-media":"","overlay-type":"","overlay-color":"","overlay-opacity":"","overlay-gradient":""},"tablet":{"background-color":"var(--ast-global-color-5)","background-image":"","background-repeat":"repeat","background-position":"center center","background-size":"auto","background-attachment":"scroll","background-type":"","background-media":"","overlay-type":"","overlay-color":"","overlay-opacity":"","overlay-gradient":""},"mobile":{"background-color":"var(--ast-global-color-5)","background-image":"","background-repeat":"repeat","background-position":"center center","background-size":"auto","background-attachment":"scroll","background-type":"","background-media":"","overlay-type":"","overlay-color":"","overlay-opacity":"","overlay-gradient":""}}},"product_brand":[],"product_cat":[207],"product_tag":[],"class_list":{"0":"post-20331","1":"product","2":"type-product","3":"status-publish","4":"has-post-thumbnail","6":"product_cat-indonesia","7":"desktop-align-left","8":"tablet-align-left","9":"mobile-align-left","11":"first","12":"instock","13":"sale","14":"shipping-taxable","15":"purchasable","16":"product-type-simple","17":"add-to-wishlist-before_image"},"_links":{"self":[{"href":"https:\/\/colligatum.com\/en\/wp-json\/wp\/v2\/product\/20331","targetHints":{"allow":["GET"]}}],"collection":[{"href":"https:\/\/colligatum.com\/en\/wp-json\/wp\/v2\/product"}],"about":[{"href":"https:\/\/colligatum.com\/en\/wp-json\/wp\/v2\/types\/product"}],"version-history":[{"count":1,"href":"https:\/\/colligatum.com\/en\/wp-json\/wp\/v2\/product\/20331\/revisions"}],"predecessor-version":[{"id":20332,"href":"https:\/\/colligatum.com\/en\/wp-json\/wp\/v2\/product\/20331\/revisions\/20332"}],"wp:featuredmedia":[{"embeddable":true,"href":"https:\/\/colligatum.com\/en\/wp-json\/wp\/v2\/media\/20278"}],"wp:attachment":[{"href":"https:\/\/colligatum.com\/en\/wp-json\/wp\/v2\/media?parent=20331"}],"wp:term":[{"taxonomy":"product_brand","embeddable":true,"href":"https:\/\/colligatum.com\/en\/wp-json\/wp\/v2\/product_brand?post=20331"},{"taxonomy":"product_cat","embeddable":true,"href":"https:\/\/colligatum.com\/en\/wp-json\/wp\/v2\/product_cat?post=20331"},{"taxonomy":"product_tag","embeddable":true,"href":"https:\/\/colligatum.com\/en\/wp-json\/wp\/v2\/product_tag?post=20331"}],"curies":[{"name":"wp","href":"https:\/\/api.w.org\/{rel}","templated":true}]}}