{"id":20337,"date":"2025-10-15T15:37:38","date_gmt":"2025-10-15T13:37:38","guid":{"rendered":"https:\/\/colligatum.com\/?post_type=product&#038;p=20337"},"modified":"2025-10-15T15:37:39","modified_gmt":"2025-10-15T13:37:39","slug":"molle-12-sigaret-kretek","status":"publish","type":"product","link":"https:\/\/colligatum.com\/en\/product\/molle-12-sigaret-kretek\/","title":{"rendered":"Moll\u00e9 \u2013 12 Kretek Cigarettes"},"content":{"rendered":"<p data-start=\"213\" data-end=\"760\"><strong data-start=\"213\" data-end=\"227\">Description:<\/strong><br data-start=\"227\" data-end=\"230\" \/>\u201eMoll\u00e9\u201c \u2013 eleganti\u0161ko dizaino indonezieti\u0161kas <em data-start=\"276\" data-end=\"284\">kretek<\/em> cigare\u010di\u0173 pakelis, i\u0161siskiriantis klasikin\u0117mis spalvomis \u2013 raudona ir auksine. Centre pavaizduotas d\u017eentelmeno siluetas, suteikiantis prek\u0117s \u017eenklui europieti\u0161kos prabangos \u012fvaizd\u012f. Vir\u0161uje \u2013 juodas u\u017eklijuotas akcizo \u017eenklas su \u012fspaustu prek\u0117s pavadinimu. Nugarin\u0117je pus\u0117je pateiktas i\u0161samus apra\u0161ymas indonezie\u010di\u0173 kalba, kuriame pabr\u0117\u017eiama gaminio sud\u0117tis \u2013 auk\u0161tos kokyb\u0117s tabakas, gvazdik\u0117liai ir tradiciniai aromatiniai priedai. Sveikatos \u012fsp\u0117jimas u\u017eima apatin\u0119 dal\u012f.<\/p>\n<p data-start=\"762\" data-end=\"1386\"><strong data-start=\"762\" data-end=\"785\">Value assessment:<\/strong><br data-start=\"785\" data-end=\"788\" \/><strong data-start=\"788\" data-end=\"808\">Collectible value:<\/strong> Auk\u0161ta. \u201eMoll\u00e9\u201c n\u0117ra masin\u0117s gamybos \u017eenklas \u2013 jis priskiriamas prie labiau \u201eboutique\u201c tipo <em data-start=\"901\" data-end=\"909\">kretek<\/em>, orientuot\u0173 \u012f stiling\u0105 vartotoj\u0105. Raudonai auksinis dizainas, gerai i\u0161silaikiusi pakuot\u0117 ir unikalus logotipas daro \u0161\u012f pakel\u012f i\u0161siskiriant\u012f net tarp Indonezijos kolekcini\u0173 variant\u0173.<br data-start=\"1091\" data-end=\"1094\" \/><strong data-start=\"1094\" data-end=\"1116\">Condition assessment:<\/strong> Puiki \u2013 pakuot\u0117 sandari, pl\u0117vel\u0117 nepa\u017eeista, spalvos ry\u0161kios, akcizo \u017eenklas originalus.<br data-start=\"1205\" data-end=\"1208\" \/><strong data-start=\"1208\" data-end=\"1232\">Historical data:<\/strong> \u201eMoll\u00e9\u201c da\u017enai siejama su ma\u017eesn\u0117mis, \u0161eimos tipo tabako manufakt\u016bromis, kurios veik\u0117 Centrin\u0117je Javoje, orientuodamosi \u012f lokali\u0105, bet rafinuot\u0105 rink\u0105.<\/p>","protected":false},"excerpt":{"rendered":"<p data-start=\"0\" data-end=\"62\"><strong data-start=\"0\" data-end=\"34\">Brand and name:<\/strong> Moll\u00e9 \u2013 12 Kretek Cigarettes<\/p>\n<p data-start=\"64\" data-end=\"98\"><strong data-start=\"64\" data-end=\"74\">Size:<\/strong> 12 <em data-start=\"78\" data-end=\"86\">kretek<\/em> cigarette<\/p>\n<p data-start=\"100\" data-end=\"131\"><strong data-start=\"100\" data-end=\"118\">Country of manufacture:<\/strong> Indonesia<\/p>\n<p data-start=\"133\" data-end=\"172\"><strong data-start=\"133\" data-end=\"157\">Production period:<\/strong> 1990\u20132005.<\/p>\n<p data-start=\"174\" data-end=\"211\"><strong data-start=\"174\" data-end=\"192\">Package type:<\/strong> Hard pack<\/p>","protected":false},"featured_media":20284,"template":"","meta":{"_surecart_dashboard_logo_width":"180px","_surecart_dashboard_show_logo":true,"_surecart_dashboard_navigation_orders":true,"_surecart_dashboard_navigation_invoices":true,"_surecart_dashboard_navigation_subscriptions":true,"_surecart_dashboard_navigation_downloads":true,"_surecart_dashboard_navigation_billing":true,"_surecart_dashboard_navigation_account":true,"site-sidebar-layout":"default","site-content-layout":"","ast-site-content-layout":"default","site-content-style":"default","site-sidebar-style":"default","ast-global-header-display":"","ast-banner-title-visibility":"","ast-main-header-display":"","ast-hfb-above-header-display":"","ast-hfb-below-header-display":"","ast-hfb-mobile-header-display":"","site-post-title":"","ast-breadcrumbs-content":"","ast-featured-img":"","footer-sml-layout":"","theme-transparent-header-meta":"default","adv-header-id-meta":"","stick-header-meta":"","header-above-stick-meta":"","header-main-stick-meta":"","header-below-stick-meta":"","astra-migrate-meta-layouts":"set","ast-page-background-enabled":"default","ast-page-background-meta":{"desktop":{"background-color":"","background-image":"","background-repeat":"repeat","background-position":"center center","background-size":"auto","background-attachment":"scroll","background-type":"","background-media":"","overlay-type":"","overlay-color":"","overlay-opacity":"","overlay-gradient":""},"tablet":{"background-color":"","background-image":"","background-repeat":"repeat","background-position":"center center","background-size":"auto","background-attachment":"scroll","background-type":"","background-media":"","overlay-type":"","overlay-color":"","overlay-opacity":"","overlay-gradient":""},"mobile":{"background-color":"","background-image":"","background-repeat":"repeat","background-position":"center center","background-size":"auto","background-attachment":"scroll","background-type":"","background-media":"","overlay-type":"","overlay-color":"","overlay-opacity":"","overlay-gradient":""}},"ast-content-background-meta":{"desktop":{"background-color":"var(--ast-global-color-5)","background-image":"","background-repeat":"repeat","background-position":"center center","background-size":"auto","background-attachment":"scroll","background-type":"","background-media":"","overlay-type":"","overlay-color":"","overlay-opacity":"","overlay-gradient":""},"tablet":{"background-color":"var(--ast-global-color-5)","background-image":"","background-repeat":"repeat","background-position":"center center","background-size":"auto","background-attachment":"scroll","background-type":"","background-media":"","overlay-type":"","overlay-color":"","overlay-opacity":"","overlay-gradient":""},"mobile":{"background-color":"var(--ast-global-color-5)","background-image":"","background-repeat":"repeat","background-position":"center center","background-size":"auto","background-attachment":"scroll","background-type":"","background-media":"","overlay-type":"","overlay-color":"","overlay-opacity":"","overlay-gradient":""}}},"product_brand":[],"product_cat":[207],"product_tag":[],"class_list":{"0":"post-20337","1":"product","2":"type-product","3":"status-publish","4":"has-post-thumbnail","6":"product_cat-indonesia","7":"desktop-align-left","8":"tablet-align-left","9":"mobile-align-left","11":"first","12":"instock","13":"sale","14":"shipping-taxable","15":"purchasable","16":"product-type-simple","17":"add-to-wishlist-before_image"},"_links":{"self":[{"href":"https:\/\/colligatum.com\/en\/wp-json\/wp\/v2\/product\/20337","targetHints":{"allow":["GET"]}}],"collection":[{"href":"https:\/\/colligatum.com\/en\/wp-json\/wp\/v2\/product"}],"about":[{"href":"https:\/\/colligatum.com\/en\/wp-json\/wp\/v2\/types\/product"}],"version-history":[{"count":1,"href":"https:\/\/colligatum.com\/en\/wp-json\/wp\/v2\/product\/20337\/revisions"}],"predecessor-version":[{"id":20338,"href":"https:\/\/colligatum.com\/en\/wp-json\/wp\/v2\/product\/20337\/revisions\/20338"}],"wp:featuredmedia":[{"embeddable":true,"href":"https:\/\/colligatum.com\/en\/wp-json\/wp\/v2\/media\/20284"}],"wp:attachment":[{"href":"https:\/\/colligatum.com\/en\/wp-json\/wp\/v2\/media?parent=20337"}],"wp:term":[{"taxonomy":"product_brand","embeddable":true,"href":"https:\/\/colligatum.com\/en\/wp-json\/wp\/v2\/product_brand?post=20337"},{"taxonomy":"product_cat","embeddable":true,"href":"https:\/\/colligatum.com\/en\/wp-json\/wp\/v2\/product_cat?post=20337"},{"taxonomy":"product_tag","embeddable":true,"href":"https:\/\/colligatum.com\/en\/wp-json\/wp\/v2\/product_tag?post=20337"}],"curies":[{"name":"wp","href":"https:\/\/api.w.org\/{rel}","templated":true}]}}