{"id":20525,"date":"2025-10-16T06:53:45","date_gmt":"2025-10-16T04:53:45","guid":{"rendered":"https:\/\/colligatum.com\/?post_type=product&#038;p=20525"},"modified":"2026-04-18T06:59:00","modified_gmt":"2026-04-18T04:59:00","slug":"orions-%d0%be%d1%80%d0%b8%d0%be%d0%bd","status":"publish","type":"product","link":"https:\/\/colligatum.com\/en\/product\/orions-%d0%be%d1%80%d0%b8%d0%be%d0%bd\/","title":{"rendered":"ORIONS \/ ORION"},"content":{"rendered":"<p data-start=\"303\" data-end=\"722\"><strong data-start=\"303\" data-end=\"317\">Description:<\/strong><br data-start=\"317\" data-end=\"320\" \/>\u201eORIONS\u201c \u2013 klasikin\u0117s <strong data-start=\"342\" data-end=\"358\">Lithuanian SSR<\/strong> gamybos cigaret\u0117s su filtru. Tai dvikalbis leidimas: <strong data-start=\"412\" data-end=\"460\">liet. \u201ePirmas \u0161kiras\u201c \/ rus. \u201e\u041f\u0435\u0440\u0432\u043e\u0433\u043e \u0441\u043e\u0440\u0442\u0430\u201c<\/strong>, su \u012fstri\u017eai einan\u010diomis oran\u017ein\u0117mis linijomis ir centriniu \u017evaig\u017ed\u0117s (\u201eOrion\u201c \u017evaig\u017edyno) simboliu. Dizainas minimalistinis, su geometriniais akcentais, b\u016bdingas Kauno fabriko produkcijai, skirtai vidiniam SSRS rinkos segmentui ir eksportui \u012f Baltijos \u0161alis.<\/p>\n<p data-start=\"724\" data-end=\"922\">\u0160is konkretus variantas laikomas <strong data-start=\"757\" data-end=\"820\">vienu i\u0161 esteti\u0161kai \u012fsp\u016bdingiausi\u0173 Baltijos tabako pakuo\u010di\u0173<\/strong> i\u0161 sovietinio laikotarpio, atspindin\u010diu auk\u0161tesn\u0117s klas\u0117s segment\u0105 ir regionin\u012f dizaino identitet\u0105.<\/p>\n<p data-start=\"924\" data-end=\"949\"><strong data-start=\"924\" data-end=\"947\">Value assessment:<\/strong><\/p>\n<p data-start=\"951\" data-end=\"1512\"><strong data-start=\"951\" data-end=\"971\">Collectible value:<\/strong> Auk\u0161ta. \u201eOrions\u201c cigaret\u0117s yra <strong data-start=\"1003\" data-end=\"1071\">vienas i\u0161 labiausiai ie\u0161kom\u0173 lietuvi\u0161k\u0173 SSRS laikotarpio pakeli\u0173<\/strong>. Kolekcininkai vertina d\u0117l dvikalbio u\u017era\u0161o (lietuvi\u0173\u2013rus\u0173), Kauno gamybos kilm\u0117s ir puikios b\u016bkl\u0117s.<br data-start=\"1172\" data-end=\"1175\" \/><strong data-start=\"1175\" data-end=\"1197\">Condition assessment:<\/strong> Neatidarytas, celofanuotas, puikiai i\u0161silaik\u0119s egzempliorius.<br data-start=\"1259\" data-end=\"1262\" \/><strong data-start=\"1262\" data-end=\"1286\">Historical data:<\/strong> \u201eOrions\u201c pavadinimas nuo 1970 m. siejamas su Kauno fabriku, kuris v\u0117liau prad\u0117jo gaminti ir saldaini\u0173 produkcij\u0105 po to, kai tabako gamyba nutr\u016bko \u2013 tod\u0117l \u0161ie pakeliai yra vieni i\u0161 paskutini\u0173 su \u0161iuo \u017eenklu tabako kontekste.<\/p>","protected":false},"excerpt":{"rendered":"<p><strong data-start=\"0\" data-end=\"34\">Brand and name:<\/strong> ORIONS \/ ORION<br data-start=\"49\" data-end=\"52\" \/><strong data-start=\"52\" data-end=\"62\">Size:<\/strong> 20 cigarettes<br data-start=\"75\" data-end=\"78\" \/><strong data-start=\"78\" data-end=\"96\">Country of manufacture:<\/strong> SSRS, Lietuvos TSR<br data-start=\"115\" data-end=\"118\" \/><strong data-start=\"118\" data-end=\"130\">Factory:<\/strong> Kauno tabako fabrikas \u201e\u0160vyturys\u201c (v\u0117liau \u2013 \u201eOrion\u201c)<br data-start=\"182\" data-end=\"185\" \/><strong data-start=\"185\" data-end=\"209\">Production period:<\/strong> around 1970\u20131980.<br data-start=\"227\" data-end=\"230\" data-is-only-node=\"\" \/><strong data-start=\"230\" data-end=\"248\">Package type:<\/strong> Soft pack<\/p>","protected":false},"featured_media":20470,"template":"","meta":{"_surecart_dashboard_logo_width":"180px","_surecart_dashboard_show_logo":true,"_surecart_dashboard_navigation_orders":true,"_surecart_dashboard_navigation_invoices":true,"_surecart_dashboard_navigation_subscriptions":true,"_surecart_dashboard_navigation_downloads":true,"_surecart_dashboard_navigation_billing":true,"_surecart_dashboard_navigation_account":true,"site-sidebar-layout":"default","site-content-layout":"","ast-site-content-layout":"default","site-content-style":"default","site-sidebar-style":"default","ast-global-header-display":"","ast-banner-title-visibility":"","ast-main-header-display":"","ast-hfb-above-header-display":"","ast-hfb-below-header-display":"","ast-hfb-mobile-header-display":"","site-post-title":"","ast-breadcrumbs-content":"","ast-featured-img":"","footer-sml-layout":"","theme-transparent-header-meta":"default","adv-header-id-meta":"","stick-header-meta":"","header-above-stick-meta":"","header-main-stick-meta":"","header-below-stick-meta":"","astra-migrate-meta-layouts":"set","ast-page-background-enabled":"default","ast-page-background-meta":{"desktop":{"background-color":"","background-image":"","background-repeat":"repeat","background-position":"center center","background-size":"auto","background-attachment":"scroll","background-type":"","background-media":"","overlay-type":"","overlay-color":"","overlay-opacity":"","overlay-gradient":""},"tablet":{"background-color":"","background-image":"","background-repeat":"repeat","background-position":"center center","background-size":"auto","background-attachment":"scroll","background-type":"","background-media":"","overlay-type":"","overlay-color":"","overlay-opacity":"","overlay-gradient":""},"mobile":{"background-color":"","background-image":"","background-repeat":"repeat","background-position":"center center","background-size":"auto","background-attachment":"scroll","background-type":"","background-media":"","overlay-type":"","overlay-color":"","overlay-opacity":"","overlay-gradient":""}},"ast-content-background-meta":{"desktop":{"background-color":"var(--ast-global-color-5)","background-image":"","background-repeat":"repeat","background-position":"center center","background-size":"auto","background-attachment":"scroll","background-type":"","background-media":"","overlay-type":"","overlay-color":"","overlay-opacity":"","overlay-gradient":""},"tablet":{"background-color":"var(--ast-global-color-5)","background-image":"","background-repeat":"repeat","background-position":"center center","background-size":"auto","background-attachment":"scroll","background-type":"","background-media":"","overlay-type":"","overlay-color":"","overlay-opacity":"","overlay-gradient":""},"mobile":{"background-color":"var(--ast-global-color-5)","background-image":"","background-repeat":"repeat","background-position":"center center","background-size":"auto","background-attachment":"scroll","background-type":"","background-media":"","overlay-type":"","overlay-color":"","overlay-opacity":"","overlay-gradient":""}}},"product_brand":[],"product_cat":[167],"product_tag":[],"class_list":{"0":"post-20525","1":"product","2":"type-product","3":"status-publish","4":"has-post-thumbnail","6":"product_cat-latvia","7":"desktop-align-left","8":"tablet-align-left","9":"mobile-align-left","11":"first","12":"instock","13":"sale","14":"shipping-taxable","15":"purchasable","16":"product-type-simple","17":"add-to-wishlist-before_image"},"_links":{"self":[{"href":"https:\/\/colligatum.com\/en\/wp-json\/wp\/v2\/product\/20525","targetHints":{"allow":["GET"]}}],"collection":[{"href":"https:\/\/colligatum.com\/en\/wp-json\/wp\/v2\/product"}],"about":[{"href":"https:\/\/colligatum.com\/en\/wp-json\/wp\/v2\/types\/product"}],"version-history":[{"count":1,"href":"https:\/\/colligatum.com\/en\/wp-json\/wp\/v2\/product\/20525\/revisions"}],"predecessor-version":[{"id":20526,"href":"https:\/\/colligatum.com\/en\/wp-json\/wp\/v2\/product\/20525\/revisions\/20526"}],"wp:featuredmedia":[{"embeddable":true,"href":"https:\/\/colligatum.com\/en\/wp-json\/wp\/v2\/media\/20470"}],"wp:attachment":[{"href":"https:\/\/colligatum.com\/en\/wp-json\/wp\/v2\/media?parent=20525"}],"wp:term":[{"taxonomy":"product_brand","embeddable":true,"href":"https:\/\/colligatum.com\/en\/wp-json\/wp\/v2\/product_brand?post=20525"},{"taxonomy":"product_cat","embeddable":true,"href":"https:\/\/colligatum.com\/en\/wp-json\/wp\/v2\/product_cat?post=20525"},{"taxonomy":"product_tag","embeddable":true,"href":"https:\/\/colligatum.com\/en\/wp-json\/wp\/v2\/product_tag?post=20525"}],"curies":[{"name":"wp","href":"https:\/\/api.w.org\/{rel}","templated":true}]}}