{"id":20554,"date":"2025-10-16T09:57:52","date_gmt":"2025-10-16T07:57:52","guid":{"rendered":"https:\/\/colligatum.com\/?post_type=product&#038;p=20554"},"modified":"2026-04-15T12:22:41","modified_gmt":"2026-04-15T10:22:41","slug":"%d0%b0%d1%80%d0%ba%d1%82%d0%b8%d0%ba%d0%b0-arktika","status":"publish","type":"product","link":"https:\/\/colligatum.com\/en\/product\/%d0%b0%d1%80%d0%ba%d1%82%d0%b8%d0%ba%d0%b0-arktika\/","title":{"rendered":"\u0410\u0440\u043a\u0442\u0438\u043a\u0430 Arktika"},"content":{"rendered":"<p data-start=\"293\" data-end=\"800\"><strong data-start=\"293\" data-end=\"307\">Description:<\/strong><br data-start=\"307\" data-end=\"310\" \/>\u201e\u0410\u0440\u043a\u0442\u0438\u043a\u0430\u201c \u2013 vienas i\u0161 <strong data-start=\"332\" data-end=\"382\">emblemini\u0173 SSRS jubiliejini\u0173 cigare\u010di\u0173 leidim\u0173<\/strong>, sukurtas pamin\u0117ti <strong data-start=\"402\" data-end=\"485\">branduolinio ledlau\u017eio \u201e\u0410\u0440\u043a\u0442\u0438\u043a\u0430\u201c \u017eyg\u012f \u012f \u0160iaur\u0117s a\u0161igal\u012f 1977 m. rugpj\u016b\u010dio 17 d.<\/strong><br data-start=\"485\" data-end=\"488\" \/>Tai buvo didelis pasiekimas sovietinei laivybai \u2013 pirmasis \u017emonijos istorijoje laivas, pasiek\u0119s geografin\u012f \u0160iaur\u0117s a\u0161igal\u012f. \u0160is \u012fvykis \u012fam\u017eintas ir ant pakelio: centre pavaizduotas <strong data-start=\"669\" data-end=\"740\">ledlau\u017eis \u201e\u0410\u0440\u043a\u0442\u0438\u043a\u0430\u201c vir\u0161 \u017eem\u0117s rutulio tinklelio su data \u201e17.08.77\u201c<\/strong>, simbolizuojan\u010dia triumf\u0105 mokslo ir technologij\u0173 srityje.<\/p>\n<p data-start=\"802\" data-end=\"1034\">Juodos, auksin\u0117s ir baltos spalv\u0173 derinys sukuria stipr\u0173 kontrast\u0105, kuris perteikia \u0161altos Arkties ir technin\u0117s galios tem\u0105. Ant \u0161on\u0173 \u2013 u\u017era\u0161as \u201e\u0421\u0438\u0433\u0430\u0440\u0435\u0442\u044b \u0432\u044b\u0441\u0448\u0435\u0433\u043e \u043a\u0430\u0447\u0435\u0441\u0442\u0432\u0430 \u0441 \u0444\u0438\u043b\u044c\u0442\u0440\u043e\u043c\u201c, o apa\u010dioje \u2013 klasikinis \u201e\u042f\u0432\u0430\u201c fabriko \u017eenklas.<\/p>\n<hr data-start=\"1036\" data-end=\"1039\" \/>\n<p data-start=\"1041\" data-end=\"1718\"><strong data-start=\"1041\" data-end=\"1064\">Value assessment:<\/strong><br data-start=\"1064\" data-end=\"1067\" \/><strong data-start=\"1067\" data-end=\"1087\">Collectible value:<\/strong> Auk\u0161ta. \u201e\u0410\u0440\u043a\u0442\u0438\u043a\u0430\u201c laikomas <strong data-start=\"1115\" data-end=\"1178\">vienu i\u0161 labiausiai ie\u0161kom\u0173 jubiliejini\u0173 sovietini\u0173 pakeli\u0173<\/strong>. Jo simbolin\u0117 reik\u0161m\u0117, ribotas leidimas ir stiprus dizainas daro j\u012f itin geid\u017eiamu tarp kolekcinink\u0173. Pakelis ypa\u010d vertinamas, jei yra <strong data-start=\"1314\" data-end=\"1351\">neatidarytas ir su pilnu celofanu<\/strong>, kaip \u0161iame egzemplioriuje.<br data-start=\"1379\" data-end=\"1382\" \/><strong data-start=\"1382\" data-end=\"1404\">Condition assessment:<\/strong> Neatidarytas, celofanuotas, su aukso juostele vir\u0161uje, labai gera b\u016bkl\u0117.<br data-start=\"1477\" data-end=\"1480\" \/><strong data-start=\"1480\" data-end=\"1520\">Historical data and popularity:<\/strong> Leidimas skirtas specialiai 1977 m. \u012fvykiui; buvo gaminamas trumpai, daugiausia Maskvoje. Kolekcinink\u0173 tarpe priskiriamas prie \u201etechnikos tematikos\u201c serij\u0173 (kartu su \u201e\u041a\u043e\u0441\u043c\u043e\u0441\u201c, \u201e\u0411\u0430\u0439\u043a\u043e\u043d\u0443\u0440\u201c ir kt.).<\/p>","protected":false},"excerpt":{"rendered":"<p><strong data-start=\"0\" data-end=\"34\">Brand and name:<\/strong> \u0410\u0440\u043a\u0442\u0438\u043a\u0430 Arktika<br data-start=\"54\" data-end=\"57\" \/><strong data-start=\"57\" data-end=\"67\">Size:<\/strong> 20 cigarettes<br data-start=\"80\" data-end=\"83\" \/><strong data-start=\"83\" data-end=\"101\">Country of manufacture:<\/strong> USSR<br data-start=\"106\" data-end=\"109\" \/><strong data-start=\"109\" data-end=\"124\">Manufacturer:<\/strong> Tobacco factory &quot;Yava&quot;, Moscow<br data-start=\"154\" data-end=\"157\" \/><strong data-start=\"157\" data-end=\"181\">Production period:<\/strong> apie 1977\u20131980 m.<br data-start=\"199\" data-end=\"202\" \/><strong data-start=\"202\" data-end=\"220\">Package type:<\/strong> Soft pack<\/p>","protected":false},"featured_media":27699,"template":"","meta":{"_surecart_dashboard_logo_width":"180px","_surecart_dashboard_show_logo":true,"_surecart_dashboard_navigation_orders":true,"_surecart_dashboard_navigation_invoices":true,"_surecart_dashboard_navigation_subscriptions":true,"_surecart_dashboard_navigation_downloads":true,"_surecart_dashboard_navigation_billing":true,"_surecart_dashboard_navigation_account":true,"site-sidebar-layout":"default","site-content-layout":"","ast-site-content-layout":"default","site-content-style":"default","site-sidebar-style":"default","ast-global-header-display":"","ast-banner-title-visibility":"","ast-main-header-display":"","ast-hfb-above-header-display":"","ast-hfb-below-header-display":"","ast-hfb-mobile-header-display":"","site-post-title":"","ast-breadcrumbs-content":"","ast-featured-img":"","footer-sml-layout":"","ast-disable-related-posts":"","theme-transparent-header-meta":"default","adv-header-id-meta":"","stick-header-meta":"","header-above-stick-meta":"","header-main-stick-meta":"","header-below-stick-meta":"","astra-migrate-meta-layouts":"set","ast-page-background-enabled":"default","ast-page-background-meta":{"desktop":{"background-color":"","background-image":"","background-repeat":"repeat","background-position":"center center","background-size":"auto","background-attachment":"scroll","background-type":"","background-media":"","overlay-type":"","overlay-color":"","overlay-opacity":"","overlay-gradient":""},"tablet":{"background-color":"","background-image":"","background-repeat":"repeat","background-position":"center center","background-size":"auto","background-attachment":"scroll","background-type":"","background-media":"","overlay-type":"","overlay-color":"","overlay-opacity":"","overlay-gradient":""},"mobile":{"background-color":"","background-image":"","background-repeat":"repeat","background-position":"center center","background-size":"auto","background-attachment":"scroll","background-type":"","background-media":"","overlay-type":"","overlay-color":"","overlay-opacity":"","overlay-gradient":""}},"ast-content-background-meta":{"desktop":{"background-color":"var(--ast-global-color-5)","background-image":"","background-repeat":"repeat","background-position":"center center","background-size":"auto","background-attachment":"scroll","background-type":"","background-media":"","overlay-type":"","overlay-color":"","overlay-opacity":"","overlay-gradient":""},"tablet":{"background-color":"var(--ast-global-color-5)","background-image":"","background-repeat":"repeat","background-position":"center center","background-size":"auto","background-attachment":"scroll","background-type":"","background-media":"","overlay-type":"","overlay-color":"","overlay-opacity":"","overlay-gradient":""},"mobile":{"background-color":"var(--ast-global-color-5)","background-image":"","background-repeat":"repeat","background-position":"center center","background-size":"auto","background-attachment":"scroll","background-type":"","background-media":"","overlay-type":"","overlay-color":"","overlay-opacity":"","overlay-gradient":""}}},"product_brand":[],"product_cat":[257,183],"product_tag":[],"class_list":{"0":"post-20554","1":"product","2":"type-product","3":"status-publish","4":"has-post-thumbnail","6":"product_cat-rarest","7":"product_cat-russia","8":"desktop-align-left","9":"tablet-align-left","10":"mobile-align-left","12":"first","13":"instock","14":"sale","15":"shipping-taxable","16":"purchasable","17":"product-type-simple","18":"add-to-wishlist-before_image"},"_links":{"self":[{"href":"https:\/\/colligatum.com\/en\/wp-json\/wp\/v2\/product\/20554","targetHints":{"allow":["GET"]}}],"collection":[{"href":"https:\/\/colligatum.com\/en\/wp-json\/wp\/v2\/product"}],"about":[{"href":"https:\/\/colligatum.com\/en\/wp-json\/wp\/v2\/types\/product"}],"version-history":[{"count":2,"href":"https:\/\/colligatum.com\/en\/wp-json\/wp\/v2\/product\/20554\/revisions"}],"predecessor-version":[{"id":27701,"href":"https:\/\/colligatum.com\/en\/wp-json\/wp\/v2\/product\/20554\/revisions\/27701"}],"wp:featuredmedia":[{"embeddable":true,"href":"https:\/\/colligatum.com\/en\/wp-json\/wp\/v2\/media\/27699"}],"wp:attachment":[{"href":"https:\/\/colligatum.com\/en\/wp-json\/wp\/v2\/media?parent=20554"}],"wp:term":[{"taxonomy":"product_brand","embeddable":true,"href":"https:\/\/colligatum.com\/en\/wp-json\/wp\/v2\/product_brand?post=20554"},{"taxonomy":"product_cat","embeddable":true,"href":"https:\/\/colligatum.com\/en\/wp-json\/wp\/v2\/product_cat?post=20554"},{"taxonomy":"product_tag","embeddable":true,"href":"https:\/\/colligatum.com\/en\/wp-json\/wp\/v2\/product_tag?post=20554"}],"curies":[{"name":"wp","href":"https:\/\/api.w.org\/{rel}","templated":true}]}}