{"id":20642,"date":"2025-10-16T10:46:03","date_gmt":"2025-10-16T08:46:03","guid":{"rendered":"https:\/\/colligatum.com\/?post_type=product&#038;p=20642"},"modified":"2025-10-16T10:46:03","modified_gmt":"2025-10-16T08:46:03","slug":"muratti-ambassador-multifilter","status":"publish","type":"product","link":"https:\/\/colligatum.com\/en\/product\/muratti-ambassador-multifilter\/","title":{"rendered":"Muratti Ambassador Multifilter"},"content":{"rendered":"<p data-start=\"410\" data-end=\"868\"><strong data-start=\"410\" data-end=\"424\">Description:<\/strong><br data-start=\"424\" data-end=\"427\" \/>\u201eMuratti Ambassador\u201c \u2013 tai klasikinis europieti\u0161kas <strong data-start=\"479\" data-end=\"509\">\u201epremium\u201c klas\u0117s cigare\u010di\u0173<\/strong> prekinis \u017eenklas, pasi\u017eymintis subtiliu, lengvu <em data-start=\"558\" data-end=\"574\">American blend<\/em> tobacco flavor.<br data-start=\"589\" data-end=\"592\" \/>Dizainas \u2013 eleganti\u0161kas, balta spalva su <strong data-start=\"633\" data-end=\"669\">tamsiai m\u0117lyna ir raudona juosta<\/strong>, vir\u0161uje herbas su kar\u016bna, b\u016bdingas Muratti identitetui nuo 1950-\u0173j\u0173.<br data-start=\"739\" data-end=\"742\" \/>Ant pakelio pa\u017eym\u0117ta <strong data-start=\"763\" data-end=\"780\">\u201eMultifilter\u201c<\/strong> technologija, nurodanti naudot\u0105 keli\u0173 sluoksni\u0173 filtr\u0105 su aktyvintos anglies intarpu.<\/p>\n<p data-start=\"870\" data-end=\"1330\">Antroje nuotraukoje matoma <strong data-start=\"897\" data-end=\"921\">Vokietijos banderol\u0117<\/strong> (su u\u017era\u0161u \u201eBundesmonopol\u201c) \u2013 tai klasikin\u0117 <strong data-start=\"966\" data-end=\"994\">1990\u20132000 m. laikotarpio<\/strong> banderol\u0117, tod\u0117l \u0161\u012f egzempliori\u0173 galima datuoti gana tiksliai \u2013 apie <strong data-start=\"1064\" data-end=\"1080\">2000\u20132002 m.<\/strong><br data-start=\"1080\" data-end=\"1083\" \/>\u012esp\u0117jimai pranc\u016bz\u0173 ir vokie\u010di\u0173 kalbomis (\u201eFumer nuit gravement \u00e0 la sant\u00e9 \/ Rauchen gef\u00e4hrdet die Gesundheit\u201c) rodo, kad pakelis buvo skirtas <strong data-start=\"1225\" data-end=\"1255\">daugia\u0161aliai (EU) prekybai<\/strong>, da\u017enai naudotas tiek Vokietijos, tiek Belgijos ar Liuksemburgo rinkose.<\/p>\n<hr data-start=\"1332\" data-end=\"1335\" \/>\n<p data-start=\"1337\" data-end=\"1498\"><strong data-start=\"1337\" data-end=\"1359\">Condition assessment:<\/strong><br data-start=\"1359\" data-end=\"1362\" \/>Great \u2013 <strong data-start=\"1370\" data-end=\"1394\">pilnas, celofanuotas<\/strong>, kampai ir spalvos nepriekai\u0161tingi, banderol\u0117 tvarkinga. Tai puikios b\u016bkl\u0117s kolekcinis egzempliorius.<\/p>\n<hr data-start=\"1500\" data-end=\"1503\" \/>\n<p data-start=\"1505\" data-end=\"1998\"><strong data-start=\"1505\" data-end=\"1545\">Historical data and popularity:<\/strong><br data-start=\"1545\" data-end=\"1548\" \/>Muratti \u2013 vienas seniausi\u0173 Europos cigare\u010di\u0173 prek\u0117s \u017eenkl\u0173, \u012fkurtas dar 1821 m. Salonikuose (Graikija) ir v\u0117liau perkeltas \u012f Vokietij\u0105. \u201eMuratti Ambassador\u201c tapo pagrindiniu modeliu nuo 1960-\u0173j\u0173, i\u0161populiar\u0117jusio d\u0117l savo \u0161varaus dizaino ir briti\u0161ko stiliaus \u012fvaizd\u017eio.<br data-start=\"1817\" data-end=\"1820\" \/>2000-\u0173j\u0173 prad\u017eioje \u201eMuratti\u201c dar buvo aktyviai platinamas Vokietijoje ir Vidurio Europoje, ta\u010diau v\u0117liau j\u012f palaipsniui pakeit\u0117 \u201ePhilip Morris International\u201c gaminamos serijos.<\/p>\n<p data-start=\"2000\" data-end=\"2156\">\u0160iuo metu <strong data-start=\"2010\" data-end=\"2059\">\u201eMuratti Ambassador\u201c pakeliai i\u0161 1990\u20132000 m.<\/strong> laikomi <strong data-start=\"2068\" data-end=\"2084\">ret\u0117jan\u010diais<\/strong>, ypa\u010d pilni egzemplioriai su autenti\u0161ka DM ar ankstyva EUR banderole.<\/p>\n<hr data-start=\"2158\" data-end=\"2161\" \/>\n<p data-start=\"2163\" data-end=\"2376\"><strong data-start=\"2163\" data-end=\"2186\">Value assessment:<\/strong><br data-start=\"2186\" data-end=\"2189\" \/><strong data-start=\"2189\" data-end=\"2209\">Collectible value:<\/strong> Gera.<br data-start=\"2215\" data-end=\"2218\" \/>\u201eMuratti Ambassador Multifilter\u201c turi i\u0161liekam\u0105j\u0105 vert\u0119 kaip <strong data-start=\"2279\" data-end=\"2316\">voki\u0161kos tabako pramon\u0117s pavyzdys<\/strong> ir ankstyvas pereinamojo laikotarpio (DM\u2013EUR) eksponatas.<\/p>","protected":false},"excerpt":{"rendered":"<p><strong data-start=\"0\" data-end=\"34\">Brand and name:<\/strong> Muratti Ambassador Multifilter<br data-start=\"65\" data-end=\"68\" \/><strong data-start=\"68\" data-end=\"78\">Size:<\/strong> 20 Class A Cigarettes<br data-start=\"100\" data-end=\"103\" \/><strong data-start=\"103\" data-end=\"121\">Country of manufacture:<\/strong> Germany<br data-start=\"131\" data-end=\"134\" \/><strong data-start=\"134\" data-end=\"149\">Manufacturer:<\/strong> Philip Morris GmbH (arba Reemtsma, priklausomai nuo gamybos laikotarpio)<br data-start=\"222\" data-end=\"225\" \/><strong data-start=\"225\" data-end=\"249\">Production period:<\/strong> around 1995\u20132005.<br data-start=\"267\" data-end=\"270\" \/><strong data-start=\"270\" data-end=\"288\">Package type:<\/strong> Hard cardboard package<\/p>","protected":false},"featured_media":20588,"template":"","meta":{"_surecart_dashboard_logo_width":"180px","_surecart_dashboard_show_logo":true,"_surecart_dashboard_navigation_orders":true,"_surecart_dashboard_navigation_invoices":true,"_surecart_dashboard_navigation_subscriptions":true,"_surecart_dashboard_navigation_downloads":true,"_surecart_dashboard_navigation_billing":true,"_surecart_dashboard_navigation_account":true,"site-sidebar-layout":"default","site-content-layout":"","ast-site-content-layout":"default","site-content-style":"default","site-sidebar-style":"default","ast-global-header-display":"","ast-banner-title-visibility":"","ast-main-header-display":"","ast-hfb-above-header-display":"","ast-hfb-below-header-display":"","ast-hfb-mobile-header-display":"","site-post-title":"","ast-breadcrumbs-content":"","ast-featured-img":"","footer-sml-layout":"","theme-transparent-header-meta":"default","adv-header-id-meta":"","stick-header-meta":"","header-above-stick-meta":"","header-main-stick-meta":"","header-below-stick-meta":"","astra-migrate-meta-layouts":"set","ast-page-background-enabled":"default","ast-page-background-meta":{"desktop":{"background-color":"","background-image":"","background-repeat":"repeat","background-position":"center center","background-size":"auto","background-attachment":"scroll","background-type":"","background-media":"","overlay-type":"","overlay-color":"","overlay-opacity":"","overlay-gradient":""},"tablet":{"background-color":"","background-image":"","background-repeat":"repeat","background-position":"center center","background-size":"auto","background-attachment":"scroll","background-type":"","background-media":"","overlay-type":"","overlay-color":"","overlay-opacity":"","overlay-gradient":""},"mobile":{"background-color":"","background-image":"","background-repeat":"repeat","background-position":"center center","background-size":"auto","background-attachment":"scroll","background-type":"","background-media":"","overlay-type":"","overlay-color":"","overlay-opacity":"","overlay-gradient":""}},"ast-content-background-meta":{"desktop":{"background-color":"var(--ast-global-color-5)","background-image":"","background-repeat":"repeat","background-position":"center center","background-size":"auto","background-attachment":"scroll","background-type":"","background-media":"","overlay-type":"","overlay-color":"","overlay-opacity":"","overlay-gradient":""},"tablet":{"background-color":"var(--ast-global-color-5)","background-image":"","background-repeat":"repeat","background-position":"center center","background-size":"auto","background-attachment":"scroll","background-type":"","background-media":"","overlay-type":"","overlay-color":"","overlay-opacity":"","overlay-gradient":""},"mobile":{"background-color":"var(--ast-global-color-5)","background-image":"","background-repeat":"repeat","background-position":"center center","background-size":"auto","background-attachment":"scroll","background-type":"","background-media":"","overlay-type":"","overlay-color":"","overlay-opacity":"","overlay-gradient":""}}},"product_brand":[],"product_cat":[151],"product_tag":[],"class_list":{"0":"post-20642","1":"product","2":"type-product","3":"status-publish","4":"has-post-thumbnail","6":"product_cat-germany","7":"desktop-align-left","8":"tablet-align-left","9":"mobile-align-left","11":"first","12":"instock","13":"sale","14":"shipping-taxable","15":"purchasable","16":"product-type-simple","17":"add-to-wishlist-before_image"},"_links":{"self":[{"href":"https:\/\/colligatum.com\/en\/wp-json\/wp\/v2\/product\/20642","targetHints":{"allow":["GET"]}}],"collection":[{"href":"https:\/\/colligatum.com\/en\/wp-json\/wp\/v2\/product"}],"about":[{"href":"https:\/\/colligatum.com\/en\/wp-json\/wp\/v2\/types\/product"}],"version-history":[{"count":1,"href":"https:\/\/colligatum.com\/en\/wp-json\/wp\/v2\/product\/20642\/revisions"}],"predecessor-version":[{"id":20643,"href":"https:\/\/colligatum.com\/en\/wp-json\/wp\/v2\/product\/20642\/revisions\/20643"}],"wp:featuredmedia":[{"embeddable":true,"href":"https:\/\/colligatum.com\/en\/wp-json\/wp\/v2\/media\/20588"}],"wp:attachment":[{"href":"https:\/\/colligatum.com\/en\/wp-json\/wp\/v2\/media?parent=20642"}],"wp:term":[{"taxonomy":"product_brand","embeddable":true,"href":"https:\/\/colligatum.com\/en\/wp-json\/wp\/v2\/product_brand?post=20642"},{"taxonomy":"product_cat","embeddable":true,"href":"https:\/\/colligatum.com\/en\/wp-json\/wp\/v2\/product_cat?post=20642"},{"taxonomy":"product_tag","embeddable":true,"href":"https:\/\/colligatum.com\/en\/wp-json\/wp\/v2\/product_tag?post=20642"}],"curies":[{"name":"wp","href":"https:\/\/api.w.org\/{rel}","templated":true}]}}