{"id":20644,"date":"2025-10-16T17:21:47","date_gmt":"2025-10-16T15:21:47","guid":{"rendered":"https:\/\/colligatum.com\/?post_type=product&#038;p=20644"},"modified":"2025-10-18T07:37:04","modified_gmt":"2025-10-18T05:37:04","slug":"elixyr-powered-by-blend","status":"publish","type":"product","link":"https:\/\/colligatum.com\/en\/product\/elixyr-powered-by-blend\/","title":{"rendered":"Elixyr \u201cPowered by Blend\u201d"},"content":{"rendered":"<p data-start=\"362\" data-end=\"976\">Apra\u0161ymas:<br data-start=\"372\" data-end=\"375\" \/>\u0160is Elixyr cigare\u010di\u0173 paketas turi ry\u0161ki\u0105 ir moderni\u0105 estetik\u0105, dominuoja tamsiai m\u0117lyna ir raudona spalvos, su dideliu vertikaliu logotipu \u201eElixyr\u201c. Tekstai \u201ePowered by Blend\u201c rodo, kad tai gali b\u016bti specialus arba hibridinis variantas. Priekyje yra \u012fsp\u0117jimas \u201eFumar \/ Las Autoridades Sanitarias advierten\u2026\u201c, ra\u0161yta ispan\u0173 kalba, o tai gali rodyti, kad \u0161is leidimas buvo skirtas Ispanijos ar Lotyn\u0173 Amerikos rinkai. Paketas yra nepa\u017eeistas, celofanuotas, matosi, jog yra geros b\u016bkl\u0117s \u2013 neatrodo sulankstytas ar sulau\u017eytas. Be to, paketo kampai ir \u0161onai atrodo tvarkingi, pl\u0117vel\u0117 tvarkingai u\u017edengta.<\/p>\n<p data-start=\"978\" data-end=\"999\">Vert\u0117s \u012fvertinimas:<\/p>\n<ul data-start=\"1000\" data-end=\"1752\">\n<li data-start=\"1000\" data-end=\"1193\">\n<p data-start=\"1002\" data-end=\"1193\">Kolekcin\u0117 vert\u0117: Vidutin\u0117-\u0161iek tiek didesn\u0117 nei standartini\u0173 masini\u0173 leidim\u0173, nes Elixyr n\u0117ra labai gausus tarp kolekcinink\u0173, bet \u012fdomus d\u0117l dizaino ir rinkos varianto (ispani\u0161kas tekstas).<\/p>\n<\/li>\n<li data-start=\"1194\" data-end=\"1298\">\n<p data-start=\"1196\" data-end=\"1298\">B\u016bkl\u0117s vertinimas: Neatidarytas, labai gera \/ beveik puiki b\u016bkl\u0117 \u2014 celofanuotas, kampai nesugadinti.<\/p>\n<\/li>\n<li data-start=\"1299\" data-end=\"1752\">\n<p data-start=\"1301\" data-end=\"1752\">Istoriniai duomenys ir populiarumas: Elixyr prek\u0117s \u017eenklas prad\u0117tas 1998 m., skirtas jaunai auditorijai kaip pigesnis variantas <span class=\"\" data-state=\"closed\"><span class=\"ms-1 inline-flex max-w-full items-center relative top-[-0.094rem] animate-[show_150ms_ease-in]\" data-testid=\"webpage-citation-pill\"><a class=\"flex h-4.5 overflow-hidden rounded-xl px-2 text-[9px] font-medium transition-colors duration-150 ease-in-out text-token-text-secondary! bg-[#F4F4F4]! dark:bg-[#303030]!\" href=\"https:\/\/en.wikipedia.org\/wiki\/Elixyr_%28cigarette%29?utm_source=chatgpt.com\" target=\"_blank\" rel=\"noopener\"><span class=\"relative start-0 bottom-0 flex h-full w-full items-center\"><span class=\"flex h-4 w-full items-center justify-between\"><span class=\"max-w-[15ch] grow truncate overflow-hidden text-center\">Wikipedia<\/span><span class=\"-me-1 flex h-full items-center rounded-full px-1 text-[#8F8F8F]\">+1<\/span><\/span><\/span><\/a><\/span><\/span>. Leidime \u201eLimited Iconic Edition\u201c buvo panaudotas \u0161vytintis ra\u0161alas ir \u201eglow in the dark\u201c efektas <span class=\"\" data-state=\"closed\"><span class=\"ms-1 inline-flex max-w-full items-center relative top-[-0.094rem] animate-[show_150ms_ease-in]\" data-testid=\"webpage-citation-pill\"><a class=\"flex h-4.5 overflow-hidden rounded-xl px-2 text-[9px] font-medium transition-colors duration-150 ease-in-out text-token-text-secondary! bg-[#F4F4F4]! dark:bg-[#303030]!\" href=\"https:\/\/packageinspiration.com\/elixyr-limited-iconic-edition-cigarettes\/?utm_source=chatgpt.com\" target=\"_blank\" rel=\"noopener\"><span class=\"relative start-0 bottom-0 flex h-full w-full items-center\"><span class=\"flex h-4 w-full items-center justify-between\"><span class=\"max-w-[15ch] grow truncate overflow-hidden text-center\">Package Inspiration<\/span><span class=\"-me-1 flex h-full items-center rounded-full px-1 text-[#8F8F8F]\">+1<\/span><\/span><\/span><\/a><\/span><\/span>. Bet standartiniai Elixyr leidimai n\u0117ra labai gausiai kolekcionuojami \u2013 j\u0173 vert\u0117 da\u017eniau priklauso nuo regiono, retumo, b\u016bkl\u0117s ir rinkos paklausos.<\/p>\n<\/li>\n<\/ul>\n","protected":false},"excerpt":{"rendered":"<p>Prek\u0117s \u017eenklas ir pavadinimas: <strong data-start=\"31\" data-end=\"60\">Elixyr \u201cPowered by Blend\u201d<\/strong><br data-start=\"60\" data-end=\"63\" \/>Dydis: 20 cigare\u010di\u0173<br data-start=\"82\" data-end=\"85\" \/>Gamybos \u0161alis: (tik\u0117tina) Liuksemburgas \/ gaminama Belgijoje \/ Ispanijoje (pagal prek\u0117s \u017eenkl\u0105) <span class=\"\" data-state=\"closed\"><span class=\"ms-1 inline-flex max-w-full items-center relative top-[-0.094rem] animate-[show_150ms_ease-in]\" data-testid=\"webpage-citation-pill\"><a class=\"flex h-4.5 overflow-hidden rounded-xl px-2 text-[9px] font-medium transition-colors duration-150 ease-in-out text-token-text-secondary! bg-[#F4F4F4]! dark:bg-[#303030]!\" href=\"https:\/\/en.wikipedia.org\/wiki\/Elixyr_%28cigarette%29?utm_source=chatgpt.com\" target=\"_blank\" rel=\"noopener\"><span class=\"relative start-0 bottom-0 flex h-full w-full items-center\"><span class=\"flex h-4 w-full items-center justify-between\"><span class=\"max-w-[15ch] grow truncate overflow-hidden text-center\">Wikipedia<\/span><span class=\"-me-1 flex h-full items-center rounded-full px-1 text-[#8F8F8F]\">+1<\/span><\/span><\/span><\/a><\/span><\/span><br data-start=\"218\" data-end=\"221\" \/>Gamybos laikotarpis: XXI a., \u0161iuolaikinis leidimas<br data-start=\"271\" data-end=\"274\" \/>Pakeli\u0173 tipas: kietas paketas<\/p>\n","protected":false},"featured_media":20590,"template":"","meta":{"_surecart_dashboard_logo_width":"180px","_surecart_dashboard_show_logo":true,"_surecart_dashboard_navigation_orders":true,"_surecart_dashboard_navigation_invoices":true,"_surecart_dashboard_navigation_subscriptions":true,"_surecart_dashboard_navigation_downloads":true,"_surecart_dashboard_navigation_billing":true,"_surecart_dashboard_navigation_account":true,"site-sidebar-layout":"default","site-content-layout":"","ast-site-content-layout":"default","site-content-style":"default","site-sidebar-style":"default","ast-global-header-display":"","ast-banner-title-visibility":"","ast-main-header-display":"","ast-hfb-above-header-display":"","ast-hfb-below-header-display":"","ast-hfb-mobile-header-display":"","site-post-title":"","ast-breadcrumbs-content":"","ast-featured-img":"","footer-sml-layout":"","theme-transparent-header-meta":"default","adv-header-id-meta":"","stick-header-meta":"","header-above-stick-meta":"","header-main-stick-meta":"","header-below-stick-meta":"","astra-migrate-meta-layouts":"set","ast-page-background-enabled":"default","ast-page-background-meta":{"desktop":{"background-color":"","background-image":"","background-repeat":"repeat","background-position":"center center","background-size":"auto","background-attachment":"scroll","background-type":"","background-media":"","overlay-type":"","overlay-color":"","overlay-opacity":"","overlay-gradient":""},"tablet":{"background-color":"","background-image":"","background-repeat":"repeat","background-position":"center center","background-size":"auto","background-attachment":"scroll","background-type":"","background-media":"","overlay-type":"","overlay-color":"","overlay-opacity":"","overlay-gradient":""},"mobile":{"background-color":"","background-image":"","background-repeat":"repeat","background-position":"center center","background-size":"auto","background-attachment":"scroll","background-type":"","background-media":"","overlay-type":"","overlay-color":"","overlay-opacity":"","overlay-gradient":""}},"ast-content-background-meta":{"desktop":{"background-color":"var(--ast-global-color-5)","background-image":"","background-repeat":"repeat","background-position":"center center","background-size":"auto","background-attachment":"scroll","background-type":"","background-media":"","overlay-type":"","overlay-color":"","overlay-opacity":"","overlay-gradient":""},"tablet":{"background-color":"var(--ast-global-color-5)","background-image":"","background-repeat":"repeat","background-position":"center center","background-size":"auto","background-attachment":"scroll","background-type":"","background-media":"","overlay-type":"","overlay-color":"","overlay-opacity":"","overlay-gradient":""},"mobile":{"background-color":"var(--ast-global-color-5)","background-image":"","background-repeat":"repeat","background-position":"center center","background-size":"auto","background-attachment":"scroll","background-type":"","background-media":"","overlay-type":"","overlay-color":"","overlay-opacity":"","overlay-gradient":""}}},"product_brand":[],"product_cat":[82],"product_tag":[],"class_list":{"0":"post-20644","1":"product","2":"type-product","3":"status-publish","4":"has-post-thumbnail","6":"product_cat-belgium","7":"desktop-align-left","8":"tablet-align-left","9":"mobile-align-left","11":"first","12":"instock","13":"sale","14":"shipping-taxable","15":"purchasable","16":"product-type-simple","17":"add-to-wishlist-before_image"},"_links":{"self":[{"href":"https:\/\/colligatum.com\/en\/wp-json\/wp\/v2\/product\/20644","targetHints":{"allow":["GET"]}}],"collection":[{"href":"https:\/\/colligatum.com\/en\/wp-json\/wp\/v2\/product"}],"about":[{"href":"https:\/\/colligatum.com\/en\/wp-json\/wp\/v2\/types\/product"}],"version-history":[{"count":1,"href":"https:\/\/colligatum.com\/en\/wp-json\/wp\/v2\/product\/20644\/revisions"}],"predecessor-version":[{"id":20645,"href":"https:\/\/colligatum.com\/en\/wp-json\/wp\/v2\/product\/20644\/revisions\/20645"}],"wp:featuredmedia":[{"embeddable":true,"href":"https:\/\/colligatum.com\/en\/wp-json\/wp\/v2\/media\/20590"}],"wp:attachment":[{"href":"https:\/\/colligatum.com\/en\/wp-json\/wp\/v2\/media?parent=20644"}],"wp:term":[{"taxonomy":"product_brand","embeddable":true,"href":"https:\/\/colligatum.com\/en\/wp-json\/wp\/v2\/product_brand?post=20644"},{"taxonomy":"product_cat","embeddable":true,"href":"https:\/\/colligatum.com\/en\/wp-json\/wp\/v2\/product_cat?post=20644"},{"taxonomy":"product_tag","embeddable":true,"href":"https:\/\/colligatum.com\/en\/wp-json\/wp\/v2\/product_tag?post=20644"}],"curies":[{"name":"wp","href":"https:\/\/api.w.org\/{rel}","templated":true}]}}