{"id":20646,"date":"2025-10-16T17:25:13","date_gmt":"2025-10-16T15:25:13","guid":{"rendered":"https:\/\/colligatum.com\/?post_type=product&#038;p=20646"},"modified":"2026-03-26T15:11:49","modified_gmt":"2026-03-26T13:11:49","slug":"barclay-fine-menthol-taste","status":"publish","type":"product","link":"https:\/\/colligatum.com\/en\/product\/barclay-fine-menthol-taste\/","title":{"rendered":"Barclay Fine Menthol Taste"},"content":{"rendered":"<p data-start=\"390\" data-end=\"1069\">Apra\u0161ymas:<br data-start=\"400\" data-end=\"403\" \/>\u0160is Barclay \u201eFine Menthol Taste\u201c paketas yra eleganti\u0161kos \u0161viesios kremin\u0117s spalvos su \u0161viesiai \u017ealsvu \u017ealiu juostele per centr\u0105 \u2013 tai ry\u0161kus mentolio indikavimas. Pavadinimas \u201eFine Menthol Taste\u201c pavaizduotas pagrindiniu \u0161riftu, apa\u010dioje \u2013 \u012fsp\u0117jimas \u201eSuitsentamine kahjustab tervist!\u201c (liet. \u201eR\u016bkymas kenkia sveikatai\u201c) est\u0173 kalba, kas nurodo, kad \u0161is leidimas buvo skirtas Estijos rinkai. \u0160oniniame pavir\u0161iuje matosi bar kodas ir kiti spausdinti kodai, o celofano pl\u0117vel\u0117 vis dar esanti, nors \u0161iek tiek pasidengusi spalvos pakitimais, gali b\u016bti nedideli lenkimai. Paketas atrodo santykinai tvarkingas, be ai\u0161ki\u0173 dideli\u0173 \u012fbr\u0117\u017eim\u0173 ar deformacij\u0173, kampai gana ry\u0161k\u016bs.<\/p>\n<p data-start=\"1071\" data-end=\"1092\">Vert\u0117s \u012fvertinimas:<\/p>\n<ul data-start=\"1093\" data-end=\"1775\">\n<li data-start=\"1093\" data-end=\"1254\">\n<p data-start=\"1095\" data-end=\"1254\">Kolekcin\u0117 vert\u0117: Vidutin\u0117. Ne tai, kad labai retesnis leidimas, bet tekstas est\u0173 kalba gali suteikti tam tikr\u0105 vietin\u012f retum\u0105 tarp Ryt\u0173 Europos kolekcinink\u0173.<\/p>\n<\/li>\n<li data-start=\"1255\" data-end=\"1368\">\n<p data-start=\"1257\" data-end=\"1368\">B\u016bkl\u0117s vertinimas: Neatidarytas, gera \/ labai gera (celofanuotas, kampai tvarkingi, n\u0117ra i\u0161 esm\u0117s pa\u017eeidim\u0173).<\/p>\n<\/li>\n<li data-start=\"1369\" data-end=\"1775\">\n<p data-start=\"1371\" data-end=\"1775\">Istoriniai duomenys ir populiarumas: Barclay \u2013 \u017einomas prek\u0117s \u017eenklas, turintis \u012fvairi\u0173 leidim\u0173 kataloguose (pvz., Zigsam kataloge minimi Barclay Menthol leidimai) <span class=\"\" data-state=\"closed\"><span class=\"ms-1 inline-flex max-w-full items-center relative top-[-0.094rem] animate-[show_150ms_ease-in]\" data-testid=\"webpage-citation-pill\"><a class=\"flex h-4.5 overflow-hidden rounded-xl px-2 text-[9px] font-medium transition-colors duration-150 ease-in-out text-token-text-secondary! bg-[#F4F4F4]! dark:bg-[#303030]!\" href=\"https:\/\/www.zigsam.at\/B_Barclay.htm?utm_source=chatgpt.com\" target=\"_blank\" rel=\"noopener\"><span class=\"relative start-0 bottom-0 flex h-full w-full items-center\"><span class=\"flex h-4 w-full items-center justify-between overflow-hidden\"><span class=\"max-w-[15ch] grow truncate overflow-hidden text-center\">zigsam.at<\/span><\/span><\/span><\/a><\/span><\/span>. Ta\u010diau konkretus \u201eFine Menthol Taste\u201c su est\u0173 \u012fsp\u0117jimu gali netur\u0117ti daug analog\u0173 tarp kolekcinink\u0173 \u2013 tai grei\u010diau regioninis variantas, kuris gali sudominti Baltijos \u0161ali\u0173 kolekcionieri\u0173 bendruomenes.<\/p>\n<\/li>\n<\/ul>\n","protected":false},"excerpt":{"rendered":"<p>Brand and name: <strong data-start=\"31\" data-end=\"61\">Barclay Fine Menthol Taste<\/strong><br data-start=\"61\" data-end=\"64\" \/>Size: 20 cigarettes<br data-start=\"83\" data-end=\"86\" \/>Country of manufacture: (exactly unknown, but the Barclay brand belongs to the British American Tobacco \/ Brown &amp; Williamson groups, production is carried out in EU countries)<br data-start=\"231\" data-end=\"234\" \/>Production period: Late 20th century \/ Early 21st century (modern or transitional edition)<br data-start=\"321\" data-end=\"324\" \/>Package type: hard package<\/p>","protected":false},"featured_media":20592,"template":"","meta":{"_surecart_dashboard_logo_width":"180px","_surecart_dashboard_show_logo":true,"_surecart_dashboard_navigation_orders":true,"_surecart_dashboard_navigation_invoices":true,"_surecart_dashboard_navigation_subscriptions":true,"_surecart_dashboard_navigation_downloads":true,"_surecart_dashboard_navigation_billing":true,"_surecart_dashboard_navigation_account":true,"site-sidebar-layout":"default","site-content-layout":"","ast-site-content-layout":"default","site-content-style":"default","site-sidebar-style":"default","ast-global-header-display":"","ast-banner-title-visibility":"","ast-main-header-display":"","ast-hfb-above-header-display":"","ast-hfb-below-header-display":"","ast-hfb-mobile-header-display":"","site-post-title":"","ast-breadcrumbs-content":"","ast-featured-img":"","footer-sml-layout":"","theme-transparent-header-meta":"default","adv-header-id-meta":"","stick-header-meta":"","header-above-stick-meta":"","header-main-stick-meta":"","header-below-stick-meta":"","astra-migrate-meta-layouts":"set","ast-page-background-enabled":"default","ast-page-background-meta":{"desktop":{"background-color":"","background-image":"","background-repeat":"repeat","background-position":"center center","background-size":"auto","background-attachment":"scroll","background-type":"","background-media":"","overlay-type":"","overlay-color":"","overlay-opacity":"","overlay-gradient":""},"tablet":{"background-color":"","background-image":"","background-repeat":"repeat","background-position":"center center","background-size":"auto","background-attachment":"scroll","background-type":"","background-media":"","overlay-type":"","overlay-color":"","overlay-opacity":"","overlay-gradient":""},"mobile":{"background-color":"","background-image":"","background-repeat":"repeat","background-position":"center center","background-size":"auto","background-attachment":"scroll","background-type":"","background-media":"","overlay-type":"","overlay-color":"","overlay-opacity":"","overlay-gradient":""}},"ast-content-background-meta":{"desktop":{"background-color":"var(--ast-global-color-5)","background-image":"","background-repeat":"repeat","background-position":"center center","background-size":"auto","background-attachment":"scroll","background-type":"","background-media":"","overlay-type":"","overlay-color":"","overlay-opacity":"","overlay-gradient":""},"tablet":{"background-color":"var(--ast-global-color-5)","background-image":"","background-repeat":"repeat","background-position":"center center","background-size":"auto","background-attachment":"scroll","background-type":"","background-media":"","overlay-type":"","overlay-color":"","overlay-opacity":"","overlay-gradient":""},"mobile":{"background-color":"var(--ast-global-color-5)","background-image":"","background-repeat":"repeat","background-position":"center center","background-size":"auto","background-attachment":"scroll","background-type":"","background-media":"","overlay-type":"","overlay-color":"","overlay-opacity":"","overlay-gradient":""}}},"product_brand":[],"product_cat":[146],"product_tag":[],"class_list":{"0":"post-20646","1":"product","2":"type-product","3":"status-publish","4":"has-post-thumbnail","6":"product_cat-estonia","7":"desktop-align-left","8":"tablet-align-left","9":"mobile-align-left","11":"first","12":"outofstock","13":"sale","14":"shipping-taxable","15":"purchasable","16":"product-type-simple","17":"add-to-wishlist-before_image"},"_links":{"self":[{"href":"https:\/\/colligatum.com\/en\/wp-json\/wp\/v2\/product\/20646","targetHints":{"allow":["GET"]}}],"collection":[{"href":"https:\/\/colligatum.com\/en\/wp-json\/wp\/v2\/product"}],"about":[{"href":"https:\/\/colligatum.com\/en\/wp-json\/wp\/v2\/types\/product"}],"version-history":[{"count":1,"href":"https:\/\/colligatum.com\/en\/wp-json\/wp\/v2\/product\/20646\/revisions"}],"predecessor-version":[{"id":20647,"href":"https:\/\/colligatum.com\/en\/wp-json\/wp\/v2\/product\/20646\/revisions\/20647"}],"wp:featuredmedia":[{"embeddable":true,"href":"https:\/\/colligatum.com\/en\/wp-json\/wp\/v2\/media\/20592"}],"wp:attachment":[{"href":"https:\/\/colligatum.com\/en\/wp-json\/wp\/v2\/media?parent=20646"}],"wp:term":[{"taxonomy":"product_brand","embeddable":true,"href":"https:\/\/colligatum.com\/en\/wp-json\/wp\/v2\/product_brand?post=20646"},{"taxonomy":"product_cat","embeddable":true,"href":"https:\/\/colligatum.com\/en\/wp-json\/wp\/v2\/product_cat?post=20646"},{"taxonomy":"product_tag","embeddable":true,"href":"https:\/\/colligatum.com\/en\/wp-json\/wp\/v2\/product_tag?post=20646"}],"curies":[{"name":"wp","href":"https:\/\/api.w.org\/{rel}","templated":true}]}}